{"id":1891,"date":"2020-09-08T22:49:23","date_gmt":"2020-09-08T20:49:23","guid":{"rendered":"https:\/\/agora.xtec.cat\/iesinfanta\/?page_id=1891"},"modified":"2025-10-12T18:59:32","modified_gmt":"2025-10-12T16:59:32","slug":"horari-biblioteca-curs-20-21","status":"publish","type":"page","link":"https:\/\/agora.xtec.cat\/iesinfanta\/linstitut\/horaris\/horari-biblioteca-curs-20-21\/","title":{"rendered":"Horari Biblioteca curs 25-26"},"content":{"rendered":"<p><strong>\u00a0 \u00a0 \u00a0 \u00a0\u00a0<\/strong><\/p>\n<p><strong>\u00a0Aquest curs l&#8217;horari \u00e9s el seg\u00fcent<\/strong><\/p>\n<table style=\"border-collapse: collapse; width: 100%; height: 128px;\">\n<tbody>\n<tr style=\"height: 32px;\">\n<td style=\"width: 16.6667%; height: 32px; background-color: #f7e59c;\"><\/td>\n<td style=\"width: 16.6667%; height: 32px; text-align: center; background-color: #f7e59c;\"><strong>DILLUNS<\/strong><\/td>\n<td style=\"width: 16.6667%; height: 32px; text-align: center; background-color: #f7e59c;\"><strong>DIMARTS<\/strong><\/td>\n<td style=\"width: 16.6667%; height: 32px; text-align: center; background-color: #f7e59c;\"><strong>DIMECRES<\/strong><\/td>\n<td style=\"width: 16.6667%; height: 32px; text-align: center; background-color: #f7e59c;\"><strong>DIJOUS<\/strong><\/td>\n<td style=\"width: 16.6667%; height: 32px; text-align: center; background-color: #f7e59c;\"><strong>DIVENDRES<\/strong><\/td>\n<\/tr>\n<tr style=\"height: 32px;\">\n<td style=\"width: 16.6667%; height: 32px; text-align: center; background-color: #f7e59c;\"><strong>MAT\u00cd<\/strong><\/td>\n<td style=\"width: 16.6667%; height: 32px; text-align: center;\">11:00-11:30<\/td>\n<td style=\"width: 16.6667%; height: 32px; text-align: center;\">11:00-11:30<\/td>\n<td style=\"width: 16.6667%; height: 32px; text-align: center;\">11:00-11:30<\/td>\n<td style=\"width: 16.6667%; height: 32px; text-align: center;\">11:00-11:30<\/td>\n<td style=\"width: 16.6667%; height: 32px; text-align: center;\">11:00-11:<\/td>\n<\/tr>\n<\/tbody>\n<\/table>\n<p><strong>\u00a0 \u00a0 \u00a0 \u00a0 \u00a0 \u00a0 \u00a0 \u00a0<\/strong><\/p>\n<p><strong>\u00a0<\/strong><\/p>\n<p><strong>\u00a0 \u00a0 \u00a0 \u00a0 \u00a0 \u00a0 \u00a0 \u00a0 \u00a0 \u00a0 \u00a0 \u00a0 \u00a0\u00a0<\/strong><\/p>\n","protected":false},"excerpt":{"rendered":"<p>\u00a0 \u00a0 \u00a0 \u00a0\u00a0 \u00a0Aquest curs l&#8217;horari \u00e9s el seg\u00fcent DILLUNS DIMARTS DIMECRES DIJOUS DIVENDRES MAT\u00cd 11:00-11:30 11:00-11:30 11:00-11:30 11:00-11:30 11:00-11: \u00a0 \u00a0 \u00a0 \u00a0 \u00a0 \u00a0 \u00a0 \u00a0 \u00a0 \u00a0 \u00a0 \u00a0 \u00a0 \u00a0 \u00a0 \u00a0 \u00a0 \u00a0 \u00a0 \u00a0 \u00a0 \u00a0\u00a0<\/p>\n","protected":false},"author":4,"featured_media":0,"parent":55,"menu_order":20,"comment_status":"closed","ping_status":"closed","template":"page-templates\/side-menu.php","meta":{"_bbp_topic_count":0,"_bbp_reply_count":0,"_bbp_total_topic_count":0,"_bbp_total_reply_count":0,"_bbp_voice_count":0,"_bbp_anonymous_reply_count":0,"_bbp_topic_count_hidden":0,"_bbp_reply_count_hidden":0,"_bbp_forum_subforum_count":0,"site-sidebar-layout":"default","site-content-layout":"","ast-site-content-layout":"","site-content-style":"default","site-sidebar-style":"default","ast-global-header-display":"","ast-banner-title-visibility":"","ast-main-header-display":"","ast-hfb-above-header-display":"","ast-hfb-below-header-display":"","ast-hfb-mobile-header-display":"","site-post-title":"","ast-breadcrumbs-content":"","ast-featured-img":"","footer-sml-layout":"","theme-transparent-header-meta":"","adv-header-id-meta":"","stick-header-meta":"","header-above-stick-meta":"","header-main-stick-meta":"","header-below-stick-meta":"","astra-migrate-meta-layouts":"default","ast-page-background-enabled":"default","ast-page-background-meta":{"desktop":{"background-color":"var(--ast-global-color-4)","background-image":"","background-repeat":"repeat","background-position":"center center","background-size":"auto","background-attachment":"scroll","background-type":"","background-media":"","overlay-type":"","overlay-color":"","overlay-opacity":"","overlay-gradient":""},"tablet":{"background-color":"","background-image":"","background-repeat":"repeat","background-position":"center center","background-size":"auto","background-attachment":"scroll","background-type":"","background-media":"","overlay-type":"","overlay-color":"","overlay-opacity":"","overlay-gradient":""},"mobile":{"background-color":"","background-image":"","background-repeat":"repeat","background-position":"center center","background-size":"auto","background-attachment":"scroll","background-type":"","background-media":"","overlay-type":"","overlay-color":"","overlay-opacity":"","overlay-gradient":""}},"ast-content-background-meta":{"desktop":{"background-color":"var(--ast-global-color-5)","background-image":"","background-repeat":"repeat","background-position":"center center","background-size":"auto","background-attachment":"scroll","background-type":"","background-media":"","overlay-type":"","overlay-color":"","overlay-opacity":"","overlay-gradient":""},"tablet":{"background-color":"var(--ast-global-color-5)","background-image":"","background-repeat":"repeat","background-position":"center center","background-size":"auto","background-attachment":"scroll","background-type":"","background-media":"","overlay-type":"","overlay-color":"","overlay-opacity":"","overlay-gradient":""},"mobile":{"background-color":"var(--ast-global-color-5)","background-image":"","background-repeat":"repeat","background-position":"center center","background-size":"auto","background-attachment":"scroll","background-type":"","background-media":"","overlay-type":"","overlay-color":"","overlay-opacity":"","overlay-gradient":""}},"footnotes":""},"class_list":["post-1891","page","type-page","status-publish","hentry"],"post_mailing_queue_ids":[],"_links":{"self":[{"href":"https:\/\/agora.xtec.cat\/iesinfanta\/wp-json\/wp\/v2\/pages\/1891","targetHints":{"allow":["GET"]}}],"collection":[{"href":"https:\/\/agora.xtec.cat\/iesinfanta\/wp-json\/wp\/v2\/pages"}],"about":[{"href":"https:\/\/agora.xtec.cat\/iesinfanta\/wp-json\/wp\/v2\/types\/page"}],"author":[{"embeddable":true,"href":"https:\/\/agora.xtec.cat\/iesinfanta\/wp-json\/wp\/v2\/users\/4"}],"replies":[{"embeddable":true,"href":"https:\/\/agora.xtec.cat\/iesinfanta\/wp-json\/wp\/v2\/comments?post=1891"}],"version-history":[{"count":6,"href":"https:\/\/agora.xtec.cat\/iesinfanta\/wp-json\/wp\/v2\/pages\/1891\/revisions"}],"predecessor-version":[{"id":7685,"href":"https:\/\/agora.xtec.cat\/iesinfanta\/wp-json\/wp\/v2\/pages\/1891\/revisions\/7685"}],"up":[{"embeddable":true,"href":"https:\/\/agora.xtec.cat\/iesinfanta\/wp-json\/wp\/v2\/pages\/55"}],"wp:attachment":[{"href":"https:\/\/agora.xtec.cat\/iesinfanta\/wp-json\/wp\/v2\/media?parent=1891"}],"curies":[{"name":"wp","href":"https:\/\/api.w.org\/{rel}","templated":true}]}}