{"id":1878,"date":"2020-09-03T16:30:05","date_gmt":"2020-09-03T14:30:05","guid":{"rendered":"https:\/\/agora.xtec.cat\/iesinfanta\/?page_id=1878"},"modified":"2022-09-12T10:37:55","modified_gmt":"2022-09-12T08:37:55","slug":"ajuts-menjador","status":"publish","type":"page","link":"https:\/\/agora.xtec.cat\/iesinfanta\/secretaria\/menjador-escolar\/ajuts-menjador\/","title":{"rendered":"Ajuts menjador"},"content":{"rendered":"<p>&nbsp;<\/p>\n<p><a href=\"https:\/\/agora.xtec.cat\/iesinfanta\/wp-content\/uploads\/usu231\/2020\/09\/ajuts-menjador.png\"><img loading=\"lazy\" decoding=\"async\" class=\"alignleft wp-image-1876\" src=\"https:\/\/agora.xtec.cat\/iesinfanta\/wp-content\/uploads\/usu231\/2020\/09\/ajuts-menjador.png\" alt=\"\" width=\"215\" height=\"182\" \/><\/a><strong>T<\/strong><b>eniu tota la informaci\u00f3 en aquest enlla\u00e7<\/b>:<em>\u00a0<a href=\"https:\/\/www.edubcn.cat\/ca\/alumnat_i_familia\/ajuts_beques_i_subvencions\/ajuts_de_menjador_escolar\" target=\"_blank\" rel=\"noopener\" data-saferedirecturl=\"https:\/\/www.google.com\/url?q=https:\/\/www.edubcn.cat\/ca\/alumnat_i_familia\/ajuts_beques_i_subvencions\/ajuts_de_menjador_escolar&amp;source=gmail&amp;ust=1662745833987000&amp;usg=AOvVaw1aL5k7IAWUeWE5hzTOuwcQ\">https:\/\/www.edubcn.<wbr \/>cat\/ca\/alumnat_i_familia\/<wbr \/>ajuts_beques_i_subvencions\/<wbr \/>ajuts_de_menjador_escolar<\/a><\/em><\/p>\n<p><strong><em>Enguany les sol\u00b7licituds es fan NOM\u00c9S de forma telem\u00e0tica, a trav\u00e9s d\u2019un enlla\u00e7 al web del Consorci\u00a0d&#8217;Educaci\u00f3\u00a0de Barcelona:\u00a0<\/em><\/strong><\/p>\n<p><em>\u00a0 \u00a0 \u00a0 \u00a0 \u00a0\u00a0<\/em>\u00a0 \u00a0 \u00a0 \u00a0<u><a href=\"https:\/\/www.edubcn.cat\/ext\/html\/Ajuts\/ajutsmenjador.html\" target=\"_blank\" rel=\"noopener\" data-saferedirecturl=\"https:\/\/www.google.com\/url?q=https:\/\/www.edubcn.cat\/ext\/html\/Ajuts\/ajutsmenjador.html&amp;source=gmail&amp;ust=1599227980022000&amp;usg=AFQjCNFFoFuQH4DGzemlfWn6EfjZ5K3M4A\">https:\/\/www.edubcn.cat\/ext\/html\/Ajuts\/ajutsmenjador.html<\/a><\/u><\/p>\n<p><strong>Aix\u00f2 vol dir que no hi haur\u00e0 sol\u00b7licitud en paper\u00a0per\u00f2\u00a0s&#8217;habilitaran\u00a0els seg\u00fcents espais de\u00a0suport per a aquelles fam\u00edlies que no disposin de recursos per\u00a0a\u00a0fer-ho:<\/strong><\/p>\n<table class=\" aligncenter\" style=\"height: 194px;\" width=\"656\">\n<tbody>\n<tr>\n<td style=\"width: 650px;\">&#8211;\u00a0Oficina\u00a0d&#8217;atenci\u00f3\u00a0del Consorci\u00a0d\u2019Educaci\u00f3\u00a0de Barcelona,\u00a0<a href=\"https:\/\/www.google.com\/maps\/search\/Pla%C3%A7a+Urquinaona,6?entry=gmail&amp;source=g\" data-saferedirecturl=\"https:\/\/www.google.com\/url?q=https:\/\/www.google.com\/maps\/search\/Pla%25C3%25A7a%2BUrquinaona,6?entry%3Dgmail%26source%3Dg&amp;source=gmail&amp;ust=1599227980022000&amp;usg=AFQjCNFGtFoUn9vZSgjvCFMIm_hWukmk5g\">Pla\u00e7a Urquinaona,6<\/a>\u00a0(atenci\u00f3 amb\u00a0cita pr\u00e8via)<\/td>\n<\/tr>\n<tr>\n<td style=\"width: 650px;\">&#8211; OME\u00a0<a href=\"https:\/\/www.google.com\/maps\/search\/Sant+Andreu,+c%2F+Sant+Adri%C3%A0,+20?entry=gmail&amp;source=g\" data-saferedirecturl=\"https:\/\/www.google.com\/url?q=https:\/\/www.google.com\/maps\/search\/Sant%2BAndreu,%2Bc%252F%2BSant%2BAdri%25C3%25A0,%2B20?entry%3Dgmail%26source%3Dg&amp;source=gmail&amp;ust=1599227980022000&amp;usg=AFQjCNFPkUcCiy4h22b3XRBtsuOUXWCcLQ\">Sant Andreu, c\/ Sant Adri\u00e0, 20<\/a>\u00a0recinte Fabra i Coats\u00a0(atenci\u00f3 amb\u00a0cita pr\u00e8via).<\/td>\n<\/tr>\n<tr>\n<td style=\"width: 650px;\">&#8211; OME\u00a0<a href=\"https:\/\/www.google.com\/maps\/search\/Ciutat+Vella,+Placeta+del+Pi,+2?entry=gmail&amp;source=g\" data-saferedirecturl=\"https:\/\/www.google.com\/url?q=https:\/\/www.google.com\/maps\/search\/Ciutat%2BVella,%2BPlaceta%2Bdel%2BPi,%2B2?entry%3Dgmail%26source%3Dg&amp;source=gmail&amp;ust=1599227980022000&amp;usg=AFQjCNF466d4gOweOrfpet0KxdEtyrLgDA\">Ciutat Vella, Placeta del Pi, 2<\/a>\u00a0(atenci\u00f3 amb cita\u00a0pr\u00e8via).<\/td>\n<\/tr>\n<tr>\n<td style=\"width: 650px;\">&#8211; Institut Rambla Prim, <a href=\"https:\/\/www.google.com\/maps\/search\/c%2F+Crist%C3%B3bal+de+Moura+223?entry=gmail&amp;source=g\" data-saferedirecturl=\"https:\/\/www.google.com\/url?q=https:\/\/www.google.com\/maps\/search\/c%252F%2BCrist%25C3%25B3bal%2Bde%2BMoura%2B223?entry%3Dgmail%26source%3Dg&amp;source=gmail&amp;ust=1599227980022000&amp;usg=AFQjCNFaT3wmiREU97RybEl-TeXjf5o4iQ\">c\/ Crist\u00f3bal de Moura 223<\/a>\u00a0(atenci\u00f3 amb cita pr\u00e8via).<\/td>\n<\/tr>\n<tr>\n<td style=\"width: 650px;\">Tel\u00e8fons d&#8217;assist\u00e8ncia per a l&#8217;emplenament de la sol\u00b7licitud 667366863 i 638684531 ( tamb\u00e9 es pot demanar cita pr\u00e8via per fer l&#8217;atenci\u00f3 telef\u00f2nica)<\/td>\n<\/tr>\n<\/tbody>\n<\/table>\n<p>&nbsp;<\/p>\n<p><strong>Tamb\u00e9\u00a0en aquells casos que sigui necess\u00e0ria adjuntar\u00a0la documentaci\u00f3,\u00a0s&#8217;haur\u00e0 de portar al centre o enviar al correu del institut &#8220;<a href=\"mailto:secretaria@insinfanta.cat\">secretaria@insinfanta.cat<\/a>&#8221;\u00a0<\/strong><\/p>\n<p>Podeu passar en horari de 9 a 13.30 els matins. Si teniu m\u00e9s dubtes podeu trucar al 93.3074313 en aquest mateix horari.<\/p>\n<p>&nbsp;<\/p>\n<p>&nbsp;<\/p>\n","protected":false},"excerpt":{"rendered":"<p>&nbsp; Teniu tota la informaci\u00f3 en aquest enlla\u00e7:\u00a0https:\/\/www.edubcn.cat\/ca\/alumnat_i_familia\/ajuts_beques_i_subvencions\/ajuts_de_menjador_escolar Enguany les sol\u00b7licituds es fan NOM\u00c9S de forma telem\u00e0tica, a trav\u00e9s d\u2019un enlla\u00e7 al web del Consorci\u00a0d&#8217;Educaci\u00f3\u00a0de Barcelona:\u00a0 \u00a0 \u00a0 \u00a0 \u00a0 \u00a0\u00a0\u00a0 \u00a0 \u00a0 \u00a0https:\/\/www.edubcn.cat\/ext\/html\/Ajuts\/ajutsmenjador.html Aix\u00f2 vol dir que no hi haur\u00e0 sol\u00b7licitud en paper\u00a0per\u00f2\u00a0s&#8217;habilitaran\u00a0els seg\u00fcents espais de\u00a0suport per a aquelles fam\u00edlies que no disposin de [&hellip;]<\/p>\n","protected":false},"author":4,"featured_media":0,"parent":69,"menu_order":0,"comment_status":"closed","ping_status":"closed","template":"","meta":{"_bbp_topic_count":0,"_bbp_reply_count":0,"_bbp_total_topic_count":0,"_bbp_total_reply_count":0,"_bbp_voice_count":0,"_bbp_anonymous_reply_count":0,"_bbp_topic_count_hidden":0,"_bbp_reply_count_hidden":0,"_bbp_forum_subforum_count":0,"site-sidebar-layout":"default","site-content-layout":"","ast-site-content-layout":"","site-content-style":"default","site-sidebar-style":"default","ast-global-header-display":"","ast-banner-title-visibility":"","ast-main-header-display":"","ast-hfb-above-header-display":"","ast-hfb-below-header-display":"","ast-hfb-mobile-header-display":"","site-post-title":"","ast-breadcrumbs-content":"","ast-featured-img":"","footer-sml-layout":"","theme-transparent-header-meta":"","adv-header-id-meta":"","stick-header-meta":"","header-above-stick-meta":"","header-main-stick-meta":"","header-below-stick-meta":"","astra-migrate-meta-layouts":"default","ast-page-background-enabled":"default","ast-page-background-meta":{"desktop":{"background-color":"var(--ast-global-color-4)","background-image":"","background-repeat":"repeat","background-position":"center center","background-size":"auto","background-attachment":"scroll","background-type":"","background-media":"","overlay-type":"","overlay-color":"","overlay-opacity":"","overlay-gradient":""},"tablet":{"background-color":"","background-image":"","background-repeat":"repeat","background-position":"center center","background-size":"auto","background-attachment":"scroll","background-type":"","background-media":"","overlay-type":"","overlay-color":"","overlay-opacity":"","overlay-gradient":""},"mobile":{"background-color":"","background-image":"","background-repeat":"repeat","background-position":"center center","background-size":"auto","background-attachment":"scroll","background-type":"","background-media":"","overlay-type":"","overlay-color":"","overlay-opacity":"","overlay-gradient":""}},"ast-content-background-meta":{"desktop":{"background-color":"var(--ast-global-color-5)","background-image":"","background-repeat":"repeat","background-position":"center center","background-size":"auto","background-attachment":"scroll","background-type":"","background-media":"","overlay-type":"","overlay-color":"","overlay-opacity":"","overlay-gradient":""},"tablet":{"background-color":"var(--ast-global-color-5)","background-image":"","background-repeat":"repeat","background-position":"center center","background-size":"auto","background-attachment":"scroll","background-type":"","background-media":"","overlay-type":"","overlay-color":"","overlay-opacity":"","overlay-gradient":""},"mobile":{"background-color":"var(--ast-global-color-5)","background-image":"","background-repeat":"repeat","background-position":"center center","background-size":"auto","background-attachment":"scroll","background-type":"","background-media":"","overlay-type":"","overlay-color":"","overlay-opacity":"","overlay-gradient":""}},"footnotes":""},"class_list":["post-1878","page","type-page","status-publish","hentry"],"post_mailing_queue_ids":[],"_links":{"self":[{"href":"https:\/\/agora.xtec.cat\/iesinfanta\/wp-json\/wp\/v2\/pages\/1878","targetHints":{"allow":["GET"]}}],"collection":[{"href":"https:\/\/agora.xtec.cat\/iesinfanta\/wp-json\/wp\/v2\/pages"}],"about":[{"href":"https:\/\/agora.xtec.cat\/iesinfanta\/wp-json\/wp\/v2\/types\/page"}],"author":[{"embeddable":true,"href":"https:\/\/agora.xtec.cat\/iesinfanta\/wp-json\/wp\/v2\/users\/4"}],"replies":[{"embeddable":true,"href":"https:\/\/agora.xtec.cat\/iesinfanta\/wp-json\/wp\/v2\/comments?post=1878"}],"version-history":[{"count":3,"href":"https:\/\/agora.xtec.cat\/iesinfanta\/wp-json\/wp\/v2\/pages\/1878\/revisions"}],"predecessor-version":[{"id":4798,"href":"https:\/\/agora.xtec.cat\/iesinfanta\/wp-json\/wp\/v2\/pages\/1878\/revisions\/4798"}],"up":[{"embeddable":true,"href":"https:\/\/agora.xtec.cat\/iesinfanta\/wp-json\/wp\/v2\/pages\/69"}],"wp:attachment":[{"href":"https:\/\/agora.xtec.cat\/iesinfanta\/wp-json\/wp\/v2\/media?parent=1878"}],"curies":[{"name":"wp","href":"https:\/\/api.w.org\/{rel}","templated":true}]}}