{"id":1368,"date":"2020-04-05T13:09:22","date_gmt":"2020-04-05T11:09:22","guid":{"rendered":"https:\/\/agora.xtec.cat\/iesinfanta\/?page_id=1368"},"modified":"2020-04-05T13:20:10","modified_gmt":"2020-04-05T11:20:10","slug":"visita-al-museu-del-disseny","status":"publish","type":"page","link":"https:\/\/agora.xtec.cat\/iesinfanta\/visita-al-museu-del-disseny\/","title":{"rendered":"VISITA AL MUSEU DEL DISSENY"},"content":{"rendered":"<p>&nbsp;<\/p>\n<table>\n<tbody>\n<tr>\n<td><a href=\"https:\/\/agora.xtec.cat\/iesinfanta\/wp-content\/uploads\/usu231\/2020\/04\/WhatsApp-Image-2020-04-05-at-13.01.56-7.jpeg\"><img loading=\"lazy\" decoding=\"async\" class=\"alignleft size-thumbnail wp-image-1376\" src=\"https:\/\/agora.xtec.cat\/iesinfanta\/wp-content\/uploads\/usu231\/2020\/04\/WhatsApp-Image-2020-04-05-at-13.01.56-7-150x150.jpeg\" alt=\"\" width=\"150\" height=\"150\" \/><\/a><\/td>\n<td><a href=\"https:\/\/agora.xtec.cat\/iesinfanta\/wp-content\/uploads\/usu231\/2020\/04\/WhatsApp-Image-2020-04-05-at-13.01.56-8.jpeg\"><img loading=\"lazy\" decoding=\"async\" class=\"alignleft size-thumbnail wp-image-1377\" src=\"https:\/\/agora.xtec.cat\/iesinfanta\/wp-content\/uploads\/usu231\/2020\/04\/WhatsApp-Image-2020-04-05-at-13.01.56-8-150x150.jpeg\" alt=\"\" width=\"150\" height=\"150\" \/><\/a><\/td>\n<td><a href=\"https:\/\/agora.xtec.cat\/iesinfanta\/wp-content\/uploads\/usu231\/2020\/04\/WhatsApp-Image-2020-04-05-at-13.01.56.jpeg\"><img loading=\"lazy\" decoding=\"async\" class=\"alignleft size-thumbnail wp-image-1378\" src=\"https:\/\/agora.xtec.cat\/iesinfanta\/wp-content\/uploads\/usu231\/2020\/04\/WhatsApp-Image-2020-04-05-at-13.01.56-150x150.jpeg\" alt=\"\" width=\"150\" height=\"150\" \/><\/a><\/td>\n<\/tr>\n<tr>\n<td><a href=\"https:\/\/agora.xtec.cat\/iesinfanta\/wp-content\/uploads\/usu231\/2020\/04\/WhatsApp-Image-2020-04-05-at-13.01.56-4.jpeg\"><img loading=\"lazy\" decoding=\"async\" class=\"alignleft size-thumbnail wp-image-1373\" src=\"https:\/\/agora.xtec.cat\/iesinfanta\/wp-content\/uploads\/usu231\/2020\/04\/WhatsApp-Image-2020-04-05-at-13.01.56-4-150x150.jpeg\" alt=\"\" width=\"150\" height=\"150\" \/><\/a><\/td>\n<td><a href=\"https:\/\/agora.xtec.cat\/iesinfanta\/wp-content\/uploads\/usu231\/2020\/04\/WhatsApp-Image-2020-04-05-at-13.01.56-2.jpeg\"><img loading=\"lazy\" decoding=\"async\" class=\"alignleft size-thumbnail wp-image-1371\" src=\"https:\/\/agora.xtec.cat\/iesinfanta\/wp-content\/uploads\/usu231\/2020\/04\/WhatsApp-Image-2020-04-05-at-13.01.56-2-150x150.jpeg\" alt=\"\" width=\"150\" height=\"150\" \/><\/a><\/td>\n<td><a href=\"https:\/\/agora.xtec.cat\/iesinfanta\/wp-content\/uploads\/usu231\/2020\/04\/WhatsApp-Image-2020-04-05-at-13.01.56-1.jpeg\"><img loading=\"lazy\" decoding=\"async\" class=\"alignleft size-thumbnail wp-image-1370\" src=\"https:\/\/agora.xtec.cat\/iesinfanta\/wp-content\/uploads\/usu231\/2020\/04\/WhatsApp-Image-2020-04-05-at-13.01.56-1-150x150.jpeg\" alt=\"\" width=\"150\" height=\"150\" \/><\/a><\/td>\n<\/tr>\n<\/tbody>\n<\/table>\n<p>En aquesta 2a avaluaci\u00f3, amb els alumnes de 2n P de l\u2019assignatura de Disseny vam anar al Museu del Disseny. Vam estar ocupats primer en un taller del museu on unes noies ens van explicar els or\u00edgens dels vestits que ocupaven les vitrines d\u2019una de les plantes, i com n\u2019havia estat l\u2019evoluci\u00f3. Cada vitrina contenia un vestit modern per al qual el dissenyador s\u2019havia inspirat en tots els altres d\u2019aquella \u00e8poca passada per fer-lo. Els alumnes van emprovar-se cotilles, mirinyacs, etc., per veure la sensaci\u00f3 que tenien aquelles dones quan es posaven aquella esp\u00e8cie de patiment per aprimar la cintura i sentir-se m\u00e9s guapes. Com a colof\u00f3, se\u2019ns va passar un v\u00eddeo amb l\u2019evoluci\u00f3 dels anuncis publicitaris al llarg dels anys, sobretot pensant en la dona, primer com un simple objecte i potencial compradora i despr\u00e9s l\u2019evoluci\u00f3 cap a anuncis m\u00e9s igualitaris. Va haver-hi un debat molt interessant sobre aquesta tem\u00e0tica.<\/p>\n<p>Despr\u00e9s de fer el taller van rec\u00f3rrer tot el museu, contestant preguntes que tenien en un dossier que els havien proporcionat per poder impregnar-se de totes les sales. Per exemple la del disseny d\u2019objectes, alguns ben curiosos com un sof\u00e0 que era igual que una catifa o una taula amb les potes com una gasela.<\/p>\n<p>Va ser un mat\u00ed molt profit\u00f3s i molt agradable, i els alumnes van veure amb els seus propis ulls els coneixements que expliquem a classe, i el valor que tenen els dissenyadors en la societat.<\/p>\n","protected":false},"excerpt":{"rendered":"<p>&nbsp; En aquesta 2a avaluaci\u00f3, amb els alumnes de 2n P de l\u2019assignatura de Disseny vam anar al Museu del Disseny. Vam estar ocupats primer en un taller del museu on unes noies ens van explicar els or\u00edgens dels vestits que ocupaven les vitrines d\u2019una de les plantes, i com n\u2019havia estat l\u2019evoluci\u00f3. Cada vitrina [&hellip;]<\/p>\n","protected":false},"author":4,"featured_media":0,"parent":0,"menu_order":0,"comment_status":"closed","ping_status":"closed","template":"","meta":{"_bbp_topic_count":0,"_bbp_reply_count":0,"_bbp_total_topic_count":0,"_bbp_total_reply_count":0,"_bbp_voice_count":0,"_bbp_anonymous_reply_count":0,"_bbp_topic_count_hidden":0,"_bbp_reply_count_hidden":0,"_bbp_forum_subforum_count":0,"site-sidebar-layout":"default","site-content-layout":"","ast-site-content-layout":"","site-content-style":"default","site-sidebar-style":"default","ast-global-header-display":"","ast-banner-title-visibility":"","ast-main-header-display":"","ast-hfb-above-header-display":"","ast-hfb-below-header-display":"","ast-hfb-mobile-header-display":"","site-post-title":"","ast-breadcrumbs-content":"","ast-featured-img":"","footer-sml-layout":"","theme-transparent-header-meta":"","adv-header-id-meta":"","stick-header-meta":"","header-above-stick-meta":"","header-main-stick-meta":"","header-below-stick-meta":"","astra-migrate-meta-layouts":"default","ast-page-background-enabled":"default","ast-page-background-meta":{"desktop":{"background-color":"var(--ast-global-color-4)","background-image":"","background-repeat":"repeat","background-position":"center center","background-size":"auto","background-attachment":"scroll","background-type":"","background-media":"","overlay-type":"","overlay-color":"","overlay-opacity":"","overlay-gradient":""},"tablet":{"background-color":"","background-image":"","background-repeat":"repeat","background-position":"center center","background-size":"auto","background-attachment":"scroll","background-type":"","background-media":"","overlay-type":"","overlay-color":"","overlay-opacity":"","overlay-gradient":""},"mobile":{"background-color":"","background-image":"","background-repeat":"repeat","background-position":"center center","background-size":"auto","background-attachment":"scroll","background-type":"","background-media":"","overlay-type":"","overlay-color":"","overlay-opacity":"","overlay-gradient":""}},"ast-content-background-meta":{"desktop":{"background-color":"var(--ast-global-color-5)","background-image":"","background-repeat":"repeat","background-position":"center center","background-size":"auto","background-attachment":"scroll","background-type":"","background-media":"","overlay-type":"","overlay-color":"","overlay-opacity":"","overlay-gradient":""},"tablet":{"background-color":"var(--ast-global-color-5)","background-image":"","background-repeat":"repeat","background-position":"center center","background-size":"auto","background-attachment":"scroll","background-type":"","background-media":"","overlay-type":"","overlay-color":"","overlay-opacity":"","overlay-gradient":""},"mobile":{"background-color":"var(--ast-global-color-5)","background-image":"","background-repeat":"repeat","background-position":"center center","background-size":"auto","background-attachment":"scroll","background-type":"","background-media":"","overlay-type":"","overlay-color":"","overlay-opacity":"","overlay-gradient":""}},"footnotes":""},"class_list":["post-1368","page","type-page","status-publish","hentry"],"post_mailing_queue_ids":[],"_links":{"self":[{"href":"https:\/\/agora.xtec.cat\/iesinfanta\/wp-json\/wp\/v2\/pages\/1368","targetHints":{"allow":["GET"]}}],"collection":[{"href":"https:\/\/agora.xtec.cat\/iesinfanta\/wp-json\/wp\/v2\/pages"}],"about":[{"href":"https:\/\/agora.xtec.cat\/iesinfanta\/wp-json\/wp\/v2\/types\/page"}],"author":[{"embeddable":true,"href":"https:\/\/agora.xtec.cat\/iesinfanta\/wp-json\/wp\/v2\/users\/4"}],"replies":[{"embeddable":true,"href":"https:\/\/agora.xtec.cat\/iesinfanta\/wp-json\/wp\/v2\/comments?post=1368"}],"version-history":[{"count":1,"href":"https:\/\/agora.xtec.cat\/iesinfanta\/wp-json\/wp\/v2\/pages\/1368\/revisions"}],"predecessor-version":[{"id":1379,"href":"https:\/\/agora.xtec.cat\/iesinfanta\/wp-json\/wp\/v2\/pages\/1368\/revisions\/1379"}],"wp:attachment":[{"href":"https:\/\/agora.xtec.cat\/iesinfanta\/wp-json\/wp\/v2\/media?parent=1368"}],"curies":[{"name":"wp","href":"https:\/\/api.w.org\/{rel}","templated":true}]}}