{"id":1349,"date":"2020-04-05T12:37:16","date_gmt":"2020-04-05T10:37:16","guid":{"rendered":"https:\/\/agora.xtec.cat\/iesinfanta\/?page_id=1349"},"modified":"2020-04-05T13:20:04","modified_gmt":"2020-04-05T11:20:04","slug":"visita-a-half-house","status":"publish","type":"page","link":"https:\/\/agora.xtec.cat\/iesinfanta\/visita-a-half-house\/","title":{"rendered":"VISITA A HALF HOUSE"},"content":{"rendered":"<p>VISITA A HALF HOUSE AMB ELS ALUMNES DE VOLUM DE 1r DE BATXILLERAT<\/p>\n<table>\n<tbody>\n<tr>\n<td><a href=\"https:\/\/agora.xtec.cat\/iesinfanta\/wp-content\/uploads\/usu231\/2020\/04\/WhatsApp-Image-2020-04-05-at-12.42.26-5.jpeg\"><img loading=\"lazy\" decoding=\"async\" class=\"alignleft wp-image-1356 size-thumbnail\" src=\"https:\/\/agora.xtec.cat\/iesinfanta\/wp-content\/uploads\/usu231\/2020\/04\/WhatsApp-Image-2020-04-05-at-12.42.26-5-150x150.jpeg\" alt=\"\" width=\"150\" height=\"150\" \/><\/a><\/td>\n<td><a href=\"https:\/\/agora.xtec.cat\/iesinfanta\/wp-content\/uploads\/usu231\/2020\/04\/WhatsApp-Image-2020-04-05-at-12.42.26-1.jpeg\"><img loading=\"lazy\" decoding=\"async\" class=\"alignleft wp-image-1360 size-thumbnail\" src=\"https:\/\/agora.xtec.cat\/iesinfanta\/wp-content\/uploads\/usu231\/2020\/04\/WhatsApp-Image-2020-04-05-at-12.42.26-1-150x150.jpeg\" alt=\"\" width=\"150\" height=\"150\" \/><\/a><\/td>\n<td><a href=\"https:\/\/agora.xtec.cat\/iesinfanta\/wp-content\/uploads\/usu231\/2020\/04\/WhatsApp-Image-2020-04-05-at-12.42.26.jpeg\"><img loading=\"lazy\" decoding=\"async\" class=\"alignleft size-thumbnail wp-image-1361\" src=\"https:\/\/agora.xtec.cat\/iesinfanta\/wp-content\/uploads\/usu231\/2020\/04\/WhatsApp-Image-2020-04-05-at-12.42.26-150x150.jpeg\" alt=\"\" width=\"150\" height=\"150\" \/><\/a><\/td>\n<\/tr>\n<tr>\n<td><a href=\"https:\/\/agora.xtec.cat\/iesinfanta\/wp-content\/uploads\/usu231\/2020\/04\/WhatsApp-Image-2020-04-05-at-12.42.26-3.jpeg\"><img loading=\"lazy\" decoding=\"async\" class=\"alignleft size-thumbnail wp-image-1358\" src=\"https:\/\/agora.xtec.cat\/iesinfanta\/wp-content\/uploads\/usu231\/2020\/04\/WhatsApp-Image-2020-04-05-at-12.42.26-3-150x150.jpeg\" alt=\"\" width=\"150\" height=\"150\" \/><\/a><\/td>\n<td><a href=\"https:\/\/agora.xtec.cat\/iesinfanta\/wp-content\/uploads\/usu231\/2020\/04\/WhatsApp-Image-2020-04-05-at-12.42.26-2.jpeg\"><img loading=\"lazy\" decoding=\"async\" class=\"alignleft size-thumbnail wp-image-1359\" src=\"https:\/\/agora.xtec.cat\/iesinfanta\/wp-content\/uploads\/usu231\/2020\/04\/WhatsApp-Image-2020-04-05-at-12.42.26-2-150x150.jpeg\" alt=\"\" width=\"150\" height=\"150\" \/><\/a><\/td>\n<td><a href=\"https:\/\/agora.xtec.cat\/iesinfanta\/wp-content\/uploads\/usu231\/2020\/04\/WhatsApp-Image-2020-04-05-at-12.42.26-4.jpeg\"><img loading=\"lazy\" decoding=\"async\" class=\"alignleft size-thumbnail wp-image-1357\" src=\"https:\/\/agora.xtec.cat\/iesinfanta\/wp-content\/uploads\/usu231\/2020\/04\/WhatsApp-Image-2020-04-05-at-12.42.26-4-150x150.jpeg\" alt=\"\" width=\"150\" height=\"150\" \/><\/a><\/td>\n<\/tr>\n<\/tbody>\n<\/table>\n<p>El barri de Sant Mart\u00ed es caracteritza per ser un dels districtes m\u00e9s creatius de la ciutat. La gentrificaci\u00f3 dels darrers anys ha fet que molts artistes i nombrosos projectes culturals, i tamb\u00e9 centres d\u2019art de reconeixement internacional, s\u2019hagin traslladat cap a aquesta part de la ciutat de Barcelona.<\/p>\n<p>El nostre institut es troba en una situaci\u00f3 privilegiada respecte a aquest mapa cultural, ja que molts d\u2019aquests tallers d\u2019artistes, centres d\u2019art, f\u00e0briques de creadors o centres d\u2019exposicions es troben tan a prop del nostre centre que s\u2019hi podria anar a peu. En canvi tota aquesta activitat cultural passa sovint desapercebuda i \u00e9s completament desconeguda pels alumnes.<\/p>\n<p>Amb aquestes visites programades es vol, precisament, fer con\u00e8ixer als alumnes tot aquest mapa cultural i establir-hi relacions de proximitat, no amb artistes d\u2019altres \u00e8poques i altres pa\u00efsos sin\u00f3 amb artistes i esdeveniments art\u00edstics que estan tenint lloc a uns pocs carrers d\u2019on ells estudien.<\/p>\n<p>La llista de centres d\u2019exposici\u00f3 o de creaci\u00f3 al costat del nostre institut \u00e9s ben llarga. Hi trobem indrets tan reconeguts com La f\u00e0brica de creaci\u00f3 i centre d\u2019Art Fabra i Coats, El Centre d\u2019art Can Felipa, els centres de resid\u00e8ncies Art\u00edstiques HANGAR, o l\u2019Escocesa, Sant Andreu Contemporani, etc.<\/p>\n<p>Dins aquesta xarxa, a 15 minuts a peu de l\u2019institut hi trobem el centre de creadors Half House, espai expositiu i d\u2019artistes residents que fa dos anys va obtenir el premi ciutat de Barcelona.<\/p>\n<p>Half House \u00e9s un centre privat on exposen i treballen un nombre redu\u00eft d\u2019artistes. Aquesta col\u00b7laboraci\u00f3 que hi hem fet al desembre del 2019 \u00e9s la primera vegada que es fa. Half House no havia rebut visites d\u2019instituts abans. Molts dels artistes s\u2019hi han implicat, i el fet de tenir un grup redu\u00eft ha facilitat la visita, que no s\u2019hagu\u00e9s pogut realitzar amb un grup m\u00e9s nombr\u00f3s.<\/p>\n<p>Hem conegut l\u2019obra dels artistes Sin\u00e9ad Spelman, Daniel Encesa i Dion\u00eds Escorsa, que en aquell moment tenia una exposici\u00f3 a l\u2019espai. Els alumnes han pogut con\u00e8ixer com treballaven artistes al seu taller i han conegut l\u2019obra de cadascun d\u2019ells de primera m\u00e0.<\/p>\n<p>Sin\u00e9ad Spelman ha estat mostrant els seus dibuixos i explicant quines s\u00f3n les raons que l\u2019empenyen a crear. Ha demostrat com a partir de la senzillesa es poden expressar sensacions molt profundes. Els seus dibuixos s\u00f3n molt intimistes. Resulten a la vegada tendres i pertorbadors.<\/p>\n<p>Daniel Encesa ha estat mostrant les seves escultures, els seus quaderns i els seus dibuixos, ensenyant tot el proc\u00e9s des d\u2019una idea fins a la seva realitzaci\u00f3 art\u00edstica en una forma tridimensional. Ens ha sorpr\u00e8s la varietat de formats i de dispositius que fa servir, des de dibuixos de molt gran format, fins a cer\u00e0miques o escultures guiades per l\u2019atzar realitzades amb materials informals.<\/p>\n<p>Dion\u00eds Escorsa, un dels millors videoartistes del panorama espanyol en l\u2019actualitat, aprofitant que tenia la seva exposici\u00f3 en curs ens ha mostrat la seva darrera pel\u00b7l\u00edcula i ens ha parlat de la seva obra. Un dels moments m\u00e9s apreciats \u00e9s quan ens ha ensenyat els dibuixos originals que ha realitzat durant tot un any per a l\u2019exposici\u00f3 actual. \u00c9s una forma directa de veure el treball de l\u2019artista sense la mediaci\u00f3 de la exposici\u00f3 o el museu.<\/p>\n<p>Amb aquesta visita \u00e9s pretenia que els alumnes coneguessin de primera m\u00e0 com els artistes creen dins del taller, i que veiessin que molt a prop d\u2019ells hi ha artistes de ress\u00f2 internacional que estan desenvolupant la seva traject\u00f2ria ara mateix. Esperem que aquesta experi\u00e8ncia els hagi estimulat i inspirat per a la seva projecci\u00f3 futura.<\/p>\n","protected":false},"excerpt":{"rendered":"<p>VISITA A HALF HOUSE AMB ELS ALUMNES DE VOLUM DE 1r DE BATXILLERAT El barri de Sant Mart\u00ed es caracteritza per ser un dels districtes m\u00e9s creatius de la ciutat. La gentrificaci\u00f3 dels darrers anys ha fet que molts artistes i nombrosos projectes culturals, i tamb\u00e9 centres d\u2019art de reconeixement internacional, s\u2019hagin traslladat cap a [&hellip;]<\/p>\n","protected":false},"author":4,"featured_media":0,"parent":0,"menu_order":0,"comment_status":"closed","ping_status":"closed","template":"","meta":{"_bbp_topic_count":0,"_bbp_reply_count":0,"_bbp_total_topic_count":0,"_bbp_total_reply_count":0,"_bbp_voice_count":0,"_bbp_anonymous_reply_count":0,"_bbp_topic_count_hidden":0,"_bbp_reply_count_hidden":0,"_bbp_forum_subforum_count":0,"site-sidebar-layout":"default","site-content-layout":"","ast-site-content-layout":"","site-content-style":"default","site-sidebar-style":"default","ast-global-header-display":"","ast-banner-title-visibility":"","ast-main-header-display":"","ast-hfb-above-header-display":"","ast-hfb-below-header-display":"","ast-hfb-mobile-header-display":"","site-post-title":"","ast-breadcrumbs-content":"","ast-featured-img":"","footer-sml-layout":"","theme-transparent-header-meta":"","adv-header-id-meta":"","stick-header-meta":"","header-above-stick-meta":"","header-main-stick-meta":"","header-below-stick-meta":"","astra-migrate-meta-layouts":"default","ast-page-background-enabled":"default","ast-page-background-meta":{"desktop":{"background-color":"var(--ast-global-color-4)","background-image":"","background-repeat":"repeat","background-position":"center center","background-size":"auto","background-attachment":"scroll","background-type":"","background-media":"","overlay-type":"","overlay-color":"","overlay-opacity":"","overlay-gradient":""},"tablet":{"background-color":"","background-image":"","background-repeat":"repeat","background-position":"center center","background-size":"auto","background-attachment":"scroll","background-type":"","background-media":"","overlay-type":"","overlay-color":"","overlay-opacity":"","overlay-gradient":""},"mobile":{"background-color":"","background-image":"","background-repeat":"repeat","background-position":"center center","background-size":"auto","background-attachment":"scroll","background-type":"","background-media":"","overlay-type":"","overlay-color":"","overlay-opacity":"","overlay-gradient":""}},"ast-content-background-meta":{"desktop":{"background-color":"var(--ast-global-color-5)","background-image":"","background-repeat":"repeat","background-position":"center center","background-size":"auto","background-attachment":"scroll","background-type":"","background-media":"","overlay-type":"","overlay-color":"","overlay-opacity":"","overlay-gradient":""},"tablet":{"background-color":"var(--ast-global-color-5)","background-image":"","background-repeat":"repeat","background-position":"center center","background-size":"auto","background-attachment":"scroll","background-type":"","background-media":"","overlay-type":"","overlay-color":"","overlay-opacity":"","overlay-gradient":""},"mobile":{"background-color":"var(--ast-global-color-5)","background-image":"","background-repeat":"repeat","background-position":"center center","background-size":"auto","background-attachment":"scroll","background-type":"","background-media":"","overlay-type":"","overlay-color":"","overlay-opacity":"","overlay-gradient":""}},"footnotes":""},"class_list":["post-1349","page","type-page","status-publish","hentry"],"post_mailing_queue_ids":[],"_links":{"self":[{"href":"https:\/\/agora.xtec.cat\/iesinfanta\/wp-json\/wp\/v2\/pages\/1349","targetHints":{"allow":["GET"]}}],"collection":[{"href":"https:\/\/agora.xtec.cat\/iesinfanta\/wp-json\/wp\/v2\/pages"}],"about":[{"href":"https:\/\/agora.xtec.cat\/iesinfanta\/wp-json\/wp\/v2\/types\/page"}],"author":[{"embeddable":true,"href":"https:\/\/agora.xtec.cat\/iesinfanta\/wp-json\/wp\/v2\/users\/4"}],"replies":[{"embeddable":true,"href":"https:\/\/agora.xtec.cat\/iesinfanta\/wp-json\/wp\/v2\/comments?post=1349"}],"version-history":[{"count":3,"href":"https:\/\/agora.xtec.cat\/iesinfanta\/wp-json\/wp\/v2\/pages\/1349\/revisions"}],"predecessor-version":[{"id":1366,"href":"https:\/\/agora.xtec.cat\/iesinfanta\/wp-json\/wp\/v2\/pages\/1349\/revisions\/1366"}],"wp:attachment":[{"href":"https:\/\/agora.xtec.cat\/iesinfanta\/wp-json\/wp\/v2\/media?parent=1349"}],"curies":[{"name":"wp","href":"https:\/\/api.w.org\/{rel}","templated":true}]}}