{"id":925,"date":"2024-10-12T18:52:36","date_gmt":"2024-10-12T16:52:36","guid":{"rendered":"https:\/\/agora.xtec.cat\/iesilladerodes\/?page_id=925"},"modified":"2026-01-26T12:06:07","modified_gmt":"2026-01-26T11:06:07","slug":"enllacos-dinteres","status":"publish","type":"page","link":"https:\/\/agora.xtec.cat\/iesilladerodes\/treball-de-recerca\/enllacos-dinteres\/","title":{"rendered":"Enlla\u00e7os d&#8217;inter\u00e8s"},"content":{"rendered":"\n<ul class=\"wp-block-list\">\n<li><a href=\"https:\/\/agora.xtec.cat\/iesilladerodes\/wp-content\/uploads\/usu2146\/2026\/01\/PLANTILLA-TDR-GUIA-DESTIL-TDR-Illa-de-Rodes-25-26-1.pdf\" target=\"_blank\" rel=\"noreferrer noopener\">PLANTILLA DEL TDR amb la Guia d&#8217;estil<\/a><\/li>\n\n\n\n<li><a href=\"https:\/\/agora.xtec.cat\/iesilladerodes\/wp-content\/uploads\/usu2146\/2026\/01\/Guia-practica-per-fer-un-bon-TR-BTX-20-consells_2aEdicio_2021.pdf\" target=\"_blank\" rel=\"noreferrer noopener\">Guia pr\u00e0ctica per fer un bon Treball de Recerca a Batxillerat. #20 consells essencials<\/a><\/li>\n\n\n\n<li><a href=\"https:\/\/serveiseducatius.xtec.cat\/altemporda\/forum-de-treballs-de-recerca-ftr\/\" target=\"_blank\" rel=\"noreferrer noopener\">Enlla\u00e7 a F\u00f2rum de Treballs de Recerca de l&#8217;Alt Empord\u00e0<\/a><\/li>\n\n\n\n<li><a href=\"https:\/\/educacio.gencat.cat\/web\/.content\/home\/departament\/publicacions\/guies-estudis\/btx-treball-recerca.pdf\" target=\"_blank\" rel=\"noopener\">Enlla\u00e7 a informaci\u00f3 sobre el TDR de la Generalitat<\/a><\/li>\n<\/ul>\n\n\n\n<p><\/p>\n","protected":false},"excerpt":{"rendered":"","protected":false},"author":3,"featured_media":0,"parent":914,"menu_order":3,"comment_status":"closed","ping_status":"closed","template":"","meta":{"site-sidebar-layout":"default","site-content-layout":"","ast-site-content-layout":"default","site-content-style":"default","site-sidebar-style":"default","ast-global-header-display":"","ast-banner-title-visibility":"","ast-main-header-display":"","ast-hfb-above-header-display":"","ast-hfb-below-header-display":"","ast-hfb-mobile-header-display":"","site-post-title":"","ast-breadcrumbs-content":"","ast-featured-img":"","footer-sml-layout":"","theme-transparent-header-meta":"","adv-header-id-meta":"","stick-header-meta":"","header-above-stick-meta":"","header-main-stick-meta":"","header-below-stick-meta":"","astra-migrate-meta-layouts":"set","ast-page-background-enabled":"default","ast-page-background-meta":{"desktop":{"background-color":"var(--ast-global-color-4)","background-image":"","background-repeat":"repeat","background-position":"center center","background-size":"auto","background-attachment":"scroll","background-type":"","background-media":"","overlay-type":"","overlay-color":"","overlay-opacity":"","overlay-gradient":""},"tablet":{"background-color":"","background-image":"","background-repeat":"repeat","background-position":"center center","background-size":"auto","background-attachment":"scroll","background-type":"","background-media":"","overlay-type":"","overlay-color":"","overlay-opacity":"","overlay-gradient":""},"mobile":{"background-color":"","background-image":"","background-repeat":"repeat","background-position":"center center","background-size":"auto","background-attachment":"scroll","background-type":"","background-media":"","overlay-type":"","overlay-color":"","overlay-opacity":"","overlay-gradient":""}},"ast-content-background-meta":{"desktop":{"background-color":"var(--ast-global-color-5)","background-image":"","background-repeat":"repeat","background-position":"center center","background-size":"auto","background-attachment":"scroll","background-type":"","background-media":"","overlay-type":"","overlay-color":"","overlay-opacity":"","overlay-gradient":""},"tablet":{"background-color":"var(--ast-global-color-5)","background-image":"","background-repeat":"repeat","background-position":"center center","background-size":"auto","background-attachment":"scroll","background-type":"","background-media":"","overlay-type":"","overlay-color":"","overlay-opacity":"","overlay-gradient":""},"mobile":{"background-color":"var(--ast-global-color-5)","background-image":"","background-repeat":"repeat","background-position":"center center","background-size":"auto","background-attachment":"scroll","background-type":"","background-media":"","overlay-type":"","overlay-color":"","overlay-opacity":"","overlay-gradient":""}},"footnotes":""},"class_list":["post-925","page","type-page","status-publish","hentry"],"post_mailing_queue_ids":[],"_links":{"self":[{"href":"https:\/\/agora.xtec.cat\/iesilladerodes\/wp-json\/wp\/v2\/pages\/925","targetHints":{"allow":["GET"]}}],"collection":[{"href":"https:\/\/agora.xtec.cat\/iesilladerodes\/wp-json\/wp\/v2\/pages"}],"about":[{"href":"https:\/\/agora.xtec.cat\/iesilladerodes\/wp-json\/wp\/v2\/types\/page"}],"author":[{"embeddable":true,"href":"https:\/\/agora.xtec.cat\/iesilladerodes\/wp-json\/wp\/v2\/users\/3"}],"replies":[{"embeddable":true,"href":"https:\/\/agora.xtec.cat\/iesilladerodes\/wp-json\/wp\/v2\/comments?post=925"}],"version-history":[{"count":6,"href":"https:\/\/agora.xtec.cat\/iesilladerodes\/wp-json\/wp\/v2\/pages\/925\/revisions"}],"predecessor-version":[{"id":2450,"href":"https:\/\/agora.xtec.cat\/iesilladerodes\/wp-json\/wp\/v2\/pages\/925\/revisions\/2450"}],"up":[{"embeddable":true,"href":"https:\/\/agora.xtec.cat\/iesilladerodes\/wp-json\/wp\/v2\/pages\/914"}],"wp:attachment":[{"href":"https:\/\/agora.xtec.cat\/iesilladerodes\/wp-json\/wp\/v2\/media?parent=925"}],"curies":[{"name":"wp","href":"https:\/\/api.w.org\/{rel}","templated":true}]}}