{"id":922,"date":"2024-10-12T18:46:03","date_gmt":"2024-10-12T16:46:03","guid":{"rendered":"https:\/\/agora.xtec.cat\/iesilladerodes\/?page_id=922"},"modified":"2025-09-25T22:20:08","modified_gmt":"2025-09-25T20:20:08","slug":"tria-del-treball","status":"publish","type":"page","link":"https:\/\/agora.xtec.cat\/iesilladerodes\/treball-de-recerca\/tria-del-treball\/","title":{"rendered":"Tria del Treball"},"content":{"rendered":"\n<h3 class=\"wp-block-heading\">Tria i delimitaci\u00f3 del tema, fixaci\u00f3 de l&#8217;objectiu o hip\u00f2tesi de partida.<\/h3>\n\n\n\n<p>La primera q\u00fcesti\u00f3 que cal plantejar-se \u00e9s&nbsp;<strong>la&nbsp;tria i delimitaci\u00f3<\/strong>&nbsp;del tema&nbsp;que volem investigar. En el document INFORMACI\u00d3 INICIAL SOBRE EL TDR hi trobareu informaci\u00f3 \u00fatil.<br>Un cop ja has seleccionat el tema i l&#8217;objectiu o objectius a investigar, clica a l&#8217;enlla\u00e7 de sota i omple el formulari per enregistrar la teva tria. El l\u00edmit \u00e9s el 10 d&#8217;octubre.<\/p>\n\n\n\n<p><a href=\"https:\/\/forms.gle\/tArFWMvTYU8LYPQV7\">https:\/\/forms.gle\/tArFWMvTYU8LYPQV7<\/a><\/p>\n\n\n\n<div class=\"wp-block-getwid-advanced-spacer\" style=\"height:44px\" aria-hidden=\"true\"><\/div>\n\n\n\n<div class=\"wp-block-file alignleft\" style=\"margin-top:0;margin-right:0;margin-bottom:0;margin-left:0;padding-top:0;padding-bottom:0\"><a id=\"wp-block-file--media-e296f7d0-f804-4e99-a05e-b22ac7ef3798\" href=\"https:\/\/agora.xtec.cat\/iesilladerodes\/wp-content\/uploads\/usu2146\/2025\/09\/TDR-INFORMACIO-INICIAL-TRIA-DEL-TEMA-1.pdf\">INFORMACI\u00d3 INICIAL SOBRE EL TDR<\/a><a href=\"https:\/\/agora.xtec.cat\/iesilladerodes\/wp-content\/uploads\/usu2146\/2025\/09\/TDR-INFORMACIO-INICIAL-TRIA-DEL-TEMA-1.pdf\" class=\"wp-block-file__button wp-element-button\" download aria-describedby=\"wp-block-file--media-e296f7d0-f804-4e99-a05e-b22ac7ef3798\">Baixa<\/a><\/div>\n\n\n\n<p><\/p>\n","protected":false},"excerpt":{"rendered":"<p>Tria i delimitaci\u00f3 del tema, fixaci\u00f3 de l&#8217;objectiu o hip\u00f2tesi de partida. La primera q\u00fcesti\u00f3 que cal plantejar-se \u00e9s&nbsp;la&nbsp;tria i [&hellip;]<\/p>\n","protected":false},"author":3,"featured_media":0,"parent":914,"menu_order":2,"comment_status":"closed","ping_status":"closed","template":"","meta":{"site-sidebar-layout":"default","site-content-layout":"","ast-site-content-layout":"default","site-content-style":"default","site-sidebar-style":"default","ast-global-header-display":"","ast-banner-title-visibility":"","ast-main-header-display":"","ast-hfb-above-header-display":"","ast-hfb-below-header-display":"","ast-hfb-mobile-header-display":"","site-post-title":"","ast-breadcrumbs-content":"","ast-featured-img":"","footer-sml-layout":"","theme-transparent-header-meta":"","adv-header-id-meta":"","stick-header-meta":"","header-above-stick-meta":"","header-main-stick-meta":"","header-below-stick-meta":"","astra-migrate-meta-layouts":"set","ast-page-background-enabled":"default","ast-page-background-meta":{"desktop":{"background-color":"var(--ast-global-color-4)","background-image":"","background-repeat":"repeat","background-position":"center center","background-size":"auto","background-attachment":"scroll","background-type":"","background-media":"","overlay-type":"","overlay-color":"","overlay-opacity":"","overlay-gradient":""},"tablet":{"background-color":"","background-image":"","background-repeat":"repeat","background-position":"center center","background-size":"auto","background-attachment":"scroll","background-type":"","background-media":"","overlay-type":"","overlay-color":"","overlay-opacity":"","overlay-gradient":""},"mobile":{"background-color":"","background-image":"","background-repeat":"repeat","background-position":"center center","background-size":"auto","background-attachment":"scroll","background-type":"","background-media":"","overlay-type":"","overlay-color":"","overlay-opacity":"","overlay-gradient":""}},"ast-content-background-meta":{"desktop":{"background-color":"var(--ast-global-color-5)","background-image":"","background-repeat":"repeat","background-position":"center center","background-size":"auto","background-attachment":"scroll","background-type":"","background-media":"","overlay-type":"","overlay-color":"","overlay-opacity":"","overlay-gradient":""},"tablet":{"background-color":"var(--ast-global-color-5)","background-image":"","background-repeat":"repeat","background-position":"center center","background-size":"auto","background-attachment":"scroll","background-type":"","background-media":"","overlay-type":"","overlay-color":"","overlay-opacity":"","overlay-gradient":""},"mobile":{"background-color":"var(--ast-global-color-5)","background-image":"","background-repeat":"repeat","background-position":"center center","background-size":"auto","background-attachment":"scroll","background-type":"","background-media":"","overlay-type":"","overlay-color":"","overlay-opacity":"","overlay-gradient":""}},"footnotes":""},"class_list":["post-922","page","type-page","status-publish","hentry"],"post_mailing_queue_ids":[],"_links":{"self":[{"href":"https:\/\/agora.xtec.cat\/iesilladerodes\/wp-json\/wp\/v2\/pages\/922","targetHints":{"allow":["GET"]}}],"collection":[{"href":"https:\/\/agora.xtec.cat\/iesilladerodes\/wp-json\/wp\/v2\/pages"}],"about":[{"href":"https:\/\/agora.xtec.cat\/iesilladerodes\/wp-json\/wp\/v2\/types\/page"}],"author":[{"embeddable":true,"href":"https:\/\/agora.xtec.cat\/iesilladerodes\/wp-json\/wp\/v2\/users\/3"}],"replies":[{"embeddable":true,"href":"https:\/\/agora.xtec.cat\/iesilladerodes\/wp-json\/wp\/v2\/comments?post=922"}],"version-history":[{"count":6,"href":"https:\/\/agora.xtec.cat\/iesilladerodes\/wp-json\/wp\/v2\/pages\/922\/revisions"}],"predecessor-version":[{"id":2144,"href":"https:\/\/agora.xtec.cat\/iesilladerodes\/wp-json\/wp\/v2\/pages\/922\/revisions\/2144"}],"up":[{"embeddable":true,"href":"https:\/\/agora.xtec.cat\/iesilladerodes\/wp-json\/wp\/v2\/pages\/914"}],"wp:attachment":[{"href":"https:\/\/agora.xtec.cat\/iesilladerodes\/wp-json\/wp\/v2\/media?parent=922"}],"curies":[{"name":"wp","href":"https:\/\/api.w.org\/{rel}","templated":true}]}}