{"id":2122,"date":"2025-07-04T16:31:26","date_gmt":"2025-07-04T14:31:26","guid":{"rendered":"https:\/\/agora.xtec.cat\/iesilladerodes\/?page_id=2122"},"modified":"2026-03-11T20:29:58","modified_gmt":"2026-03-11T19:29:58","slug":"ioc","status":"publish","type":"page","link":"https:\/\/agora.xtec.cat\/iesilladerodes\/ioc\/","title":{"rendered":"Institut Obert de Catalunya"},"content":{"rendered":"\n<div style=\"height:42px\" aria-hidden=\"true\" class=\"wp-block-spacer\"><\/div>\n\n\n\n<figure class=\"wp-block-image alignleft size-full is-resized\"><a href=\"https:\/\/agora.xtec.cat\/iesilladerodes\/wp-content\/uploads\/usu2146\/2025\/06\/ioc-1.jpg\"><img loading=\"lazy\" decoding=\"async\" width=\"592\" height=\"543\" src=\"https:\/\/agora.xtec.cat\/iesilladerodes\/wp-content\/uploads\/usu2146\/2025\/06\/ioc-1.jpg\" alt=\"\" class=\"wp-image-2027\" style=\"width:249px;height:auto\" srcset=\"https:\/\/agora.xtec.cat\/iesilladerodes\/wp-content\/uploads\/usu2146\/2025\/06\/ioc-1.jpg 592w, https:\/\/agora.xtec.cat\/iesilladerodes\/wp-content\/uploads\/usu2146\/2025\/06\/ioc-1-300x275.jpg 300w\" sizes=\"auto, (max-width: 592px) 100vw, 592px\" \/><\/a><\/figure>\n\n\n\n<p class=\"has-large-font-size\">Som centre col\u00b7laborador de l&#8217;IOC<\/p>\n\n\n\n<p class=\"has-text-align-left\">L&#8217;IOC \u00e9s l&#8217;institut d&#8217;ensenyament a dist\u00e0ncia del Departament d\u2019Educaci\u00f3&nbsp;que posa a l&#8217;abast dels estudiants  una \u00e0mplia oferta formativa i permet estudiar d\u2019una manera flexible i adaptada a les necessitats personals de cadasc\u00fa. <\/p>\n\n\n\n<p><strong>L&#8217;IOC acull dos perfils d&#8217;alumnat: l&#8217;alumnat propi de l&#8217;IOC i l&#8217;alumnat visitant.<\/strong><\/p>\n\n\n\n<p><strong>L&#8217;alumnat propi de l&#8217;IOC<\/strong> \u00e9s aquell alumnat que cursa estudis exclusivament a  dist\u00e0ncia i que  es comunica a trav\u00e9s del Campus Virtual de l&#8217;Institut Obert de Catalunya. <\/p>\n\n\n\n<p>Com a centre col\u00b7laborador de l&#8217;IOC, a l&#8217;Illa de Rodes, ens ocupem de la gesti\u00f3 d&#8217;alumnat extern al nostre institut i propi de l&#8217;IOC que cursa estudis a dist\u00e0ncia de GESO, Batxillerat i\/o PACFGS. Tamb\u00e9 acollim les convocat\u00f2ries dels ex\u00e0mens presencials d&#8217;aquest alumnat.<\/p>\n\n\n\n<p class=\"justificar-text\">Qui estigui interessat en estudiar exclusivament a dist\u00e0ncia a trav\u00e9s de l&#8217;IOC i necessiti informaci\u00f3 respecte dels estudis de l&#8217;IOC en aquesta modalitat a dist\u00e0ncia, <strong>pot escriure un correu a&nbsp;<a href=\"mailto:ioc@iesilladerodes.cat\">ioc@illaderodes.cat<\/a>&nbsp;<\/strong> per resoldre aquells dubtes o consultes que puguin sorgir-li.<\/p>\n\n\n\n<p><strong>L&#8217;alumnat visitant<\/strong> \u00e9s aquell alumnat matriculat  en centres ordinaris, que per raons organitzatives no pot cursar totes les mat\u00e8ries en el seu centre. En aquests casos, l&#8217;alumnat pot optar per cursar a dist\u00e0ncia (a trav\u00e9s de l&#8217;IOC)  fins a un m\u00e0xim de dues mat\u00e8ries per curs acad\u00e8mic. Cada centre en particular gestiona el seu alumnat.<\/p>\n\n\n\n<p>Aquesta condici\u00f3 est\u00e0 regulada per la&nbsp;<a href=\"https:\/\/portaldogc.gencat.cat\/utilsEADOP\/PDF\/9450\/2098617.pdf\" target=\"_blank\" rel=\"noreferrer noopener\">Resoluci\u00f3 EDF\/2571\/2025<\/a>, de 2 de juliol, relativa a les mat\u00e8ries de batxillerat dels centres educatius que es poden cursar a dist\u00e0ncia o en el format d&#8217;educaci\u00f3 semipresencial.<\/p>\n\n\n\n<p>Per acollir-se a aquesta oferta formativa, l&#8217;alumne o alumna si \u00e9s major d&#8217;edat, o el pare, mare, tutor o tutora legal en el cas que sigui menor d&#8217;edat, ha de presentar a la direcci\u00f3 del centre la sol\u00b7licitud per cursar mat\u00e8ries a dist\u00e0ncia en el moment de formalitzar la matr\u00edcula al curs corresponent.<img decoding=\"async\" src=\"\" alt=\"\"><\/p>\n\n\n\n<p><strong>L&#8217;alumnat del nostre centre que hagi de cursar alguna mat\u00e8ria a trav\u00e9s de l&#8217;IOC, haur\u00e0 de presentar<a href=\"http:\/\/chrome-extension:\/\/efaidnbmnnnibpcajpcglclefindmkaj\/https:\/\/documents.espai.educacio.gencat.cat\/For\" data-type=\"link\" data-id=\"chrome-extension:\/\/efaidnbmnnnibpcajpcglclefindmkaj\/https:\/\/documents.espai.educacio.gencat.cat\/For\"> <\/a><a href=\"https:\/\/drive.google.com\/file\/d\/1NmdrjVKR9NrzkZOOUcnqKiyQzWOCGOrB\/view?usp=sharing\">aquesta sol\u00b7licitud<\/a> en el moment de la matr\u00edcula si vol garantir la posterior inscripci\u00f3 a l&#8217;IOC -que nom\u00e9s es pot realitzar des de la direcci\u00f3 del centre.<\/strong><\/p>\n\n\n\n<p>Pel que fa als estudis de Batxillerat a trav\u00e9s de l&#8217;IOC,  es pot consultar tota la informaci\u00f3 al <a href=\"https:\/\/ioc.xtec.cat\/educacio\/batxillerat\">web de l&#8217;IOC<\/a> i a trav\u00e9s d&#8217;aquest enlla\u00e7.<\/p>\n\n\n\n<p><\/p>\n","protected":false},"excerpt":{"rendered":"<p>Som centre col\u00b7laborador de l&#8217;IOC L&#8217;IOC \u00e9s l&#8217;institut d&#8217;ensenyament a dist\u00e0ncia del Departament d\u2019Educaci\u00f3&nbsp;que posa a l&#8217;abast dels estudiants una [&hellip;]<\/p>\n","protected":false},"author":3,"featured_media":2027,"parent":0,"menu_order":0,"comment_status":"closed","ping_status":"close","template":"","meta":{"site-sidebar-layout":"no-sidebar","site-content-layout":"","ast-site-content-layout":"full-width-container","site-content-style":"default","site-sidebar-style":"default","ast-global-header-display":"","ast-banner-title-visibility":"","ast-main-header-display":"","ast-hfb-above-header-display":"","ast-hfb-below-header-display":"","ast-hfb-mobile-header-display":"","site-post-title":"","ast-breadcrumbs-content":"","ast-featured-img":"","footer-sml-layout":"","theme-transparent-header-meta":"","adv-header-id-meta":"","stick-header-meta":"","header-above-stick-meta":"","header-main-stick-meta":"","header-below-stick-meta":"","astra-migrate-meta-layouts":"set","ast-page-background-enabled":"default","ast-page-background-meta":{"desktop":{"background-color":"var(--ast-global-color-4)","background-image":"","background-repeat":"repeat","background-position":"center center","background-size":"auto","background-attachment":"scroll","background-type":"","background-media":"","overlay-type":"","overlay-color":"","overlay-opacity":"","overlay-gradient":""},"tablet":{"background-color":"","background-image":"","background-repeat":"repeat","background-position":"center center","background-size":"auto","background-attachment":"scroll","background-type":"","background-media":"","overlay-type":"","overlay-color":"","overlay-opacity":"","overlay-gradient":""},"mobile":{"background-color":"","background-image":"","background-repeat":"repeat","background-position":"center center","background-size":"auto","background-attachment":"scroll","background-type":"","background-media":"","overlay-type":"","overlay-color":"","overlay-opacity":"","overlay-gradient":""}},"ast-content-background-meta":{"desktop":{"background-color":"var(--ast-global-color-5)","background-image":"","background-repeat":"repeat","background-position":"center center","background-size":"auto","background-attachment":"scroll","background-type":"","background-media":"","overlay-type":"","overlay-color":"","overlay-opacity":"","overlay-gradient":""},"tablet":{"background-color":"var(--ast-global-color-5)","background-image":"","background-repeat":"repeat","background-position":"center center","background-size":"auto","background-attachment":"scroll","background-type":"","background-media":"","overlay-type":"","overlay-color":"","overlay-opacity":"","overlay-gradient":""},"mobile":{"background-color":"var(--ast-global-color-5)","background-image":"","background-repeat":"repeat","background-position":"center center","background-size":"auto","background-attachment":"scroll","background-type":"","background-media":"","overlay-type":"","overlay-color":"","overlay-opacity":"","overlay-gradient":""}},"footnotes":""},"class_list":["post-2122","page","type-page","status-publish","has-post-thumbnail","hentry"],"post_mailing_queue_ids":[],"_links":{"self":[{"href":"https:\/\/agora.xtec.cat\/iesilladerodes\/wp-json\/wp\/v2\/pages\/2122","targetHints":{"allow":["GET"]}}],"collection":[{"href":"https:\/\/agora.xtec.cat\/iesilladerodes\/wp-json\/wp\/v2\/pages"}],"about":[{"href":"https:\/\/agora.xtec.cat\/iesilladerodes\/wp-json\/wp\/v2\/types\/page"}],"author":[{"embeddable":true,"href":"https:\/\/agora.xtec.cat\/iesilladerodes\/wp-json\/wp\/v2\/users\/3"}],"replies":[{"embeddable":true,"href":"https:\/\/agora.xtec.cat\/iesilladerodes\/wp-json\/wp\/v2\/comments?post=2122"}],"version-history":[{"count":6,"href":"https:\/\/agora.xtec.cat\/iesilladerodes\/wp-json\/wp\/v2\/pages\/2122\/revisions"}],"predecessor-version":[{"id":2729,"href":"https:\/\/agora.xtec.cat\/iesilladerodes\/wp-json\/wp\/v2\/pages\/2122\/revisions\/2729"}],"wp:featuredmedia":[{"embeddable":true,"href":"https:\/\/agora.xtec.cat\/iesilladerodes\/wp-json\/wp\/v2\/media\/2027"}],"wp:attachment":[{"href":"https:\/\/agora.xtec.cat\/iesilladerodes\/wp-json\/wp\/v2\/media?parent=2122"}],"curies":[{"name":"wp","href":"https:\/\/api.w.org\/{rel}","templated":true}]}}