{"id":1361,"date":"2025-02-21T21:51:13","date_gmt":"2025-02-21T20:51:13","guid":{"rendered":"https:\/\/agora.xtec.cat\/iesilladerodes\/?page_id=1361"},"modified":"2025-12-08T17:41:30","modified_gmt":"2025-12-08T16:41:30","slug":"tutories-batxillerat-batxibac","status":"publish","type":"page","link":"https:\/\/agora.xtec.cat\/iesilladerodes\/tutories-batxillerat-batxibac\/","title":{"rendered":"Tutories Batxillerat\/Batxibac"},"content":{"rendered":"\n<details class=\"wp-block-details is-layout-flow wp-container-core-details-is-layout-1 wp-block-details-is-layout-flow\" style=\"border-style:none;border-width:0px\" open><summary>1r BTX<\/summary>\n<p style=\"font-size:16px\"><strong>Grup A<\/strong><br>Susanna Rubi\u00f3 Segu\u00ed<br>Sara Vergony\u00f3s Poyato<\/p>\n\n\n\n<p style=\"font-size:16px\"><strong>Grup B<\/strong><br>Juan Espinosa Diaz<br>Clara Rodr\u00edguez Calleja<\/p>\n<\/details>\n\n\n\n<div style=\"height:22px\" aria-hidden=\"true\" class=\"wp-block-spacer\"><\/div>\n\n\n\n<details class=\"wp-block-details is-layout-flow wp-block-details-is-layout-flow\" open><summary>2n BTX<\/summary>\n<p style=\"font-size:16px\"><strong>Grup A<\/strong><br>Rosa Moyano S\u00e1nchez<\/p>\n\n\n\n<p style=\"font-size:16px\"><strong>Grup B<\/strong><br>Ernest Parellada Torres<\/p>\n<\/details>\n\n\n\n<div style=\"height:22px\" aria-hidden=\"true\" class=\"wp-block-spacer\"><\/div>\n\n\n\n<details class=\"wp-block-details is-layout-flow wp-block-details-is-layout-flow\" open><summary>1r i 2n BAC<\/summary>\n<p>Graziella Berto Poza<\/p>\n<\/details>\n\n\n\n<div style=\"height:22px\" aria-hidden=\"true\" class=\"wp-block-spacer\"><\/div>\n","protected":false},"excerpt":{"rendered":"","protected":false},"author":3,"featured_media":0,"parent":0,"menu_order":0,"comment_status":"closed","ping_status":"close","template":"","meta":{"site-sidebar-layout":"default","site-content-layout":"","ast-site-content-layout":"default","site-content-style":"default","site-sidebar-style":"default","ast-global-header-display":"","ast-banner-title-visibility":"","ast-main-header-display":"","ast-hfb-above-header-display":"","ast-hfb-below-header-display":"","ast-hfb-mobile-header-display":"","site-post-title":"","ast-breadcrumbs-content":"","ast-featured-img":"","footer-sml-layout":"","theme-transparent-header-meta":"","adv-header-id-meta":"","stick-header-meta":"","header-above-stick-meta":"","header-main-stick-meta":"","header-below-stick-meta":"","astra-migrate-meta-layouts":"set","ast-page-background-enabled":"default","ast-page-background-meta":{"desktop":{"background-color":"var(--ast-global-color-4)","background-image":"","background-repeat":"repeat","background-position":"center center","background-size":"auto","background-attachment":"scroll","background-type":"","background-media":"","overlay-type":"","overlay-color":"","overlay-opacity":"","overlay-gradient":""},"tablet":{"background-color":"","background-image":"","background-repeat":"repeat","background-position":"center center","background-size":"auto","background-attachment":"scroll","background-type":"","background-media":"","overlay-type":"","overlay-color":"","overlay-opacity":"","overlay-gradient":""},"mobile":{"background-color":"","background-image":"","background-repeat":"repeat","background-position":"center center","background-size":"auto","background-attachment":"scroll","background-type":"","background-media":"","overlay-type":"","overlay-color":"","overlay-opacity":"","overlay-gradient":""}},"ast-content-background-meta":{"desktop":{"background-color":"var(--ast-global-color-5)","background-image":"","background-repeat":"repeat","background-position":"center center","background-size":"auto","background-attachment":"scroll","background-type":"","background-media":"","overlay-type":"","overlay-color":"","overlay-opacity":"","overlay-gradient":""},"tablet":{"background-color":"var(--ast-global-color-5)","background-image":"","background-repeat":"repeat","background-position":"center center","background-size":"auto","background-attachment":"scroll","background-type":"","background-media":"","overlay-type":"","overlay-color":"","overlay-opacity":"","overlay-gradient":""},"mobile":{"background-color":"var(--ast-global-color-5)","background-image":"","background-repeat":"repeat","background-position":"center center","background-size":"auto","background-attachment":"scroll","background-type":"","background-media":"","overlay-type":"","overlay-color":"","overlay-opacity":"","overlay-gradient":""}},"footnotes":""},"class_list":["post-1361","page","type-page","status-publish","hentry"],"post_mailing_queue_ids":[],"_links":{"self":[{"href":"https:\/\/agora.xtec.cat\/iesilladerodes\/wp-json\/wp\/v2\/pages\/1361","targetHints":{"allow":["GET"]}}],"collection":[{"href":"https:\/\/agora.xtec.cat\/iesilladerodes\/wp-json\/wp\/v2\/pages"}],"about":[{"href":"https:\/\/agora.xtec.cat\/iesilladerodes\/wp-json\/wp\/v2\/types\/page"}],"author":[{"embeddable":true,"href":"https:\/\/agora.xtec.cat\/iesilladerodes\/wp-json\/wp\/v2\/users\/3"}],"replies":[{"embeddable":true,"href":"https:\/\/agora.xtec.cat\/iesilladerodes\/wp-json\/wp\/v2\/comments?post=1361"}],"version-history":[{"count":5,"href":"https:\/\/agora.xtec.cat\/iesilladerodes\/wp-json\/wp\/v2\/pages\/1361\/revisions"}],"predecessor-version":[{"id":2262,"href":"https:\/\/agora.xtec.cat\/iesilladerodes\/wp-json\/wp\/v2\/pages\/1361\/revisions\/2262"}],"wp:attachment":[{"href":"https:\/\/agora.xtec.cat\/iesilladerodes\/wp-json\/wp\/v2\/media?parent=1361"}],"curies":[{"name":"wp","href":"https:\/\/api.w.org\/{rel}","templated":true}]}}