{"id":1347,"date":"2025-02-21T17:30:37","date_gmt":"2025-02-21T16:30:37","guid":{"rendered":"https:\/\/agora.xtec.cat\/iesilladerodes\/?page_id=1347"},"modified":"2025-12-08T17:36:59","modified_gmt":"2025-12-08T16:36:59","slug":"tutories-eso","status":"publish","type":"page","link":"https:\/\/agora.xtec.cat\/iesilladerodes\/tutories-eso\/","title":{"rendered":"Tutories ESO"},"content":{"rendered":"\n<details class=\"wp-block-details is-layout-flow wp-container-core-details-is-layout-1 wp-block-details-is-layout-flow\" style=\"border-style:none;border-width:0px\" open><summary>1r ESO<\/summary>\n<p style=\"font-size:16px\"><strong>Grup A<\/strong><br>Mireia Arenas Pintado<br>Marta Si\u00f1ol Exp\u00f3sito<\/p>\n\n\n\n<p style=\"font-size:16px\"><strong>Grup B<\/strong><br>Amandine Lejeune <br>Gerard Recasens P\u00e9rez<\/p>\n\n\n\n<p style=\"font-size:16px\"><strong>Grup C<\/strong><br>Xavier Edo Merelo<br>Agn\u00e8s Maj\u00f3 Ros<\/p>\n\n\n\n<p style=\"font-size:16px\"><strong>Grup D<\/strong><br>Llu\u00eds Colomer Artigas<br>N\u00faria Poblet Mas<\/p>\n<\/details>\n\n\n\n<div style=\"height:22px\" aria-hidden=\"true\" class=\"wp-block-spacer\"><\/div>\n\n\n\n<details class=\"wp-block-details is-layout-flow wp-block-details-is-layout-flow\" open><summary>2n ESO<\/summary>\n<p style=\"font-size:16px\"><strong>Grup A<\/strong><br>Montserrat Nadal Feixas<br>Erena Oliver Burgarolas<\/p>\n\n\n\n<p style=\"font-size:16px\"><strong>Grup B<\/strong><br>Odorico Arranz Arlanzon<br>Rosa Maria Cuxart Masdeu<\/p>\n\n\n\n<p style=\"font-size:16px\"><strong>Grup C<\/strong><br>Anna Maria Casamitjana Ca\u00f1adas<br>M\u00edriam Sallent Caceres<\/p>\n\n\n\n<p style=\"font-size:16px\"><strong>Grup D<\/strong><br>Marta Giron\u00e8s Barris<br>\u00d2scar Pauner Ram\u00edrez<\/p>\n<\/details>\n\n\n\n<div style=\"height:22px\" aria-hidden=\"true\" class=\"wp-block-spacer\"><\/div>\n\n\n\n<details class=\"wp-block-details is-layout-flow wp-block-details-is-layout-flow\" open><summary>3r ESO<\/summary>\n<p style=\"font-size:16px\"><strong>Grup A<\/strong><br>Genona Orfila Pernas<br>Sonia Rastrojo Oliveras<\/p>\n\n\n\n<p style=\"font-size:16px\"><strong>Grup B<\/strong><br>Ana Isabel Gonz\u00e1lez Cerdeira<br>M\u00edriam Pujadas L\u00f3pez<\/p>\n\n\n\n<p style=\"font-size:16px\"><strong>Grup C<\/strong><br>C\u00e9sar Ac\u00f3n Soto<br>Pau Godori i Giron\u00e8s<\/p>\n\n\n\n<p style=\"font-size:16px\"><strong>Grup D<\/strong><br>Joan Codina S\u00e1nchez<br>Daniel Hern\u00e1ndez Mayor<\/p>\n<\/details>\n\n\n\n<div style=\"height:22px\" aria-hidden=\"true\" class=\"wp-block-spacer\"><\/div>\n\n\n\n<details class=\"wp-block-details is-layout-flow wp-block-details-is-layout-flow\" open><summary>4t ESO<\/summary>\n<p style=\"font-size:16px\"><strong>Grup A<\/strong><br>Ivan S\u00e1ez Costa<br>Maria Assumpta Salellas Mora<\/p>\n\n\n\n<p style=\"font-size:16px\"><strong>Grup B<\/strong><br>N\u00faria Carre\u00f1o Roig<br>Xavier Masan\u00e9s Casaponsa<\/p>\n\n\n\n<p style=\"font-size:16px\"><strong>Grup C<\/strong><br>Alexandra Canaleta Mares<br>Laura de la Villa Aleman<\/p>\n<\/details>\n\n\n\n<p><\/p>\n","protected":false},"excerpt":{"rendered":"","protected":false},"author":1,"featured_media":0,"parent":0,"menu_order":0,"comment_status":"closed","ping_status":"close","template":"","meta":{"site-sidebar-layout":"default","site-content-layout":"","ast-site-content-layout":"default","site-content-style":"default","site-sidebar-style":"default","ast-global-header-display":"","ast-banner-title-visibility":"","ast-main-header-display":"","ast-hfb-above-header-display":"","ast-hfb-below-header-display":"","ast-hfb-mobile-header-display":"","site-post-title":"","ast-breadcrumbs-content":"","ast-featured-img":"","footer-sml-layout":"","theme-transparent-header-meta":"","adv-header-id-meta":"","stick-header-meta":"","header-above-stick-meta":"","header-main-stick-meta":"","header-below-stick-meta":"","astra-migrate-meta-layouts":"set","ast-page-background-enabled":"default","ast-page-background-meta":{"desktop":{"background-color":"var(--ast-global-color-4)","background-image":"","background-repeat":"repeat","background-position":"center center","background-size":"auto","background-attachment":"scroll","background-type":"","background-media":"","overlay-type":"","overlay-color":"","overlay-opacity":"","overlay-gradient":""},"tablet":{"background-color":"","background-image":"","background-repeat":"repeat","background-position":"center center","background-size":"auto","background-attachment":"scroll","background-type":"","background-media":"","overlay-type":"","overlay-color":"","overlay-opacity":"","overlay-gradient":""},"mobile":{"background-color":"","background-image":"","background-repeat":"repeat","background-position":"center center","background-size":"auto","background-attachment":"scroll","background-type":"","background-media":"","overlay-type":"","overlay-color":"","overlay-opacity":"","overlay-gradient":""}},"ast-content-background-meta":{"desktop":{"background-color":"var(--ast-global-color-5)","background-image":"","background-repeat":"repeat","background-position":"center center","background-size":"auto","background-attachment":"scroll","background-type":"","background-media":"","overlay-type":"","overlay-color":"","overlay-opacity":"","overlay-gradient":""},"tablet":{"background-color":"var(--ast-global-color-5)","background-image":"","background-repeat":"repeat","background-position":"center center","background-size":"auto","background-attachment":"scroll","background-type":"","background-media":"","overlay-type":"","overlay-color":"","overlay-opacity":"","overlay-gradient":""},"mobile":{"background-color":"var(--ast-global-color-5)","background-image":"","background-repeat":"repeat","background-position":"center center","background-size":"auto","background-attachment":"scroll","background-type":"","background-media":"","overlay-type":"","overlay-color":"","overlay-opacity":"","overlay-gradient":""}},"footnotes":""},"class_list":["post-1347","page","type-page","status-publish","hentry"],"post_mailing_queue_ids":[],"_links":{"self":[{"href":"https:\/\/agora.xtec.cat\/iesilladerodes\/wp-json\/wp\/v2\/pages\/1347","targetHints":{"allow":["GET"]}}],"collection":[{"href":"https:\/\/agora.xtec.cat\/iesilladerodes\/wp-json\/wp\/v2\/pages"}],"about":[{"href":"https:\/\/agora.xtec.cat\/iesilladerodes\/wp-json\/wp\/v2\/types\/page"}],"author":[{"embeddable":true,"href":"https:\/\/agora.xtec.cat\/iesilladerodes\/wp-json\/wp\/v2\/users\/1"}],"replies":[{"embeddable":true,"href":"https:\/\/agora.xtec.cat\/iesilladerodes\/wp-json\/wp\/v2\/comments?post=1347"}],"version-history":[{"count":6,"href":"https:\/\/agora.xtec.cat\/iesilladerodes\/wp-json\/wp\/v2\/pages\/1347\/revisions"}],"predecessor-version":[{"id":2260,"href":"https:\/\/agora.xtec.cat\/iesilladerodes\/wp-json\/wp\/v2\/pages\/1347\/revisions\/2260"}],"wp:attachment":[{"href":"https:\/\/agora.xtec.cat\/iesilladerodes\/wp-json\/wp\/v2\/media?parent=1347"}],"curies":[{"name":"wp","href":"https:\/\/api.w.org\/{rel}","templated":true}]}}