{"id":69,"date":"2014-09-18T10:15:07","date_gmt":"2014-09-18T08:15:07","guid":{"rendered":"http:\/\/agora.xtec.cat\/iesicilia\/?page_id=69"},"modified":"2025-09-05T09:15:56","modified_gmt":"2025-09-05T07:15:56","slug":"menjador-escolar","status":"publish","type":"page","link":"https:\/\/agora.xtec.cat\/iesicilia\/serveis\/menjador-escolar\/","title":{"rendered":"Menjador escolar"},"content":{"rendered":"<p><span style=\"font-family: arial, helvetica, sans-serif; color: #333333;\">El servei de menjador escolar no nom\u00e9s complementa l&#8217;educaci\u00f3 sin\u00f3 que tamb\u00e9 \u00e9s un recurs educatiu fonamental en les escoles de Catalunya.<\/span><\/p>\n<p><span style=\"font-family: arial, helvetica, sans-serif; color: #333333;\">El menjador escolar juga un paper essencial en la promoci\u00f3 d&#8217;una alimentaci\u00f3 saludable i sostenible, aix\u00ed com en el foment d&#8217;h\u00e0bits saludables i una dieta equilibrada i variada entre els infants i adolescents.<\/span><\/p>\n<p><span style=\"font-family: arial, helvetica, sans-serif; color: #333333;\">A m\u00e9s a m\u00e9s, tamb\u00e9 contribueix a l&#8217;adquisici\u00f3 de rutines i h\u00e0bits d&#8217;higiene personal, ajudant els alumnes a desenvolupar capacitats d&#8217;autonomia personal, compet\u00e8ncia social i de conviv\u00e8ncia en un entorn que fomenta la interacci\u00f3 entre els alumnes.<\/span><\/p>\n<p><span style=\"font-family: arial, helvetica, sans-serif; color: #333333;\">L&#8217;empresa que gestiona el servei de menjador escolar \u00e9s <a style=\"color: #333333;\" href=\"https:\/\/www.ausolan.com\/\">AUSOLAN<\/a>.<\/span><\/p>\n<p>Contacte: Jessica Nicol\u00e1s 687872275<\/p>\n<p><span style=\"font-family: arial, helvetica, sans-serif; color: #333333;\">Els preus del servei de menjador s&#8217;han actualitzat segons el preu m\u00e0xim de la prestaci\u00f3 del servei establert a la darrera Resoluci\u00f3 EDU\/843\/2023, de 9 de mar\u00e7.<\/span><\/p>\n<ul>\n<li><span style=\"font-family: arial, helvetica, sans-serif;\"><a href=\"https:\/\/drive.google.com\/file\/d\/1ibVLGJXaS1VDZup2FTtrlABRfJQzaj93\/view?usp=sharing\" target=\"_blank\" rel=\"noopener\">Normativa menjador i acollides 2025-2026 i nous preus<\/a><\/span><\/li>\n<li><a href=\"https:\/\/drive.google.com\/file\/d\/1O4efBiBWV3V6FjiTQXQATuuak4bSjMuB\/view?usp=sharing\" target=\"_blank\" rel=\"noopener\"><span style=\"font-family: arial, helvetica, sans-serif;\">Inscripcions nous alumnes menjador i acollides mat\u00ed-tarda 2025-2026<\/span><\/a><\/li>\n<li><a href=\"https:\/\/drive.google.com\/file\/d\/18pSrkCbRucep9kqDUWUVL9XuwurfGahc\/view?usp=sharing\" target=\"_blank\" rel=\"noopener\">Continu\u00eftat menjador-acollides 25-26<\/a><\/li>\n<li><span style=\"font-family: arial, helvetica, sans-serif;\"><a href=\"https:\/\/comocomen.com\/__ausolan1519\/padres\/\" target=\"_blank\" rel=\"noopener\">Aplicaci\u00f3 menjador AUSOLAN<\/a><\/span><\/li>\n<\/ul>\n","protected":false},"excerpt":{"rendered":"<p>El servei de menjador escolar no nom\u00e9s complementa l&#8217;educaci\u00f3 sin\u00f3 que tamb\u00e9 \u00e9s un recurs educatiu fonamental en les escoles de Catalunya. El menjador escolar juga un paper essencial en la promoci\u00f3 d&#8217;una alimentaci\u00f3 saludable i sostenible, aix\u00ed com en el foment d&#8217;h\u00e0bits saludables i una dieta equilibrada i variada entre els infants i adolescents. [&hellip;]<\/p>\n","protected":false},"author":1,"featured_media":0,"parent":63,"menu_order":10,"comment_status":"closed","ping_status":"closed","template":"page-templates\/side-menu.php","meta":{"_bbp_topic_count":0,"_bbp_reply_count":0,"_bbp_total_topic_count":0,"_bbp_total_reply_count":0,"_bbp_voice_count":0,"_bbp_anonymous_reply_count":0,"_bbp_topic_count_hidden":0,"_bbp_reply_count_hidden":0,"_bbp_forum_subforum_count":0,"site-sidebar-layout":"default","site-content-layout":"","ast-site-content-layout":"","site-content-style":"default","site-sidebar-style":"default","ast-global-header-display":"","ast-banner-title-visibility":"","ast-main-header-display":"","ast-hfb-above-header-display":"","ast-hfb-below-header-display":"","ast-hfb-mobile-header-display":"","site-post-title":"","ast-breadcrumbs-content":"","ast-featured-img":"","footer-sml-layout":"","theme-transparent-header-meta":"","adv-header-id-meta":"","stick-header-meta":"","header-above-stick-meta":"","header-main-stick-meta":"","header-below-stick-meta":"","astra-migrate-meta-layouts":"default","ast-page-background-enabled":"default","ast-page-background-meta":{"desktop":{"background-color":"var(--ast-global-color-4)","background-image":"","background-repeat":"repeat","background-position":"center center","background-size":"auto","background-attachment":"scroll","background-type":"","background-media":"","overlay-type":"","overlay-color":"","overlay-opacity":"","overlay-gradient":""},"tablet":{"background-color":"","background-image":"","background-repeat":"repeat","background-position":"center center","background-size":"auto","background-attachment":"scroll","background-type":"","background-media":"","overlay-type":"","overlay-color":"","overlay-opacity":"","overlay-gradient":""},"mobile":{"background-color":"","background-image":"","background-repeat":"repeat","background-position":"center center","background-size":"auto","background-attachment":"scroll","background-type":"","background-media":"","overlay-type":"","overlay-color":"","overlay-opacity":"","overlay-gradient":""}},"ast-content-background-meta":{"desktop":{"background-color":"var(--ast-global-color-5)","background-image":"","background-repeat":"repeat","background-position":"center center","background-size":"auto","background-attachment":"scroll","background-type":"","background-media":"","overlay-type":"","overlay-color":"","overlay-opacity":"","overlay-gradient":""},"tablet":{"background-color":"var(--ast-global-color-5)","background-image":"","background-repeat":"repeat","background-position":"center center","background-size":"auto","background-attachment":"scroll","background-type":"","background-media":"","overlay-type":"","overlay-color":"","overlay-opacity":"","overlay-gradient":""},"mobile":{"background-color":"var(--ast-global-color-5)","background-image":"","background-repeat":"repeat","background-position":"center center","background-size":"auto","background-attachment":"scroll","background-type":"","background-media":"","overlay-type":"","overlay-color":"","overlay-opacity":"","overlay-gradient":""}},"footnotes":""},"class_list":["post-69","page","type-page","status-publish","hentry"],"post_mailing_queue_ids":[],"_links":{"self":[{"href":"https:\/\/agora.xtec.cat\/iesicilia\/wp-json\/wp\/v2\/pages\/69","targetHints":{"allow":["GET"]}}],"collection":[{"href":"https:\/\/agora.xtec.cat\/iesicilia\/wp-json\/wp\/v2\/pages"}],"about":[{"href":"https:\/\/agora.xtec.cat\/iesicilia\/wp-json\/wp\/v2\/types\/page"}],"author":[{"embeddable":true,"href":"https:\/\/agora.xtec.cat\/iesicilia\/wp-json\/wp\/v2\/users\/1"}],"replies":[{"embeddable":true,"href":"https:\/\/agora.xtec.cat\/iesicilia\/wp-json\/wp\/v2\/comments?post=69"}],"version-history":[{"count":6,"href":"https:\/\/agora.xtec.cat\/iesicilia\/wp-json\/wp\/v2\/pages\/69\/revisions"}],"predecessor-version":[{"id":2159,"href":"https:\/\/agora.xtec.cat\/iesicilia\/wp-json\/wp\/v2\/pages\/69\/revisions\/2159"}],"up":[{"embeddable":true,"href":"https:\/\/agora.xtec.cat\/iesicilia\/wp-json\/wp\/v2\/pages\/63"}],"wp:attachment":[{"href":"https:\/\/agora.xtec.cat\/iesicilia\/wp-json\/wp\/v2\/media?parent=69"}],"curies":[{"name":"wp","href":"https:\/\/api.w.org\/{rel}","templated":true}]}}