{"id":57,"date":"2014-09-17T17:01:07","date_gmt":"2014-09-17T15:01:07","guid":{"rendered":"http:\/\/agora.xtec.cat\/iesicilia\/?page_id=57"},"modified":"2024-01-16T19:38:36","modified_gmt":"2024-01-16T18:38:36","slug":"projecte-educatiu","status":"publish","type":"page","link":"https:\/\/agora.xtec.cat\/iesicilia\/projecte-educatiu\/","title":{"rendered":"PROJECTE EDUCATIU"},"content":{"rendered":"<p align=\"justify\"><span style=\"color: #000000;\"><span style=\"font-family: Arial;\"><span style=\"font-size: medium;\">Proposem <\/span><\/span><\/span><span style=\"color: #000000;\"><span style=\"font-family: Arial;\"><span style=\"font-size: medium;\"><b>una escola oberta i plural<\/b><\/span><\/span><\/span><span style=\"color: #000000;\"><span style=\"font-family: Arial;\"><span style=\"font-size: medium;\">, on cada infant i jove ha d\u2019anar forjant la seva identitat i la personal afirmaci\u00f3 davant la vida.<\/span><\/span><\/span><\/p>\n<p align=\"justify\"><span style=\"color: #000000;\"><span style=\"font-family: Arial;\"><span style=\"font-size: medium;\">Proposem <\/span><\/span><\/span><span style=\"color: #000000;\"><span style=\"font-family: Arial;\"><span style=\"font-size: medium;\"><b>una escola de civilitat, <\/b><\/span><\/span><\/span><span style=\"color: #000000;\"><span style=\"font-family: Arial;\"><span style=\"font-size: medium;\">on s\u2019apr\u00e8n a conviure amb principis b\u00e0sics de la conviv\u00e8ncia democr\u00e0tica com la llibertat, la igualtat i el respecte.<\/span><\/span><\/span><\/p>\n<p align=\"justify\"><span style=\"color: #000000;\"><span style=\"font-family: Arial;\"><span style=\"font-size: medium;\">Proposem <\/span><\/span><\/span><span style=\"color: #000000;\"><span style=\"font-family: Arial;\"><span style=\"font-size: medium;\"><b>una escola pels nens i nenes i pels adolescents<\/b><\/span><\/span><\/span><span style=\"color: #000000;\"><span style=\"font-family: Arial;\"><span style=\"font-size: medium;\">, on el dia a dia sigui una experi\u00e8ncia educativa, din\u00e0mica i participativa. Tamb\u00e9 mantenint i obrint totes les possibilitats que ofereix la vida m\u00e9s enll\u00e0 de les aules.<\/span><\/span><\/span><\/p>\n<p align=\"justify\"><span style=\"color: #000000;\"><span style=\"font-family: Arial;\"><span style=\"font-size: medium;\">Proposem <\/span><\/span><\/span><span style=\"color: #000000;\"><span style=\"font-family: Arial;\"><span style=\"font-size: medium;\"><b>una escola<\/b><\/span><\/span><\/span> <span style=\"color: #000000;\"><span style=\"font-family: Arial;\"><span style=\"font-size: medium;\"><b>emocional<\/b><\/span><\/span><\/span> <span style=\"color: #000000;\"><span style=\"font-family: Arial;\"><span style=\"font-size: medium;\">que aposti de forma decidida per la millora de les diferents <\/span><\/span><\/span><span style=\"color: #000000;\"><span style=\"font-family: Arial;\"><span style=\"font-size: medium;\"><b>capacitats d\u2019expressi\u00f3<\/b><\/span><\/span><\/span><span style=\"color: #000000;\"><span style=\"font-family: Arial;\"><span style=\"font-size: medium;\">: corporal, verbal, musical i pl\u00e0stica.<\/span><\/span><\/span><\/p>\n<p align=\"justify\"><span style=\"color: #000000; font-family: Arial; font-size: medium;\">El nostre desig \u00e9s liderar una acci\u00f3 col\u00b7lectiva per acompanyar a nens i nenes en el seu proc\u00e9s de fer-se grans amb un enfocament basat en l\u2019acci\u00f3, l\u2019autonomia i la responsabilitat. <\/span><\/p>\n<p align=\"justify\"><span style=\"color: #000000; font-family: Arial; font-size: medium;\">\u00a0Tot un repte!<\/span><\/p>\n","protected":false},"excerpt":{"rendered":"<p>Proposem una escola oberta i plural, on cada infant i jove ha d\u2019anar forjant la seva identitat i la personal afirmaci\u00f3 davant la vida. Proposem una escola de civilitat, on s\u2019apr\u00e8n a conviure amb principis b\u00e0sics de la conviv\u00e8ncia democr\u00e0tica com la llibertat, la igualtat i el respecte. Proposem una escola pels nens i nenes [&hellip;]<\/p>\n","protected":false},"author":1,"featured_media":0,"parent":0,"menu_order":50,"comment_status":"closed","ping_status":"closed","template":"page-templates\/side-menu.php","meta":{"_bbp_topic_count":0,"_bbp_reply_count":0,"_bbp_total_topic_count":0,"_bbp_total_reply_count":0,"_bbp_voice_count":0,"_bbp_anonymous_reply_count":0,"_bbp_topic_count_hidden":0,"_bbp_reply_count_hidden":0,"_bbp_forum_subforum_count":0,"site-sidebar-layout":"default","site-content-layout":"","ast-site-content-layout":"","site-content-style":"default","site-sidebar-style":"default","ast-global-header-display":"","ast-banner-title-visibility":"","ast-main-header-display":"","ast-hfb-above-header-display":"","ast-hfb-below-header-display":"","ast-hfb-mobile-header-display":"","site-post-title":"","ast-breadcrumbs-content":"","ast-featured-img":"","footer-sml-layout":"","theme-transparent-header-meta":"","adv-header-id-meta":"","stick-header-meta":"","header-above-stick-meta":"","header-main-stick-meta":"","header-below-stick-meta":"","astra-migrate-meta-layouts":"default","ast-page-background-enabled":"default","ast-page-background-meta":{"desktop":{"background-color":"var(--ast-global-color-4)","background-image":"","background-repeat":"repeat","background-position":"center center","background-size":"auto","background-attachment":"scroll","background-type":"","background-media":"","overlay-type":"","overlay-color":"","overlay-opacity":"","overlay-gradient":""},"tablet":{"background-color":"","background-image":"","background-repeat":"repeat","background-position":"center center","background-size":"auto","background-attachment":"scroll","background-type":"","background-media":"","overlay-type":"","overlay-color":"","overlay-opacity":"","overlay-gradient":""},"mobile":{"background-color":"","background-image":"","background-repeat":"repeat","background-position":"center center","background-size":"auto","background-attachment":"scroll","background-type":"","background-media":"","overlay-type":"","overlay-color":"","overlay-opacity":"","overlay-gradient":""}},"ast-content-background-meta":{"desktop":{"background-color":"var(--ast-global-color-5)","background-image":"","background-repeat":"repeat","background-position":"center center","background-size":"auto","background-attachment":"scroll","background-type":"","background-media":"","overlay-type":"","overlay-color":"","overlay-opacity":"","overlay-gradient":""},"tablet":{"background-color":"var(--ast-global-color-5)","background-image":"","background-repeat":"repeat","background-position":"center center","background-size":"auto","background-attachment":"scroll","background-type":"","background-media":"","overlay-type":"","overlay-color":"","overlay-opacity":"","overlay-gradient":""},"mobile":{"background-color":"var(--ast-global-color-5)","background-image":"","background-repeat":"repeat","background-position":"center center","background-size":"auto","background-attachment":"scroll","background-type":"","background-media":"","overlay-type":"","overlay-color":"","overlay-opacity":"","overlay-gradient":""}},"footnotes":""},"class_list":["post-57","page","type-page","status-publish","hentry"],"post_mailing_queue_ids":[],"_links":{"self":[{"href":"https:\/\/agora.xtec.cat\/iesicilia\/wp-json\/wp\/v2\/pages\/57","targetHints":{"allow":["GET"]}}],"collection":[{"href":"https:\/\/agora.xtec.cat\/iesicilia\/wp-json\/wp\/v2\/pages"}],"about":[{"href":"https:\/\/agora.xtec.cat\/iesicilia\/wp-json\/wp\/v2\/types\/page"}],"author":[{"embeddable":true,"href":"https:\/\/agora.xtec.cat\/iesicilia\/wp-json\/wp\/v2\/users\/1"}],"replies":[{"embeddable":true,"href":"https:\/\/agora.xtec.cat\/iesicilia\/wp-json\/wp\/v2\/comments?post=57"}],"version-history":[{"count":2,"href":"https:\/\/agora.xtec.cat\/iesicilia\/wp-json\/wp\/v2\/pages\/57\/revisions"}],"predecessor-version":[{"id":1609,"href":"https:\/\/agora.xtec.cat\/iesicilia\/wp-json\/wp\/v2\/pages\/57\/revisions\/1609"}],"wp:attachment":[{"href":"https:\/\/agora.xtec.cat\/iesicilia\/wp-json\/wp\/v2\/media?parent=57"}],"curies":[{"name":"wp","href":"https:\/\/api.w.org\/{rel}","templated":true}]}}