{"id":21,"date":"2014-09-17T16:14:14","date_gmt":"2014-09-17T14:14:14","guid":{"rendered":"http:\/\/agora.xtec.cat\/iesicilia\/?page_id=21"},"modified":"2024-01-24T20:00:35","modified_gmt":"2024-01-24T19:00:35","slug":"on-som","status":"publish","type":"page","link":"https:\/\/agora.xtec.cat\/iesicilia\/linstitut-escola\/on-som\/","title":{"rendered":"On som"},"content":{"rendered":"<p style=\"color: #666666;\"><span style=\"color: #333333;\"><strong>Institut Escola Sic\u00edlia<\/strong><\/span><br \/>\n<span style=\"color: #333333;\">Carrer Sic\u00edlia, 249<\/span><br \/>\n<span style=\"color: #333333;\">08025 Barcelona<\/span><\/p>\n<p><iframe loading=\"lazy\" style=\"border: 0;\" src=\"https:\/\/www.google.com\/maps\/embed?pb=!1m18!1m12!1m3!1d2992.671739041198!2d2.1689484746820162!3d41.40293469503282!2m3!1f0!2f0!3f0!3m2!1i1024!2i768!4f13.1!3m3!1m2!1s0x12a4a3be7775d84b%3A0xa268b375f2a372a1!2sInstituto%20Escuela%20Sicilia!5e0!3m2!1ses!2ses!4v1698148190092!5m2!1ses!2ses\" width=\"400\" height=\"300\" allowfullscreen=\"allowfullscreen\"><\/iframe><\/p>\n<p><span style=\"color: #333333;\"><strong>Com arribar-hi:<br \/>\n<\/strong><\/span><\/p>\n<ul>\n<li><span style=\"color: #333333;\">Per\u00a0 <a style=\"color: #333333;\" href=\"https:\/\/agora.xtec.cat\/iesicilia\/wp-content\/uploads\/usu2573\/2021\/07\/metro.png\"><img loading=\"lazy\" decoding=\"async\" class=\"alignnone wp-image-634\" src=\"https:\/\/agora.xtec.cat\/iesicilia\/wp-content\/uploads\/usu2573\/2021\/07\/metro-150x150.png\" alt=\"\" width=\"34\" height=\"34\" \/> \u00a0<\/a>Estaci\u00f3 Sagrada Fam\u00edlia de les l\u00ednies 2 i 5 \/ Estaci\u00f3 Verdaguer de les l\u00ednies 4 i 5<\/span><\/li>\n<li><span style=\"color: #333333;\">Per <a style=\"color: #333333;\" href=\"https:\/\/agora.xtec.cat\/iesicilia\/wp-content\/uploads\/usu2573\/2021\/07\/bus-logo.png\"><img loading=\"lazy\" decoding=\"async\" class=\"alignnone wp-image-635\" src=\"https:\/\/agora.xtec.cat\/iesicilia\/wp-content\/uploads\/usu2573\/2021\/07\/bus-logo-150x150.png\" alt=\"\" width=\"37\" height=\"37\" srcset=\"https:\/\/agora.xtec.cat\/iesicilia\/wp-content\/uploads\/usu2573\/2021\/07\/bus-logo-150x150.png 150w, https:\/\/agora.xtec.cat\/iesicilia\/wp-content\/uploads\/usu2573\/2021\/07\/bus-logo.png 225w\" sizes=\"auto, (max-width: 37px) 100vw, 37px\" \/> <\/a>\u00a0L\u00ednies H10, 19, 33, 34, D50, B24<\/span><\/li>\n<\/ul>\n<p><span style=\"color: #333333;\"><strong>Correus electr\u00f2nics de contacte<\/strong><\/span><\/p>\n<ul>\n<li><span style=\"font-size: medium;\"><span style=\"color: #333333;\">B\u00fastia General:<\/span> <a href=\"mailto:iesicilia@xtec.cat\">iesicilia@xtec.cat<\/a><\/span><\/li>\n<li><span style=\"font-size: medium;\"><span style=\"color: #333333;\">Consergeria:<\/span> <a href=\"mailto:consergeria@iesicilia.cat\">consergeria@iesicilia.cat<\/a><\/span><\/li>\n<\/ul>\n","protected":false},"excerpt":{"rendered":"<p>Institut Escola Sic\u00edlia Carrer Sic\u00edlia, 249 08025 Barcelona Com arribar-hi: Per\u00a0 \u00a0Estaci\u00f3 Sagrada Fam\u00edlia de les l\u00ednies 2 i 5 \/ Estaci\u00f3 Verdaguer de les l\u00ednies 4 i 5 Per \u00a0L\u00ednies H10, 19, 33, 34, D50, B24 Correus electr\u00f2nics de contacte B\u00fastia General: iesicilia@xtec.cat Consergeria: consergeria@iesicilia.cat<\/p>\n","protected":false},"author":1,"featured_media":0,"parent":19,"menu_order":1,"comment_status":"closed","ping_status":"closed","template":"page-templates\/side-menu.php","meta":{"_bbp_topic_count":0,"_bbp_reply_count":0,"_bbp_total_topic_count":0,"_bbp_total_reply_count":0,"_bbp_voice_count":0,"_bbp_anonymous_reply_count":0,"_bbp_topic_count_hidden":0,"_bbp_reply_count_hidden":0,"_bbp_forum_subforum_count":0,"site-sidebar-layout":"default","site-content-layout":"","ast-site-content-layout":"","site-content-style":"default","site-sidebar-style":"default","ast-global-header-display":"","ast-banner-title-visibility":"","ast-main-header-display":"","ast-hfb-above-header-display":"","ast-hfb-below-header-display":"","ast-hfb-mobile-header-display":"","site-post-title":"","ast-breadcrumbs-content":"","ast-featured-img":"","footer-sml-layout":"","theme-transparent-header-meta":"","adv-header-id-meta":"","stick-header-meta":"","header-above-stick-meta":"","header-main-stick-meta":"","header-below-stick-meta":"","astra-migrate-meta-layouts":"default","ast-page-background-enabled":"default","ast-page-background-meta":{"desktop":{"background-color":"var(--ast-global-color-4)","background-image":"","background-repeat":"repeat","background-position":"center center","background-size":"auto","background-attachment":"scroll","background-type":"","background-media":"","overlay-type":"","overlay-color":"","overlay-opacity":"","overlay-gradient":""},"tablet":{"background-color":"","background-image":"","background-repeat":"repeat","background-position":"center center","background-size":"auto","background-attachment":"scroll","background-type":"","background-media":"","overlay-type":"","overlay-color":"","overlay-opacity":"","overlay-gradient":""},"mobile":{"background-color":"","background-image":"","background-repeat":"repeat","background-position":"center center","background-size":"auto","background-attachment":"scroll","background-type":"","background-media":"","overlay-type":"","overlay-color":"","overlay-opacity":"","overlay-gradient":""}},"ast-content-background-meta":{"desktop":{"background-color":"var(--ast-global-color-5)","background-image":"","background-repeat":"repeat","background-position":"center center","background-size":"auto","background-attachment":"scroll","background-type":"","background-media":"","overlay-type":"","overlay-color":"","overlay-opacity":"","overlay-gradient":""},"tablet":{"background-color":"var(--ast-global-color-5)","background-image":"","background-repeat":"repeat","background-position":"center center","background-size":"auto","background-attachment":"scroll","background-type":"","background-media":"","overlay-type":"","overlay-color":"","overlay-opacity":"","overlay-gradient":""},"mobile":{"background-color":"var(--ast-global-color-5)","background-image":"","background-repeat":"repeat","background-position":"center center","background-size":"auto","background-attachment":"scroll","background-type":"","background-media":"","overlay-type":"","overlay-color":"","overlay-opacity":"","overlay-gradient":""}},"footnotes":""},"class_list":["post-21","page","type-page","status-publish","hentry"],"post_mailing_queue_ids":[],"_links":{"self":[{"href":"https:\/\/agora.xtec.cat\/iesicilia\/wp-json\/wp\/v2\/pages\/21","targetHints":{"allow":["GET"]}}],"collection":[{"href":"https:\/\/agora.xtec.cat\/iesicilia\/wp-json\/wp\/v2\/pages"}],"about":[{"href":"https:\/\/agora.xtec.cat\/iesicilia\/wp-json\/wp\/v2\/types\/page"}],"author":[{"embeddable":true,"href":"https:\/\/agora.xtec.cat\/iesicilia\/wp-json\/wp\/v2\/users\/1"}],"replies":[{"embeddable":true,"href":"https:\/\/agora.xtec.cat\/iesicilia\/wp-json\/wp\/v2\/comments?post=21"}],"version-history":[{"count":7,"href":"https:\/\/agora.xtec.cat\/iesicilia\/wp-json\/wp\/v2\/pages\/21\/revisions"}],"predecessor-version":[{"id":1716,"href":"https:\/\/agora.xtec.cat\/iesicilia\/wp-json\/wp\/v2\/pages\/21\/revisions\/1716"}],"up":[{"embeddable":true,"href":"https:\/\/agora.xtec.cat\/iesicilia\/wp-json\/wp\/v2\/pages\/19"}],"wp:attachment":[{"href":"https:\/\/agora.xtec.cat\/iesicilia\/wp-json\/wp\/v2\/media?parent=21"}],"curies":[{"name":"wp","href":"https:\/\/api.w.org\/{rel}","templated":true}]}}