{"id":1600,"date":"2024-01-15T11:58:25","date_gmt":"2024-01-15T10:58:25","guid":{"rendered":"https:\/\/agora.xtec.cat\/iesicilia\/?page_id=1600"},"modified":"2025-06-20T08:39:24","modified_gmt":"2025-06-20T06:39:24","slug":"documentacio","status":"publish","type":"page","link":"https:\/\/agora.xtec.cat\/iesicilia\/secretaria\/documentacio\/","title":{"rendered":"Documentaci\u00f3 matr\u00edcula curs 2025-26"},"content":{"rendered":"<ol>\n<li><span style=\"font-family: arial, helvetica, sans-serif; color: #333333;\"><a style=\"color: #333333;\" href=\"https:\/\/drive.google.com\/file\/d\/1Bhx6KnRfyS70G_IVRm6jGmNnHjDJWfVS\/view?usp=sharing\" target=\"_blank\" rel=\"noopener noreferrer\">Documentaci\u00f3 i informaci\u00f3<\/a><\/span><\/li>\n<li><span style=\"font-family: arial, helvetica, sans-serif; color: #333333;\"><a style=\"color: #333333;\" href=\"https:\/\/drive.google.com\/file\/d\/1RAlLMev2BC5G86DEL08dRayOadidaadv\/view?usp=sharing\" target=\"_blank\" rel=\"noopener noreferrer\">Full de dades<\/a><\/span><\/li>\n<li><span style=\"font-family: arial, helvetica, sans-serif; color: #333333;\"><a style=\"color: #333333;\" href=\"https:\/\/drive.google.com\/file\/d\/1tlihqoZQmB883zE4PzuMCrfgr7rXkj1X\/view?usp=sharing\" target=\"_blank\" rel=\"noopener noreferrer\">Carta de comprom\u00eds<\/a><\/span><\/li>\n<li><a href=\"https:\/\/drive.google.com\/file\/d\/1_posVaJoj9glXTgojlqns36Y06DA6V_A\/view?usp=sharing\" target=\"_blank\" rel=\"noopener\"><span style=\"font-family: arial, helvetica, sans-serif; color: #333333;\">Autoritzaci\u00f3 sortides<\/span><\/a><\/li>\n<li><span style=\"font-family: arial, helvetica, sans-serif; color: #333333;\"><a style=\"color: #333333;\" href=\"https:\/\/drive.google.com\/file\/d\/1FMIzwUkldFgLzdkxzdiAjQ268TxbWQp-\/view?usp=sharing\" target=\"_blank\" rel=\"noopener\">Drets imatge i veu<\/a><\/span><\/li>\n<li><a href=\"https:\/\/drive.google.com\/file\/d\/1YOjBC1JGGx5r6juveN2uo0asChiGczEJ\/view?usp=sharing\" target=\"_blank\" rel=\"noopener\"><span style=\"font-family: arial, helvetica, sans-serif; color: #333333;\">Autoritzaci\u00f3 eines digitals<\/span><\/a><\/li>\n<li><span style=\"font-family: arial, helvetica, sans-serif; color: #333333;\"><a style=\"color: #333333;\" href=\"https:\/\/drive.google.com\/file\/d\/1DrTmoKRfsWVxgUdeYTD_94ht1Txz1Rj8\/view?usp=sharing\" target=\"_blank\" rel=\"noopener\">Autoritzaci\u00f3 paracetamol<\/a><\/span><\/li>\n<li><span style=\"font-family: arial, helvetica, sans-serif; color: #333333;\"><a style=\"color: #333333;\" href=\"https:\/\/drive.google.com\/file\/d\/1BmzN3xkkgJnoakA8u8ehHEU07cScCtUM\/view?usp=sharing\" target=\"_blank\" rel=\"noopener\">Autoritzaci\u00f3 recollida infants<\/a><\/span><\/li>\n<li><span style=\"font-family: arial, helvetica, sans-serif; color: #333333;\"><a style=\"color: #333333;\" href=\"https:\/\/drive.google.com\/file\/d\/1FSG0l3SU1vXjNG-WKV7CKS1TW61dVOAe\/view?usp=sharing\" target=\"_blank\" rel=\"noopener\">Tria Religi\u00f3\/Activitats alternatives<\/a><\/span><\/li>\n<li><a href=\"https:\/\/drive.google.com\/file\/d\/1pGFioTSr-2gcm9kfHugmSvZ0Oj6B-cft\/view?usp=sharing\" target=\"_blank\" rel=\"noopener\"><span style=\"font-family: arial, helvetica, sans-serif; color: #333333;\">Quotes 25-26<\/span><\/a><\/li>\n<\/ol>\n","protected":false},"excerpt":{"rendered":"<p>Documentaci\u00f3 i informaci\u00f3 Full de dades Carta de comprom\u00eds Autoritzaci\u00f3 sortides Drets imatge i veu Autoritzaci\u00f3 eines digitals Autoritzaci\u00f3 paracetamol Autoritzaci\u00f3 recollida infants Tria Religi\u00f3\/Activitats alternatives Quotes 25-26<\/p>\n","protected":false},"author":1,"featured_media":0,"parent":81,"menu_order":3,"comment_status":"closed","ping_status":"closed","template":"page-templates\/side-menu.php","meta":{"_bbp_topic_count":0,"_bbp_reply_count":0,"_bbp_total_topic_count":0,"_bbp_total_reply_count":0,"_bbp_voice_count":0,"_bbp_anonymous_reply_count":0,"_bbp_topic_count_hidden":0,"_bbp_reply_count_hidden":0,"_bbp_forum_subforum_count":0,"site-sidebar-layout":"default","site-content-layout":"","ast-site-content-layout":"","site-content-style":"default","site-sidebar-style":"default","ast-global-header-display":"","ast-banner-title-visibility":"","ast-main-header-display":"","ast-hfb-above-header-display":"","ast-hfb-below-header-display":"","ast-hfb-mobile-header-display":"","site-post-title":"","ast-breadcrumbs-content":"","ast-featured-img":"","footer-sml-layout":"","theme-transparent-header-meta":"","adv-header-id-meta":"","stick-header-meta":"","header-above-stick-meta":"","header-main-stick-meta":"","header-below-stick-meta":"","astra-migrate-meta-layouts":"default","ast-page-background-enabled":"default","ast-page-background-meta":{"desktop":{"background-color":"var(--ast-global-color-4)","background-image":"","background-repeat":"repeat","background-position":"center center","background-size":"auto","background-attachment":"scroll","background-type":"","background-media":"","overlay-type":"","overlay-color":"","overlay-opacity":"","overlay-gradient":""},"tablet":{"background-color":"","background-image":"","background-repeat":"repeat","background-position":"center center","background-size":"auto","background-attachment":"scroll","background-type":"","background-media":"","overlay-type":"","overlay-color":"","overlay-opacity":"","overlay-gradient":""},"mobile":{"background-color":"","background-image":"","background-repeat":"repeat","background-position":"center center","background-size":"auto","background-attachment":"scroll","background-type":"","background-media":"","overlay-type":"","overlay-color":"","overlay-opacity":"","overlay-gradient":""}},"ast-content-background-meta":{"desktop":{"background-color":"var(--ast-global-color-5)","background-image":"","background-repeat":"repeat","background-position":"center center","background-size":"auto","background-attachment":"scroll","background-type":"","background-media":"","overlay-type":"","overlay-color":"","overlay-opacity":"","overlay-gradient":""},"tablet":{"background-color":"var(--ast-global-color-5)","background-image":"","background-repeat":"repeat","background-position":"center center","background-size":"auto","background-attachment":"scroll","background-type":"","background-media":"","overlay-type":"","overlay-color":"","overlay-opacity":"","overlay-gradient":""},"mobile":{"background-color":"var(--ast-global-color-5)","background-image":"","background-repeat":"repeat","background-position":"center center","background-size":"auto","background-attachment":"scroll","background-type":"","background-media":"","overlay-type":"","overlay-color":"","overlay-opacity":"","overlay-gradient":""}},"footnotes":""},"class_list":["post-1600","page","type-page","status-publish","hentry"],"post_mailing_queue_ids":[],"_links":{"self":[{"href":"https:\/\/agora.xtec.cat\/iesicilia\/wp-json\/wp\/v2\/pages\/1600","targetHints":{"allow":["GET"]}}],"collection":[{"href":"https:\/\/agora.xtec.cat\/iesicilia\/wp-json\/wp\/v2\/pages"}],"about":[{"href":"https:\/\/agora.xtec.cat\/iesicilia\/wp-json\/wp\/v2\/types\/page"}],"author":[{"embeddable":true,"href":"https:\/\/agora.xtec.cat\/iesicilia\/wp-json\/wp\/v2\/users\/1"}],"replies":[{"embeddable":true,"href":"https:\/\/agora.xtec.cat\/iesicilia\/wp-json\/wp\/v2\/comments?post=1600"}],"version-history":[{"count":6,"href":"https:\/\/agora.xtec.cat\/iesicilia\/wp-json\/wp\/v2\/pages\/1600\/revisions"}],"predecessor-version":[{"id":2132,"href":"https:\/\/agora.xtec.cat\/iesicilia\/wp-json\/wp\/v2\/pages\/1600\/revisions\/2132"}],"up":[{"embeddable":true,"href":"https:\/\/agora.xtec.cat\/iesicilia\/wp-json\/wp\/v2\/pages\/81"}],"wp:attachment":[{"href":"https:\/\/agora.xtec.cat\/iesicilia\/wp-json\/wp\/v2\/media?parent=1600"}],"curies":[{"name":"wp","href":"https:\/\/api.w.org\/{rel}","templated":true}]}}