{"id":844,"date":"2023-06-30T11:35:18","date_gmt":"2023-06-30T09:35:18","guid":{"rendered":"https:\/\/agora.xtec.cat\/iesicaria\/?page_id=844"},"modified":"2025-11-27T11:15:01","modified_gmt":"2025-11-27T10:15:01","slug":"vela-2","status":"publish","type":"page","link":"https:\/\/agora.xtec.cat\/iesicaria\/projectes\/vela-2\/","title":{"rendered":"Vela"},"content":{"rendered":"<div class=\"ast-oembed-container \" style=\"height: 100%;\"><iframe loading=\"lazy\" title=\"Educaci\u00f3 f\u00edsica: Vela Escolar I Catamar\u00e0\" width=\"500\" height=\"281\" src=\"https:\/\/www.youtube.com\/embed\/22eZ10ESKDs?feature=oembed\" frameborder=\"0\" allow=\"accelerometer; autoplay; clipboard-write; encrypted-media; gyroscope; picture-in-picture; web-share\" referrerpolicy=\"strict-origin-when-cross-origin\" allowfullscreen><\/iframe><\/div>\n<div class=\"ast-oembed-container \" style=\"height: 100%;\"><iframe loading=\"lazy\" title=\"Institut Ic\u00e0ria I Vela escolar\" width=\"500\" height=\"281\" src=\"https:\/\/www.youtube.com\/embed\/6iX29bN2iqc?feature=oembed\" frameborder=\"0\" allow=\"accelerometer; autoplay; clipboard-write; encrypted-media; gyroscope; picture-in-picture; web-share\" referrerpolicy=\"strict-origin-when-cross-origin\" allowfullscreen><\/iframe><\/div>\n<p style=\"text-align: justify;\">L\u2019Institut Ic\u00e0ria \u00e9s un centre que es troba al costat del mar la qual cosa permet des de fa anys que els alumnes que ho desitgin puguin fer Vela dins l\u2019assignatura d\u2019Educaci\u00f3 F\u00edsica en col\u00b7laboraci\u00f3 amb el CMV (Centre Municipal de Vela).<\/p>\n<p style=\"text-align: justify;\">A partir de segon d\u2019ESO, s\u2019ofereix la possibilitat de fer vela en l\u2019horari d\u2019educaci\u00f3 f\u00edsica. Aix\u00f2 implica una organitzaci\u00f3 de l\u2019horari especial. D\u2019una banda, l\u2019educaci\u00f3 f\u00edsica ha de ser de dues hores seguides i, d\u2019altra, es necessiten professors acompanyants tant d\u2019anada com de tornada. Quan acabi el curs l\u2019alumne haur\u00e0 realitzat mig curs fent hores d\u2019EF i l\u2019altre fent hores de Vela.<\/p>\n<p style=\"text-align: justify;\">Per poder exercir vela, cal que la fam\u00edlia sigui s\u00f2cia de l\u2019AEE (Associaci\u00f3 Esportiva Escolar) . \u00c9s una activitat que t\u00e9 un cost econ\u00f2mic que cobreix el lloguer del material i els monitors.<\/p>\n<p style=\"text-align: justify;\">Les modalitats de Vela per cursos s\u00f3n:<\/p>\n<ul style=\"text-align: justify;\">\n<li>2n ESO: Navegaci\u00f3 Vela Lleugera :\u00a0 \u201cPico\u201d ,\u201cRaquero\u201d , \u201cL\u00fadic\u201d i \u201cZest\u201d<\/li>\n<li>3r ESO: Navegaci\u00f3 Vela Lleugera :\u00a0 \u201cPico\u201d ,\u201cRaquero\u201d i \u201cZest\u201d, \u201ccatamar\u00e0\u201d i embarcacions col\u00b7lectives variades. Iniciaci\u00f3 al Windsurf i Padel Surf<\/li>\n<li>\u00a04t i\u00a0 1r Batxillerat\u00a0 Navegaci\u00f3\u00a0 amb Windsurf , Vela lleugera, Catamar\u00e0\u00a0 i\u00a0 Creuer. Una modalitat per\u00a0 trimestre.<\/li>\n<\/ul>\n<p style=\"text-align: justify;\">Aquest aprenentatge de vela acaba amb la realitzaci\u00f3 d\u2019una estada amb creuer a 1r de Batxiller, durant quatre dies sortim a navegar i fem una travessa.<\/p>\n<p style=\"text-align: justify;\">Quan s\u2019acaba el curs escolar els alumnes poden confirmar la seva pla\u00e7a per el curs vinent o si \u00e9s el cas poden demanar la baixa de l\u2019activitat. Tamb\u00e9 donem l\u2019opci\u00f3 d\u2019entrada a tots aquells alumnes que vulguin comen\u00e7ar l\u2019aprenentatge (excepte a 1r de Batxiller).<\/p>\n<p style=\"text-align: justify;\">En acabar el curs escolar de vela els\/les alumnes que ho desitgin podran demanar al CMV la\u00a0certificaci\u00f3\u00a0del seu nivell fins a les hores. Com a activitat final de tota la formaci\u00f3 rebuda al llarg dels cursos es realitza un creuer a final de 1r de batxillerat.<\/p>\n<div class=\"ast-oembed-container \" style=\"height: 100%;\"><iframe loading=\"lazy\" title=\"Institut Ic\u00e0ria I Creuer\" width=\"500\" height=\"281\" src=\"https:\/\/www.youtube.com\/embed\/F3xsIJTqtN8?feature=oembed\" frameborder=\"0\" allow=\"accelerometer; autoplay; clipboard-write; encrypted-media; gyroscope; picture-in-picture; web-share\" referrerpolicy=\"strict-origin-when-cross-origin\" allowfullscreen><\/iframe><\/div>\n","protected":false},"excerpt":{"rendered":"<p>L\u2019Institut Ic\u00e0ria \u00e9s un centre que es troba al costat del mar la qual cosa permet des de fa anys que els alumnes que ho desitgin puguin fer Vela dins l\u2019assignatura d\u2019Educaci\u00f3 F\u00edsica en col\u00b7laboraci\u00f3 amb el CMV (Centre Municipal de Vela). A partir de segon d\u2019ESO, s\u2019ofereix la possibilitat de fer vela en l\u2019horari [&hellip;]<\/p>\n","protected":false},"author":1,"featured_media":0,"parent":559,"menu_order":0,"comment_status":"closed","ping_status":"closed","template":"","meta":{"_bbp_topic_count":0,"_bbp_reply_count":0,"_bbp_total_topic_count":0,"_bbp_total_reply_count":0,"_bbp_voice_count":0,"_bbp_anonymous_reply_count":0,"_bbp_topic_count_hidden":0,"_bbp_reply_count_hidden":0,"_bbp_forum_subforum_count":0,"site-sidebar-layout":"default","site-content-layout":"","ast-site-content-layout":"","site-content-style":"default","site-sidebar-style":"default","ast-global-header-display":"","ast-banner-title-visibility":"","ast-main-header-display":"","ast-hfb-above-header-display":"","ast-hfb-below-header-display":"","ast-hfb-mobile-header-display":"","site-post-title":"","ast-breadcrumbs-content":"","ast-featured-img":"","footer-sml-layout":"","theme-transparent-header-meta":"","adv-header-id-meta":"","stick-header-meta":"","header-above-stick-meta":"","header-main-stick-meta":"","header-below-stick-meta":"","astra-migrate-meta-layouts":"default","ast-page-background-enabled":"default","ast-page-background-meta":{"desktop":{"background-color":"var(--ast-global-color-4)","background-image":"","background-repeat":"repeat","background-position":"center center","background-size":"auto","background-attachment":"scroll","background-type":"","background-media":"","overlay-type":"","overlay-color":"","overlay-opacity":"","overlay-gradient":""},"tablet":{"background-color":"","background-image":"","background-repeat":"repeat","background-position":"center center","background-size":"auto","background-attachment":"scroll","background-type":"","background-media":"","overlay-type":"","overlay-color":"","overlay-opacity":"","overlay-gradient":""},"mobile":{"background-color":"","background-image":"","background-repeat":"repeat","background-position":"center center","background-size":"auto","background-attachment":"scroll","background-type":"","background-media":"","overlay-type":"","overlay-color":"","overlay-opacity":"","overlay-gradient":""}},"ast-content-background-meta":{"desktop":{"background-color":"var(--ast-global-color-5)","background-image":"","background-repeat":"repeat","background-position":"center center","background-size":"auto","background-attachment":"scroll","background-type":"","background-media":"","overlay-type":"","overlay-color":"","overlay-opacity":"","overlay-gradient":""},"tablet":{"background-color":"var(--ast-global-color-5)","background-image":"","background-repeat":"repeat","background-position":"center center","background-size":"auto","background-attachment":"scroll","background-type":"","background-media":"","overlay-type":"","overlay-color":"","overlay-opacity":"","overlay-gradient":""},"mobile":{"background-color":"var(--ast-global-color-5)","background-image":"","background-repeat":"repeat","background-position":"center center","background-size":"auto","background-attachment":"scroll","background-type":"","background-media":"","overlay-type":"","overlay-color":"","overlay-opacity":"","overlay-gradient":""}},"footnotes":""},"class_list":["post-844","page","type-page","status-publish","hentry"],"post_mailing_queue_ids":[],"_links":{"self":[{"href":"https:\/\/agora.xtec.cat\/iesicaria\/wp-json\/wp\/v2\/pages\/844","targetHints":{"allow":["GET"]}}],"collection":[{"href":"https:\/\/agora.xtec.cat\/iesicaria\/wp-json\/wp\/v2\/pages"}],"about":[{"href":"https:\/\/agora.xtec.cat\/iesicaria\/wp-json\/wp\/v2\/types\/page"}],"author":[{"embeddable":true,"href":"https:\/\/agora.xtec.cat\/iesicaria\/wp-json\/wp\/v2\/users\/1"}],"replies":[{"embeddable":true,"href":"https:\/\/agora.xtec.cat\/iesicaria\/wp-json\/wp\/v2\/comments?post=844"}],"version-history":[{"count":6,"href":"https:\/\/agora.xtec.cat\/iesicaria\/wp-json\/wp\/v2\/pages\/844\/revisions"}],"predecessor-version":[{"id":1476,"href":"https:\/\/agora.xtec.cat\/iesicaria\/wp-json\/wp\/v2\/pages\/844\/revisions\/1476"}],"up":[{"embeddable":true,"href":"https:\/\/agora.xtec.cat\/iesicaria\/wp-json\/wp\/v2\/pages\/559"}],"wp:attachment":[{"href":"https:\/\/agora.xtec.cat\/iesicaria\/wp-json\/wp\/v2\/media?parent=844"}],"curies":[{"name":"wp","href":"https:\/\/api.w.org\/{rel}","templated":true}]}}