{"id":81,"date":"2014-09-18T10:38:05","date_gmt":"2014-09-18T10:38:05","guid":{"rendered":"http:\/\/agora.xtec.cat\/iesicaria\/?page_id=81"},"modified":"2025-07-03T10:28:26","modified_gmt":"2025-07-03T08:28:26","slug":"secretaria","status":"publish","type":"page","link":"https:\/\/agora.xtec.cat\/iesicaria\/serveis\/secretaria\/","title":{"rendered":"Secretaria"},"content":{"rendered":"\n<div class=\"wp-block-columns is-layout-flex wp-container-core-columns-is-layout-1 wp-block-columns-is-layout-flex\">\n<div class=\"wp-block-column is-layout-flow wp-block-column-is-layout-flow\" style=\"flex-basis:66.66%\">\n<div class=\"wp-block-group\"><div class=\"wp-block-group__inner-container is-layout-flow wp-block-group-is-layout-flow\">\n<h3 class=\"wp-block-heading\">Horari d&#8217;atenci\u00f3 al p\u00fablic<\/h3>\n\n\n\n<p>&#8211; Dilluns: 9:00 a 14:00 i de 15:00 a 17:00<\/p>\n\n\n\n<p>&#8211; De Dimarts a Divendres: 9:00 a 14:00<\/p>\n\n\n\n<p>Sempre amb cita pr\u00e8via concertada al tel\u00e8fon 93 225 05 01, o per correu electr\u00f2nic a <a href=\"mailto:iesicaria@xtec.cat\">iesicaria@xtec.cat<\/a><\/p>\n\n\n<\/div><\/div>\n<\/div>\n\n\n\n<div class=\"wp-block-column is-layout-flow wp-block-column-is-layout-flow\" style=\"flex-basis:33.33%\">\n<div class=\"wp-block-image\"><figure class=\"aligncenter size-large\"><img loading=\"lazy\" decoding=\"async\" width=\"225\" height=\"225\" src=\"https:\/\/agora.xtec.cat\/iesicaria\/wp-content\/uploads\/usu2339\/2023\/06\/j-1.png\" alt=\"Rellotge\" class=\"wp-image-755\" srcset=\"https:\/\/agora.xtec.cat\/iesicaria\/wp-content\/uploads\/usu2339\/2023\/06\/j-1.png 225w, https:\/\/agora.xtec.cat\/iesicaria\/wp-content\/uploads\/usu2339\/2023\/06\/j-1-150x150.png 150w\" sizes=\"auto, (max-width: 225px) 100vw, 225px\" \/><\/figure><\/div>\n\n\n<\/div>\n<\/div>\n\n\n\n<h3 class=\"wp-block-heading\">Tasques<\/h3>\n\n\n\n<blockquote class=\"wp-block-quote is-style-default is-layout-flow wp-block-quote-is-layout-flow\"><p>Sol\u00b7licitud i expedici\u00f3 de t\u00edtols acad\u00e8mics<\/p><p>Certificats d&#8217;estudis<\/p><p><a href=\"https:\/\/agora.xtec.cat\/iesicaria\/serveis\/certificat-nivell-catala\/\">Certificats de nivell de catal\u00e0<\/a><\/p><p><a href=\"https:\/\/agora.xtec.cat\/iesicaria\/serveis\/convalidacions-estudis-musica-dansa-i-esport\/\">Convalidaci\u00f3 d&#8217;estudis (m\u00fasica, dansa i esports)<\/a><\/p><p>Beques<\/p><\/blockquote>\n\n\n\n<p>El termini d&#8217;expedici\u00f3 de certificats \u00e9s aproximadament de deu dies h\u00e0bils a contar des de l&#8217;entrega de la sol\u00b7licitud i tota la documentaci\u00f3 necess\u00e0ria corresponent.<\/p>\n\n\n","protected":false},"excerpt":{"rendered":"<p>Horari d&#8217;atenci\u00f3 al p\u00fablic &#8211; Dilluns: 9:00 a 14:00 i de 15:00 a 17:00 &#8211; De Dimarts a Divendres: 9:00 a 14:00 Sempre amb cita pr\u00e8via concertada al tel\u00e8fon 93 225 05 01, o per correu electr\u00f2nic a iesicaria@xtec.cat Tasques Sol\u00b7licitud i expedici\u00f3 de t\u00edtols acad\u00e8mics Certificats d&#8217;estudis Certificats de nivell de catal\u00e0 Convalidaci\u00f3 d&#8217;estudis [&hellip;]<\/p>\n","protected":false},"author":1,"featured_media":755,"parent":63,"menu_order":0,"comment_status":"closed","ping_status":"closed","template":"","meta":{"_bbp_topic_count":0,"_bbp_reply_count":0,"_bbp_total_topic_count":0,"_bbp_total_reply_count":0,"_bbp_voice_count":0,"_bbp_anonymous_reply_count":0,"_bbp_topic_count_hidden":0,"_bbp_reply_count_hidden":0,"_bbp_forum_subforum_count":0,"site-sidebar-layout":"default","site-content-layout":"","ast-site-content-layout":"default","site-content-style":"default","site-sidebar-style":"default","ast-global-header-display":"","ast-banner-title-visibility":"","ast-main-header-display":"","ast-hfb-above-header-display":"","ast-hfb-below-header-display":"","ast-hfb-mobile-header-display":"","site-post-title":"","ast-breadcrumbs-content":"","ast-featured-img":"","footer-sml-layout":"","theme-transparent-header-meta":"","adv-header-id-meta":"","stick-header-meta":"","header-above-stick-meta":"","header-main-stick-meta":"","header-below-stick-meta":"","astra-migrate-meta-layouts":"set","ast-page-background-enabled":"default","ast-page-background-meta":{"desktop":{"background-color":"var(--ast-global-color-4)","background-image":"","background-repeat":"repeat","background-position":"center center","background-size":"auto","background-attachment":"scroll","background-type":"","background-media":"","overlay-type":"","overlay-color":"","overlay-opacity":"","overlay-gradient":""},"tablet":{"background-color":"","background-image":"","background-repeat":"repeat","background-position":"center center","background-size":"auto","background-attachment":"scroll","background-type":"","background-media":"","overlay-type":"","overlay-color":"","overlay-opacity":"","overlay-gradient":""},"mobile":{"background-color":"","background-image":"","background-repeat":"repeat","background-position":"center center","background-size":"auto","background-attachment":"scroll","background-type":"","background-media":"","overlay-type":"","overlay-color":"","overlay-opacity":"","overlay-gradient":""}},"ast-content-background-meta":{"desktop":{"background-color":"var(--ast-global-color-5)","background-image":"","background-repeat":"repeat","background-position":"center center","background-size":"auto","background-attachment":"scroll","background-type":"","background-media":"","overlay-type":"","overlay-color":"","overlay-opacity":"","overlay-gradient":""},"tablet":{"background-color":"var(--ast-global-color-5)","background-image":"","background-repeat":"repeat","background-position":"center center","background-size":"auto","background-attachment":"scroll","background-type":"","background-media":"","overlay-type":"","overlay-color":"","overlay-opacity":"","overlay-gradient":""},"mobile":{"background-color":"var(--ast-global-color-5)","background-image":"","background-repeat":"repeat","background-position":"center center","background-size":"auto","background-attachment":"scroll","background-type":"","background-media":"","overlay-type":"","overlay-color":"","overlay-opacity":"","overlay-gradient":""}},"footnotes":""},"class_list":["post-81","page","type-page","status-publish","has-post-thumbnail","hentry"],"post_mailing_queue_ids":[],"_links":{"self":[{"href":"https:\/\/agora.xtec.cat\/iesicaria\/wp-json\/wp\/v2\/pages\/81","targetHints":{"allow":["GET"]}}],"collection":[{"href":"https:\/\/agora.xtec.cat\/iesicaria\/wp-json\/wp\/v2\/pages"}],"about":[{"href":"https:\/\/agora.xtec.cat\/iesicaria\/wp-json\/wp\/v2\/types\/page"}],"author":[{"embeddable":true,"href":"https:\/\/agora.xtec.cat\/iesicaria\/wp-json\/wp\/v2\/users\/1"}],"replies":[{"embeddable":true,"href":"https:\/\/agora.xtec.cat\/iesicaria\/wp-json\/wp\/v2\/comments?post=81"}],"version-history":[{"count":6,"href":"https:\/\/agora.xtec.cat\/iesicaria\/wp-json\/wp\/v2\/pages\/81\/revisions"}],"predecessor-version":[{"id":2559,"href":"https:\/\/agora.xtec.cat\/iesicaria\/wp-json\/wp\/v2\/pages\/81\/revisions\/2559"}],"up":[{"embeddable":true,"href":"https:\/\/agora.xtec.cat\/iesicaria\/wp-json\/wp\/v2\/pages\/63"}],"wp:featuredmedia":[{"embeddable":true,"href":"https:\/\/agora.xtec.cat\/iesicaria\/wp-json\/wp\/v2\/media\/755"}],"wp:attachment":[{"href":"https:\/\/agora.xtec.cat\/iesicaria\/wp-json\/wp\/v2\/media?parent=81"}],"curies":[{"name":"wp","href":"https:\/\/api.w.org\/{rel}","templated":true}]}}