{"id":7,"date":"2014-09-12T10:14:31","date_gmt":"2014-09-12T10:14:31","guid":{"rendered":"http:\/\/agora.xtec.cat\/iesicaria\/?page_id=7"},"modified":"2026-04-13T12:00:52","modified_gmt":"2026-04-13T10:00:52","slug":"pagines-dinici","status":"publish","type":"page","link":"https:\/\/agora.xtec.cat\/iesicaria\/","title":{"rendered":"\ud83d\udce2 Novetats!"},"content":{"rendered":"\n<p>Benvolgudes fam\u00edlies us informem que ja est\u00e0 oferta la <a href=\"https:\/\/preinscripcio.gencat.cat\/ca\/estudis\/batxillerat\/preinscriute\/sollicitud\/index.html\">preinscripci\u00f3 per al batxillerat<\/a>. Podeu presentar les sol\u00b7licituds <strong>del 9 al 16 d&#8217;abril de 2026<\/strong>.<\/p>\n\n\n\n<p>S&#8217;han d&#8217;inscriure les fam\u00edlies que volem fer batxillerat a l&#8217;institut Ic\u00e0ria provinents d&#8217;altres centres.<\/p>\n\n\n\n        <div class=\"wp-block-getwid-post-slider custom-post-type-post has-arrows-inside has-dots-inside\">\n            <div data-slider-option=\"{&quot;getwid_fade_effect&quot;:&quot;slide&quot;,&quot;getwid_autoplay&quot;:true,&quot;getwid_pause_on_hover&quot;:true,&quot;getwid_autoplay_speed&quot;:6000,&quot;getwid_infinite&quot;:true,&quot;getwid_animation_speed&quot;:800,&quot;getwid_arrows&quot;:&quot;inside&quot;,&quot;getwid_dots&quot;:&quot;inside&quot;}\" class=\"wp-block-getwid-post-slider__content\">\n                \t\t\t\t\t\t\t<div class=\"wp-block-getwid-post-slider__slide\" style=\"\">\n\t\t\t\t\t\t\t\t\n<div class=\"wp-block-getwid-post-slider__post \">\n            <div class=\"wp-block-getwid-post-slider__post-thumbnail\">\n            <img loading=\"lazy\" decoding=\"async\" width=\"683\" height=\"1024\" src=\"https:\/\/agora.xtec.cat\/iesicaria\/wp-content\/uploads\/usu2339\/2026\/04\/Preinscripcio_Matricula_gran_26_27-683x1024-1.png\" class=\"attachment-post-thumbnail size-post-thumbnail wp-post-image\" alt=\"\" srcset=\"https:\/\/agora.xtec.cat\/iesicaria\/wp-content\/uploads\/usu2339\/2026\/04\/Preinscripcio_Matricula_gran_26_27-683x1024-1.png 683w, https:\/\/agora.xtec.cat\/iesicaria\/wp-content\/uploads\/usu2339\/2026\/04\/Preinscripcio_Matricula_gran_26_27-683x1024-1-200x300.png 200w\" sizes=\"auto, (max-width: 683px) 100vw, 683px\" \/>        <\/div>\n        <div class=\"wp-block-getwid-post-slider__post-overlay \"><\/div>\n    <div class=\"wp-block-getwid-post-slider__post-content-wrapper\">\n        <h3 class=\"wp-block-getwid-post-slider__post-title\"><a href=\"https:\/\/agora.xtec.cat\/iesicaria\/general\/llista-de-sollicituds-deso-en-primera-peticio-pel-curs-2026-2027\/\">Llista de sol\u00b7licituds d&#8217;ESO en primera petici\u00f3 pel curs 2026-2027<\/a><\/h3>        <div class=\"wp-block-getwid-post-slider__post-excerpt\"><p>S&#8217;ha publicat la llista de sol\u00b7licituds que han demanat el centre i l&#8217;ensenyament en primera petici\u00f3 amb la puntuaci\u00f3 provisional a 15\/04\/2026 pel curs 2026-2027. Recordeu que avui dia 15\/04\/2026 i fins el 20\/04\/2026 s&#8217;obre el per\u00edode de reclamacions\u00a0on podreu adjuntar nova documentaci\u00f3. Una vegada resoltes les reclamacions es publicar\u00e0 la nova llista el 23\/04\/2026.<\/p>\n<\/div>\n    <\/div>\n<\/div>\n\t\t\t\t\t\t\t<\/div>\n\t\t\t\t\t\t\t\t\t\t\t\t\t<div class=\"wp-block-getwid-post-slider__slide\" style=\"\">\n\t\t\t\t\t\t\t\t\n<div class=\"wp-block-getwid-post-slider__post \">\n            <div class=\"wp-block-getwid-post-slider__post-thumbnail\">\n            <img loading=\"lazy\" decoding=\"async\" width=\"1024\" height=\"771\" src=\"https:\/\/agora.xtec.cat\/iesicaria\/wp-content\/uploads\/usu2339\/2026\/04\/Projecte-1ESO-WOODEN-KEYRING.jpg\" class=\"attachment-post-thumbnail size-post-thumbnail wp-post-image\" alt=\"Wooden keyring\" srcset=\"https:\/\/agora.xtec.cat\/iesicaria\/wp-content\/uploads\/usu2339\/2026\/04\/Projecte-1ESO-WOODEN-KEYRING.jpg 1024w, https:\/\/agora.xtec.cat\/iesicaria\/wp-content\/uploads\/usu2339\/2026\/04\/Projecte-1ESO-WOODEN-KEYRING-300x226.jpg 300w, https:\/\/agora.xtec.cat\/iesicaria\/wp-content\/uploads\/usu2339\/2026\/04\/Projecte-1ESO-WOODEN-KEYRING-768x578.jpg 768w\" sizes=\"auto, (max-width: 1024px) 100vw, 1024px\" \/>        <\/div>\n        <div class=\"wp-block-getwid-post-slider__post-overlay \"><\/div>\n    <div class=\"wp-block-getwid-post-slider__post-content-wrapper\">\n        <h3 class=\"wp-block-getwid-post-slider__post-title\"><a href=\"https:\/\/agora.xtec.cat\/iesicaria\/eso\/eso-1\/projecte-1eso-wooden-keyring\/\">Projecte 1ESO:\u00a0\u00a0WOODEN KEYRING<\/a><\/h3>        <div class=\"wp-block-getwid-post-slider__post-excerpt\"><p>Els alumnes de 1r de l\u2019ESO s\u2019han emportat a casa el seu clauer personalitzat amb el logo de l\u2019Ic\u00e0ria, fet amb impresi\u00f3 laser. El\u00a0 projecte s\u2019ha treballat al taller de tecnologia, dintre de la unitat\u201cMaterials &amp; Properties\u201d,\u00a0 fent servir eines del taller com el trepant de taula, els pirogravadors, les serres i serjants i utilitzant [&hellip;]<\/p>\n<\/div>\n    <\/div>\n<\/div>\n\t\t\t\t\t\t\t<\/div>\n\t\t\t\t\t\t\t\t\t\t\t\t\t<div class=\"wp-block-getwid-post-slider__slide\" style=\"\">\n\t\t\t\t\t\t\t\t\n<div class=\"wp-block-getwid-post-slider__post \">\n            <div class=\"wp-block-getwid-post-slider__post-thumbnail\">\n            <img loading=\"lazy\" decoding=\"async\" width=\"1536\" height=\"1024\" src=\"https:\/\/agora.xtec.cat\/iesicaria\/wp-content\/uploads\/usu2339\/2025\/12\/batx-pau.jpg\" class=\"attachment-post-thumbnail size-post-thumbnail wp-post-image\" alt=\"\" srcset=\"https:\/\/agora.xtec.cat\/iesicaria\/wp-content\/uploads\/usu2339\/2025\/12\/batx-pau.jpg 1536w, https:\/\/agora.xtec.cat\/iesicaria\/wp-content\/uploads\/usu2339\/2025\/12\/batx-pau-300x200.jpg 300w, https:\/\/agora.xtec.cat\/iesicaria\/wp-content\/uploads\/usu2339\/2025\/12\/batx-pau-1024x683.jpg 1024w, https:\/\/agora.xtec.cat\/iesicaria\/wp-content\/uploads\/usu2339\/2025\/12\/batx-pau-768x512.jpg 768w\" sizes=\"auto, (max-width: 1536px) 100vw, 1536px\" \/>        <\/div>\n        <div class=\"wp-block-getwid-post-slider__post-overlay \"><\/div>\n    <div class=\"wp-block-getwid-post-slider__post-content-wrapper\">\n        <h3 class=\"wp-block-getwid-post-slider__post-title\"><a href=\"https:\/\/agora.xtec.cat\/iesicaria\/general\/oferta-inicial-de-places-de-batxillerat-curs-2026-2027\/\">Oferta inicial de places de batxillerat curs 2026-2027<\/a><\/h3>        <div class=\"wp-block-getwid-post-slider__post-excerpt\"><p>El Consorci d&#8217;Educaci\u00f3 de Barcelona CEB, ha publicat l&#8217;oferta inicial\u00a0de places de batxillerat pel proper curs 2026-2027. Aqu\u00ed podeu veure el n\u00famero de places a l&#8217;Institut Ic\u00e0ria. Us recordem que a trav\u00e9s d&#8217;aquest\u00a0enlla\u00e7\u00a0podeu consultar la informaci\u00f3 del Batxillerat del nostre que es va comentar\u00a0a les portes obertes.<\/p>\n<\/div>\n    <\/div>\n<\/div>\n\t\t\t\t\t\t\t<\/div>\n\t\t\t\t\t\t\t\t\t\t\t\t\t<div class=\"wp-block-getwid-post-slider__slide\" style=\"\">\n\t\t\t\t\t\t\t\t\n<div class=\"wp-block-getwid-post-slider__post \">\n            <div class=\"wp-block-getwid-post-slider__post-thumbnail\">\n            <img loading=\"lazy\" decoding=\"async\" width=\"1024\" height=\"1024\" src=\"https:\/\/agora.xtec.cat\/iesicaria\/wp-content\/uploads\/usu2339\/2024\/03\/Batxibac.jpg\" class=\"attachment-post-thumbnail size-post-thumbnail wp-post-image\" alt=\"\" srcset=\"https:\/\/agora.xtec.cat\/iesicaria\/wp-content\/uploads\/usu2339\/2024\/03\/Batxibac.jpg 1024w, https:\/\/agora.xtec.cat\/iesicaria\/wp-content\/uploads\/usu2339\/2024\/03\/Batxibac-300x300.jpg 300w, https:\/\/agora.xtec.cat\/iesicaria\/wp-content\/uploads\/usu2339\/2024\/03\/Batxibac-150x150.jpg 150w, https:\/\/agora.xtec.cat\/iesicaria\/wp-content\/uploads\/usu2339\/2024\/03\/Batxibac-768x768.jpg 768w\" sizes=\"auto, (max-width: 1024px) 100vw, 1024px\" \/>        <\/div>\n        <div class=\"wp-block-getwid-post-slider__post-overlay \"><\/div>\n    <div class=\"wp-block-getwid-post-slider__post-content-wrapper\">\n        <h3 class=\"wp-block-getwid-post-slider__post-title\"><a href=\"https:\/\/agora.xtec.cat\/iesicaria\/general\/assignacions-batxibac-curs-26-27\/\">Assignacions Batxibac curs 26-27<\/a><\/h3>        <div class=\"wp-block-getwid-post-slider__post-excerpt\"><p>El Consorci d&#8217;Educaci\u00f3 de Barcelona CEB, ha publicat el resultat de les assignacions del proc\u00e9s de preinscripci\u00f3 del Batxibac per al proper curs 2026-27. Aqu\u00ed podeu veure als alumnes assignats a l&#8217;Institut Ic\u00e0ria. Us recordem que a trav\u00e9s d&#8217;aquest\u00a0enlla\u00e7\u00a0podeu consultar la informaci\u00f3 del Batxibac que es va comentar\u00a0a les portes obertes.<\/p>\n<\/div>\n    <\/div>\n<\/div>\n\t\t\t\t\t\t\t<\/div>\n\t\t\t\t\t\t            <\/div>\n        <\/div>\n        \n\n\n<div class=\"wp-block-getwid-advanced-spacer\" style=\"height:20px\" aria-hidden=\"true\"><\/div>\n\n\n\n<p class=\"has-text-align-center\"><a href=\"https:\/\/agora.xtec.cat\/iesicaria\/categoria\/portada\/\">Totes les not\u00edcies<\/a><\/p>\n","protected":false},"excerpt":{"rendered":"<p>Benvolgudes fam\u00edlies us informem que ja est\u00e0 oferta la preinscripci\u00f3 per al batxillerat. Podeu presentar les sol\u00b7licituds del 9 al 16 d&#8217;abril de 2026. S&#8217;han d&#8217;inscriure les fam\u00edlies que volem fer batxillerat a l&#8217;institut Ic\u00e0ria provinents d&#8217;altres centres. Totes les not\u00edcies<\/p>\n","protected":false},"author":1,"featured_media":0,"parent":0,"menu_order":0,"comment_status":"closed","ping_status":"closed","template":"","meta":{"_bbp_topic_count":0,"_bbp_reply_count":0,"_bbp_total_topic_count":0,"_bbp_total_reply_count":0,"_bbp_voice_count":0,"_bbp_anonymous_reply_count":0,"_bbp_topic_count_hidden":0,"_bbp_reply_count_hidden":0,"_bbp_forum_subforum_count":0,"site-sidebar-layout":"default","site-content-layout":"","ast-site-content-layout":"default","site-content-style":"default","site-sidebar-style":"default","ast-global-header-display":"","ast-banner-title-visibility":"","ast-main-header-display":"","ast-hfb-above-header-display":"","ast-hfb-below-header-display":"","ast-hfb-mobile-header-display":"","site-post-title":"","ast-breadcrumbs-content":"","ast-featured-img":"","footer-sml-layout":"","theme-transparent-header-meta":"","adv-header-id-meta":"","stick-header-meta":"","header-above-stick-meta":"","header-main-stick-meta":"","header-below-stick-meta":"","astra-migrate-meta-layouts":"set","ast-page-background-enabled":"default","ast-page-background-meta":{"desktop":{"background-color":"var(--ast-global-color-4)","background-image":"","background-repeat":"repeat","background-position":"center center","background-size":"auto","background-attachment":"scroll","background-type":"","background-media":"","overlay-type":"","overlay-color":"","overlay-opacity":"","overlay-gradient":""},"tablet":{"background-color":"","background-image":"","background-repeat":"repeat","background-position":"center center","background-size":"auto","background-attachment":"scroll","background-type":"","background-media":"","overlay-type":"","overlay-color":"","overlay-opacity":"","overlay-gradient":""},"mobile":{"background-color":"","background-image":"","background-repeat":"repeat","background-position":"center center","background-size":"auto","background-attachment":"scroll","background-type":"","background-media":"","overlay-type":"","overlay-color":"","overlay-opacity":"","overlay-gradient":""}},"ast-content-background-meta":{"desktop":{"background-color":"var(--ast-global-color-5)","background-image":"","background-repeat":"repeat","background-position":"center center","background-size":"auto","background-attachment":"scroll","background-type":"","background-media":"","overlay-type":"","overlay-color":"","overlay-opacity":"","overlay-gradient":""},"tablet":{"background-color":"var(--ast-global-color-5)","background-image":"","background-repeat":"repeat","background-position":"center center","background-size":"auto","background-attachment":"scroll","background-type":"","background-media":"","overlay-type":"","overlay-color":"","overlay-opacity":"","overlay-gradient":""},"mobile":{"background-color":"var(--ast-global-color-5)","background-image":"","background-repeat":"repeat","background-position":"center center","background-size":"auto","background-attachment":"scroll","background-type":"","background-media":"","overlay-type":"","overlay-color":"","overlay-opacity":"","overlay-gradient":""}},"footnotes":""},"class_list":["post-7","page","type-page","status-publish","hentry"],"post_mailing_queue_ids":[],"_links":{"self":[{"href":"https:\/\/agora.xtec.cat\/iesicaria\/wp-json\/wp\/v2\/pages\/7","targetHints":{"allow":["GET"]}}],"collection":[{"href":"https:\/\/agora.xtec.cat\/iesicaria\/wp-json\/wp\/v2\/pages"}],"about":[{"href":"https:\/\/agora.xtec.cat\/iesicaria\/wp-json\/wp\/v2\/types\/page"}],"author":[{"embeddable":true,"href":"https:\/\/agora.xtec.cat\/iesicaria\/wp-json\/wp\/v2\/users\/1"}],"replies":[{"embeddable":true,"href":"https:\/\/agora.xtec.cat\/iesicaria\/wp-json\/wp\/v2\/comments?post=7"}],"version-history":[{"count":6,"href":"https:\/\/agora.xtec.cat\/iesicaria\/wp-json\/wp\/v2\/pages\/7\/revisions"}],"predecessor-version":[{"id":2918,"href":"https:\/\/agora.xtec.cat\/iesicaria\/wp-json\/wp\/v2\/pages\/7\/revisions\/2918"}],"wp:attachment":[{"href":"https:\/\/agora.xtec.cat\/iesicaria\/wp-json\/wp\/v2\/media?parent=7"}],"curies":[{"name":"wp","href":"https:\/\/api.w.org\/{rel}","templated":true}]}}