{"id":561,"date":"2023-06-25T18:26:02","date_gmt":"2023-06-25T16:26:02","guid":{"rendered":"https:\/\/agora.xtec.cat\/iesicaria\/?page_id=561"},"modified":"2023-10-29T07:36:32","modified_gmt":"2023-10-29T06:36:32","slug":"entrepeneurship","status":"publish","type":"page","link":"https:\/\/agora.xtec.cat\/iesicaria\/projectes\/entrepeneurship\/","title":{"rendered":"Entrepeneurship"},"content":{"rendered":"<p style=\"text-align: justify;\"><a href=\"https:\/\/agora.xtec.cat\/iesicaria\/wp-content\/uploads\/usu2339\/2023\/10\/Emprenedoria-41-2.jpg\"><img loading=\"lazy\" decoding=\"async\" class=\"aligncenter size-medium wp-image-1481\" src=\"https:\/\/agora.xtec.cat\/iesicaria\/wp-content\/uploads\/usu2339\/2023\/10\/Emprenedoria-41-2-300x225.jpg\" alt=\"\" width=\"300\" height=\"225\" srcset=\"https:\/\/agora.xtec.cat\/iesicaria\/wp-content\/uploads\/usu2339\/2023\/10\/Emprenedoria-41-2-300x225.jpg 300w, https:\/\/agora.xtec.cat\/iesicaria\/wp-content\/uploads\/usu2339\/2023\/10\/Emprenedoria-41-2-768x576.jpg 768w, https:\/\/agora.xtec.cat\/iesicaria\/wp-content\/uploads\/usu2339\/2023\/10\/Emprenedoria-41-2-200x150.jpg 200w, https:\/\/agora.xtec.cat\/iesicaria\/wp-content\/uploads\/usu2339\/2023\/10\/Emprenedoria-41-2.jpg 900w\" sizes=\"auto, (max-width: 300px) 100vw, 300px\" \/><\/a><\/p>\n<p style=\"text-align: justify;\">On Tuesday January 22nd, the students of Technology of\u00a0 ESO 4 presented the projects they have been developing since September in the Entrepeneurship class one hour a week. Students of 3rd of ESO were an enthusiastic audience of this event .<br \/>\n<em>Aquest dimarts dia 22 de gener, l&#8217;alumnat de Tecnologia de 4t d&#8217;ESO van presentar els seus projectes que han estat desenvolupant des del mes de setembre a ra\u00f3 d&#8217;una hora a la setmana a l&#8217;assignatura d&#8217;Emprenedoria en angl\u00e8s, &#8220;Entrepeneurship&#8221;.Tenien com a audi\u00e8ncia a l&#8217;alumnat de 3r d&#8221;ESO.\u00a0<\/em><\/p>\n<p style=\"text-align: justify;\"><a href=\"https:\/\/agora.xtec.cat\/iesicaria\/wp-content\/uploads\/usu2339\/2023\/10\/Emprenedoria-41-1.jpg\"><img loading=\"lazy\" decoding=\"async\" class=\"aligncenter size-medium wp-image-1480\" src=\"https:\/\/agora.xtec.cat\/iesicaria\/wp-content\/uploads\/usu2339\/2023\/10\/Emprenedoria-41-1-300x225.jpg\" alt=\"\" width=\"300\" height=\"225\" srcset=\"https:\/\/agora.xtec.cat\/iesicaria\/wp-content\/uploads\/usu2339\/2023\/10\/Emprenedoria-41-1-300x225.jpg 300w, https:\/\/agora.xtec.cat\/iesicaria\/wp-content\/uploads\/usu2339\/2023\/10\/Emprenedoria-41-1-768x576.jpg 768w, https:\/\/agora.xtec.cat\/iesicaria\/wp-content\/uploads\/usu2339\/2023\/10\/Emprenedoria-41-1-200x150.jpg 200w, https:\/\/agora.xtec.cat\/iesicaria\/wp-content\/uploads\/usu2339\/2023\/10\/Emprenedoria-41-1.jpg 900w\" sizes=\"auto, (max-width: 300px) 100vw, 300px\" \/><\/a><\/p>\n<p style=\"text-align: justify;\">On Tuesday, January 23rd, the students of Technology in ESO 4 presented their Entrepreneurship projects, developed during the 1st term, in an activity taught entirely in English.<br \/>\nThe students of ESO 3 attended the event where they could witness the effort made by these young &#8220;Entrepreneurs&#8221;, as well as the excellent results attained in their projects.<br \/>\nWe congratulate them for the work done, especially for their motivation in the whole process of designing and carrying out their entrepreneurship projects with the added challenge of doing it in English. We really value your effort and results!<\/p>\n<p style=\"text-align: justify;\"><strong>Emprenedors: Tecnologia ESO 4<\/strong><br \/>\n<em>El passat dimarts 23 de gener els alumnes de modalitat de Tecnologia de 4t d\u2019ESO, van fer la presentaci\u00f3 dels seus projectes d\u2019Emprenedoria, desenvolupats durant el 1r trimestre, en una activitat impartida completament en llengua anglesa.<br \/>\nCom a p\u00fablic hi van assistir els alumnes de 3r, que van poder constatar l\u2019esfor\u00e7 realitzat pels \u201cEmprenedors\u201d, i els excel\u00b7lents resultats obtinguts en els seus treballs.<br \/>\nEls felicitem per la feina feta,\u00a0 sobretot per l\u2019inter\u00e8s en crear els projectes en una llengua que no \u00e9s la seva. Moltes gr\u00e0cies!<\/em><\/p>\n<p>&nbsp;<\/p>\n","protected":false},"excerpt":{"rendered":"<p>On Tuesday January 22nd, the students of Technology of\u00a0 ESO 4 presented the projects they have been developing since September in the Entrepeneurship class one hour a week. Students of 3rd of ESO were an enthusiastic audience of this event . Aquest dimarts dia 22 de gener, l&#8217;alumnat de Tecnologia de 4t d&#8217;ESO van presentar [&hellip;]<\/p>\n","protected":false},"author":1,"featured_media":0,"parent":559,"menu_order":4,"comment_status":"closed","ping_status":"closed","template":"page-templates\/side-menu.php","meta":{"_bbp_topic_count":0,"_bbp_reply_count":0,"_bbp_total_topic_count":0,"_bbp_total_reply_count":0,"_bbp_voice_count":0,"_bbp_anonymous_reply_count":0,"_bbp_topic_count_hidden":0,"_bbp_reply_count_hidden":0,"_bbp_forum_subforum_count":0,"site-sidebar-layout":"default","site-content-layout":"","ast-site-content-layout":"","site-content-style":"default","site-sidebar-style":"default","ast-global-header-display":"","ast-banner-title-visibility":"","ast-main-header-display":"","ast-hfb-above-header-display":"","ast-hfb-below-header-display":"","ast-hfb-mobile-header-display":"","site-post-title":"","ast-breadcrumbs-content":"","ast-featured-img":"","footer-sml-layout":"","theme-transparent-header-meta":"","adv-header-id-meta":"","stick-header-meta":"","header-above-stick-meta":"","header-main-stick-meta":"","header-below-stick-meta":"","astra-migrate-meta-layouts":"default","ast-page-background-enabled":"default","ast-page-background-meta":{"desktop":{"background-color":"var(--ast-global-color-4)","background-image":"","background-repeat":"repeat","background-position":"center center","background-size":"auto","background-attachment":"scroll","background-type":"","background-media":"","overlay-type":"","overlay-color":"","overlay-opacity":"","overlay-gradient":""},"tablet":{"background-color":"","background-image":"","background-repeat":"repeat","background-position":"center center","background-size":"auto","background-attachment":"scroll","background-type":"","background-media":"","overlay-type":"","overlay-color":"","overlay-opacity":"","overlay-gradient":""},"mobile":{"background-color":"","background-image":"","background-repeat":"repeat","background-position":"center center","background-size":"auto","background-attachment":"scroll","background-type":"","background-media":"","overlay-type":"","overlay-color":"","overlay-opacity":"","overlay-gradient":""}},"ast-content-background-meta":{"desktop":{"background-color":"var(--ast-global-color-5)","background-image":"","background-repeat":"repeat","background-position":"center center","background-size":"auto","background-attachment":"scroll","background-type":"","background-media":"","overlay-type":"","overlay-color":"","overlay-opacity":"","overlay-gradient":""},"tablet":{"background-color":"var(--ast-global-color-5)","background-image":"","background-repeat":"repeat","background-position":"center center","background-size":"auto","background-attachment":"scroll","background-type":"","background-media":"","overlay-type":"","overlay-color":"","overlay-opacity":"","overlay-gradient":""},"mobile":{"background-color":"var(--ast-global-color-5)","background-image":"","background-repeat":"repeat","background-position":"center center","background-size":"auto","background-attachment":"scroll","background-type":"","background-media":"","overlay-type":"","overlay-color":"","overlay-opacity":"","overlay-gradient":""}},"footnotes":""},"class_list":["post-561","page","type-page","status-publish","hentry"],"post_mailing_queue_ids":[],"_links":{"self":[{"href":"https:\/\/agora.xtec.cat\/iesicaria\/wp-json\/wp\/v2\/pages\/561","targetHints":{"allow":["GET"]}}],"collection":[{"href":"https:\/\/agora.xtec.cat\/iesicaria\/wp-json\/wp\/v2\/pages"}],"about":[{"href":"https:\/\/agora.xtec.cat\/iesicaria\/wp-json\/wp\/v2\/types\/page"}],"author":[{"embeddable":true,"href":"https:\/\/agora.xtec.cat\/iesicaria\/wp-json\/wp\/v2\/users\/1"}],"replies":[{"embeddable":true,"href":"https:\/\/agora.xtec.cat\/iesicaria\/wp-json\/wp\/v2\/comments?post=561"}],"version-history":[{"count":4,"href":"https:\/\/agora.xtec.cat\/iesicaria\/wp-json\/wp\/v2\/pages\/561\/revisions"}],"predecessor-version":[{"id":1482,"href":"https:\/\/agora.xtec.cat\/iesicaria\/wp-json\/wp\/v2\/pages\/561\/revisions\/1482"}],"up":[{"embeddable":true,"href":"https:\/\/agora.xtec.cat\/iesicaria\/wp-json\/wp\/v2\/pages\/559"}],"wp:attachment":[{"href":"https:\/\/agora.xtec.cat\/iesicaria\/wp-json\/wp\/v2\/media?parent=561"}],"curies":[{"name":"wp","href":"https:\/\/api.w.org\/{rel}","templated":true}]}}