{"id":528,"date":"2023-06-25T13:27:58","date_gmt":"2023-06-25T11:27:58","guid":{"rendered":"https:\/\/agora.xtec.cat\/iesicaria\/?page_id=528"},"modified":"2025-12-15T11:58:52","modified_gmt":"2025-12-15T10:58:52","slug":"treball-de-recerca","status":"publish","type":"page","link":"https:\/\/agora.xtec.cat\/iesicaria\/batxillerat\/treball-de-recerca\/","title":{"rendered":"Treball de recerca"},"content":{"rendered":"\n<p>\u00a0El treball de recerca \u00e9s un treball d&#8217;investigaci\u00f3 que ha de realitzar tot l&#8217;alumnat de batxillerat.<\/p>\n\n\n\n<p>Aquest treball:<\/p>\n\n\n\n<ul class=\"wp-block-list\">\n<li>\u00c9s una petita investigaci\u00f3 o l\u2019execuci\u00f3 d\u2019un projecte.<\/li>\n\n\n\n<li>Pot estar emmarcat dins d&#8217;una mat\u00e8ria o pot ser interdisciplinari.<\/li>\n\n\n\n<li>\u00c9s dirigit per un professor\/a &#8211; tutor\/a.<\/li>\n\n\n\n<li>Equival a 2 cr\u00e8dits i representa el 10% de la qualificaci\u00f3 final del batxillerat.<\/li>\n\n\n\n<li>S&#8217;avalua tenint en compte l&#8217;actuaci\u00f3 durant la realitzaci\u00f3 del treball, l&#8217;informe escrit i la presentaci\u00f3 oral.<\/li>\n<\/ul>\n\n\n\n<p>En el treball de recerca haureu d&#8217;aplicar un m\u00e8tode de treball sistem\u00e0tic i utilitzar metodologies de cerca i processament de la informaci\u00f3 que seran diferents en recerques de tipus cient\u00edfic, de tipus tecnol\u00f2gic, de tipus estad\u00edstic, de tipus art\u00edstic, de tipus literari, hist\u00f2ric, sobre les caracter\u00edstiques del disseny d&#8217;un objecte, sobre la instal\u00b7laci\u00f3 o construcci\u00f3\u2026<\/p>\n\n\n\n<p>El treball ha de ser factible i ha d\u2019analitzar un tema des d\u2019una \u00f2ptica innovadora per l\u2019alumne.<\/p>\n","protected":false},"excerpt":{"rendered":"<p>\u00a0El treball de recerca \u00e9s un treball d&#8217;investigaci\u00f3 que ha de realitzar tot l&#8217;alumnat de batxillerat. Aquest treball: En el treball de recerca haureu d&#8217;aplicar un m\u00e8tode de treball sistem\u00e0tic i utilitzar metodologies de cerca i processament de la informaci\u00f3 que seran diferents en recerques de tipus cient\u00edfic, de tipus tecnol\u00f2gic, de tipus estad\u00edstic, de [&hellip;]<\/p>\n","protected":false},"author":1,"featured_media":1726,"parent":1042,"menu_order":5,"comment_status":"closed","ping_status":"closed","template":"","meta":{"_bbp_topic_count":0,"_bbp_reply_count":0,"_bbp_total_topic_count":0,"_bbp_total_reply_count":0,"_bbp_voice_count":0,"_bbp_anonymous_reply_count":0,"_bbp_topic_count_hidden":0,"_bbp_reply_count_hidden":0,"_bbp_forum_subforum_count":0,"site-sidebar-layout":"default","site-content-layout":"","ast-site-content-layout":"default","site-content-style":"default","site-sidebar-style":"default","ast-global-header-display":"","ast-banner-title-visibility":"","ast-main-header-display":"","ast-hfb-above-header-display":"","ast-hfb-below-header-display":"","ast-hfb-mobile-header-display":"","site-post-title":"","ast-breadcrumbs-content":"","ast-featured-img":"","footer-sml-layout":"","theme-transparent-header-meta":"","adv-header-id-meta":"","stick-header-meta":"","header-above-stick-meta":"","header-main-stick-meta":"","header-below-stick-meta":"","astra-migrate-meta-layouts":"set","ast-page-background-enabled":"default","ast-page-background-meta":{"desktop":{"background-color":"var(--ast-global-color-4)","background-image":"","background-repeat":"repeat","background-position":"center center","background-size":"auto","background-attachment":"scroll","background-type":"","background-media":"","overlay-type":"","overlay-color":"","overlay-opacity":"","overlay-gradient":""},"tablet":{"background-color":"","background-image":"","background-repeat":"repeat","background-position":"center center","background-size":"auto","background-attachment":"scroll","background-type":"","background-media":"","overlay-type":"","overlay-color":"","overlay-opacity":"","overlay-gradient":""},"mobile":{"background-color":"","background-image":"","background-repeat":"repeat","background-position":"center center","background-size":"auto","background-attachment":"scroll","background-type":"","background-media":"","overlay-type":"","overlay-color":"","overlay-opacity":"","overlay-gradient":""}},"ast-content-background-meta":{"desktop":{"background-color":"var(--ast-global-color-5)","background-image":"","background-repeat":"repeat","background-position":"center center","background-size":"auto","background-attachment":"scroll","background-type":"","background-media":"","overlay-type":"","overlay-color":"","overlay-opacity":"","overlay-gradient":""},"tablet":{"background-color":"var(--ast-global-color-5)","background-image":"","background-repeat":"repeat","background-position":"center center","background-size":"auto","background-attachment":"scroll","background-type":"","background-media":"","overlay-type":"","overlay-color":"","overlay-opacity":"","overlay-gradient":""},"mobile":{"background-color":"var(--ast-global-color-5)","background-image":"","background-repeat":"repeat","background-position":"center center","background-size":"auto","background-attachment":"scroll","background-type":"","background-media":"","overlay-type":"","overlay-color":"","overlay-opacity":"","overlay-gradient":""}},"footnotes":""},"class_list":["post-528","page","type-page","status-publish","has-post-thumbnail","hentry"],"post_mailing_queue_ids":[],"_links":{"self":[{"href":"https:\/\/agora.xtec.cat\/iesicaria\/wp-json\/wp\/v2\/pages\/528","targetHints":{"allow":["GET"]}}],"collection":[{"href":"https:\/\/agora.xtec.cat\/iesicaria\/wp-json\/wp\/v2\/pages"}],"about":[{"href":"https:\/\/agora.xtec.cat\/iesicaria\/wp-json\/wp\/v2\/types\/page"}],"author":[{"embeddable":true,"href":"https:\/\/agora.xtec.cat\/iesicaria\/wp-json\/wp\/v2\/users\/1"}],"replies":[{"embeddable":true,"href":"https:\/\/agora.xtec.cat\/iesicaria\/wp-json\/wp\/v2\/comments?post=528"}],"version-history":[{"count":6,"href":"https:\/\/agora.xtec.cat\/iesicaria\/wp-json\/wp\/v2\/pages\/528\/revisions"}],"predecessor-version":[{"id":2777,"href":"https:\/\/agora.xtec.cat\/iesicaria\/wp-json\/wp\/v2\/pages\/528\/revisions\/2777"}],"up":[{"embeddable":true,"href":"https:\/\/agora.xtec.cat\/iesicaria\/wp-json\/wp\/v2\/pages\/1042"}],"wp:featuredmedia":[{"embeddable":true,"href":"https:\/\/agora.xtec.cat\/iesicaria\/wp-json\/wp\/v2\/media\/1726"}],"wp:attachment":[{"href":"https:\/\/agora.xtec.cat\/iesicaria\/wp-json\/wp\/v2\/media?parent=528"}],"curies":[{"name":"wp","href":"https:\/\/api.w.org\/{rel}","templated":true}]}}