{"id":2734,"date":"2025-12-01T13:09:36","date_gmt":"2025-12-01T12:09:36","guid":{"rendered":"https:\/\/agora.xtec.cat\/iesicaria\/?page_id=2734"},"modified":"2025-12-04T11:56:46","modified_gmt":"2025-12-04T10:56:46","slug":"selectivitat","status":"publish","type":"page","link":"https:\/\/agora.xtec.cat\/iesicaria\/batxillerat\/selectivitat\/","title":{"rendered":"Selectivitat"},"content":{"rendered":"\n<div class=\"wp-block-columns is-layout-flex wp-container-core-columns-is-layout-1 wp-block-columns-is-layout-flex\">\n<div class=\"wp-block-column is-layout-flow wp-block-column-is-layout-flow\">\n<p>La prova d&#8217;acc\u00e9s a la universitat (PAU) o selectivitat avalua les compet\u00e8ncies i coneixements adquirits al batxillerat i \u00e9s un requisit imprescindible per a accedir a la universitat.<\/p>\n\n\n\n<p>En el <a href=\"https:\/\/universitats.gencat.cat\/ca\/inici\/\">Canal universitats<\/a> pots trobar sobre com \u00e9s el proc\u00e9s de preinscripci\u00f3 i matr\u00edcula a la universitat.<\/p>\n<\/div>\n\n\n\n<div class=\"wp-block-column is-vertically-aligned-center is-layout-flow wp-block-column-is-layout-flow\">\n<figure class=\"wp-block-image size-large\"><img loading=\"lazy\" decoding=\"async\" width=\"1024\" height=\"683\" src=\"https:\/\/agora.xtec.cat\/iesicaria\/wp-content\/uploads\/usu2339\/2025\/12\/batx-pau-1024x683.jpg\" alt=\"Batxillerat i universitat\" class=\"wp-image-2735\" srcset=\"https:\/\/agora.xtec.cat\/iesicaria\/wp-content\/uploads\/usu2339\/2025\/12\/batx-pau-1024x683.jpg 1024w, https:\/\/agora.xtec.cat\/iesicaria\/wp-content\/uploads\/usu2339\/2025\/12\/batx-pau-300x200.jpg 300w, https:\/\/agora.xtec.cat\/iesicaria\/wp-content\/uploads\/usu2339\/2025\/12\/batx-pau-768x512.jpg 768w, https:\/\/agora.xtec.cat\/iesicaria\/wp-content\/uploads\/usu2339\/2025\/12\/batx-pau.jpg 1536w\" sizes=\"auto, (max-width: 1024px) 100vw, 1024px\" \/><\/figure>\n<\/div>\n<\/div>\n\n\n\n<p>El resultat final de les PAU t\u00e9 dos apartats: la nota d&#8217;acc\u00e9s i la nota d&#8217;admissi\u00f3.<\/p>\n\n\n\n<h2 class=\"wp-block-heading\">Nota d&#8217;acc\u00e9s<\/h2>\n\n\n\n<p>La  nota d&#8217;acc\u00e9s es calcula amb el 60% de la nota de batxillerat i el 40% de la nota obtinguda a la fase general de les PAU. Aquesta nota va de 5 a 10 i t\u00e9 una validesa indefinida. El nom porta una mica a equ\u00edvocs, ja que \u00e9s la nota que va anys es feia servir per accedir a la universitat.<\/p>\n\n\n\n<div class=\"wp-block-columns is-layout-flex wp-container-core-columns-is-layout-2 wp-block-columns-is-layout-flex\">\n<div class=\"wp-block-column is-layout-flow wp-block-column-is-layout-flow\">\n<figure class=\"wp-block-image aligncenter size-large\"><img loading=\"lazy\" decoding=\"async\" width=\"1024\" height=\"683\" src=\"https:\/\/agora.xtec.cat\/iesicaria\/wp-content\/uploads\/usu2339\/2025\/12\/Nota-dacces-1024x683.jpg\" alt=\"Nota d'acc\u00e8s: 60% expedient i 40% nota PAU\" class=\"wp-image-2736\" srcset=\"https:\/\/agora.xtec.cat\/iesicaria\/wp-content\/uploads\/usu2339\/2025\/12\/Nota-dacces-1024x683.jpg 1024w, https:\/\/agora.xtec.cat\/iesicaria\/wp-content\/uploads\/usu2339\/2025\/12\/Nota-dacces-300x200.jpg 300w, https:\/\/agora.xtec.cat\/iesicaria\/wp-content\/uploads\/usu2339\/2025\/12\/Nota-dacces-768x512.jpg 768w, https:\/\/agora.xtec.cat\/iesicaria\/wp-content\/uploads\/usu2339\/2025\/12\/Nota-dacces.jpg 1536w\" sizes=\"auto, (max-width: 1024px) 100vw, 1024px\" \/><\/figure>\n<\/div>\n<\/div>\n\n\n\n<p><\/p>\n\n\n\n<h3 class=\"wp-block-heading\">PAU: fase general<\/h3>\n\n\n\n<p>La fase general de les PAU \u00e9s obligat\u00f2ria per a tothom i consta dels ex\u00e0mens de les mat\u00e8ries comunes de batxillerat i de la mat\u00e8ria obligat\u00f2ria de la modalitat escollida.<\/p>\n\n\n\n<div class=\"wp-block-columns is-layout-flex wp-container-core-columns-is-layout-3 wp-block-columns-is-layout-flex\">\n<div class=\"wp-block-column is-layout-flow wp-block-column-is-layout-flow\">\n<figure class=\"wp-block-image aligncenter size-full\"><img loading=\"lazy\" decoding=\"async\" width=\"661\" height=\"244\" src=\"https:\/\/agora.xtec.cat\/iesicaria\/wp-content\/uploads\/usu2339\/2025\/12\/PAU-fase-general.png\" alt=\"PAU fase general\" class=\"wp-image-2741\" srcset=\"https:\/\/agora.xtec.cat\/iesicaria\/wp-content\/uploads\/usu2339\/2025\/12\/PAU-fase-general.png 661w, https:\/\/agora.xtec.cat\/iesicaria\/wp-content\/uploads\/usu2339\/2025\/12\/PAU-fase-general-300x111.png 300w\" sizes=\"auto, (max-width: 661px) 100vw, 661px\" \/><\/figure>\n<\/div>\n<\/div>\n\n\n\n<div class=\"wp-block-columns is-layout-flex wp-container-core-columns-is-layout-4 wp-block-columns-is-layout-flex\">\n<div class=\"wp-block-column is-layout-flow wp-block-column-is-layout-flow\">\n<figure class=\"wp-block-image aligncenter size-full\"><img loading=\"lazy\" decoding=\"async\" width=\"615\" height=\"312\" src=\"https:\/\/agora.xtec.cat\/iesicaria\/wp-content\/uploads\/usu2339\/2025\/12\/PAU-fase-general-modalitat-obligatoria.png\" alt=\"PAU: fase general, mat\u00e8ria de modalitat\n\" class=\"wp-image-2742\" srcset=\"https:\/\/agora.xtec.cat\/iesicaria\/wp-content\/uploads\/usu2339\/2025\/12\/PAU-fase-general-modalitat-obligatoria.png 615w, https:\/\/agora.xtec.cat\/iesicaria\/wp-content\/uploads\/usu2339\/2025\/12\/PAU-fase-general-modalitat-obligatoria-300x152.png 300w\" sizes=\"auto, (max-width: 615px) 100vw, 615px\" \/><\/figure>\n<\/div>\n<\/div>\n\n\n\n<h2 class=\"wp-block-heading\">PAU: fase espec\u00edfica, opcional<\/h2>\n\n\n\n<p>A la fase espec\u00edfica, l&#8217;alumne pot triar fins a tres mat\u00e8ries relacionades amb els estudis universitaris que vol cursar. Per calcular la nota es calcula la mitjana ponderada de les dues millors notes en aquesta fase. El resultat \u00e9s una nota entre 0 i 4 punts.<\/p>\n\n\n\n<div class=\"wp-block-columns is-layout-flex wp-container-core-columns-is-layout-5 wp-block-columns-is-layout-flex\">\n<div class=\"wp-block-column is-layout-flow wp-block-column-is-layout-flow\">\n<figure class=\"wp-block-image size-large\"><a href=\"https:\/\/universitats.gencat.cat\/ca\/preinscripcions\/ponderacions\/\"><img loading=\"lazy\" decoding=\"async\" width=\"1024\" height=\"489\" src=\"https:\/\/agora.xtec.cat\/iesicaria\/wp-content\/uploads\/usu2339\/2025\/12\/PAU.-Ponderacions-1024x489.png\" alt=\"\" class=\"wp-image-2743\" srcset=\"https:\/\/agora.xtec.cat\/iesicaria\/wp-content\/uploads\/usu2339\/2025\/12\/PAU.-Ponderacions-1024x489.png 1024w, https:\/\/agora.xtec.cat\/iesicaria\/wp-content\/uploads\/usu2339\/2025\/12\/PAU.-Ponderacions-300x143.png 300w, https:\/\/agora.xtec.cat\/iesicaria\/wp-content\/uploads\/usu2339\/2025\/12\/PAU.-Ponderacions-768x367.png 768w, https:\/\/agora.xtec.cat\/iesicaria\/wp-content\/uploads\/usu2339\/2025\/12\/PAU.-Ponderacions.png 1178w\" sizes=\"auto, (max-width: 1024px) 100vw, 1024px\" \/><\/a><\/figure>\n<\/div>\n\n\n\n<div class=\"wp-block-column is-layout-flow wp-block-column-is-layout-flow\">\n<p>Cal escollir entre una i tres mat\u00e8ries no avaluades a la fase general. Com avalua coneixements espec\u00edfics segons l&#8217;\u00e0mbit, cada mat\u00e8ria t\u00e9 una <a href=\"https:\/\/universitats.gencat.cat\/ca\/preinscripcions\/ponderacions\/\">ponderaci\u00f3 espec\u00edfica<\/a> segons els estudis universitaris a qu\u00e8 es vol optar.<\/p>\n<\/div>\n<\/div>\n\n\n\n<h2 class=\"wp-block-heading\">Nota d&#8217;admissi\u00f3<\/h2>\n\n\n\n<p>La nota d&#8217;admissi\u00f3 \u00e9s la nota que es t\u00e9 en compte per accedir als estudis universitaris i \u00e9s el resultat de sumar la nota d&#8217;acc\u00e9s (recordem 60% batxillerat i 40% selectivitat) i la nota de la fase espec\u00edfica.<\/p>\n\n\n\n<figure class=\"wp-block-image aligncenter size-full\"><img loading=\"lazy\" decoding=\"async\" width=\"381\" height=\"234\" src=\"https:\/\/agora.xtec.cat\/iesicaria\/wp-content\/uploads\/usu2339\/2025\/12\/PAU-nota-admissio.png\" alt=\"PAU. Nota d'admissi\u00f3\" class=\"wp-image-2744\" srcset=\"https:\/\/agora.xtec.cat\/iesicaria\/wp-content\/uploads\/usu2339\/2025\/12\/PAU-nota-admissio.png 381w, https:\/\/agora.xtec.cat\/iesicaria\/wp-content\/uploads\/usu2339\/2025\/12\/PAU-nota-admissio-300x184.png 300w\" sizes=\"auto, (max-width: 381px) 100vw, 381px\" \/><\/figure>\n","protected":false},"excerpt":{"rendered":"<p>La prova d&#8217;acc\u00e9s a la universitat (PAU) o selectivitat avalua les compet\u00e8ncies i coneixements adquirits al batxillerat i \u00e9s un requisit imprescindible per a accedir a la universitat. En el Canal universitats pots trobar sobre com \u00e9s el proc\u00e9s de preinscripci\u00f3 i matr\u00edcula a la universitat. El resultat final de les PAU t\u00e9 dos apartats: [&hellip;]<\/p>\n","protected":false},"author":1,"featured_media":0,"parent":1042,"menu_order":0,"comment_status":"closed","ping_status":"close","template":"","meta":{"_bbp_topic_count":0,"_bbp_reply_count":0,"_bbp_total_topic_count":0,"_bbp_total_reply_count":0,"_bbp_voice_count":0,"_bbp_anonymous_reply_count":0,"_bbp_topic_count_hidden":0,"_bbp_reply_count_hidden":0,"_bbp_forum_subforum_count":0,"site-sidebar-layout":"default","site-content-layout":"","ast-site-content-layout":"default","site-content-style":"default","site-sidebar-style":"default","ast-global-header-display":"","ast-banner-title-visibility":"","ast-main-header-display":"","ast-hfb-above-header-display":"","ast-hfb-below-header-display":"","ast-hfb-mobile-header-display":"","site-post-title":"","ast-breadcrumbs-content":"","ast-featured-img":"","footer-sml-layout":"","theme-transparent-header-meta":"","adv-header-id-meta":"","stick-header-meta":"","header-above-stick-meta":"","header-main-stick-meta":"","header-below-stick-meta":"","astra-migrate-meta-layouts":"set","ast-page-background-enabled":"default","ast-page-background-meta":{"desktop":{"background-color":"var(--ast-global-color-4)","background-image":"","background-repeat":"repeat","background-position":"center center","background-size":"auto","background-attachment":"scroll","background-type":"","background-media":"","overlay-type":"","overlay-color":"","overlay-opacity":"","overlay-gradient":""},"tablet":{"background-color":"","background-image":"","background-repeat":"repeat","background-position":"center center","background-size":"auto","background-attachment":"scroll","background-type":"","background-media":"","overlay-type":"","overlay-color":"","overlay-opacity":"","overlay-gradient":""},"mobile":{"background-color":"","background-image":"","background-repeat":"repeat","background-position":"center center","background-size":"auto","background-attachment":"scroll","background-type":"","background-media":"","overlay-type":"","overlay-color":"","overlay-opacity":"","overlay-gradient":""}},"ast-content-background-meta":{"desktop":{"background-color":"var(--ast-global-color-5)","background-image":"","background-repeat":"repeat","background-position":"center center","background-size":"auto","background-attachment":"scroll","background-type":"","background-media":"","overlay-type":"","overlay-color":"","overlay-opacity":"","overlay-gradient":""},"tablet":{"background-color":"var(--ast-global-color-5)","background-image":"","background-repeat":"repeat","background-position":"center center","background-size":"auto","background-attachment":"scroll","background-type":"","background-media":"","overlay-type":"","overlay-color":"","overlay-opacity":"","overlay-gradient":""},"mobile":{"background-color":"var(--ast-global-color-5)","background-image":"","background-repeat":"repeat","background-position":"center center","background-size":"auto","background-attachment":"scroll","background-type":"","background-media":"","overlay-type":"","overlay-color":"","overlay-opacity":"","overlay-gradient":""}},"footnotes":""},"class_list":["post-2734","page","type-page","status-publish","hentry"],"post_mailing_queue_ids":[],"_links":{"self":[{"href":"https:\/\/agora.xtec.cat\/iesicaria\/wp-json\/wp\/v2\/pages\/2734","targetHints":{"allow":["GET"]}}],"collection":[{"href":"https:\/\/agora.xtec.cat\/iesicaria\/wp-json\/wp\/v2\/pages"}],"about":[{"href":"https:\/\/agora.xtec.cat\/iesicaria\/wp-json\/wp\/v2\/types\/page"}],"author":[{"embeddable":true,"href":"https:\/\/agora.xtec.cat\/iesicaria\/wp-json\/wp\/v2\/users\/1"}],"replies":[{"embeddable":true,"href":"https:\/\/agora.xtec.cat\/iesicaria\/wp-json\/wp\/v2\/comments?post=2734"}],"version-history":[{"count":6,"href":"https:\/\/agora.xtec.cat\/iesicaria\/wp-json\/wp\/v2\/pages\/2734\/revisions"}],"predecessor-version":[{"id":2772,"href":"https:\/\/agora.xtec.cat\/iesicaria\/wp-json\/wp\/v2\/pages\/2734\/revisions\/2772"}],"up":[{"embeddable":true,"href":"https:\/\/agora.xtec.cat\/iesicaria\/wp-json\/wp\/v2\/pages\/1042"}],"wp:attachment":[{"href":"https:\/\/agora.xtec.cat\/iesicaria\/wp-json\/wp\/v2\/media?parent=2734"}],"curies":[{"name":"wp","href":"https:\/\/api.w.org\/{rel}","templated":true}]}}