{"id":2697,"date":"2025-11-17T12:51:56","date_gmt":"2025-11-17T11:51:56","guid":{"rendered":"https:\/\/agora.xtec.cat\/iesicaria\/?page_id=2697"},"modified":"2025-11-24T12:43:48","modified_gmt":"2025-11-24T11:43:48","slug":"combinal-amb-altres-estudis","status":"publish","type":"page","link":"https:\/\/agora.xtec.cat\/iesicaria\/batxillerat\/combinal-amb-altres-estudis\/","title":{"rendered":"Combina&#8217;l amb altres estudis"},"content":{"rendered":"\n<div class=\"wp-block-columns is-layout-flex wp-container-core-columns-is-layout-1 wp-block-columns-is-layout-flex\">\n<div class=\"wp-block-column is-layout-flow wp-block-column-is-layout-flow\">\n<h2 class=\"wp-block-heading\">M\u00fasica<\/h2>\n\n\n\n<p>Si estudies en el conservatori o en una escola de m\u00fasica reconeguda et convalidem diferents mat\u00e8ries de batxillerat.<\/p>\n\n\n\n<p><a href=\"https:\/\/agora.xtec.cat\/iesicaria\/serveis\/convalidacions-estudis-musica-dansa-i-esport\/#musica\">Convalidaci\u00f3 de m\u00fasica<\/a><\/p>\n<\/div>\n\n\n\n<div class=\"wp-block-column is-layout-flow wp-block-column-is-layout-flow\">\n<figure class=\"wp-block-image size-full\"><img loading=\"lazy\" decoding=\"async\" width=\"960\" height=\"640\" src=\"https:\/\/agora.xtec.cat\/iesicaria\/wp-content\/uploads\/usu2339\/2025\/11\/Tocant-musica.jpg\" alt=\"Tocant m\u00fasica\" class=\"wp-image-2711\" srcset=\"https:\/\/agora.xtec.cat\/iesicaria\/wp-content\/uploads\/usu2339\/2025\/11\/Tocant-musica.jpg 960w, https:\/\/agora.xtec.cat\/iesicaria\/wp-content\/uploads\/usu2339\/2025\/11\/Tocant-musica-300x200.jpg 300w, https:\/\/agora.xtec.cat\/iesicaria\/wp-content\/uploads\/usu2339\/2025\/11\/Tocant-musica-768x512.jpg 768w\" sizes=\"auto, (max-width: 960px) 100vw, 960px\" \/><\/figure>\n<\/div>\n<\/div>\n\n\n\n<div class=\"wp-block-columns is-layout-flex wp-container-core-columns-is-layout-2 wp-block-columns-is-layout-flex\">\n<div class=\"wp-block-column is-layout-flow wp-block-column-is-layout-flow\">\n<figure class=\"wp-block-image size-full\"><img loading=\"lazy\" decoding=\"async\" width=\"960\" height=\"720\" src=\"https:\/\/agora.xtec.cat\/iesicaria\/wp-content\/uploads\/usu2339\/2025\/11\/Grandjete.jpg\" alt=\"Grand jet\u00e8\" class=\"wp-image-2713\" srcset=\"https:\/\/agora.xtec.cat\/iesicaria\/wp-content\/uploads\/usu2339\/2025\/11\/Grandjete.jpg 960w, https:\/\/agora.xtec.cat\/iesicaria\/wp-content\/uploads\/usu2339\/2025\/11\/Grandjete-300x225.jpg 300w, https:\/\/agora.xtec.cat\/iesicaria\/wp-content\/uploads\/usu2339\/2025\/11\/Grandjete-768x576.jpg 768w\" sizes=\"auto, (max-width: 960px) 100vw, 960px\" \/><\/figure>\n<\/div>\n\n\n\n<div class=\"wp-block-column is-layout-flow wp-block-column-is-layout-flow\">\n<h2 class=\"wp-block-heading\">Dansa<\/h2>\n\n\n\n<p>Si t&#8217;agrada la dansa i balles en una escola de dansa reconeguda, professionalment o en el conservatori se&#8217;t convalidar\u00e0 la mat\u00e8ria d&#8217;educaci\u00f3 f\u00edsica i, segons la teva dedicaci\u00f3 alguna de les mat\u00e8ries optatives.<\/p>\n\n\n\n<p><a href=\"https:\/\/agora.xtec.cat\/iesicaria\/serveis\/convalidacions-estudis-musica-dansa-i-esport\/#dansa\">Convalidaci\u00f3 dansa<\/a><\/p>\n<\/div>\n<\/div>\n\n\n\n<div class=\"wp-block-columns is-layout-flex wp-container-core-columns-is-layout-3 wp-block-columns-is-layout-flex\">\n<div class=\"wp-block-column is-layout-flow wp-block-column-is-layout-flow\">\n<h2 class=\"wp-block-heading\">Esport<\/h2>\n\n\n\n<p>Si pr\u00e0ctiques un esport i tens reconeguda la dedicaci\u00f3 intensiva pel Consell catal\u00e0 de l&#8217;esport et convalidem la mat\u00e8ria d&#8217;educaci\u00f3 f\u00edsica i diverses mat\u00e8ries optatives.<\/p>\n\n\n\n<p><a href=\"https:\/\/agora.xtec.cat\/iesicaria\/serveis\/convalidacions-estudis-musica-dansa-i-esport\/#esport\">Convalidaci\u00f3 esport<\/a><\/p>\n<\/div>\n\n\n\n<div class=\"wp-block-column is-layout-flow wp-block-column-is-layout-flow\">\n<figure class=\"wp-block-image size-full\"><img loading=\"lazy\" decoding=\"async\" width=\"960\" height=\"640\" src=\"https:\/\/agora.xtec.cat\/iesicaria\/wp-content\/uploads\/usu2339\/2025\/11\/waterpolo.jpg\" alt=\"Waterpolo\" class=\"wp-image-2714\" srcset=\"https:\/\/agora.xtec.cat\/iesicaria\/wp-content\/uploads\/usu2339\/2025\/11\/waterpolo.jpg 960w, https:\/\/agora.xtec.cat\/iesicaria\/wp-content\/uploads\/usu2339\/2025\/11\/waterpolo-300x200.jpg 300w, https:\/\/agora.xtec.cat\/iesicaria\/wp-content\/uploads\/usu2339\/2025\/11\/waterpolo-768x512.jpg 768w\" sizes=\"auto, (max-width: 960px) 100vw, 960px\" \/><\/figure>\n<\/div>\n<\/div>\n\n\n\n<div class=\"wp-block-columns is-layout-flex wp-container-core-columns-is-layout-4 wp-block-columns-is-layout-flex\">\n<div class=\"wp-block-column is-layout-flow wp-block-column-is-layout-flow\">\n<figure class=\"wp-block-image size-large\"><img loading=\"lazy\" decoding=\"async\" width=\"1024\" height=\"682\" src=\"https:\/\/agora.xtec.cat\/iesicaria\/wp-content\/uploads\/usu2339\/2025\/11\/Banderes-1024x682.jpg\" alt=\"\" class=\"wp-image-2715\" srcset=\"https:\/\/agora.xtec.cat\/iesicaria\/wp-content\/uploads\/usu2339\/2025\/11\/Banderes-1024x682.jpg 1024w, https:\/\/agora.xtec.cat\/iesicaria\/wp-content\/uploads\/usu2339\/2025\/11\/Banderes-300x200.jpg 300w, https:\/\/agora.xtec.cat\/iesicaria\/wp-content\/uploads\/usu2339\/2025\/11\/Banderes-768x511.jpg 768w, https:\/\/agora.xtec.cat\/iesicaria\/wp-content\/uploads\/usu2339\/2025\/11\/Banderes-1536x1022.jpg 1536w, https:\/\/agora.xtec.cat\/iesicaria\/wp-content\/uploads\/usu2339\/2025\/11\/Banderes.jpg 1600w\" sizes=\"auto, (max-width: 1024px) 100vw, 1024px\" \/><\/figure>\n<\/div>\n\n\n\n<div class=\"wp-block-column is-layout-flow wp-block-column-is-layout-flow\">\n<h2 class=\"wp-block-heading\">Idiomes estrangers<\/h2>\n\n\n\n<p>Els estudiants a l&#8217;escola oficial d&#8217;idiomes podeu demanar la convalidaci\u00f3 d&#8217;algunes mat\u00e8ries optatives.<\/p>\n\n\n\n<p><a href=\"https:\/\/agora.xtec.cat\/iesicaria\/serveis\/convalidacions-estudis-musica-dansa-i-esport\/#idiomes\">Convalidaci\u00f3 idiomes<\/a><\/p>\n<\/div>\n<\/div>\n\n\n\n<p class=\"has-small-font-size\">Imatges de <a href=\"https:\/\/commons.wikimedia.org\/wiki\/Main_Page\">Wikimedia Commons<\/a><\/p>\n","protected":false},"excerpt":{"rendered":"<p>M\u00fasica Si estudies en el conservatori o en una escola de m\u00fasica reconeguda et convalidem diferents mat\u00e8ries de batxillerat. Convalidaci\u00f3 de m\u00fasica Dansa Si t&#8217;agrada la dansa i balles en una escola de dansa reconeguda, professionalment o en el conservatori se&#8217;t convalidar\u00e0 la mat\u00e8ria d&#8217;educaci\u00f3 f\u00edsica i, segons la teva dedicaci\u00f3 alguna de les mat\u00e8ries [&hellip;]<\/p>\n","protected":false},"author":1,"featured_media":0,"parent":1042,"menu_order":0,"comment_status":"closed","ping_status":"close","template":"","meta":{"_bbp_topic_count":0,"_bbp_reply_count":0,"_bbp_total_topic_count":0,"_bbp_total_reply_count":0,"_bbp_voice_count":0,"_bbp_anonymous_reply_count":0,"_bbp_topic_count_hidden":0,"_bbp_reply_count_hidden":0,"_bbp_forum_subforum_count":0,"site-sidebar-layout":"default","site-content-layout":"","ast-site-content-layout":"default","site-content-style":"default","site-sidebar-style":"default","ast-global-header-display":"","ast-banner-title-visibility":"","ast-main-header-display":"","ast-hfb-above-header-display":"","ast-hfb-below-header-display":"","ast-hfb-mobile-header-display":"","site-post-title":"","ast-breadcrumbs-content":"","ast-featured-img":"","footer-sml-layout":"","theme-transparent-header-meta":"","adv-header-id-meta":"","stick-header-meta":"","header-above-stick-meta":"","header-main-stick-meta":"","header-below-stick-meta":"","astra-migrate-meta-layouts":"set","ast-page-background-enabled":"default","ast-page-background-meta":{"desktop":{"background-color":"var(--ast-global-color-4)","background-image":"","background-repeat":"repeat","background-position":"center center","background-size":"auto","background-attachment":"scroll","background-type":"","background-media":"","overlay-type":"","overlay-color":"","overlay-opacity":"","overlay-gradient":""},"tablet":{"background-color":"","background-image":"","background-repeat":"repeat","background-position":"center center","background-size":"auto","background-attachment":"scroll","background-type":"","background-media":"","overlay-type":"","overlay-color":"","overlay-opacity":"","overlay-gradient":""},"mobile":{"background-color":"","background-image":"","background-repeat":"repeat","background-position":"center center","background-size":"auto","background-attachment":"scroll","background-type":"","background-media":"","overlay-type":"","overlay-color":"","overlay-opacity":"","overlay-gradient":""}},"ast-content-background-meta":{"desktop":{"background-color":"var(--ast-global-color-5)","background-image":"","background-repeat":"repeat","background-position":"center center","background-size":"auto","background-attachment":"scroll","background-type":"","background-media":"","overlay-type":"","overlay-color":"","overlay-opacity":"","overlay-gradient":""},"tablet":{"background-color":"var(--ast-global-color-5)","background-image":"","background-repeat":"repeat","background-position":"center center","background-size":"auto","background-attachment":"scroll","background-type":"","background-media":"","overlay-type":"","overlay-color":"","overlay-opacity":"","overlay-gradient":""},"mobile":{"background-color":"var(--ast-global-color-5)","background-image":"","background-repeat":"repeat","background-position":"center center","background-size":"auto","background-attachment":"scroll","background-type":"","background-media":"","overlay-type":"","overlay-color":"","overlay-opacity":"","overlay-gradient":""}},"footnotes":""},"class_list":["post-2697","page","type-page","status-publish","hentry"],"post_mailing_queue_ids":[],"_links":{"self":[{"href":"https:\/\/agora.xtec.cat\/iesicaria\/wp-json\/wp\/v2\/pages\/2697","targetHints":{"allow":["GET"]}}],"collection":[{"href":"https:\/\/agora.xtec.cat\/iesicaria\/wp-json\/wp\/v2\/pages"}],"about":[{"href":"https:\/\/agora.xtec.cat\/iesicaria\/wp-json\/wp\/v2\/types\/page"}],"author":[{"embeddable":true,"href":"https:\/\/agora.xtec.cat\/iesicaria\/wp-json\/wp\/v2\/users\/1"}],"replies":[{"embeddable":true,"href":"https:\/\/agora.xtec.cat\/iesicaria\/wp-json\/wp\/v2\/comments?post=2697"}],"version-history":[{"count":2,"href":"https:\/\/agora.xtec.cat\/iesicaria\/wp-json\/wp\/v2\/pages\/2697\/revisions"}],"predecessor-version":[{"id":2716,"href":"https:\/\/agora.xtec.cat\/iesicaria\/wp-json\/wp\/v2\/pages\/2697\/revisions\/2716"}],"up":[{"embeddable":true,"href":"https:\/\/agora.xtec.cat\/iesicaria\/wp-json\/wp\/v2\/pages\/1042"}],"wp:attachment":[{"href":"https:\/\/agora.xtec.cat\/iesicaria\/wp-json\/wp\/v2\/media?parent=2697"}],"curies":[{"name":"wp","href":"https:\/\/api.w.org\/{rel}","templated":true}]}}