{"id":1884,"date":"2024-03-22T13:36:46","date_gmt":"2024-03-22T12:36:46","guid":{"rendered":"https:\/\/agora.xtec.cat\/iesicaria\/?page_id=1884"},"modified":"2026-03-18T09:25:52","modified_gmt":"2026-03-18T08:25:52","slug":"preinscripcio-batxibac","status":"publish","type":"page","link":"https:\/\/agora.xtec.cat\/iesicaria\/serveis\/preinscripcio-batxibac\/","title":{"rendered":"Preinscripci\u00f3 i matr\u00edcula Batxibac"},"content":{"rendered":"\n<p>La doble titulaci\u00f3 Batxillerat-Baccalaur\u00e9at dona acc\u00e9s tant a les universitats espanyoles com a les franceses a trav\u00e9s de l\u2019obtenci\u00f3 simult\u00e0nia dels t\u00edtols del Batxillerat espanyol i el Baccalaur\u00e9at franc\u00e8s. El seu proc\u00e9s de preinscripci\u00f3 \u00e9s diferent del Batxillerat.<\/p>\n\n\n\n<p class=\"has-text-align-center\"><strong>La sol\u00b7licitud i la documentaci\u00f3 s\u2019han de presentar al centre <strong>on es vol estudiar el batxibac.<\/strong><\/strong><\/p>\n\n\n\n<h2 class=\"wp-block-heading\">Calendari<\/h2>\n\n\n\n<ul class=\"wp-block-list\">\n<li>Portes obertes per a fam\u00edlies que encara no estan al centre: <strong>17 de mar\u00e7 de 2026.<\/strong><\/li>\n\n\n\n<li>Proves de nivell de franc\u00e8s, necess\u00e0ries si no est\u00e0 acreditat un nivell B1.<\/li>\n\n\n\n<li>Oferta inicial de places escolars\n<ul class=\"wp-block-list\">\n<li>10 places a primer.<\/li>\n\n\n\n<li>7 places a segon.<\/li>\n<\/ul>\n<\/li>\n\n\n\n<li>Presentaci\u00f3 sol\u00b7licituds.\n<ul class=\"wp-block-list\">\n<li>Del 20 al 27 de mar\u00e7 de 2026.<\/li>\n\n\n\n<li>Cal <a href=\"https:\/\/agora.xtec.cat\/iesicaria\/wp-content\/uploads\/usu2339\/2026\/03\/Sollicitud-preinscripcio-batxibac.pdf\">descarregar la sol\u00b7licitud<\/a>, omplir-la, imprimir i, finalment, signar.<\/li>\n\n\n\n<li>Lliurar a <a href=\"https:\/\/educacio.gencat.cat\/ca\/tramits\/tramits-temes\/batxillerat-tramit?category=&amp;moda=2\">SOL\u00b7LICITUD BATXIBAC<\/a>\u00a0(actiu a partir del 20 de mar\u00e7).<\/li>\n\n\n\n<li>Omplir la&nbsp;<a href=\"https:\/\/agora.xtec.cat\/iesicaria\/wp-content\/uploads\/usu2339\/2026\/02\/annex-batxibac-declaracio-complementaria-2026.pdf\">Declaraci\u00f3 complement\u00e0ria centres<\/a>.<\/li>\n<\/ul>\n<\/li>\n\n\n\n<li>Llistat d\u2019alumnes admesos: <strong>7 d&#8217;abril de 202<\/strong>6<\/li>\n<\/ul>\n\n\n\n<h2 class=\"wp-block-heading\">Documentaci\u00f3<\/h2>\n\n\n\n<ol style=\"list-style-type:1\" class=\"wp-block-list\">\n<li>Tots els alumnes menors i majors d&#8217;edat han de presentar el DNI (original i fotoc\u00f2pia).<\/li>\n\n\n\n<li>Els alumnes menors d&#8217;edat han de presentar la certificaci\u00f3 electr\u00f2nica de la inscripci\u00f3 de naixement o el llibre de fam\u00edlia o altres documents relatius a la filiaci\u00f3 i el DNI de la persona sol\u00b7licitant (pare, mare, tutor o tutora), o la targeta de resid\u00e8ncia si la persona \u00e9s estrangera.<\/li>\n\n\n\n<li>Si l\u2019alumne\/a est\u00e0 en situaci\u00f3 d\u2019acolliment, la resoluci\u00f3 d\u2019acolliment del Departament de Treball, Afers Socials i Fam\u00edlies.<\/li>\n\n\n\n<li>Les persones que al\u00b7leguin el compliment d&#8217;algun criteri de prioritat, han de presentar la documentaci\u00f3 que ho justifiqui (original i fotoc\u00f2pia).<\/li>\n\n\n\n<li>Cal que presentin la documentaci\u00f3 que acreditin el seu nivell B1 de franc\u00e8s.<\/li>\n\n\n\n<li>Certificat de nota mitjana de 1r, 2n i 3r d\u2019ESO.<\/li>\n\n\n\n<li>Sol\u00b7licitud de preinscripci\u00f3 a la doble titulaci\u00f3 de Batxillerat i baccaular\u00e9at. Cal descarregar l\u2019arxiu, omplir la sol\u00b7licitud, imprimir i, finalment, signar. <a href=\"https:\/\/educacio.gencat.cat\/ca\/tramits\/tramits-temes\/batxillerat-tramit?category=&amp;moda=2\">[SOL\u00b7LICITUD BATXIBAC]<\/a> (Del 20\/03\/2026 al 27\/03\/2026)<\/li>\n\n\n\n<li>Omplir la <a href=\"https:\/\/agora.xtec.cat\/iesicaria\/wp-content\/uploads\/usu2339\/2026\/02\/annex-batxibac-declaracio-complementaria-2026.pdf\" data-type=\"link\" data-id=\"https:\/\/agora.xtec.cat\/iesicaria\/wp-content\/uploads\/usu2339\/2024\/03\/annex-batxibac-declaracio-complementaria_2023_2024.pdf\">Declaraci\u00f3 complement\u00e0ria centres<\/a>.<\/li>\n<\/ol>\n\n\n\n<h2 class=\"wp-block-heading\">Acreditaci\u00f3 del nivell de franc\u00e8s<\/h2>\n\n\n\n<ul class=\"wp-block-list\">\n<li>Acreditaci\u00f3 de franc\u00e8s equivalent al nivell B1 del Marc Europeu de Refer\u00e8ncia per a les Lleng\u00fces.<\/li>\n\n\n\n<li>Els alumnes que justifiquin haver cursat estudis oficials en llengua francesa fins a 4t d\u2019ESO (\u201cSeconde\u201d).<\/li>\n\n\n\n<li>En cas de no tenir cap d\u2019aquestes acreditacions els alumnes hauran de superar una&nbsp;<strong>prova de nivell&nbsp;<\/strong>en llengua francesa organitzada pels professors del nostre institut.\n<ul class=\"wp-block-list\">\n<li><strong>Data i hora: dimecres 18\/03\/2026 a les 16 h<\/strong><\/li>\n\n\n\n<li>En cas de presentar-se a la prova de nivell, enviar pr\u00e8viament un correu avisant a <a href=\"mailto:mcervera@instituticaria.cat\"><a href=\"mailto:a8040141@xtec.cat\">a8040141@xtec.cat<\/a><\/a>, indicant en l\u2019assumpte: Prova nivell franc\u00e8s batxibac.<\/li>\n\n\n\n<li>Exercici de&nbsp;<strong>producci\u00f3 escrita d\u2019unes 200 paraules&nbsp;<\/strong>aproximadament segons un tema proposat.<\/li>\n\n\n\n<li>Breu&nbsp;<strong>entrevista d\u2019uns 10 minuts<\/strong>&nbsp;aproximadament on el candidat haur\u00e0 de respondre les preguntes de l\u2019examinador.<\/li>\n<\/ul>\n<\/li>\n<\/ul>\n\n\n\n<p><\/p>\n","protected":false},"excerpt":{"rendered":"<p>La doble titulaci\u00f3 Batxillerat-Baccalaur\u00e9at dona acc\u00e9s tant a les universitats espanyoles com a les franceses a trav\u00e9s de l\u2019obtenci\u00f3 simult\u00e0nia dels t\u00edtols del Batxillerat espanyol i el Baccalaur\u00e9at franc\u00e8s. El seu proc\u00e9s de preinscripci\u00f3 \u00e9s diferent del Batxillerat. La sol\u00b7licitud i la documentaci\u00f3 s\u2019han de presentar al centre on es vol estudiar el batxibac. Calendari [&hellip;]<\/p>\n","protected":false},"author":1,"featured_media":1879,"parent":63,"menu_order":1,"comment_status":"closed","ping_status":"close","template":"","meta":{"_bbp_topic_count":0,"_bbp_reply_count":0,"_bbp_total_topic_count":0,"_bbp_total_reply_count":0,"_bbp_voice_count":0,"_bbp_anonymous_reply_count":0,"_bbp_topic_count_hidden":0,"_bbp_reply_count_hidden":0,"_bbp_forum_subforum_count":0,"site-sidebar-layout":"default","site-content-layout":"","ast-site-content-layout":"default","site-content-style":"default","site-sidebar-style":"default","ast-global-header-display":"","ast-banner-title-visibility":"","ast-main-header-display":"","ast-hfb-above-header-display":"","ast-hfb-below-header-display":"","ast-hfb-mobile-header-display":"","site-post-title":"","ast-breadcrumbs-content":"","ast-featured-img":"","footer-sml-layout":"","theme-transparent-header-meta":"","adv-header-id-meta":"","stick-header-meta":"","header-above-stick-meta":"","header-main-stick-meta":"","header-below-stick-meta":"","astra-migrate-meta-layouts":"set","ast-page-background-enabled":"default","ast-page-background-meta":{"desktop":{"background-color":"var(--ast-global-color-4)","background-image":"","background-repeat":"repeat","background-position":"center center","background-size":"auto","background-attachment":"scroll","background-type":"","background-media":"","overlay-type":"","overlay-color":"","overlay-opacity":"","overlay-gradient":""},"tablet":{"background-color":"","background-image":"","background-repeat":"repeat","background-position":"center center","background-size":"auto","background-attachment":"scroll","background-type":"","background-media":"","overlay-type":"","overlay-color":"","overlay-opacity":"","overlay-gradient":""},"mobile":{"background-color":"","background-image":"","background-repeat":"repeat","background-position":"center center","background-size":"auto","background-attachment":"scroll","background-type":"","background-media":"","overlay-type":"","overlay-color":"","overlay-opacity":"","overlay-gradient":""}},"ast-content-background-meta":{"desktop":{"background-color":"var(--ast-global-color-5)","background-image":"","background-repeat":"repeat","background-position":"center center","background-size":"auto","background-attachment":"scroll","background-type":"","background-media":"","overlay-type":"","overlay-color":"","overlay-opacity":"","overlay-gradient":""},"tablet":{"background-color":"var(--ast-global-color-5)","background-image":"","background-repeat":"repeat","background-position":"center center","background-size":"auto","background-attachment":"scroll","background-type":"","background-media":"","overlay-type":"","overlay-color":"","overlay-opacity":"","overlay-gradient":""},"mobile":{"background-color":"var(--ast-global-color-5)","background-image":"","background-repeat":"repeat","background-position":"center center","background-size":"auto","background-attachment":"scroll","background-type":"","background-media":"","overlay-type":"","overlay-color":"","overlay-opacity":"","overlay-gradient":""}},"footnotes":""},"class_list":["post-1884","page","type-page","status-publish","has-post-thumbnail","hentry"],"post_mailing_queue_ids":[],"_links":{"self":[{"href":"https:\/\/agora.xtec.cat\/iesicaria\/wp-json\/wp\/v2\/pages\/1884","targetHints":{"allow":["GET"]}}],"collection":[{"href":"https:\/\/agora.xtec.cat\/iesicaria\/wp-json\/wp\/v2\/pages"}],"about":[{"href":"https:\/\/agora.xtec.cat\/iesicaria\/wp-json\/wp\/v2\/types\/page"}],"author":[{"embeddable":true,"href":"https:\/\/agora.xtec.cat\/iesicaria\/wp-json\/wp\/v2\/users\/1"}],"replies":[{"embeddable":true,"href":"https:\/\/agora.xtec.cat\/iesicaria\/wp-json\/wp\/v2\/comments?post=1884"}],"version-history":[{"count":6,"href":"https:\/\/agora.xtec.cat\/iesicaria\/wp-json\/wp\/v2\/pages\/1884\/revisions"}],"predecessor-version":[{"id":2886,"href":"https:\/\/agora.xtec.cat\/iesicaria\/wp-json\/wp\/v2\/pages\/1884\/revisions\/2886"}],"up":[{"embeddable":true,"href":"https:\/\/agora.xtec.cat\/iesicaria\/wp-json\/wp\/v2\/pages\/63"}],"wp:featuredmedia":[{"embeddable":true,"href":"https:\/\/agora.xtec.cat\/iesicaria\/wp-json\/wp\/v2\/media\/1879"}],"wp:attachment":[{"href":"https:\/\/agora.xtec.cat\/iesicaria\/wp-json\/wp\/v2\/media?parent=1884"}],"curies":[{"name":"wp","href":"https:\/\/api.w.org\/{rel}","templated":true}]}}