{"id":1719,"date":"2024-01-30T09:47:04","date_gmt":"2024-01-30T08:47:04","guid":{"rendered":"https:\/\/agora.xtec.cat\/iesicaria\/?page_id=1719"},"modified":"2024-06-28T12:36:35","modified_gmt":"2024-06-28T10:36:35","slug":"llambordes","status":"publish","type":"page","link":"https:\/\/agora.xtec.cat\/iesicaria\/projectes\/stolpersteine\/llambordes\/","title":{"rendered":"Llambordes"},"content":{"rendered":"\n<div class=\"wp-block-columns is-layout-flex wp-container-core-columns-is-layout-1 wp-block-columns-is-layout-flex\">\n<div class=\"wp-block-column is-layout-flow wp-block-column-is-layout-flow\">\n<p>Aquest curs des de l&#8217;Institut Ic\u00e0ria formem part del&nbsp;grup de recerca DEMD&nbsp;(Grup de treball del Departament d&#8217;Educaci\u00f3 i el Memorial Democr\u00e0tic). El nostre alumnat treballar\u00e0&nbsp;la import\u00e0ncia del tractament de les fonts, elaborar\u00e0 una informaci\u00f3 pr\u00f2pia i dissenyar\u00e0 un&nbsp;mapa virtual a trav\u00e9s d&#8217;un projecte col\u00b7laboratiu amb altres centres de Catalunya. Us anirem actualitzant la informaci\u00f3<\/p>\n<\/div>\n\n\n\n<div class=\"wp-block-column is-layout-flow wp-block-column-is-layout-flow\">\n<figure class=\"wp-block-image size-large\"><a href=\"https:\/\/memoria.gencat.cat\/ca\/inici\"><img loading=\"lazy\" decoding=\"async\" width=\"1024\" height=\"490\" src=\"https:\/\/agora.xtec.cat\/iesicaria\/wp-content\/uploads\/usu2339\/2024\/02\/Logo_memorial_color-1024x490.jpg\" alt=\"Memorial democr\u00e0tic\" class=\"wp-image-1733\" srcset=\"https:\/\/agora.xtec.cat\/iesicaria\/wp-content\/uploads\/usu2339\/2024\/02\/Logo_memorial_color-1024x490.jpg 1024w, https:\/\/agora.xtec.cat\/iesicaria\/wp-content\/uploads\/usu2339\/2024\/02\/Logo_memorial_color-300x144.jpg 300w, https:\/\/agora.xtec.cat\/iesicaria\/wp-content\/uploads\/usu2339\/2024\/02\/Logo_memorial_color-768x368.jpg 768w, https:\/\/agora.xtec.cat\/iesicaria\/wp-content\/uploads\/usu2339\/2024\/02\/Logo_memorial_color.jpg 1136w\" sizes=\"auto, (max-width: 1024px) 100vw, 1024px\" \/><\/a><\/figure>\n<\/div>\n<\/div>\n\n\n\n<p>En elaboraci\u00f3&#8230;<\/p>\n\n\n\n<iframe src='https:\/\/edumet.cat\/areatac\/presentacions\/index.php?ID=1lGSmhBiNPMoc2a8aMjPjEEERLkohaLCDugPOUsn5qQg&#038;config=ConfigPublica' style='width:100%;height:800px;border:1px solid #087EB6;border-radius:18px'><\/iframe>\n","protected":false},"excerpt":{"rendered":"<p>Aquest curs des de l&#8217;Institut Ic\u00e0ria formem part del&nbsp;grup de recerca DEMD&nbsp;(Grup de treball del Departament d&#8217;Educaci\u00f3 i el Memorial Democr\u00e0tic). El nostre alumnat treballar\u00e0&nbsp;la import\u00e0ncia del tractament de les fonts, elaborar\u00e0 una informaci\u00f3 pr\u00f2pia i dissenyar\u00e0 un&nbsp;mapa virtual a trav\u00e9s d&#8217;un projecte col\u00b7laboratiu amb altres centres de Catalunya. Us anirem actualitzant la informaci\u00f3 En [&hellip;]<\/p>\n","protected":false},"author":1,"featured_media":0,"parent":1604,"menu_order":0,"comment_status":"closed","ping_status":"close","template":"page-templates\/side-menu.php","meta":{"_bbp_topic_count":0,"_bbp_reply_count":0,"_bbp_total_topic_count":0,"_bbp_total_reply_count":0,"_bbp_voice_count":0,"_bbp_anonymous_reply_count":0,"_bbp_topic_count_hidden":0,"_bbp_reply_count_hidden":0,"_bbp_forum_subforum_count":0,"site-sidebar-layout":"default","site-content-layout":"","ast-site-content-layout":"","site-content-style":"default","site-sidebar-style":"default","ast-global-header-display":"","ast-banner-title-visibility":"","ast-main-header-display":"","ast-hfb-above-header-display":"","ast-hfb-below-header-display":"","ast-hfb-mobile-header-display":"","site-post-title":"","ast-breadcrumbs-content":"","ast-featured-img":"","footer-sml-layout":"","theme-transparent-header-meta":"","adv-header-id-meta":"","stick-header-meta":"","header-above-stick-meta":"","header-main-stick-meta":"","header-below-stick-meta":"","astra-migrate-meta-layouts":"default","ast-page-background-enabled":"default","ast-page-background-meta":{"desktop":{"background-color":"var(--ast-global-color-4)","background-image":"","background-repeat":"repeat","background-position":"center center","background-size":"auto","background-attachment":"scroll","background-type":"","background-media":"","overlay-type":"","overlay-color":"","overlay-opacity":"","overlay-gradient":""},"tablet":{"background-color":"","background-image":"","background-repeat":"repeat","background-position":"center center","background-size":"auto","background-attachment":"scroll","background-type":"","background-media":"","overlay-type":"","overlay-color":"","overlay-opacity":"","overlay-gradient":""},"mobile":{"background-color":"","background-image":"","background-repeat":"repeat","background-position":"center center","background-size":"auto","background-attachment":"scroll","background-type":"","background-media":"","overlay-type":"","overlay-color":"","overlay-opacity":"","overlay-gradient":""}},"ast-content-background-meta":{"desktop":{"background-color":"var(--ast-global-color-5)","background-image":"","background-repeat":"repeat","background-position":"center center","background-size":"auto","background-attachment":"scroll","background-type":"","background-media":"","overlay-type":"","overlay-color":"","overlay-opacity":"","overlay-gradient":""},"tablet":{"background-color":"var(--ast-global-color-5)","background-image":"","background-repeat":"repeat","background-position":"center center","background-size":"auto","background-attachment":"scroll","background-type":"","background-media":"","overlay-type":"","overlay-color":"","overlay-opacity":"","overlay-gradient":""},"mobile":{"background-color":"var(--ast-global-color-5)","background-image":"","background-repeat":"repeat","background-position":"center center","background-size":"auto","background-attachment":"scroll","background-type":"","background-media":"","overlay-type":"","overlay-color":"","overlay-opacity":"","overlay-gradient":""}},"footnotes":""},"class_list":["post-1719","page","type-page","status-publish","hentry"],"post_mailing_queue_ids":[],"_links":{"self":[{"href":"https:\/\/agora.xtec.cat\/iesicaria\/wp-json\/wp\/v2\/pages\/1719","targetHints":{"allow":["GET"]}}],"collection":[{"href":"https:\/\/agora.xtec.cat\/iesicaria\/wp-json\/wp\/v2\/pages"}],"about":[{"href":"https:\/\/agora.xtec.cat\/iesicaria\/wp-json\/wp\/v2\/types\/page"}],"author":[{"embeddable":true,"href":"https:\/\/agora.xtec.cat\/iesicaria\/wp-json\/wp\/v2\/users\/1"}],"replies":[{"embeddable":true,"href":"https:\/\/agora.xtec.cat\/iesicaria\/wp-json\/wp\/v2\/comments?post=1719"}],"version-history":[{"count":6,"href":"https:\/\/agora.xtec.cat\/iesicaria\/wp-json\/wp\/v2\/pages\/1719\/revisions"}],"predecessor-version":[{"id":2051,"href":"https:\/\/agora.xtec.cat\/iesicaria\/wp-json\/wp\/v2\/pages\/1719\/revisions\/2051"}],"up":[{"embeddable":true,"href":"https:\/\/agora.xtec.cat\/iesicaria\/wp-json\/wp\/v2\/pages\/1604"}],"wp:attachment":[{"href":"https:\/\/agora.xtec.cat\/iesicaria\/wp-json\/wp\/v2\/media?parent=1719"}],"curies":[{"name":"wp","href":"https:\/\/api.w.org\/{rel}","templated":true}]}}