{"id":1328,"date":"2023-10-02T20:03:35","date_gmt":"2023-10-02T18:03:35","guid":{"rendered":"https:\/\/agora.xtec.cat\/iesicaria\/?page_id=1328"},"modified":"2025-11-24T12:53:28","modified_gmt":"2025-11-24T11:53:28","slug":"convalidacions-estudis-musica-dansa-i-esport","status":"publish","type":"page","link":"https:\/\/agora.xtec.cat\/iesicaria\/serveis\/convalidacions-estudis-musica-dansa-i-esport\/","title":{"rendered":"Convalidacions m\u00fasica, dansa, esport i idiomes"},"content":{"rendered":"\n<p id=\"dalt\">Els alumnes d&#8217;ESO i batxillerat que cursen estudis de m\u00fasica i dansa a conservatoris, centres professionals i escoles reconegudes pel Departament d&#8217;Educaci\u00f3 poden demanar la convalidaci\u00f3 o el reconeixement de determinades mat\u00e8ries d&#8217;ESO. Vegeu la informaci\u00f3 completa als documents&nbsp;<a rel=\"noreferrer noopener\" href=\"https:\/\/documents.espai.educacio.gencat.cat\/IPCNormativa\/DOIGC\/CUR_Simultaneitat_musica.pdf\" target=\"_blank\">Simultane\u00eftat d&#8217;estudis d&#8217;ESO o de batxillerat amb estudis de m\u00fasica<\/a>&nbsp;i&nbsp;<a rel=\"noreferrer noopener\" href=\"https:\/\/documents.espai.educacio.gencat.cat\/IPCNormativa\/DOIGC\/CUR_Simultaneitat_dansa.pdf\" target=\"_blank\">Simultane\u00eftat d&#8217;estudis d&#8217;ESO o de batxillerat amb estudis de dansa<\/a>.<\/p>\n\n\n\n<p>De forma semblant els alumnes que formen part d&#8217;un programa de tecnificaci\u00f3 d&#8217;alt nivell (ARC) o que tenen una dedicaci\u00f3 significativa a l&#8217;esport poden demanar la convalidaci\u00f3 de mat\u00e8ries a l&#8217;ESO i batxillerat.<\/p>\n\n\n\n<p>Igualment, els alumnes que estudien un idioma estranger a les escoles oficials d&#8217;idiomes (EOI) poden demanar la convalidaci\u00f3 d&#8217;algunes mat\u00e8ries a l&#8217;ESO i al batxillerat.<\/p>\n\n\n\n<div class=\"wp-block-columns are-vertically-aligned-center has-black-color has-white-background-color has-text-color has-background is-layout-flex wp-container-core-columns-is-layout-1 wp-block-columns-is-layout-flex\">\n<div class=\"wp-block-column is-vertically-aligned-center is-layout-flow wp-block-column-is-layout-flow\">\n<p class=\"has-text-align-center\"><a href=\"#musica\">M\u00fasica<\/a><\/p>\n<\/div>\n\n\n\n<div class=\"wp-block-column is-vertically-aligned-center is-layout-flow wp-block-column-is-layout-flow\">\n<p class=\"has-text-align-center\"><a href=\"#dansa\">Dansa<\/a><\/p>\n<\/div>\n\n\n\n<div class=\"wp-block-column is-vertically-aligned-center is-layout-flow wp-block-column-is-layout-flow\">\n<p class=\"has-text-align-center\"><a href=\"#esport\">Esport<\/a><\/p>\n<\/div>\n\n\n\n<div class=\"wp-block-column is-layout-flow wp-block-column-is-layout-flow\">\n<p><a href=\"https:\/\/agora.xtec.cat\/iesicaria\/serveis\/convalidacions-estudis-musica-dansa-i-esport\/#idiomes\">Idiomes estrangers<\/a><\/p>\n<\/div>\n<\/div>\n\n\n\n<p>El procediment \u00e9s semblant en les quatre situacions:<\/p>\n\n\n\n<ol class=\"wp-block-list\">\n<li>Presentaci\u00f3 de la sol\u00b7licitud a la secretaria del centre amb l&#8217;aportaci\u00f3 de la documentaci\u00f3 que justifica l&#8217;exempci\u00f3.<\/li>\n\n\n\n<li>La sol\u00b7licitud ha de ser aprovada pel centre.<\/li>\n<\/ol>\n\n\n\n<p><strong>Les convalidacions s\u00f3n v\u00e0lides per al curs actual i s&#8217;han de renovar de forma anual.<\/strong><\/p>\n\n\n\n<h4 class=\"wp-block-heading\" id=\"musica\">M\u00fasica<\/h4>\n\n\n\n<p>Segons el tipus de centre i dedicaci\u00f3 es pot demanar la convalidaci\u00f3 de les seg\u00fcents mat\u00e8ries:<\/p>\n\n\n\n<h5 class=\"wp-block-heading\">Conservatori o centre professional<\/h5>\n\n\n\n<ul class=\"wp-block-list\">\n<li>M\u00fasica ESO (mat\u00e8ria comuna de 1r a 3r).<\/li>\n\n\n\n<li>Les mat\u00e8ries optatives de 1r a 3r ESO (2 hores setmanals per curs)<\/li>\n\n\n\n<li>Una mat\u00e8ria optativa de 4t ESO (fins a un m\u00e0xim de 4 hores setmanals)<\/li>\n\n\n\n<li>Batxillerat, a 1r: 6 hores setmanals de la franja d&#8217;optatives<\/li>\n\n\n\n<li>Batxillerat, a 2n: 4 hores setmanals de la franja d&#8217;optatives<\/li>\n<\/ul>\n\n\n\n<h5 class=\"wp-block-heading\">Escola de m\u00fasica reconeguda pel departament i dedicaci\u00f3 de 4 hores o m\u00e9s setmanals<\/h5>\n\n\n\n<ul id=\"block-40f4bec2-0bca-45d9-8d5e-37d43d38e753\" class=\"wp-block-list\">\n<li>M\u00fasica ESO (mat\u00e8ria comuna de 1r a 3r).<\/li>\n\n\n\n<li>Les mat\u00e8ries optatives de 1r a 3r ESO (2 hores setmanals per curs)<\/li>\n\n\n\n<li>Una mat\u00e8ria optativa de 4t ESO (fins a un m\u00e0xim de 4 hores setmanals)<\/li>\n\n\n\n<li>Batxillerat, a 1r: 6 hores setmanals de la franja d&#8217;optatives<\/li>\n\n\n\n<li>Batxillerat, a 2n: 4 hores setmanals de la franja d&#8217;optatives\n<ul class=\"wp-block-list\">\n<li>Requisits per a la convalidaci\u00f3 a batxillerat<\/li>\n\n\n\n<li>Haver superat la prova d&#8217;acc\u00e9s als ensenyaments de grau professional de m\u00fasica.<\/li>\n\n\n\n<li>Cursar estudis que incloguin, com a m\u00ednim, Llenguatge Musical o Harmonia, Instrument i Pr\u00e0ctica Instrumental en grup<\/li>\n<\/ul>\n<\/li>\n<\/ul>\n\n\n\n<h5 class=\"wp-block-heading\">Escola de m\u00fasica reconeguda pel departament i dedicaci\u00f3 de 3 hores o menys setmanals<\/h5>\n\n\n\n<ul id=\"block-817582c7-7e4d-4d13-8e6f-57c8d8c659bf\" class=\"wp-block-list\">\n<li>Les mat\u00e8ries optatives de 1r a 3r (2 hores setmanals per curs)<\/li>\n\n\n\n<li>Una mat\u00e8ria optativa de 4t (fins a un m\u00e0xim de 2 hores setmanals)<\/li>\n<\/ul>\n\n\n\n<div class=\"wp-block-columns is-layout-flex wp-container-core-columns-is-layout-2 wp-block-columns-is-layout-flex\">\n<div class=\"wp-block-column is-layout-flow wp-block-column-is-layout-flow\" style=\"flex-basis:33.34%\">\n<div class=\"wp-block-buttons is-horizontal is-content-justification-center is-layout-flex wp-container-core-buttons-is-layout-1 wp-block-buttons-is-layout-flex\">\n<div class=\"wp-block-button is-style-outline is-style-outline--1\"><a class=\"wp-block-button__link wp-element-button\" href=\"https:\/\/documents.espai.educacio.gencat.cat\/FormularisModels\/CentresGestioAdministrativa\/SimultaneitatMusicaDansa\/APU154.pdf\">Sol\u00b7licitud m\u00fasica ESO<\/a><\/div>\n<\/div>\n<\/div>\n\n\n\n<div class=\"wp-block-column is-layout-flow wp-block-column-is-layout-flow\" style=\"flex-basis:33.34%\">\n<div class=\"wp-block-buttons is-layout-flex wp-block-buttons-is-layout-flex\">\n<div class=\"wp-block-button is-style-outline is-style-outline--2\"><a class=\"wp-block-button__link wp-element-button\" href=\"https:\/\/documents.espai.educacio.gencat.cat\/FormularisModels\/CentresGestioAdministrativa\/SimultaneitatMusicaDansa\/APU138.pdf\">Sol\u00b7licitud m\u00fasica batxillerat conservatori<\/a><\/div>\n<\/div>\n<\/div>\n\n\n\n<div class=\"wp-block-column is-layout-flow wp-block-column-is-layout-flow\" style=\"flex-basis:33.33%\">\n<div class=\"wp-block-buttons is-layout-flex wp-block-buttons-is-layout-flex\">\n<div class=\"wp-block-button is-style-outline is-style-outline--3\"><a class=\"wp-block-button__link wp-element-button\" href=\"https:\/\/documents.espai.educacio.gencat.cat\/FormularisModels\/CentresGestioAdministrativa\/SimultaneitatMusicaDansa\/APU140.pdf\">Sol\u00b7licitud m\u00fasica batxillerat escola reconeguda<\/a><\/div>\n<\/div>\n<\/div>\n<\/div>\n\n\n\n<p class=\"has-text-align-center\"><a href=\"#dalt\">\u25b2<\/a><\/p>\n\n\n\n<h4 class=\"wp-block-heading\" id=\"dansa\">Dansa<\/h4>\n\n\n\n<p>Segons el tipus de centre i dedicaci\u00f3 es pot demanar la convalidaci\u00f3 de les seg\u00fcents mat\u00e8ries:<\/p>\n\n\n\n<h5 class=\"wp-block-heading block-editor-rich-text__editable block-editor-block-list__block wp-block is-focus-mode rich-text\" id=\"block-3d68b008-ffa7-40e6-993a-3668e0ce0d62\">Conservatori o centre professional<\/h5>\n\n\n\n<ul id=\"block-32876d7a-d241-4595-89cb-348cb8010f94\" class=\"wp-block-list block-editor-rich-text__editable block-editor-block-list__block wp-block is-focus-mode rich-text\">\n<li>Educaci\u00f3 F\u00edsica ESO<\/li>\n\n\n\n<li>M\u00fasica ESO (mat\u00e8ria comuna de 1r a 3r).<\/li>\n\n\n\n<li>Les mat\u00e8ries optatives de 1r a 3r ESO (2 hores setmanals per curs)<\/li>\n\n\n\n<li>Una mat\u00e8ria optativa de 4t ESO (fins a un m\u00e0xim de 4 hores setmanals)<\/li>\n\n\n\n<li>Educaci\u00f3 F\u00edsica Batxillerat<\/li>\n\n\n\n<li>Batxillerat, a 1r: 6 hores setmanals de la franja d&#8217;optatives<\/li>\n\n\n\n<li>Batxillerat, a 2n: 4 hores setmanals de la franja d&#8217;optatives<\/li>\n<\/ul>\n\n\n\n<h5 class=\"wp-block-heading block-editor-rich-text__editable block-editor-block-list__block wp-block is-focus-mode rich-text\" id=\"block-a17e89d5-0244-4116-a903-11b7a710e659\">Escola de dansa reconeguda pel departament i dedicaci\u00f3 d&#8217;11 hores o m\u00e9s setmanals<\/h5>\n\n\n\n<ul id=\"block-b28f2777-7ecf-4337-adc9-b5e29bcf776f\" class=\"wp-block-list block-editor-rich-text__editable block-editor-block-list__block wp-block is-focus-mode rich-text\">\n<li>Educaci\u00f3 f\u00edsica ESO<\/li>\n\n\n\n<li>M\u00fasica ESO (mat\u00e8ria comuna de 1r a 3r).<\/li>\n\n\n\n<li>Les mat\u00e8ries optatives de 1r a 3r ESO (2 hores setmanals per curs)<\/li>\n\n\n\n<li>Una mat\u00e8ria optativa de 4t ESO (fins a un m\u00e0xim de 4 hores setmanals)<\/li>\n\n\n\n<li>Educaci\u00f3 f\u00edsica batxillerat<\/li>\n\n\n\n<li>Batxillerat, a 1r: 6 hores setmanals de la franja d&#8217;optatives<\/li>\n\n\n\n<li>Batxillerat, a 2n: 4 hores setmanals de la franja d&#8217;optatives\n<ul class=\"wp-block-list\">\n<li>Requisits per a la convalidaci\u00f3 a batxillerat<\/li>\n\n\n\n<li>Haver superat la prova d&#8217;acc\u00e9s als ensenyaments de grau professional.<\/li>\n\n\n\n<li>Cursar, com a m\u00ednim, Dansa Cl\u00e0ssica, T\u00e8cniques de Dansa Contempor\u00e0nia o de Dansa Espanyola i continguts de m\u00fasica. <\/li>\n<\/ul>\n<\/li>\n<\/ul>\n\n\n\n<h5 class=\"wp-block-heading block-editor-rich-text__editable block-editor-block-list__block wp-block is-focus-mode rich-text\" id=\"block-a17e89d5-0244-4116-a903-11b7a710e659\">Escola de dansa reconeguda pel departament i dedicaci\u00f3 de 7 o m\u00e9s hores setmanals<\/h5>\n\n\n\n<ul id=\"block-b28f2777-7ecf-4337-adc9-b5e29bcf776f\" class=\"wp-block-list block-editor-rich-text__editable block-editor-block-list__block wp-block is-focus-mode rich-text\">\n<li>Educaci\u00f3 f\u00edsica ESO<\/li>\n\n\n\n<li>Les mat\u00e8ries optatives de 1r a 3r ESO (2 hores setmanals per curs)<\/li>\n\n\n\n<li>Una mat\u00e8ria optativa de 4t ESO (fins a un m\u00e0xim de 4 hores setmanals)<\/li>\n\n\n\n<li>Educaci\u00f3 f\u00edsica batxillerat<\/li>\n<\/ul>\n\n\n\n<h5 class=\"wp-block-heading block-editor-rich-text__editable block-editor-block-list__block wp-block is-focus-mode rich-text\" id=\"block-a17e89d5-0244-4116-a903-11b7a710e659\">Escola de dansa reconeguda pel departament i dedicaci\u00f3 entre 5 i 7 hores setmanals<\/h5>\n\n\n\n<ul id=\"block-b28f2777-7ecf-4337-adc9-b5e29bcf776f\" class=\"wp-block-list block-editor-rich-text__editable block-editor-block-list__block wp-block is-focus-mode rich-text\">\n<li>Educaci\u00f3 f\u00edsica ESO<\/li>\n<\/ul>\n\n\n\n<div class=\"wp-block-columns is-layout-flex wp-container-core-columns-is-layout-3 wp-block-columns-is-layout-flex\">\n<div class=\"wp-block-column is-layout-flow wp-block-column-is-layout-flow\" style=\"flex-basis:33.34%\">\n<div class=\"wp-block-buttons is-horizontal is-content-justification-center is-layout-flex wp-container-core-buttons-is-layout-4 wp-block-buttons-is-layout-flex\">\n<div class=\"wp-block-button is-style-outline is-style-outline--4\"><a class=\"wp-block-button__link wp-element-button\" href=\"https:\/\/documents.espai.educacio.gencat.cat\/FormularisModels\/CentresGestioAdministrativa\/SimultaneitatMusicaDansa\/A504.pdf\">Sol\u00b7licitud dansa ESO<\/a><\/div>\n<\/div>\n<\/div>\n\n\n\n<div class=\"wp-block-column is-layout-flow wp-block-column-is-layout-flow\" style=\"flex-basis:33.34%\">\n<div class=\"wp-block-buttons is-layout-flex wp-block-buttons-is-layout-flex\">\n<div class=\"wp-block-button is-style-outline is-style-outline--5\"><a class=\"wp-block-button__link wp-element-button\" href=\"https:\/\/documents.espai.educacio.gencat.cat\/FormularisModels\/CentresGestioAdministrativa\/SimultaneitatMusicaDansa\/APU145.pdf\">Sol\u00b7licitud dansa batxillerat conservatori<\/a><\/div>\n<\/div>\n<\/div>\n\n\n\n<div class=\"wp-block-column is-layout-flow wp-block-column-is-layout-flow\" style=\"flex-basis:33.33%\">\n<div class=\"wp-block-buttons is-layout-flex wp-block-buttons-is-layout-flex\">\n<div class=\"wp-block-button is-style-outline is-style-outline--6\"><a class=\"wp-block-button__link wp-element-button\" href=\"https:\/\/documents.espai.educacio.gencat.cat\/FormularisModels\/CentresGestioAdministrativa\/SimultaneitatMusicaDansa\/APU147.pdf\">Sol\u00b7licitud dansa batxillerat escola reconeguda<\/a><\/div>\n<\/div>\n<\/div>\n<\/div>\n\n\n\n<p class=\"has-text-align-center\"><a href=\"#dalt\">\u25b2<\/a><\/p>\n\n\n\n<h4 class=\"wp-block-heading\" id=\"esport\">Esport<\/h4>\n\n\n\n<h5 class=\"wp-block-heading\">Alumnes que simultaniegen l&#8217;ESO amb dedicaci\u00f3 significativa a l&#8217;esport<\/h5>\n\n\n\n<p>1.&nbsp;Alumnes amb dedicaci\u00f3 significativa a l\u2019esport inclosos en algun dels&nbsp;<a href=\"https:\/\/esport.gencat.cat\/ca\/arees_dactuacio\/alt-rendiment-i-esport-federat\/esportistes-alt-rendiment-catala\/index.html\">programes ARC<\/a>&nbsp;(esportistes d\u2019alt rendiment catal\u00e0)<\/p>\n\n\n\n<p>Els i les alumnes amb dedicaci\u00f3 significativa a l\u2019esport&nbsp;avalada pel Consell Catal\u00e0 de l\u2019Esport&nbsp;matriculats en centres que no siguin centres educatius d&#8217;especial atenci\u00f3 a la pr\u00e0ctica esportiva, poden sol\u00b7licitar al director o directora del centre educatiu, en el primer trimestre del curs, que els reconeguin la mat\u00e8ria d\u2019Educaci\u00f3 F\u00edsica. El reconeixement de la mat\u00e8ria d&#8217;Educaci\u00f3 F\u00edsica implica que no t\u00e9 qualificaci\u00f3 ni computa a l\u2019efecte del c\u00e0lcul de la mitjana, i a les actes cal indicar \u201cconvalidat\u201d.<\/p>\n\n\n\n<p>2. Alumnes amb dedicaci\u00f3 significativa a l&#8217;esport que&nbsp;no pertanyen a cap dels programes ARC<\/p>\n\n\n\n<p>Els casos en qu\u00e8 l&#8217;alumnat participa regularment en competicions que impliquen una alta exig\u00e8ncia personal es pot valorar la conveni\u00e8ncia d&#8217;adoptar mesures i suports addicionals d&#8217;atenci\u00f3 educativa. La Comissi\u00f3 d&#8217;Atenci\u00f3 Educativa inclusiva (CAEI) ha d&#8217;acordar aquestes mesures que han de quedar establertes en un pla de suport individualitzat (PI). Aquest sup\u00f2sit,&nbsp;no comporta en cap cas el reconeixement de la mat\u00e8ria d&#8217;Educaci\u00f3 F\u00edsica.<\/p>\n\n\n\n<h5 class=\"wp-block-heading\"><strong>Alumnes de batxillerat amb dedicaci\u00f3 significativa a l&#8217;esport matriculats en altres centres<\/strong><\/h5>\n\n\n\n<p>Els i les alumnes amb dedicaci\u00f3 significativa a l&#8217;esport, avalada pel Consell Catal\u00e0 de l&#8217;Esport i matriculats en centres que no pertanyen als centres educatius d&#8217;especial atenci\u00f3 a la pr\u00e0ctica esportiva, poden sol\u00b7licitar al director o directora del centre educatiu, durant el primer trimestre del curs, que se&#8217;ls apliqui un PI que inclogui el reconeixement de la mat\u00e8ria d&#8217;Educaci\u00f3 F\u00edsica i de les mat\u00e8ries optatives&nbsp;tant de primer (6 hores) com de segon (4 hores) de batxillerat.<\/p>\n\n\n\n<p>El director o directora del centre educatiu aprova el PI, que comporta la convalidaci\u00f3 de la mat\u00e8ria d&#8217;Educaci\u00f3 F\u00edsica i de dues franges de mat\u00e8ries optatives (6h) de primer o b\u00e9 de la franja de mat\u00e8ries optatives&nbsp;de segon curs (4h).\u200b<\/p>\n\n\n\n<p>A l&#8217;efecte de la convalidaci\u00f3 de la franja de mat\u00e8ries&nbsp;optatives\/espec\u00edfiques, cal tenir en compte que es consideren optatives\/espec\u00edfiques tamb\u00e9 les mat\u00e8ries de modalitat que excedeixin de les mat\u00e8ries de modalitat que l&#8217;alumne o alumna ha de cursar en cada curs de batxillerat.<\/p>\n\n\n\n<p><a href=\"https:\/\/web.gencat.cat\/ca\/tramits\/tramits-temes\/Sollicitud-del-certificat-desportista-dAlt-Rendiment-o-de-Tecnificacio\">Sol\u00b7licitud del certificat d\u2019esportista d\u2019Alt Rendiment o de Tecnificaci\u00f3<\/a><\/p>\n\n\n\n<div class=\"wp-block-buttons is-horizontal is-content-justification-center is-layout-flex wp-container-core-buttons-is-layout-7 wp-block-buttons-is-layout-flex\">\n<div class=\"wp-block-button is-style-outline is-style-outline--7\"><a class=\"wp-block-button__link wp-element-button\" href=\"https:\/\/documents.espai.educacio.gencat.cat\/FormularisModels\/CentresDocumentacioAcademica\/APR545.pdf\" style=\"border-radius:5px\">Sol\u00b7licitud Esport ESO<\/a><\/div>\n\n\n\n<div class=\"wp-block-button is-style-outline is-style-outline--8\"><a class=\"wp-block-button__link wp-element-button\" href=\"https:\/\/agora.xtec.cat\/iesicaria\/wp-content\/uploads\/usu2339\/2023\/10\/sollicitud-esport-batx.pdf\" style=\"border-radius:5px\">Sol\u00b7licitud Esport batxillerat<\/a><\/div>\n<\/div>\n\n\n\n<p class=\"has-text-align-center\"><a href=\"#dalt\">\u25b2<\/a><\/p>\n\n\n\n<h4 class=\"wp-block-heading\" id=\"idiomes\">Idiomes estrangers<\/h4>\n\n\n\n<p>A l\u2019educaci\u00f3 secund\u00e0ria, l\u2019alumnat que cursa una segona llengua estrangera en una escola oficial d\u2019idiomes, que no s\u2019ofereix en el centre educatiu, pot sol\u00b7licitar-ne el reconeixement. En aquest cas, l\u2019alumne o alumna ha d\u2019acreditar que est\u00e0 matriculat en una EOI i ha de comunicar, si es dona el cas, l\u2019abandonament d\u2019aquests estudis.<\/p>\n\n\n\n<p>L&#8217;alumnat que cursa el <strong>batxillerat<\/strong> i, al mateix temps, una <strong>segona llengua estrangera<\/strong> en una escola oficial d&#8217;idiomes (EOI) pot sol\u00b7licitar, cada curs, la convalidaci\u00f3 de sis hores a 1r de batxillerat i quatre hores a 2n de batxillerat de les franges de mat\u00e8ries optatives, si es dona alguna de les condicions seg\u00fcents:<\/p>\n\n\n\n<ul class=\"wp-block-list\">\n<li>Es cursa a l&#8217;EOI amb el nivell B2 o superior una segona llengua estrangera que ofereix el centre.<\/li>\n\n\n\n<li>Es cursa a l&#8217;EOI una llengua estrangera que no ofereix el centre.<\/li>\n<\/ul>\n\n\n\n<div class=\"wp-block-buttons is-content-justification-center is-layout-flex wp-container-core-buttons-is-layout-8 wp-block-buttons-is-layout-flex\">\n<div class=\"wp-block-button\"><a class=\"wp-block-button__link has-text-align-center wp-element-button\" href=\"https:\/\/agora.xtec.cat\/iesicaria\/wp-content\/uploads\/usu2339\/2025\/11\/Convalidacio-EOI-batxillerat.pdf\">Sol\u00b7licitud  Idiomes estrangers<\/a><\/div>\n<\/div>\n\n\n\n<p class=\"has-text-align-center\"><a href=\"#dalt\">\u25b2<\/a><\/p>\n","protected":false},"excerpt":{"rendered":"<p>Els alumnes d&#8217;ESO i batxillerat que cursen estudis de m\u00fasica i dansa a conservatoris, centres professionals i escoles reconegudes pel Departament d&#8217;Educaci\u00f3 poden demanar la convalidaci\u00f3 o el reconeixement de determinades mat\u00e8ries d&#8217;ESO. Vegeu la informaci\u00f3 completa als documents&nbsp;Simultane\u00eftat d&#8217;estudis d&#8217;ESO o de batxillerat amb estudis de m\u00fasica&nbsp;i&nbsp;Simultane\u00eftat d&#8217;estudis d&#8217;ESO o de batxillerat amb estudis [&hellip;]<\/p>\n","protected":false},"author":1,"featured_media":732,"parent":63,"menu_order":2,"comment_status":"closed","ping_status":"closed","template":"","meta":{"_bbp_topic_count":0,"_bbp_reply_count":0,"_bbp_total_topic_count":0,"_bbp_total_reply_count":0,"_bbp_voice_count":0,"_bbp_anonymous_reply_count":0,"_bbp_topic_count_hidden":0,"_bbp_reply_count_hidden":0,"_bbp_forum_subforum_count":0,"site-sidebar-layout":"default","site-content-layout":"","ast-site-content-layout":"default","site-content-style":"default","site-sidebar-style":"default","ast-global-header-display":"","ast-banner-title-visibility":"","ast-main-header-display":"","ast-hfb-above-header-display":"","ast-hfb-below-header-display":"","ast-hfb-mobile-header-display":"","site-post-title":"","ast-breadcrumbs-content":"","ast-featured-img":"","footer-sml-layout":"","theme-transparent-header-meta":"","adv-header-id-meta":"","stick-header-meta":"","header-above-stick-meta":"","header-main-stick-meta":"","header-below-stick-meta":"","astra-migrate-meta-layouts":"set","ast-page-background-enabled":"default","ast-page-background-meta":{"desktop":{"background-color":"var(--ast-global-color-4)","background-image":"","background-repeat":"repeat","background-position":"center center","background-size":"auto","background-attachment":"scroll","background-type":"","background-media":"","overlay-type":"","overlay-color":"","overlay-opacity":"","overlay-gradient":""},"tablet":{"background-color":"","background-image":"","background-repeat":"repeat","background-position":"center center","background-size":"auto","background-attachment":"scroll","background-type":"","background-media":"","overlay-type":"","overlay-color":"","overlay-opacity":"","overlay-gradient":""},"mobile":{"background-color":"","background-image":"","background-repeat":"repeat","background-position":"center center","background-size":"auto","background-attachment":"scroll","background-type":"","background-media":"","overlay-type":"","overlay-color":"","overlay-opacity":"","overlay-gradient":""}},"ast-content-background-meta":{"desktop":{"background-color":"var(--ast-global-color-5)","background-image":"","background-repeat":"repeat","background-position":"center center","background-size":"auto","background-attachment":"scroll","background-type":"","background-media":"","overlay-type":"","overlay-color":"","overlay-opacity":"","overlay-gradient":""},"tablet":{"background-color":"var(--ast-global-color-5)","background-image":"","background-repeat":"repeat","background-position":"center center","background-size":"auto","background-attachment":"scroll","background-type":"","background-media":"","overlay-type":"","overlay-color":"","overlay-opacity":"","overlay-gradient":""},"mobile":{"background-color":"var(--ast-global-color-5)","background-image":"","background-repeat":"repeat","background-position":"center center","background-size":"auto","background-attachment":"scroll","background-type":"","background-media":"","overlay-type":"","overlay-color":"","overlay-opacity":"","overlay-gradient":""}},"footnotes":""},"class_list":["post-1328","page","type-page","status-publish","has-post-thumbnail","hentry"],"post_mailing_queue_ids":[],"_links":{"self":[{"href":"https:\/\/agora.xtec.cat\/iesicaria\/wp-json\/wp\/v2\/pages\/1328","targetHints":{"allow":["GET"]}}],"collection":[{"href":"https:\/\/agora.xtec.cat\/iesicaria\/wp-json\/wp\/v2\/pages"}],"about":[{"href":"https:\/\/agora.xtec.cat\/iesicaria\/wp-json\/wp\/v2\/types\/page"}],"author":[{"embeddable":true,"href":"https:\/\/agora.xtec.cat\/iesicaria\/wp-json\/wp\/v2\/users\/1"}],"replies":[{"embeddable":true,"href":"https:\/\/agora.xtec.cat\/iesicaria\/wp-json\/wp\/v2\/comments?post=1328"}],"version-history":[{"count":5,"href":"https:\/\/agora.xtec.cat\/iesicaria\/wp-json\/wp\/v2\/pages\/1328\/revisions"}],"predecessor-version":[{"id":2719,"href":"https:\/\/agora.xtec.cat\/iesicaria\/wp-json\/wp\/v2\/pages\/1328\/revisions\/2719"}],"up":[{"embeddable":true,"href":"https:\/\/agora.xtec.cat\/iesicaria\/wp-json\/wp\/v2\/pages\/63"}],"wp:featuredmedia":[{"embeddable":true,"href":"https:\/\/agora.xtec.cat\/iesicaria\/wp-json\/wp\/v2\/media\/732"}],"wp:attachment":[{"href":"https:\/\/agora.xtec.cat\/iesicaria\/wp-json\/wp\/v2\/media?parent=1328"}],"curies":[{"name":"wp","href":"https:\/\/api.w.org\/{rel}","templated":true}]}}