{"id":1245,"date":"2024-02-20T08:34:39","date_gmt":"2024-02-20T07:34:39","guid":{"rendered":"https:\/\/agora.xtec.cat\/iesicaria\/?page_id=1245"},"modified":"2026-04-15T16:49:33","modified_gmt":"2026-04-15T14:49:33","slug":"preinscripcio-i-matricula","status":"publish","type":"page","link":"https:\/\/agora.xtec.cat\/iesicaria\/serveis\/preinscripcio-i-matricula\/","title":{"rendered":"Preinscripci\u00f3 i matr\u00edcula ESO"},"content":{"rendered":"\n<figure class=\"wp-block-image size-large\"><a href=\"https:\/\/agora.xtec.cat\/iesicaria\/wp-content\/uploads\/usu2339\/2026\/02\/Preinscipcio-2026-27-Fases.png\"><img loading=\"lazy\" decoding=\"async\" width=\"1024\" height=\"664\" src=\"https:\/\/agora.xtec.cat\/iesicaria\/wp-content\/uploads\/usu2339\/2026\/02\/Preinscipcio-2026-27-Fases-1024x664.png\" alt=\"Preinscipci\u00f3 2026-27 Fases\" class=\"wp-image-2830\" srcset=\"https:\/\/agora.xtec.cat\/iesicaria\/wp-content\/uploads\/usu2339\/2026\/02\/Preinscipcio-2026-27-Fases-1024x664.png 1024w, https:\/\/agora.xtec.cat\/iesicaria\/wp-content\/uploads\/usu2339\/2026\/02\/Preinscipcio-2026-27-Fases-300x195.png 300w, https:\/\/agora.xtec.cat\/iesicaria\/wp-content\/uploads\/usu2339\/2026\/02\/Preinscipcio-2026-27-Fases-768x498.png 768w, https:\/\/agora.xtec.cat\/iesicaria\/wp-content\/uploads\/usu2339\/2026\/02\/Preinscipcio-2026-27-Fases.png 1243w\" sizes=\"auto, (max-width: 1024px) 100vw, 1024px\" \/><\/a><\/figure>\n\n\n\n<h2 class=\"wp-block-heading\">Calendari 2026<\/h2>\n\n\n\n<ul class=\"wp-block-list\">\n<li><a href=\"https:\/\/www.edubcn.cat\/ca\/alumnat_i_familia\/informacio_general_matriculacio\/sessions_informatives_per_a_les_families\" data-type=\"link\" data-id=\"https:\/\/www.edubcn.cat\/ca\/alumnat_i_familia\/informacio_general_matriculacio\/sessions_informatives_per_a_les_families\">Sessions informatives generals de districte, del 9 al 24 de febrer de 2026<\/a>.<\/li>\n\n\n\n<li><a href=\"https:\/\/agora.xtec.cat\/iesicaria\/eso\/portes-obertes\/\">Portes obertes als centres,  17 i 24 de febrer de 2026<\/a>.<\/li>\n\n\n\n<li><a href=\"https:\/\/agora.xtec.cat\/iesicaria\/general\/oferta-inicial-places-eso-2026-27\/\" data-type=\"link\" data-id=\"https:\/\/agora.xtec.cat\/iesicaria\/general\/oferta-inicial-places-eso-2026-27\/\">Informaci\u00f3 de l\u2019oferta inicial, 3 de mar\u00e7<\/a>.<\/li>\n\n\n\n<li><a href=\"https:\/\/preinscripcio.gencat.cat\/ca\/estudis\/eso\/preinscriute\/sollicitud\/\">Presentaci\u00f3 digital de la sol\u00b7licitud de preinscripci\u00f3. Del 6 al 18 de mar\u00e7 de 2026<\/a>.<\/li>\n\n\n\n<li><a href=\"https:\/\/agora.xtec.cat\/iesicaria\/general\/llista-de-sollicituds-deso-en-primera-peticio-pel-curs-2026-2027\/\">Publicaci\u00f3 de la llista de sol\u00b7licituds de preinscripci\u00f3 al centre amb la puntuaci\u00f3 provisional<\/a>.<\/li>\n\n\n\n<li>Reclamacions a la baremaci\u00f3, del 15 al 20 d&#8217;abril.<\/li>\n\n\n\n<li>Publicaci\u00f3 de la llista de sol\u00b7licituds que s\u2019han presentat en cada centre, un cop resoltes les reclamacions.<\/li>\n\n\n\n<li>Sorteig p\u00fablic del n\u00famero de desempat.<\/li>\n\n\n\n<li>Publicaci\u00f3 de la llista ordenada de sol\u00b7licituds.<\/li>\n\n\n\n<li>Oferta final de places.<\/li>\n\n\n\n<li>Publicaci\u00f3 de la llista d\u2019alumnes admesos en cada centre i de la llista d\u2019espera.<\/li>\n\n\n\n<li>Matr\u00edcula al centre.<\/li>\n<\/ul>\n\n\n\n<h2 class=\"wp-block-heading\">Web de preinscripci\u00f3 i preguntes freq\u00fcents<\/h2>\n\n\n\n<p>El web&nbsp;<a rel=\"noreferrer noopener\" href=\"https:\/\/preinscripcio.gencat.cat\/ca\/inici\/\" target=\"_blank\"><strong>preinscripcio.gencat.cat<\/strong><\/a>&nbsp;presenta els continguts classificats per ensenyaments&nbsp;i inclou un&nbsp;<strong>centre de suport ampli per a cadascun dels estudis<\/strong>.<\/p>\n\n\n\n<p>A la p\u00e0gina web del consorci d&#8217;educaci\u00f3 de Barcelona podeu trobar m\u00e9s informaci\u00f3. Per resoldre dubtes l&#8217;apartat m\u00e9s importat \u00e9s: <a href=\"https:\/\/www.edubcn.cat\/ca\/alumnat_i_familia\/informacio_general_matriculacio\/preguntes_frequents_preinscripcio\" data-type=\"link\" data-id=\"https:\/\/www.edubcn.cat\/ca\/alumnat_i_familia\/informacio_general_matriculacio\/preguntes_frequents_preinscripcio\">Preguntes freq\u00fcents sobre la preinscripci\u00f3 i matr\u00edcula<\/a>.<\/p>\n\n\n\n<h2 class=\"wp-block-heading\" id=\"oferta\">Oferta inicial de places <\/h2>\n\n\n\n<figure class=\"wp-block-table\"><table><thead><tr><th>Curs<\/th><th class=\"has-text-align-center\" data-align=\"center\">Preinscripci\u00f3 ordin\u00e0ria<\/th><th class=\"has-text-align-center\" data-align=\"center\">Preinscripci\u00f3 NEE<\/th><\/tr><\/thead><tbody><tr><td>E1<\/td><td class=\"has-text-align-center\" data-align=\"center\">96<\/td><td class=\"has-text-align-center\" data-align=\"center\">0<\/td><\/tr><tr><td>E2<\/td><td class=\"has-text-align-center\" data-align=\"center\">0<\/td><td class=\"has-text-align-center\" data-align=\"center\">0<\/td><\/tr><tr><td>E3<\/td><td class=\"has-text-align-center\" data-align=\"center\">0<\/td><td class=\"has-text-align-center\" data-align=\"center\">0<\/td><\/tr><tr><td>E4<\/td><td class=\"has-text-align-center\" data-align=\"center\">0<\/td><td class=\"has-text-align-center\" data-align=\"center\">0<\/td><\/tr><\/tbody><\/table><figcaption class=\"wp-element-caption\">Pendent d&#8217;oferta<\/figcaption><\/figure>\n","protected":false},"excerpt":{"rendered":"<p>Calendari 2026 Web de preinscripci\u00f3 i preguntes freq\u00fcents El web&nbsp;preinscripcio.gencat.cat&nbsp;presenta els continguts classificats per ensenyaments&nbsp;i inclou un&nbsp;centre de suport ampli per a cadascun dels estudis. A la p\u00e0gina web del consorci d&#8217;educaci\u00f3 de Barcelona podeu trobar m\u00e9s informaci\u00f3. Per resoldre dubtes l&#8217;apartat m\u00e9s importat \u00e9s: Preguntes freq\u00fcents sobre la preinscripci\u00f3 i matr\u00edcula. Oferta inicial de [&hellip;]<\/p>\n","protected":false},"author":1,"featured_media":2267,"parent":63,"menu_order":0,"comment_status":"closed","ping_status":"closed","template":"","meta":{"_bbp_topic_count":0,"_bbp_reply_count":0,"_bbp_total_topic_count":0,"_bbp_total_reply_count":0,"_bbp_voice_count":0,"_bbp_anonymous_reply_count":0,"_bbp_topic_count_hidden":0,"_bbp_reply_count_hidden":0,"_bbp_forum_subforum_count":0,"site-sidebar-layout":"default","site-content-layout":"","ast-site-content-layout":"default","site-content-style":"default","site-sidebar-style":"default","ast-global-header-display":"","ast-banner-title-visibility":"","ast-main-header-display":"","ast-hfb-above-header-display":"","ast-hfb-below-header-display":"","ast-hfb-mobile-header-display":"","site-post-title":"","ast-breadcrumbs-content":"","ast-featured-img":"","footer-sml-layout":"","theme-transparent-header-meta":"","adv-header-id-meta":"","stick-header-meta":"","header-above-stick-meta":"","header-main-stick-meta":"","header-below-stick-meta":"","astra-migrate-meta-layouts":"set","ast-page-background-enabled":"default","ast-page-background-meta":{"desktop":{"background-color":"var(--ast-global-color-4)","background-image":"","background-repeat":"repeat","background-position":"center center","background-size":"auto","background-attachment":"scroll","background-type":"","background-media":"","overlay-type":"","overlay-color":"","overlay-opacity":"","overlay-gradient":""},"tablet":{"background-color":"","background-image":"","background-repeat":"repeat","background-position":"center center","background-size":"auto","background-attachment":"scroll","background-type":"","background-media":"","overlay-type":"","overlay-color":"","overlay-opacity":"","overlay-gradient":""},"mobile":{"background-color":"","background-image":"","background-repeat":"repeat","background-position":"center center","background-size":"auto","background-attachment":"scroll","background-type":"","background-media":"","overlay-type":"","overlay-color":"","overlay-opacity":"","overlay-gradient":""}},"ast-content-background-meta":{"desktop":{"background-color":"var(--ast-global-color-5)","background-image":"","background-repeat":"repeat","background-position":"center center","background-size":"auto","background-attachment":"scroll","background-type":"","background-media":"","overlay-type":"","overlay-color":"","overlay-opacity":"","overlay-gradient":""},"tablet":{"background-color":"var(--ast-global-color-5)","background-image":"","background-repeat":"repeat","background-position":"center center","background-size":"auto","background-attachment":"scroll","background-type":"","background-media":"","overlay-type":"","overlay-color":"","overlay-opacity":"","overlay-gradient":""},"mobile":{"background-color":"var(--ast-global-color-5)","background-image":"","background-repeat":"repeat","background-position":"center center","background-size":"auto","background-attachment":"scroll","background-type":"","background-media":"","overlay-type":"","overlay-color":"","overlay-opacity":"","overlay-gradient":""}},"footnotes":""},"class_list":["post-1245","page","type-page","status-publish","has-post-thumbnail","hentry"],"post_mailing_queue_ids":[],"_links":{"self":[{"href":"https:\/\/agora.xtec.cat\/iesicaria\/wp-json\/wp\/v2\/pages\/1245","targetHints":{"allow":["GET"]}}],"collection":[{"href":"https:\/\/agora.xtec.cat\/iesicaria\/wp-json\/wp\/v2\/pages"}],"about":[{"href":"https:\/\/agora.xtec.cat\/iesicaria\/wp-json\/wp\/v2\/types\/page"}],"author":[{"embeddable":true,"href":"https:\/\/agora.xtec.cat\/iesicaria\/wp-json\/wp\/v2\/users\/1"}],"replies":[{"embeddable":true,"href":"https:\/\/agora.xtec.cat\/iesicaria\/wp-json\/wp\/v2\/comments?post=1245"}],"version-history":[{"count":6,"href":"https:\/\/agora.xtec.cat\/iesicaria\/wp-json\/wp\/v2\/pages\/1245\/revisions"}],"predecessor-version":[{"id":2923,"href":"https:\/\/agora.xtec.cat\/iesicaria\/wp-json\/wp\/v2\/pages\/1245\/revisions\/2923"}],"up":[{"embeddable":true,"href":"https:\/\/agora.xtec.cat\/iesicaria\/wp-json\/wp\/v2\/pages\/63"}],"wp:featuredmedia":[{"embeddable":true,"href":"https:\/\/agora.xtec.cat\/iesicaria\/wp-json\/wp\/v2\/media\/2267"}],"wp:attachment":[{"href":"https:\/\/agora.xtec.cat\/iesicaria\/wp-json\/wp\/v2\/media?parent=1245"}],"curies":[{"name":"wp","href":"https:\/\/api.w.org\/{rel}","templated":true}]}}