{"id":1103,"date":"2023-07-05T09:52:45","date_gmt":"2023-07-05T07:52:45","guid":{"rendered":"https:\/\/agora.xtec.cat\/iesicaria\/?page_id=1103"},"modified":"2025-12-15T11:54:54","modified_gmt":"2025-12-15T10:54:54","slug":"batxibac","status":"publish","type":"page","link":"https:\/\/agora.xtec.cat\/iesicaria\/batxillerat\/batxibac\/","title":{"rendered":"Batxibac"},"content":{"rendered":"\n<figure class=\"wp-block-image aligncenter size-full\"><a href=\"https:\/\/agora.xtec.cat\/iesicaria\/wp-content\/uploads\/usu2339\/2024\/02\/Batxibac-Icaria.jpg\"><img loading=\"lazy\" decoding=\"async\" width=\"531\" height=\"135\" src=\"https:\/\/agora.xtec.cat\/iesicaria\/wp-content\/uploads\/usu2339\/2024\/02\/Batxibac-Icaria.jpg\" alt=\"Institut Ic\u00e0ria. Batxibac\" class=\"wp-image-1753\" srcset=\"https:\/\/agora.xtec.cat\/iesicaria\/wp-content\/uploads\/usu2339\/2024\/02\/Batxibac-Icaria.jpg 531w, https:\/\/agora.xtec.cat\/iesicaria\/wp-content\/uploads\/usu2339\/2024\/02\/Batxibac-Icaria-300x76.jpg 300w\" sizes=\"auto, (max-width: 531px) 100vw, 531px\" \/><\/a><\/figure>\n\n\n\n<h5 class=\"wp-block-heading\"><strong>Qu\u00e8 \u00e9s?<\/strong><\/h5>\n\n\n\n<p>El programa Batxibac \u00e9s un batxillerat que permet a l\u2019alumnat cursar un curr\u00edculum mixt que suposa fer un ter\u00e7 de l\u2019horari lectiu del batxillerat&nbsp; (10 hores setmanals en cada un dels cursos) en llengua francesa.<br>Es pot cursar des de qualsevol modalitat de Batxillerat (Humanitats i Ci\u00e8ncies Socials, Ci\u00e8ncies i Arts) adaptant la tria de les mat\u00e8ries espec\u00edfiques de modalitat als requisits del programa.<\/p>\n\n\n\n<p>La doble titulaci\u00f3 Batxillerat-Baccalaur\u00e9at dona acc\u00e9s tant a les universitats espanyoles com a les franceses a trav\u00e9s de l\u2019obtenci\u00f3 simult\u00e0nia dels t\u00edtols del Batxillerat espanyol i el Baccalaur\u00e9at franc\u00e8s.<\/p>\n\n\n\n<iframe loading=\"lazy\" title=\"video 6274678\" src=\"https:\/\/www.ccma.cat\/3cat\/video\/6274678\/embed\/\" allowfullscreen scrolling=\"no\" frameborder=\"0\" width=\"500px\" height=\"281px\"><\/iframe>\n\n\n\n<h5 class=\"wp-block-heading\"><strong>A qui s\u2019adre\u00e7a?<\/strong><\/h5>\n\n\n\n<p>El programa de Batxibac s\u2019adre\u00e7a a alumnes amb gran capacitat de treball, molt motivats i que desitgin ampliar la seva formaci\u00f3 acad\u00e8mica i personal amb una doble titulaci\u00f3.<br>Paral\u00b7lelament, l\u2019alumnat a qui s\u2019adre\u00e7a el Batxibac<strong>&nbsp;<\/strong>ha d\u2019estar en disposici\u00f3 d&#8217;acreditar un nivell&nbsp;de llengua francesa equivalent al&nbsp;B1 del&nbsp;Marc Com\u00fa Europeu de Refer\u00e8ncia per a les Lleng\u00fces (MCERL).<\/p>\n\n\n\n<h5 class=\"wp-block-heading\"><strong>Com s\u2019organitza?<\/strong><\/h5>\n\n\n\n<p>Cada centre disposa d\u2019autonomia per configurar el seu curr\u00edculum Batxibac. Dins aquest curr\u00edculum mixt s\u2019imparteixen les mat\u00e8ries de Llengua i literatura franceses i Hist\u00f2ria de Fran\u00e7a i d\u2019Espanya. La modalitat de Batxibac que s\u2019ofereix al nostre centre segueix aquests&nbsp;<strong><a rel=\"noopener\" data-saferedirecturl=\"https:\/\/www.google.com\/url?q=http:\/\/www.instituticaria.cat\/media\/files\/file_626_18056.pdf&amp;source=gmail&amp;ust=1639474821964000&amp;usg=AOvVaw2smbJVGLCQLiP5Jhn6wkw4\" data-cke-saved-href=\"http:\/\/www.instituticaria.cat\/media\/files\/file_626_18056.pdf\" href=\"http:\/\/www.instituticaria.cat\/media\/files\/file_626_18056.pdf\" target=\"_blank\">itineraris.&nbsp;<\/a><\/strong><\/p>\n\n\n\n<h5 class=\"wp-block-heading\"><strong>Com s\u2019obt\u00e9 la doble titulaci\u00f3?<\/strong><\/h5>\n\n\n\n<p><span style=\"font-family: inherit; font-size: 1em; font-weight: normal; text-align: justify;\">La doble titulaci\u00f3 Batxillerat-Baccalaur\u00e9at s\u2019obt\u00e9 amb la superaci\u00f3 de totes les mat\u00e8ries cursades al llarg del Batxillerat i una prova externa que es desenvolupa \u00edntegrament en franc\u00e8s cada any al mes de maig. La realitzaci\u00f3 d\u2019aquesta prova externa eximeix l\u2019alumnat Batxibac d\u2019examinar-se de les mat\u00e8ries comunes de les Proves d\u2019Acc\u00e9s a la Universitat (PAU).<\/span><\/p>\n\n\n\n<h5 class=\"wp-block-heading\"><strong>I despr\u00e9s del Batxibac?<\/strong><\/h5>\n\n\n\n<p>L\u2019alumnat que obt\u00e9 la doble titulaci\u00f3 Batxillerat-Baccalaur\u00e9at pot accedir tant al sistema universitari espanyol com el franc\u00e8s fent valdre el T\u00edtol de Batxillerat o el Dipl\u00f4me du Baccalaur\u00e9at. Es garanteix aix\u00ed l\u2019acc\u00e9s a la universitat francesa en les mateixes condicions que els estudiants francesos i poden acollir-se a l\u2019oferta i beneficis que ofereix el sistema universitari del pa\u00eds ve\u00ed.<br>Per a m\u00e9s informaci\u00f3 sobre la possibilitat de prosseguir la formaci\u00f3 acad\u00e8mica a Fran\u00e7a, consulteu el&nbsp;<a href=\"https:\/\/www.campusfrance.org\/es\" target=\"_blank\" rel=\"noopener noreferrer\" data-saferedirecturl=\"https:\/\/www.google.com\/url?q=https:\/\/www.campusfrance.org\/es&amp;source=gmail&amp;ust=1639474821964000&amp;usg=AOvVaw2U3SEhqk41MpD5Lb3RWvpV\" data-cke-saved-href=\"https:\/\/www.campusfrance.org\/es\">web de<\/a><a href=\"https:\/\/www.campusfrance.org\/es\" target=\"_blank\" rel=\"noopener noreferrer\" data-saferedirecturl=\"https:\/\/www.google.com\/url?q=https:\/\/www.campusfrance.org\/es&amp;source=gmail&amp;ust=1639474821964000&amp;usg=AOvVaw2U3SEhqk41MpD5Lb3RWvpV\" data-cke-saved-href=\"https:\/\/www.campusfrance.org\/es\"><strong>&nbsp;<\/strong><\/a><strong><a href=\"https:\/\/www.campusfrance.org\/es\" data-cke-saved-href=\"https:\/\/www.campusfrance.org\/es\">Campus France<\/a><\/strong>&nbsp;<strong>o de<\/strong><strong>&nbsp;<a href=\"https:\/\/www.parcoursup.fr\/\" target=\"_blank\" rel=\"noopener\" data-saferedirecturl=\"https:\/\/www.google.com\/url?q=https:\/\/www.parcoursup.fr\/&amp;source=gmail&amp;ust=1639474821964000&amp;usg=AOvVaw3yAsuO5VumFcx159a_bADB\" data-cke-saved-href=\"https:\/\/www.parcoursup.fr\/\">Parcoursup<\/a><\/strong><\/p>\n\n\n\n<h5 class=\"wp-block-heading\"><strong>Com hi puc accedir?<\/strong><\/h5>\n\n\n\n<p>Per accedir al programa de Batxibac, l\u2019alumnat que hagi superat l\u2019ESO ha de demostrar un nivell de llengua francesa equivalent al B1 del Marc Europeu de Refer\u00e8ncia per a les Lleng\u00fces. En el cas de no poder acreditar documentalment el nivell B1 de franc\u00e8s, es convocar\u00e0 a les persones interessades per a realitzar una prova de nivell que es realitzar\u00e0 al nostre centre. Els alumnes que justifiquin haver cursat estudis oficials en llengua francesa fins a 4t d&#8217;ESO (&#8220;Seconde&#8221;) no caldr\u00e0 que facin la prova d&#8217;acc\u00e9s espec\u00edfica.<\/p>\n\n\n\n<p>Les sol\u00b7licituds per cursar aquesta doble titulaci\u00f3 s\u2019han de formalitzar mitjan\u00e7ant l\u2019impr\u00e8s disponible i d\u2019acord amb el calendari detallat. L\u2019admissi\u00f3 dels alumnes en aquestes places, un cop acreditat el coneixement de franc\u00e8s requerit, s&#8217;efectua per ordre de qualificaci\u00f3 mitjana a l&#8217;Educaci\u00f3 Secund\u00e0ria&nbsp;Obligat\u00f2ria.<\/p>\n\n\n\n<p class=\"has-text-align-center has-medium-font-size\"><strong><a href=\"https:\/\/agora.xtec.cat\/iesicaria\/serveis\/preinscripcio-batxibac\/\" data-type=\"link\" data-id=\"https:\/\/agora.xtec.cat\/iesicaria\/serveis\/preinscripcio-i-matricula-batxillerat-i-batxibac\/\">Preinscripci\u00f3 i matr\u00edcula Batxibac Ic\u00e0ria<\/a><\/strong><\/p>\n\n\n\n<p>Per a m\u00e9s informaci\u00f3 podeu consultar la<strong>\u00a0<a data-saferedirecturl=\"https:\/\/www.google.com\/url?q=http:\/\/xtec.gencat.cat\/ca\/projectes\/batxibac\/&amp;source=gmail&amp;ust=1639474821964000&amp;usg=AOvVaw0iCpEywroGAcaQCIxQBXYj\" data-cke-saved-href=\"http:\/\/xtec.gencat.cat\/ca\/projectes\/batxibac\/\" href=\"http:\/\/xtec.gencat.cat\/ca\/projectes\/batxibac\/\" target=\"_blank\" rel=\"noopener\">web del Departament d&#8217;Ensenyament<\/a>\u00a0(franc\u00e8s) i la\u00a0<a data-saferedirecturl=\"https:\/\/www.google.com\/url?q=http:\/\/xtec.gencat.cat\/ca\/curriculum\/batxillerat\/baccalaureat\/index.html&amp;source=gmail&amp;ust=1639474821964000&amp;usg=AOvVaw1oinpa_OwVeftJyCaAT9r3\" data-cke-saved-href=\"http:\/\/xtec.gencat.cat\/ca\/curriculum\/batxillerat\/baccalaureat\/index.html\" href=\"http:\/\/xtec.gencat.cat\/ca\/curriculum\/batxillerat\/baccalaureat\/index.html\" target=\"_blank\" rel=\"noopener\">informaci\u00f3 general del Departament d&#8217;Ensenyament<\/a>\u00a0(catal\u00e0)<\/strong>.<\/p>\n","protected":false},"excerpt":{"rendered":"<p>Qu\u00e8 \u00e9s? El programa Batxibac \u00e9s un batxillerat que permet a l\u2019alumnat cursar un curr\u00edculum mixt que suposa fer un ter\u00e7 de l\u2019horari lectiu del batxillerat&nbsp; (10 hores setmanals en cada un dels cursos) en llengua francesa.Es pot cursar des de qualsevol modalitat de Batxillerat (Humanitats i Ci\u00e8ncies Socials, Ci\u00e8ncies i Arts) adaptant la tria [&hellip;]<\/p>\n","protected":false},"author":1,"featured_media":1753,"parent":1042,"menu_order":3,"comment_status":"closed","ping_status":"closed","template":"","meta":{"_bbp_topic_count":0,"_bbp_reply_count":0,"_bbp_total_topic_count":0,"_bbp_total_reply_count":0,"_bbp_voice_count":0,"_bbp_anonymous_reply_count":0,"_bbp_topic_count_hidden":0,"_bbp_reply_count_hidden":0,"_bbp_forum_subforum_count":0,"site-sidebar-layout":"default","site-content-layout":"","ast-site-content-layout":"default","site-content-style":"default","site-sidebar-style":"default","ast-global-header-display":"","ast-banner-title-visibility":"","ast-main-header-display":"","ast-hfb-above-header-display":"","ast-hfb-below-header-display":"","ast-hfb-mobile-header-display":"","site-post-title":"","ast-breadcrumbs-content":"","ast-featured-img":"","footer-sml-layout":"","theme-transparent-header-meta":"","adv-header-id-meta":"","stick-header-meta":"","header-above-stick-meta":"","header-main-stick-meta":"","header-below-stick-meta":"","astra-migrate-meta-layouts":"set","ast-page-background-enabled":"default","ast-page-background-meta":{"desktop":{"background-color":"var(--ast-global-color-4)","background-image":"","background-repeat":"repeat","background-position":"center center","background-size":"auto","background-attachment":"scroll","background-type":"","background-media":"","overlay-type":"","overlay-color":"","overlay-opacity":"","overlay-gradient":""},"tablet":{"background-color":"","background-image":"","background-repeat":"repeat","background-position":"center center","background-size":"auto","background-attachment":"scroll","background-type":"","background-media":"","overlay-type":"","overlay-color":"","overlay-opacity":"","overlay-gradient":""},"mobile":{"background-color":"","background-image":"","background-repeat":"repeat","background-position":"center center","background-size":"auto","background-attachment":"scroll","background-type":"","background-media":"","overlay-type":"","overlay-color":"","overlay-opacity":"","overlay-gradient":""}},"ast-content-background-meta":{"desktop":{"background-color":"var(--ast-global-color-5)","background-image":"","background-repeat":"repeat","background-position":"center center","background-size":"auto","background-attachment":"scroll","background-type":"","background-media":"","overlay-type":"","overlay-color":"","overlay-opacity":"","overlay-gradient":""},"tablet":{"background-color":"var(--ast-global-color-5)","background-image":"","background-repeat":"repeat","background-position":"center center","background-size":"auto","background-attachment":"scroll","background-type":"","background-media":"","overlay-type":"","overlay-color":"","overlay-opacity":"","overlay-gradient":""},"mobile":{"background-color":"var(--ast-global-color-5)","background-image":"","background-repeat":"repeat","background-position":"center center","background-size":"auto","background-attachment":"scroll","background-type":"","background-media":"","overlay-type":"","overlay-color":"","overlay-opacity":"","overlay-gradient":""}},"footnotes":""},"class_list":["post-1103","page","type-page","status-publish","has-post-thumbnail","hentry"],"post_mailing_queue_ids":[],"_links":{"self":[{"href":"https:\/\/agora.xtec.cat\/iesicaria\/wp-json\/wp\/v2\/pages\/1103","targetHints":{"allow":["GET"]}}],"collection":[{"href":"https:\/\/agora.xtec.cat\/iesicaria\/wp-json\/wp\/v2\/pages"}],"about":[{"href":"https:\/\/agora.xtec.cat\/iesicaria\/wp-json\/wp\/v2\/types\/page"}],"author":[{"embeddable":true,"href":"https:\/\/agora.xtec.cat\/iesicaria\/wp-json\/wp\/v2\/users\/1"}],"replies":[{"embeddable":true,"href":"https:\/\/agora.xtec.cat\/iesicaria\/wp-json\/wp\/v2\/comments?post=1103"}],"version-history":[{"count":6,"href":"https:\/\/agora.xtec.cat\/iesicaria\/wp-json\/wp\/v2\/pages\/1103\/revisions"}],"predecessor-version":[{"id":2308,"href":"https:\/\/agora.xtec.cat\/iesicaria\/wp-json\/wp\/v2\/pages\/1103\/revisions\/2308"}],"up":[{"embeddable":true,"href":"https:\/\/agora.xtec.cat\/iesicaria\/wp-json\/wp\/v2\/pages\/1042"}],"wp:featuredmedia":[{"embeddable":true,"href":"https:\/\/agora.xtec.cat\/iesicaria\/wp-json\/wp\/v2\/media\/1753"}],"wp:attachment":[{"href":"https:\/\/agora.xtec.cat\/iesicaria\/wp-json\/wp\/v2\/media?parent=1103"}],"curies":[{"name":"wp","href":"https:\/\/api.w.org\/{rel}","templated":true}]}}