{"id":1091,"date":"2023-07-05T09:50:11","date_gmt":"2023-07-05T07:50:11","guid":{"rendered":"https:\/\/agora.xtec.cat\/iesicaria\/?page_id=1091"},"modified":"2026-03-12T17:32:27","modified_gmt":"2026-03-12T16:32:27","slug":"1r-batxillerat","status":"publish","type":"page","link":"https:\/\/agora.xtec.cat\/iesicaria\/batxillerat\/1r-batxillerat\/","title":{"rendered":"1r Batxillerat"},"content":{"rendered":"\n<p class=\"has-text-align-center\">Tria Batxillerat 2026-27 \ud83d\udcc1<\/p>\n\n\n\n<p><em>A continuaci\u00f3 trobareu els enlla\u00e7os per sol\u00b7licitar un canvi de mat\u00e8ries a batxillerat. \u00c9s important llegir amb atenci\u00f3 l&#8217;encap\u00e7alament del formulari abans de respondre&#8217;l.<\/em><\/p>\n\n\n\n<p class=\"has-text-align-center\"><a href=\"https:\/\/forms.gle\/WmbGHTH3PNeDqsPa6\" target=\"_blank\" rel=\"noreferrer noopener\">Formulari petici\u00f3 canvi mat\u00e8ries primer de batxillerat<\/a><\/p>\n\n\n\n<h4 class=\"wp-block-heading\">Tutories<\/h4>\n\n\n\n<figure class=\"wp-block-table\"><table><tbody><tr><td><strong>B1A<\/strong><\/td><td>Llu\u00eds Miguel Mas<\/td><\/tr><tr><td><strong>B1B<\/strong><\/td><td>Maria Mart\u00edn<\/td><\/tr><tr><td><strong>B1C<\/strong><\/td><td>Sol Eljarrat<br>Anna Juan (batxibac)<\/td><\/tr><\/tbody><\/table><\/figure>\n\n\n\n<h4 class=\"wp-block-heading\">\u00daltimes not\u00edcies batxillerat<\/h4>\n\n\n<ul class=\"wp-block-latest-posts__list wp-block-latest-posts\"><li><a class=\"wp-block-latest-posts__post-title\" href=\"https:\/\/agora.xtec.cat\/iesicaria\/general\/oferta-inicial-de-places-de-batxillerat-curs-2026-2027\/\">Oferta inicial de places de batxillerat curs 2026-2027<\/a><\/li>\n<li><a class=\"wp-block-latest-posts__post-title\" href=\"https:\/\/agora.xtec.cat\/iesicaria\/general\/assignacions-batxibac-curs-26-27\/\">Assignacions Batxibac curs 26-27<\/a><\/li>\n<li><a class=\"wp-block-latest-posts__post-title\" href=\"https:\/\/agora.xtec.cat\/iesicaria\/batxillerat\/el-passat-ens-prepara-per-al-futur\/\">\u00a0El passat ens prepara per al futur!<\/a><\/li>\n<li><a class=\"wp-block-latest-posts__post-title\" href=\"https:\/\/agora.xtec.cat\/iesicaria\/batxillerat\/premi-a-les-olimpiades-de-geologia-2\/\">Premi a les Olimp\u00edades de Geologia<\/a><\/li>\n<li><a class=\"wp-block-latest-posts__post-title\" href=\"https:\/\/agora.xtec.cat\/iesicaria\/batxillerat\/portes_obertes_batxillerat_2026\/\">Portes obertes batxillerat 2026<\/a><\/li>\n<\/ul>","protected":false},"excerpt":{"rendered":"<p>Tria Batxillerat 2026-27 \ud83d\udcc1 A continuaci\u00f3 trobareu els enlla\u00e7os per sol\u00b7licitar un canvi de mat\u00e8ries a batxillerat. \u00c9s important llegir amb atenci\u00f3 l&#8217;encap\u00e7alament del formulari abans de respondre&#8217;l. Formulari petici\u00f3 canvi mat\u00e8ries primer de batxillerat Tutories B1A Llu\u00eds Miguel Mas B1B Maria Mart\u00edn B1C Sol EljarratAnna Juan (batxibac) \u00daltimes not\u00edcies batxillerat<\/p>\n","protected":false},"author":1,"featured_media":1969,"parent":1042,"menu_order":1,"comment_status":"closed","ping_status":"closed","template":"","meta":{"_bbp_topic_count":0,"_bbp_reply_count":0,"_bbp_total_topic_count":0,"_bbp_total_reply_count":0,"_bbp_voice_count":0,"_bbp_anonymous_reply_count":0,"_bbp_topic_count_hidden":0,"_bbp_reply_count_hidden":0,"_bbp_forum_subforum_count":0,"site-sidebar-layout":"default","site-content-layout":"","ast-site-content-layout":"default","site-content-style":"default","site-sidebar-style":"default","ast-global-header-display":"","ast-banner-title-visibility":"","ast-main-header-display":"","ast-hfb-above-header-display":"","ast-hfb-below-header-display":"","ast-hfb-mobile-header-display":"","site-post-title":"","ast-breadcrumbs-content":"","ast-featured-img":"","footer-sml-layout":"","theme-transparent-header-meta":"","adv-header-id-meta":"","stick-header-meta":"","header-above-stick-meta":"","header-main-stick-meta":"","header-below-stick-meta":"","astra-migrate-meta-layouts":"set","ast-page-background-enabled":"default","ast-page-background-meta":{"desktop":{"background-color":"var(--ast-global-color-4)","background-image":"","background-repeat":"repeat","background-position":"center center","background-size":"auto","background-attachment":"scroll","background-type":"","background-media":"","overlay-type":"","overlay-color":"","overlay-opacity":"","overlay-gradient":""},"tablet":{"background-color":"","background-image":"","background-repeat":"repeat","background-position":"center center","background-size":"auto","background-attachment":"scroll","background-type":"","background-media":"","overlay-type":"","overlay-color":"","overlay-opacity":"","overlay-gradient":""},"mobile":{"background-color":"","background-image":"","background-repeat":"repeat","background-position":"center center","background-size":"auto","background-attachment":"scroll","background-type":"","background-media":"","overlay-type":"","overlay-color":"","overlay-opacity":"","overlay-gradient":""}},"ast-content-background-meta":{"desktop":{"background-color":"var(--ast-global-color-5)","background-image":"","background-repeat":"repeat","background-position":"center center","background-size":"auto","background-attachment":"scroll","background-type":"","background-media":"","overlay-type":"","overlay-color":"","overlay-opacity":"","overlay-gradient":""},"tablet":{"background-color":"var(--ast-global-color-5)","background-image":"","background-repeat":"repeat","background-position":"center center","background-size":"auto","background-attachment":"scroll","background-type":"","background-media":"","overlay-type":"","overlay-color":"","overlay-opacity":"","overlay-gradient":""},"mobile":{"background-color":"var(--ast-global-color-5)","background-image":"","background-repeat":"repeat","background-position":"center center","background-size":"auto","background-attachment":"scroll","background-type":"","background-media":"","overlay-type":"","overlay-color":"","overlay-opacity":"","overlay-gradient":""}},"footnotes":""},"class_list":["post-1091","page","type-page","status-publish","has-post-thumbnail","hentry"],"post_mailing_queue_ids":[],"_links":{"self":[{"href":"https:\/\/agora.xtec.cat\/iesicaria\/wp-json\/wp\/v2\/pages\/1091","targetHints":{"allow":["GET"]}}],"collection":[{"href":"https:\/\/agora.xtec.cat\/iesicaria\/wp-json\/wp\/v2\/pages"}],"about":[{"href":"https:\/\/agora.xtec.cat\/iesicaria\/wp-json\/wp\/v2\/types\/page"}],"author":[{"embeddable":true,"href":"https:\/\/agora.xtec.cat\/iesicaria\/wp-json\/wp\/v2\/users\/1"}],"replies":[{"embeddable":true,"href":"https:\/\/agora.xtec.cat\/iesicaria\/wp-json\/wp\/v2\/comments?post=1091"}],"version-history":[{"count":6,"href":"https:\/\/agora.xtec.cat\/iesicaria\/wp-json\/wp\/v2\/pages\/1091\/revisions"}],"predecessor-version":[{"id":2883,"href":"https:\/\/agora.xtec.cat\/iesicaria\/wp-json\/wp\/v2\/pages\/1091\/revisions\/2883"}],"up":[{"embeddable":true,"href":"https:\/\/agora.xtec.cat\/iesicaria\/wp-json\/wp\/v2\/pages\/1042"}],"wp:featuredmedia":[{"embeddable":true,"href":"https:\/\/agora.xtec.cat\/iesicaria\/wp-json\/wp\/v2\/media\/1969"}],"wp:attachment":[{"href":"https:\/\/agora.xtec.cat\/iesicaria\/wp-json\/wp\/v2\/media?parent=1091"}],"curies":[{"name":"wp","href":"https:\/\/api.w.org\/{rel}","templated":true}]}}