{"id":1042,"date":"2023-07-04T13:10:27","date_gmt":"2023-07-04T11:10:27","guid":{"rendered":"https:\/\/agora.xtec.cat\/iesicaria\/?page_id=1042"},"modified":"2025-12-04T10:25:49","modified_gmt":"2025-12-04T09:25:49","slug":"batxillerat","status":"publish","type":"page","link":"https:\/\/agora.xtec.cat\/iesicaria\/batxillerat\/","title":{"rendered":"Batxillerat"},"content":{"rendered":"\n<div class=\"wp-block-columns is-layout-flex wp-container-core-columns-is-layout-1 wp-block-columns-is-layout-flex\">\n<div class=\"wp-block-column is-layout-flow wp-block-column-is-layout-flow\">\n<figure class=\"wp-block-image size-large\"><img loading=\"lazy\" decoding=\"async\" width=\"1024\" height=\"737\" src=\"https:\/\/agora.xtec.cat\/iesicaria\/wp-content\/uploads\/usu2339\/2025\/11\/Portada-batxillerat-1024x737.png\" alt=\"Batxillerat\" class=\"wp-image-2646\" srcset=\"https:\/\/agora.xtec.cat\/iesicaria\/wp-content\/uploads\/usu2339\/2025\/11\/Portada-batxillerat-1024x737.png 1024w, https:\/\/agora.xtec.cat\/iesicaria\/wp-content\/uploads\/usu2339\/2025\/11\/Portada-batxillerat-300x216.png 300w, https:\/\/agora.xtec.cat\/iesicaria\/wp-content\/uploads\/usu2339\/2025\/11\/Portada-batxillerat-768x553.png 768w, https:\/\/agora.xtec.cat\/iesicaria\/wp-content\/uploads\/usu2339\/2025\/11\/Portada-batxillerat.png 1140w\" sizes=\"auto, (max-width: 1024px) 100vw, 1024px\" \/><\/figure>\n<\/div>\n<\/div>\n\n\n\n<p>El batxillerat forma part de l&#8217;ensenyament no obligatori a Catalunya. Es fa al voltant dels 16-18 anys i \u00e9s una etapa imprescindible per a accedir a la universitat o als cicles formatius de grau superior. <\/p>\n\n\n\n<p>En aquesta p\u00e0gina volem explicar-vos com \u00e9s el batxillerat a l&#8217;institut Ic\u00e0ria.<\/p>\n\n\n\n<div class=\"wp-block-columns is-layout-flex wp-container-core-columns-is-layout-2 wp-block-columns-is-layout-flex\">\n<div class=\"wp-block-column is-vertically-aligned-center is-layout-flow wp-block-column-is-layout-flow\">\n<figure class=\"wp-block-image size-full\"><a href=\"https:\/\/agora.xtec.cat\/iesicaria\/batxillerat\/valors-2\/\"><img loading=\"lazy\" decoding=\"async\" width=\"379\" height=\"370\" src=\"https:\/\/agora.xtec.cat\/iesicaria\/wp-content\/uploads\/usu2339\/2025\/11\/Valors.png\" alt=\"\" class=\"wp-image-2648\" srcset=\"https:\/\/agora.xtec.cat\/iesicaria\/wp-content\/uploads\/usu2339\/2025\/11\/Valors.png 379w, https:\/\/agora.xtec.cat\/iesicaria\/wp-content\/uploads\/usu2339\/2025\/11\/Valors-300x293.png 300w\" sizes=\"auto, (max-width: 379px) 100vw, 379px\" \/><\/a><\/figure>\n<\/div>\n\n\n\n<div class=\"wp-block-column is-layout-flow wp-block-column-is-layout-flow\">\n<h2 class=\"wp-block-heading\">Valors i projecte educatiu<\/h2>\n\n\n\n<p><strong>Acompanyem i formem<\/strong> l&#8217;alumnat perqu\u00e8 esdevinguin persones plenes i competents, amb <strong>capacitat d\u2019adaptaci\u00f3 i sentit cr\u00edtic<\/strong>, en el m\u00f3n actual, que \u00e9s canviant i divers.<\/p>\n\n\n\n<p>Per aconseguir-lo tenim <a href=\"https:\/\/agora.xtec.cat\/iesicaria\/batxillerat\/valors-2\/\" data-type=\"page\" data-id=\"2650\">el nostre projecte educatiu que us convidem a con\u00e8ixer<\/a>.<\/p>\n<\/div>\n<\/div>\n\n\n\n<div class=\"wp-block-columns is-layout-flex wp-container-core-columns-is-layout-3 wp-block-columns-is-layout-flex\">\n<div class=\"wp-block-column is-layout-flow wp-block-column-is-layout-flow\">\n<h2 class=\"wp-block-heading\">Quins batxillerats oferim<\/h2>\n\n\n\n<p>A l&#8217;institut Ic\u00e0ria oferim la modalitat de<a href=\"https:\/\/agora.xtec.cat\/iesicaria\/batxillerat\/batxillerat-estructura#ciencies\/\" data-type=\"page\" data-id=\"2667\"> ci\u00e8ncies i tecnologia<\/a> i la modalitat d&#8217;<a href=\"https:\/\/agora.xtec.cat\/iesicaria\/batxillerat\/batxillerat-estructura#humanitats\">humanitats i ci\u00e8ncies socials<\/a>.<\/p>\n\n\n\n<p>Aquestes modalitats es poden combinar amb l&#8217;estudi de la llengua francesa en el <a href=\"https:\/\/agora.xtec.cat\/iesicaria\/batxillerat\/batxillerat-estructura#batxibac\/\">Batxibac<\/a> per obtenir una doble titulaci\u00f3.<\/p>\n<\/div>\n\n\n\n<div class=\"wp-block-column is-vertically-aligned-center is-layout-flow wp-block-column-is-layout-flow\">\n<figure class=\"wp-block-image size-full\"><a href=\"https:\/\/agora.xtec.cat\/iesicaria\/batxillerat\/batxillerat-estructura\/\"><img loading=\"lazy\" decoding=\"async\" width=\"975\" height=\"492\" src=\"https:\/\/agora.xtec.cat\/iesicaria\/wp-content\/uploads\/usu2339\/2024\/11\/Portada-Matemifasol.jpg\" alt=\"Batxillerat\" class=\"wp-image-2179\" srcset=\"https:\/\/agora.xtec.cat\/iesicaria\/wp-content\/uploads\/usu2339\/2024\/11\/Portada-Matemifasol.jpg 975w, https:\/\/agora.xtec.cat\/iesicaria\/wp-content\/uploads\/usu2339\/2024\/11\/Portada-Matemifasol-300x151.jpg 300w, https:\/\/agora.xtec.cat\/iesicaria\/wp-content\/uploads\/usu2339\/2024\/11\/Portada-Matemifasol-768x388.jpg 768w\" sizes=\"auto, (max-width: 975px) 100vw, 975px\" \/><\/a><\/figure>\n<\/div>\n<\/div>\n\n\n\n<div class=\"wp-block-columns is-layout-flex wp-container-core-columns-is-layout-4 wp-block-columns-is-layout-flex\">\n<div class=\"wp-block-column is-layout-flow wp-block-column-is-layout-flow\">\n<figure class=\"wp-block-image size-large\"><a href=\"https:\/\/agora.xtec.cat\/iesicaria\/batxillerat\/activitats-complementaries\/\"><img loading=\"lazy\" decoding=\"async\" width=\"768\" height=\"1024\" src=\"https:\/\/agora.xtec.cat\/iesicaria\/wp-content\/uploads\/usu2339\/2025\/04\/mar-i-cel-1-768x1024.jpg\" alt=\"Teatre Mar i cel\" class=\"wp-image-2390\" srcset=\"https:\/\/agora.xtec.cat\/iesicaria\/wp-content\/uploads\/usu2339\/2025\/04\/mar-i-cel-1-768x1024.jpg 768w, https:\/\/agora.xtec.cat\/iesicaria\/wp-content\/uploads\/usu2339\/2025\/04\/mar-i-cel-1-225x300.jpg 225w, https:\/\/agora.xtec.cat\/iesicaria\/wp-content\/uploads\/usu2339\/2025\/04\/mar-i-cel-1-1152x1536.jpg 1152w, https:\/\/agora.xtec.cat\/iesicaria\/wp-content\/uploads\/usu2339\/2025\/04\/mar-i-cel-1.jpg 1536w\" sizes=\"auto, (max-width: 768px) 100vw, 768px\" \/><\/a><\/figure>\n<\/div>\n\n\n\n<div class=\"wp-block-column is-layout-flow wp-block-column-is-layout-flow\">\n<h2 class=\"wp-block-heading\">Experi\u00e8ncies<\/h2>\n\n\n\n<p>No tot s\u00f3n classes, viu <a href=\"https:\/\/agora.xtec.cat\/iesicaria\/batxillerat\/activitats-complementaries\/\" data-type=\"page\" data-id=\"2693\">experi\u00e8ncies que enriqueixen els aprenentatges<\/a>.<\/p>\n<\/div>\n<\/div>\n\n\n\n<div class=\"wp-block-columns is-layout-flex wp-container-core-columns-is-layout-5 wp-block-columns-is-layout-flex\">\n<div class=\"wp-block-column is-layout-flow wp-block-column-is-layout-flow\">\n<h2 class=\"wp-block-heading\">Combina\u2019l amb altres estudis<\/h2>\n\n\n\n<p>Si est\u00e0s estudiant m\u00fasica, dansa, idiomes estrangers o est\u00e0s practicant esports a un nivell intens de dedicaci\u00f3 t&#8217;ajudem a <a href=\"https:\/\/agora.xtec.cat\/iesicaria\/batxillerat\/combinal-amb-altres-estudis\/\" data-type=\"page\" data-id=\"2697\">combinar-lo amb el batxillerat<\/a>.<\/p>\n<\/div>\n\n\n\n<div class=\"wp-block-column is-vertically-aligned-center is-layout-flow wp-block-column-is-layout-flow\">\n<figure class=\"wp-block-image aligncenter size-full\"><a href=\"https:\/\/agora.xtec.cat\/iesicaria\/batxillerat\/combinal-amb-altres-estudis\/\"><img loading=\"lazy\" decoding=\"async\" width=\"960\" height=\"640\" src=\"https:\/\/agora.xtec.cat\/iesicaria\/wp-content\/uploads\/usu2339\/2025\/11\/waterpolo.jpg\" alt=\"\" class=\"wp-image-2714\" srcset=\"https:\/\/agora.xtec.cat\/iesicaria\/wp-content\/uploads\/usu2339\/2025\/11\/waterpolo.jpg 960w, https:\/\/agora.xtec.cat\/iesicaria\/wp-content\/uploads\/usu2339\/2025\/11\/waterpolo-300x200.jpg 300w, https:\/\/agora.xtec.cat\/iesicaria\/wp-content\/uploads\/usu2339\/2025\/11\/waterpolo-768x512.jpg 768w\" sizes=\"auto, (max-width: 960px) 100vw, 960px\" \/><\/a><\/figure>\n<\/div>\n<\/div>\n\n\n\n<div class=\"wp-block-columns is-layout-flex wp-container-core-columns-is-layout-6 wp-block-columns-is-layout-flex\">\n<div class=\"wp-block-column is-vertically-aligned-center is-layout-flow wp-block-column-is-layout-flow\">\n<figure class=\"wp-block-image size-large\"><a href=\"https:\/\/agora.xtec.cat\/iesicaria\/batxillerat\/selectivitat\/\"><img loading=\"lazy\" decoding=\"async\" width=\"1024\" height=\"683\" src=\"https:\/\/agora.xtec.cat\/iesicaria\/wp-content\/uploads\/usu2339\/2025\/12\/Nota-dacces-1024x683.jpg\" alt=\"\" class=\"wp-image-2736\" srcset=\"https:\/\/agora.xtec.cat\/iesicaria\/wp-content\/uploads\/usu2339\/2025\/12\/Nota-dacces-1024x683.jpg 1024w, https:\/\/agora.xtec.cat\/iesicaria\/wp-content\/uploads\/usu2339\/2025\/12\/Nota-dacces-300x200.jpg 300w, https:\/\/agora.xtec.cat\/iesicaria\/wp-content\/uploads\/usu2339\/2025\/12\/Nota-dacces-768x512.jpg 768w, https:\/\/agora.xtec.cat\/iesicaria\/wp-content\/uploads\/usu2339\/2025\/12\/Nota-dacces.jpg 1536w\" sizes=\"auto, (max-width: 1024px) 100vw, 1024px\" \/><\/a><\/figure>\n<\/div>\n\n\n\n<div class=\"wp-block-column is-layout-flow wp-block-column-is-layout-flow\">\n<h2 class=\"wp-block-heading\">Selectivitat<\/h2>\n\n\n\n<p>No ens oblidem de l&#8217;objectiu de molts: accedir a la universitat. Per fer-ho cal superar la selectivitat. A l&#8217;institut donem el m\u00e0xim de suport i ajuda als alumnes perqu\u00e8 els nostres alumnes <a href=\"https:\/\/agora.xtec.cat\/iesicaria\/batxillerat\/selectivitat\/\" data-type=\"page\" data-id=\"2734\">la superin amb bona nota<\/a>.<\/p>\n<\/div>\n<\/div>\n","protected":false},"excerpt":{"rendered":"<p>El batxillerat forma part de l&#8217;ensenyament no obligatori a Catalunya. Es fa al voltant dels 16-18 anys i \u00e9s una etapa imprescindible per a accedir a la universitat o als cicles formatius de grau superior. En aquesta p\u00e0gina volem explicar-vos com \u00e9s el batxillerat a l&#8217;institut Ic\u00e0ria. Valors i projecte educatiu Acompanyem i formem l&#8217;alumnat [&hellip;]<\/p>\n","protected":false},"author":1,"featured_media":0,"parent":0,"menu_order":0,"comment_status":"closed","ping_status":"closed","template":"","meta":{"_bbp_topic_count":0,"_bbp_reply_count":0,"_bbp_total_topic_count":0,"_bbp_total_reply_count":0,"_bbp_voice_count":0,"_bbp_anonymous_reply_count":0,"_bbp_topic_count_hidden":0,"_bbp_reply_count_hidden":0,"_bbp_forum_subforum_count":0,"site-sidebar-layout":"default","site-content-layout":"","ast-site-content-layout":"default","site-content-style":"default","site-sidebar-style":"default","ast-global-header-display":"","ast-banner-title-visibility":"","ast-main-header-display":"","ast-hfb-above-header-display":"","ast-hfb-below-header-display":"","ast-hfb-mobile-header-display":"","site-post-title":"","ast-breadcrumbs-content":"","ast-featured-img":"","footer-sml-layout":"","theme-transparent-header-meta":"","adv-header-id-meta":"","stick-header-meta":"","header-above-stick-meta":"","header-main-stick-meta":"","header-below-stick-meta":"","astra-migrate-meta-layouts":"set","ast-page-background-enabled":"default","ast-page-background-meta":{"desktop":{"background-color":"var(--ast-global-color-4)","background-image":"","background-repeat":"repeat","background-position":"center center","background-size":"auto","background-attachment":"scroll","background-type":"","background-media":"","overlay-type":"","overlay-color":"","overlay-opacity":"","overlay-gradient":""},"tablet":{"background-color":"","background-image":"","background-repeat":"repeat","background-position":"center center","background-size":"auto","background-attachment":"scroll","background-type":"","background-media":"","overlay-type":"","overlay-color":"","overlay-opacity":"","overlay-gradient":""},"mobile":{"background-color":"","background-image":"","background-repeat":"repeat","background-position":"center center","background-size":"auto","background-attachment":"scroll","background-type":"","background-media":"","overlay-type":"","overlay-color":"","overlay-opacity":"","overlay-gradient":""}},"ast-content-background-meta":{"desktop":{"background-color":"var(--ast-global-color-5)","background-image":"","background-repeat":"repeat","background-position":"center center","background-size":"auto","background-attachment":"scroll","background-type":"","background-media":"","overlay-type":"","overlay-color":"","overlay-opacity":"","overlay-gradient":""},"tablet":{"background-color":"var(--ast-global-color-5)","background-image":"","background-repeat":"repeat","background-position":"center center","background-size":"auto","background-attachment":"scroll","background-type":"","background-media":"","overlay-type":"","overlay-color":"","overlay-opacity":"","overlay-gradient":""},"mobile":{"background-color":"var(--ast-global-color-5)","background-image":"","background-repeat":"repeat","background-position":"center center","background-size":"auto","background-attachment":"scroll","background-type":"","background-media":"","overlay-type":"","overlay-color":"","overlay-opacity":"","overlay-gradient":""}},"footnotes":""},"class_list":["post-1042","page","type-page","status-publish","hentry"],"post_mailing_queue_ids":[],"_links":{"self":[{"href":"https:\/\/agora.xtec.cat\/iesicaria\/wp-json\/wp\/v2\/pages\/1042","targetHints":{"allow":["GET"]}}],"collection":[{"href":"https:\/\/agora.xtec.cat\/iesicaria\/wp-json\/wp\/v2\/pages"}],"about":[{"href":"https:\/\/agora.xtec.cat\/iesicaria\/wp-json\/wp\/v2\/types\/page"}],"author":[{"embeddable":true,"href":"https:\/\/agora.xtec.cat\/iesicaria\/wp-json\/wp\/v2\/users\/1"}],"replies":[{"embeddable":true,"href":"https:\/\/agora.xtec.cat\/iesicaria\/wp-json\/wp\/v2\/comments?post=1042"}],"version-history":[{"count":6,"href":"https:\/\/agora.xtec.cat\/iesicaria\/wp-json\/wp\/v2\/pages\/1042\/revisions"}],"predecessor-version":[{"id":2771,"href":"https:\/\/agora.xtec.cat\/iesicaria\/wp-json\/wp\/v2\/pages\/1042\/revisions\/2771"}],"wp:attachment":[{"href":"https:\/\/agora.xtec.cat\/iesicaria\/wp-json\/wp\/v2\/media?parent=1042"}],"curies":[{"name":"wp","href":"https:\/\/api.w.org\/{rel}","templated":true}]}}