{"id":1005,"date":"2023-07-03T14:20:57","date_gmt":"2023-07-03T12:20:57","guid":{"rendered":"https:\/\/agora.xtec.cat\/iesicaria\/?page_id=1005"},"modified":"2026-03-04T07:41:44","modified_gmt":"2026-03-04T06:41:44","slug":"3r-eso","status":"publish","type":"page","link":"https:\/\/agora.xtec.cat\/iesicaria\/eso\/3r-eso\/","title":{"rendered":"3r ESO"},"content":{"rendered":"\n<div class=\"wp-block-columns is-layout-flex wp-container-core-columns-is-layout-1 wp-block-columns-is-layout-flex\">\n<div class=\"wp-block-column is-layout-flow wp-block-column-is-layout-flow\">\n<style>\n    \/*----------- CAJA ----------- *\/\n    .caja { \n    font-family: Century Gothic,CenturyGothic,AppleGothic,sans-serif; \n    color: #087EB6; \n    font-size: 1.5em; \n    font-weight: 80;\n    text-align: center; \n    margin: 0.5em;\n    overflow: hidden; \n    padding: 0.5em;\n    border: 2px solid #3581a5;\n    border-radius: 35px 35px 35px 0px; \n    -moz-border-radius: 35px 35px 35px 0px; \n    -webkit-border-radius: 35px 35px 35px 0px; \n    }\n    \n    <\/style>\n    \n<div class=\"caja\">\n    <div><gran style=\"font-size:1.5em;\">120<\/gran> alumnes agrupats en 4 classes.<\/div>\n    <div><gran style=\"font-size:1.5em;\">30<\/gran> alumnes per classe<\/div>\n<\/div>\n\n\n\n<div style=\"height:2em\" aria-hidden=\"true\" class=\"wp-block-spacer\"><\/div>\n\n\n\n<p class=\"has-text-align-center\"><a href=\"https:\/\/agora.xtec.cat\/iesicaria\/wp-content\/uploads\/usu2339\/2025\/01\/E3_24-25-v2.pdf\">Dossier per a les fam\u00edlies 3r ESO 2024-25 \ud83d\udcc1<\/a><\/p>\n\n\n\n<p><strong>Formulari de modificaci\u00f3 dades acad\u00e8miques o m\u00e8diques per al curs 25-26<\/strong><\/p>\n\n\n\n<p>Per demanar canvis de primera llengua estrangera, cursar religi\u00f3 cat\u00f2lica o comunicar dades m\u00e8diques rellevants diagnosticades durant aquest curs (24-25), us preguem que responeu el&nbsp;<a href=\"https:\/\/forms.gle\/k8VdLY4wYobvHxNR8\" target=\"_blank\" rel=\"noreferrer noopener\">formulari seg\u00fcent<\/a>.&nbsp;&nbsp;La data per respondre aquest formulari \u00e9s el 16 de maig.<\/p>\n<\/div>\n\n\n\n<div class=\"wp-block-column is-layout-flow wp-block-column-is-layout-flow\">\n<figure class=\"wp-block-image size-full\"><img loading=\"lazy\" decoding=\"async\" width=\"724\" height=\"584\" src=\"https:\/\/agora.xtec.cat\/iesicaria\/wp-content\/uploads\/usu2339\/2024\/02\/Donacio-E3-1.jpg\" alt=\"\" class=\"wp-image-1831\" srcset=\"https:\/\/agora.xtec.cat\/iesicaria\/wp-content\/uploads\/usu2339\/2024\/02\/Donacio-E3-1.jpg 724w, https:\/\/agora.xtec.cat\/iesicaria\/wp-content\/uploads\/usu2339\/2024\/02\/Donacio-E3-1-300x242.jpg 300w\" sizes=\"auto, (max-width: 724px) 100vw, 724px\" \/><\/figure>\n<\/div>\n<\/div>\n\n\n\n<h2 class=\"wp-block-heading\">Tutories 3 ESO<\/h2>\n\n\n\n<figure class=\"wp-block-table\"><table><tbody><tr><td><strong>E3A<\/strong><\/td><td>M\u00edriam Florenza<\/td><\/tr><tr><td><strong>E3B<\/strong><\/td><td>Rafael Lamas<\/td><\/tr><tr><td><strong>E3C<\/strong><\/td><td>Mireia Garcia<\/td><\/tr><tr><td><strong>E3D<\/strong><\/td><td>Anna Cots \/ Beatriz F\u00e9lez<\/td><\/tr><tr><td><strong>Aula d\u2019acollida<\/strong><\/td><td>Pilar Poy<\/td><\/tr><tr><td><strong>SIEI<\/strong><\/td><td>Pau Folch<\/td><\/tr><\/tbody><\/table><\/figure>\n\n\n\n<hr class=\"wp-block-separator has-css-opacity\"\/>\n\n\n\n<h2 class=\"wp-block-heading\">\u00daltimes not\u00edcies 3r ESO<\/h2>\n\n\n<ul class=\"wp-block-latest-posts__list wp-block-latest-posts\"><li><a class=\"wp-block-latest-posts__post-title\" href=\"https:\/\/agora.xtec.cat\/iesicaria\/eso\/eso-3\/una-donacio-tres-vides-thi-sumes\/\">UNA DONACI\u00d3, TRES VIDES.\u00a0T\u2019hi sumes?<\/a><\/li>\n<li><a class=\"wp-block-latest-posts__post-title\" href=\"https:\/\/agora.xtec.cat\/iesicaria\/eso\/eso-3\/intercanvi-barcelona-duderstadt-2\/\">Intercanvi Barcelona-Duderstadt<\/a><\/li>\n<li><a class=\"wp-block-latest-posts__post-title\" href=\"https:\/\/agora.xtec.cat\/iesicaria\/eso\/eso-3\/el-teu-minut-la-teva-vida\/\">El teu minut, la seva vida<\/a><\/li>\n<li><a class=\"wp-block-latest-posts__post-title\" href=\"https:\/\/agora.xtec.cat\/iesicaria\/eso\/eso-3\/donacio-de-sang-2025\/\">Donaci\u00f3 de sang 2025<\/a><\/li>\n<li><a class=\"wp-block-latest-posts__post-title\" href=\"https:\/\/agora.xtec.cat\/iesicaria\/general\/donacio-de-sang-2\/\">Donaci\u00f3 de sang<\/a><\/li>\n<\/ul>","protected":false},"excerpt":{"rendered":"<p>120 alumnes agrupats en 4 classes. 30 alumnes per classe Dossier per a les fam\u00edlies 3r ESO 2024-25 \ud83d\udcc1 Formulari de modificaci\u00f3 dades acad\u00e8miques o m\u00e8diques per al curs 25-26 Per demanar canvis de primera llengua estrangera, cursar religi\u00f3 cat\u00f2lica o comunicar dades m\u00e8diques rellevants diagnosticades durant aquest curs (24-25), us preguem que responeu el&nbsp;formulari [&hellip;]<\/p>\n","protected":false},"author":1,"featured_media":2328,"parent":1001,"menu_order":3,"comment_status":"closed","ping_status":"closed","template":"","meta":{"_bbp_topic_count":0,"_bbp_reply_count":0,"_bbp_total_topic_count":0,"_bbp_total_reply_count":0,"_bbp_voice_count":0,"_bbp_anonymous_reply_count":0,"_bbp_topic_count_hidden":0,"_bbp_reply_count_hidden":0,"_bbp_forum_subforum_count":0,"site-sidebar-layout":"default","site-content-layout":"","ast-site-content-layout":"default","site-content-style":"default","site-sidebar-style":"default","ast-global-header-display":"","ast-banner-title-visibility":"","ast-main-header-display":"","ast-hfb-above-header-display":"","ast-hfb-below-header-display":"","ast-hfb-mobile-header-display":"","site-post-title":"","ast-breadcrumbs-content":"","ast-featured-img":"","footer-sml-layout":"","theme-transparent-header-meta":"","adv-header-id-meta":"","stick-header-meta":"","header-above-stick-meta":"","header-main-stick-meta":"","header-below-stick-meta":"","astra-migrate-meta-layouts":"set","ast-page-background-enabled":"default","ast-page-background-meta":{"desktop":{"background-color":"var(--ast-global-color-4)","background-image":"","background-repeat":"repeat","background-position":"center center","background-size":"auto","background-attachment":"scroll","background-type":"","background-media":"","overlay-type":"","overlay-color":"","overlay-opacity":"","overlay-gradient":""},"tablet":{"background-color":"","background-image":"","background-repeat":"repeat","background-position":"center center","background-size":"auto","background-attachment":"scroll","background-type":"","background-media":"","overlay-type":"","overlay-color":"","overlay-opacity":"","overlay-gradient":""},"mobile":{"background-color":"","background-image":"","background-repeat":"repeat","background-position":"center center","background-size":"auto","background-attachment":"scroll","background-type":"","background-media":"","overlay-type":"","overlay-color":"","overlay-opacity":"","overlay-gradient":""}},"ast-content-background-meta":{"desktop":{"background-color":"var(--ast-global-color-5)","background-image":"","background-repeat":"repeat","background-position":"center center","background-size":"auto","background-attachment":"scroll","background-type":"","background-media":"","overlay-type":"","overlay-color":"","overlay-opacity":"","overlay-gradient":""},"tablet":{"background-color":"var(--ast-global-color-5)","background-image":"","background-repeat":"repeat","background-position":"center center","background-size":"auto","background-attachment":"scroll","background-type":"","background-media":"","overlay-type":"","overlay-color":"","overlay-opacity":"","overlay-gradient":""},"mobile":{"background-color":"var(--ast-global-color-5)","background-image":"","background-repeat":"repeat","background-position":"center center","background-size":"auto","background-attachment":"scroll","background-type":"","background-media":"","overlay-type":"","overlay-color":"","overlay-opacity":"","overlay-gradient":""}},"footnotes":""},"class_list":["post-1005","page","type-page","status-publish","has-post-thumbnail","hentry"],"post_mailing_queue_ids":[],"_links":{"self":[{"href":"https:\/\/agora.xtec.cat\/iesicaria\/wp-json\/wp\/v2\/pages\/1005","targetHints":{"allow":["GET"]}}],"collection":[{"href":"https:\/\/agora.xtec.cat\/iesicaria\/wp-json\/wp\/v2\/pages"}],"about":[{"href":"https:\/\/agora.xtec.cat\/iesicaria\/wp-json\/wp\/v2\/types\/page"}],"author":[{"embeddable":true,"href":"https:\/\/agora.xtec.cat\/iesicaria\/wp-json\/wp\/v2\/users\/1"}],"replies":[{"embeddable":true,"href":"https:\/\/agora.xtec.cat\/iesicaria\/wp-json\/wp\/v2\/comments?post=1005"}],"version-history":[{"count":6,"href":"https:\/\/agora.xtec.cat\/iesicaria\/wp-json\/wp\/v2\/pages\/1005\/revisions"}],"predecessor-version":[{"id":2866,"href":"https:\/\/agora.xtec.cat\/iesicaria\/wp-json\/wp\/v2\/pages\/1005\/revisions\/2866"}],"up":[{"embeddable":true,"href":"https:\/\/agora.xtec.cat\/iesicaria\/wp-json\/wp\/v2\/pages\/1001"}],"wp:featuredmedia":[{"embeddable":true,"href":"https:\/\/agora.xtec.cat\/iesicaria\/wp-json\/wp\/v2\/media\/2328"}],"wp:attachment":[{"href":"https:\/\/agora.xtec.cat\/iesicaria\/wp-json\/wp\/v2\/media?parent=1005"}],"curies":[{"name":"wp","href":"https:\/\/api.w.org\/{rel}","templated":true}]}}