{"id":1004,"date":"2023-07-03T14:20:57","date_gmt":"2023-07-03T12:20:57","guid":{"rendered":"https:\/\/agora.xtec.cat\/iesicaria\/?page_id=1004"},"modified":"2025-10-03T12:46:18","modified_gmt":"2025-10-03T10:46:18","slug":"2n-eso","status":"publish","type":"page","link":"https:\/\/agora.xtec.cat\/iesicaria\/eso\/2n-eso\/","title":{"rendered":"2n ESO"},"content":{"rendered":"\n<div class=\"wp-block-columns is-layout-flex wp-container-core-columns-is-layout-1 wp-block-columns-is-layout-flex\">\n<div class=\"wp-block-column is-layout-flow wp-block-column-is-layout-flow\">\n<style>\n    \/*----------- CAJA ----------- *\/\n    .caja { \n    font-family: Century Gothic,CenturyGothic,AppleGothic,sans-serif; \n    color: #087EB6; \n    font-size: 1.5em; \n    font-weight: 80;\n    text-align: center; \n    margin: 0.5em;\n    overflow: hidden; \n    padding: 0.5em;\n    border: 2px solid #3581a5;\n    border-radius: 35px 35px 35px 0px; \n    -moz-border-radius: 35px 35px 35px 0px; \n    -webkit-border-radius: 35px 35px 35px 0px; \n    }\n    \n    <\/style>\n    \n<div class=\"caja\">\n    <div><gran style=\"font-size:1.5em;\">120<\/gran> alumnes agrupats en 5 classes.<\/div>\n    <div><gran style=\"font-size:1.5em;\">24<\/gran> alumnes per classe<\/div>\n<\/div>\n\n\n\n<div style=\"height:3em\" aria-hidden=\"true\" class=\"wp-block-spacer\"><\/div>\n\n\n\n<p class=\"has-text-align-center\"><a href=\"https:\/\/agora.xtec.cat\/iesicaria\/wp-content\/uploads\/usu2339\/2024\/11\/E2_24-25.pdf\">Dossier per a les fam\u00edlies 2n ESO 2024-25 \ud83d\udcc1<\/a><\/p>\n<\/div>\n\n\n\n<div class=\"wp-block-column is-layout-flow wp-block-column-is-layout-flow\">\n<figure class=\"wp-block-image size-full\"><a href=\"https:\/\/agora.xtec.cat\/iesicaria\/wp-content\/uploads\/usu2339\/2023\/12\/Matematiques-2023-12.jpg\"><img loading=\"lazy\" decoding=\"async\" width=\"1024\" height=\"768\" src=\"https:\/\/agora.xtec.cat\/iesicaria\/wp-content\/uploads\/usu2339\/2023\/12\/Matematiques-2023-12.jpg\" alt=\"Alumnes jugant a Ricochet Robot\" class=\"wp-image-1638\" srcset=\"https:\/\/agora.xtec.cat\/iesicaria\/wp-content\/uploads\/usu2339\/2023\/12\/Matematiques-2023-12.jpg 1024w, https:\/\/agora.xtec.cat\/iesicaria\/wp-content\/uploads\/usu2339\/2023\/12\/Matematiques-2023-12-300x225.jpg 300w, https:\/\/agora.xtec.cat\/iesicaria\/wp-content\/uploads\/usu2339\/2023\/12\/Matematiques-2023-12-768x576.jpg 768w, https:\/\/agora.xtec.cat\/iesicaria\/wp-content\/uploads\/usu2339\/2023\/12\/Matematiques-2023-12-200x150.jpg 200w\" sizes=\"auto, (max-width: 1024px) 100vw, 1024px\" \/><\/a><\/figure>\n<\/div>\n<\/div>\n\n\n\n<p><strong>Formulari de modificaci\u00f3 dades acad\u00e8miques o m\u00e8diques per al curs 25-26<\/strong><\/p>\n\n\n\n<p>Per demanar canvis de primera llengua estrangera, cursar religi\u00f3 cat\u00f2lica o comunicar dades m\u00e8diques rellevants diagnosticades durant aquest curs (24-25), us preguem que responeu el&nbsp;<a href=\"https:\/\/forms.gle\/7EY8qp4WTCnEFVsq9\" target=\"_blank\" rel=\"noreferrer noopener\">formulari seg\u00fcent<\/a>.&nbsp;&nbsp;La data per respondre aquest formulari \u00e9s el 16 de maig.<\/p>\n\n\n\n<h4 class=\"wp-block-heading\"><strong>Tutories 2n d&#8217;ESO<\/strong><\/h4>\n\n\n\n<figure class=\"wp-block-table is-style-regular\"><table><tbody><tr><td><strong>E2A<\/strong><\/td><td>David Mart\u00ednez<\/td><\/tr><tr><td><strong>E2B<\/strong><\/td><td>Antoni Parera<\/td><\/tr><tr><td><strong>E2C<\/strong><\/td><td>N\u00faria Ferr\u00e9s<\/td><\/tr><tr><td><strong>E2D<\/strong><\/td><td>Marc Montalban<\/td><\/tr><tr><td><strong>E2E<\/strong><\/td><td>Eva Mu\u00f1oz<\/td><\/tr><tr><td><strong>Aula d\u2019acollida<\/strong><\/td><td>Pilar Poy<\/td><\/tr><tr><td><strong>SIEI<\/strong><\/td><td>Pau Folch<\/td><\/tr><\/tbody><\/table><\/figure>\n\n\n\n<hr class=\"wp-block-separator has-css-opacity\"\/>\n\n\n\n<h4 class=\"wp-block-heading\">\u00daltimes not\u00edcies 2n ESO<\/h4>\n\n\n<ul class=\"wp-block-latest-posts__list wp-block-latest-posts\"><li><a class=\"wp-block-latest-posts__post-title\" href=\"https:\/\/agora.xtec.cat\/iesicaria\/eso\/eso-1\/carnestoltes-2026\/\">Carnestoltes 2026<\/a><\/li>\n<li><a class=\"wp-block-latest-posts__post-title\" href=\"https:\/\/agora.xtec.cat\/iesicaria\/eso\/eso-2\/colonies-e2-a-la-cerdanya\/\">Col\u00f2nies E2 a la Cerdanya<\/a><\/li>\n<li><a class=\"wp-block-latest-posts__post-title\" href=\"https:\/\/agora.xtec.cat\/iesicaria\/eso\/eso-2\/jornada-de-mediacio-entre-iguals\/\">Jornada de mediaci\u00f3 entre iguals<\/a><\/li>\n<li><a class=\"wp-block-latest-posts__post-title\" href=\"https:\/\/agora.xtec.cat\/iesicaria\/eso\/eso-2\/primer-cinema-lart-denganyar\/\">PRIMER CINEMA: L\u2019ART D\u2019ENGANYAR.<\/a><\/li>\n<li><a class=\"wp-block-latest-posts__post-title\" href=\"https:\/\/agora.xtec.cat\/iesicaria\/eso\/carnestoltes-2025\/\">Carnestoltes 2025<\/a><\/li>\n<\/ul>\n\n\n<p><\/p>\n","protected":false},"excerpt":{"rendered":"<p>120 alumnes agrupats en 5 classes. 24 alumnes per classe Dossier per a les fam\u00edlies 2n ESO 2024-25 \ud83d\udcc1 Formulari de modificaci\u00f3 dades acad\u00e8miques o m\u00e8diques per al curs 25-26 Per demanar canvis de primera llengua estrangera, cursar religi\u00f3 cat\u00f2lica o comunicar dades m\u00e8diques rellevants diagnosticades durant aquest curs (24-25), us preguem que responeu el&nbsp;formulari [&hellip;]<\/p>\n","protected":false},"author":1,"featured_media":1638,"parent":1001,"menu_order":2,"comment_status":"closed","ping_status":"closed","template":"","meta":{"_bbp_topic_count":0,"_bbp_reply_count":0,"_bbp_total_topic_count":0,"_bbp_total_reply_count":0,"_bbp_voice_count":0,"_bbp_anonymous_reply_count":0,"_bbp_topic_count_hidden":0,"_bbp_reply_count_hidden":0,"_bbp_forum_subforum_count":0,"site-sidebar-layout":"default","site-content-layout":"","ast-site-content-layout":"default","site-content-style":"default","site-sidebar-style":"default","ast-global-header-display":"","ast-banner-title-visibility":"","ast-main-header-display":"","ast-hfb-above-header-display":"","ast-hfb-below-header-display":"","ast-hfb-mobile-header-display":"","site-post-title":"","ast-breadcrumbs-content":"","ast-featured-img":"","footer-sml-layout":"","theme-transparent-header-meta":"","adv-header-id-meta":"","stick-header-meta":"","header-above-stick-meta":"","header-main-stick-meta":"","header-below-stick-meta":"","astra-migrate-meta-layouts":"set","ast-page-background-enabled":"default","ast-page-background-meta":{"desktop":{"background-color":"var(--ast-global-color-4)","background-image":"","background-repeat":"repeat","background-position":"center center","background-size":"auto","background-attachment":"scroll","background-type":"","background-media":"","overlay-type":"","overlay-color":"","overlay-opacity":"","overlay-gradient":""},"tablet":{"background-color":"","background-image":"","background-repeat":"repeat","background-position":"center center","background-size":"auto","background-attachment":"scroll","background-type":"","background-media":"","overlay-type":"","overlay-color":"","overlay-opacity":"","overlay-gradient":""},"mobile":{"background-color":"","background-image":"","background-repeat":"repeat","background-position":"center center","background-size":"auto","background-attachment":"scroll","background-type":"","background-media":"","overlay-type":"","overlay-color":"","overlay-opacity":"","overlay-gradient":""}},"ast-content-background-meta":{"desktop":{"background-color":"var(--ast-global-color-5)","background-image":"","background-repeat":"repeat","background-position":"center center","background-size":"auto","background-attachment":"scroll","background-type":"","background-media":"","overlay-type":"","overlay-color":"","overlay-opacity":"","overlay-gradient":""},"tablet":{"background-color":"var(--ast-global-color-5)","background-image":"","background-repeat":"repeat","background-position":"center center","background-size":"auto","background-attachment":"scroll","background-type":"","background-media":"","overlay-type":"","overlay-color":"","overlay-opacity":"","overlay-gradient":""},"mobile":{"background-color":"var(--ast-global-color-5)","background-image":"","background-repeat":"repeat","background-position":"center center","background-size":"auto","background-attachment":"scroll","background-type":"","background-media":"","overlay-type":"","overlay-color":"","overlay-opacity":"","overlay-gradient":""}},"footnotes":""},"class_list":["post-1004","page","type-page","status-publish","has-post-thumbnail","hentry"],"post_mailing_queue_ids":[],"_links":{"self":[{"href":"https:\/\/agora.xtec.cat\/iesicaria\/wp-json\/wp\/v2\/pages\/1004","targetHints":{"allow":["GET"]}}],"collection":[{"href":"https:\/\/agora.xtec.cat\/iesicaria\/wp-json\/wp\/v2\/pages"}],"about":[{"href":"https:\/\/agora.xtec.cat\/iesicaria\/wp-json\/wp\/v2\/types\/page"}],"author":[{"embeddable":true,"href":"https:\/\/agora.xtec.cat\/iesicaria\/wp-json\/wp\/v2\/users\/1"}],"replies":[{"embeddable":true,"href":"https:\/\/agora.xtec.cat\/iesicaria\/wp-json\/wp\/v2\/comments?post=1004"}],"version-history":[{"count":6,"href":"https:\/\/agora.xtec.cat\/iesicaria\/wp-json\/wp\/v2\/pages\/1004\/revisions"}],"predecessor-version":[{"id":2608,"href":"https:\/\/agora.xtec.cat\/iesicaria\/wp-json\/wp\/v2\/pages\/1004\/revisions\/2608"}],"up":[{"embeddable":true,"href":"https:\/\/agora.xtec.cat\/iesicaria\/wp-json\/wp\/v2\/pages\/1001"}],"wp:featuredmedia":[{"embeddable":true,"href":"https:\/\/agora.xtec.cat\/iesicaria\/wp-json\/wp\/v2\/media\/1638"}],"wp:attachment":[{"href":"https:\/\/agora.xtec.cat\/iesicaria\/wp-json\/wp\/v2\/media?parent=1004"}],"curies":[{"name":"wp","href":"https:\/\/api.w.org\/{rel}","templated":true}]}}