{"id":1002,"date":"2023-07-03T14:20:57","date_gmt":"2023-07-03T12:20:57","guid":{"rendered":"https:\/\/agora.xtec.cat\/iesicaria\/?page_id=1002"},"modified":"2026-02-25T15:54:32","modified_gmt":"2026-02-25T14:54:32","slug":"portes-obertes","status":"publish","type":"page","link":"https:\/\/agora.xtec.cat\/iesicaria\/eso\/portes-obertes\/","title":{"rendered":"Portes obertes ESO"},"content":{"rendered":"\n<figure class=\"wp-block-image aligncenter size-full\"><img loading=\"lazy\" decoding=\"async\" width=\"1024\" height=\"216\" src=\"https:\/\/agora.xtec.cat\/iesicaria\/wp-content\/uploads\/usu2339\/2024\/02\/Portes-Obertes-2024-banner.jpg\" alt=\"Portes obertes 2024\" class=\"wp-image-1804\" srcset=\"https:\/\/agora.xtec.cat\/iesicaria\/wp-content\/uploads\/usu2339\/2024\/02\/Portes-Obertes-2024-banner.jpg 1024w, https:\/\/agora.xtec.cat\/iesicaria\/wp-content\/uploads\/usu2339\/2024\/02\/Portes-Obertes-2024-banner-300x63.jpg 300w, https:\/\/agora.xtec.cat\/iesicaria\/wp-content\/uploads\/usu2339\/2024\/02\/Portes-Obertes-2024-banner-768x162.jpg 768w\" sizes=\"auto, (max-width: 1024px) 100vw, 1024px\" \/><\/figure>\n\n\n\n<div style=\"height:1em\" aria-hidden=\"true\" class=\"wp-block-spacer\"><\/div>\n\n\n\n<h3 class=\"wp-block-heading has-text-align-left\">Portes obertes 2026. <\/h3>\n\n\n\n<p class=\"has-text-align-left\">Dimarts 17 de febrer i dimarts 24 de febrer de 16:00 a 18:30 h.<\/p>\n\n\n\n<p>Tancament formulari inscripci\u00f3 portes obertes dijous 12\/02\/2026 a les 20:00 h.<\/p>\n\n\n\n<p class=\"has-text-align-center\"><a href=\"https:\/\/agora.xtec.cat\/iesicaria\/wp-content\/uploads\/usu2339\/2026\/02\/Preguntes_frequents_Icaria_26.pdf\">Preguntes freq\u00fcents \ud83d\udcc1<\/a><\/p>\n\n\n\n<p class=\"has-text-align-center\"><a href=\"https:\/\/drive.google.com\/file\/d\/18VpH8jmZnj6Y3aDNSac0QJOYU1FTLcRJ\/view?usp=drive_link\">Presentaci\u00f3 portes obertes 2026 \ud83d\udcc1<\/a><\/p>\n\n\n\n<p><a href=\"https:\/\/agora.xtec.cat\/iesicaria\/serveis\/preinscripcio-i-matricula\/\">Informaci\u00f3 sobre la preinscripci\u00f3 i la matr\u00edcula.<\/a><\/p>\n","protected":false},"excerpt":{"rendered":"<p>Portes obertes 2026. Dimarts 17 de febrer i dimarts 24 de febrer de 16:00 a 18:30 h. Tancament formulari inscripci\u00f3 portes obertes dijous 12\/02\/2026 a les 20:00 h. Preguntes freq\u00fcents \ud83d\udcc1 Presentaci\u00f3 portes obertes 2026 \ud83d\udcc1 Informaci\u00f3 sobre la preinscripci\u00f3 i la matr\u00edcula.<\/p>\n","protected":false},"author":1,"featured_media":1804,"parent":1001,"menu_order":6,"comment_status":"closed","ping_status":"closed","template":"","meta":{"_bbp_topic_count":0,"_bbp_reply_count":0,"_bbp_total_topic_count":0,"_bbp_total_reply_count":0,"_bbp_voice_count":0,"_bbp_anonymous_reply_count":0,"_bbp_topic_count_hidden":0,"_bbp_reply_count_hidden":0,"_bbp_forum_subforum_count":0,"site-sidebar-layout":"default","site-content-layout":"","ast-site-content-layout":"default","site-content-style":"default","site-sidebar-style":"default","ast-global-header-display":"","ast-banner-title-visibility":"","ast-main-header-display":"","ast-hfb-above-header-display":"","ast-hfb-below-header-display":"","ast-hfb-mobile-header-display":"","site-post-title":"","ast-breadcrumbs-content":"","ast-featured-img":"","footer-sml-layout":"","theme-transparent-header-meta":"","adv-header-id-meta":"","stick-header-meta":"","header-above-stick-meta":"","header-main-stick-meta":"","header-below-stick-meta":"","astra-migrate-meta-layouts":"set","ast-page-background-enabled":"default","ast-page-background-meta":{"desktop":{"background-color":"var(--ast-global-color-4)","background-image":"","background-repeat":"repeat","background-position":"center center","background-size":"auto","background-attachment":"scroll","background-type":"","background-media":"","overlay-type":"","overlay-color":"","overlay-opacity":"","overlay-gradient":""},"tablet":{"background-color":"","background-image":"","background-repeat":"repeat","background-position":"center center","background-size":"auto","background-attachment":"scroll","background-type":"","background-media":"","overlay-type":"","overlay-color":"","overlay-opacity":"","overlay-gradient":""},"mobile":{"background-color":"","background-image":"","background-repeat":"repeat","background-position":"center center","background-size":"auto","background-attachment":"scroll","background-type":"","background-media":"","overlay-type":"","overlay-color":"","overlay-opacity":"","overlay-gradient":""}},"ast-content-background-meta":{"desktop":{"background-color":"var(--ast-global-color-5)","background-image":"","background-repeat":"repeat","background-position":"center center","background-size":"auto","background-attachment":"scroll","background-type":"","background-media":"","overlay-type":"","overlay-color":"","overlay-opacity":"","overlay-gradient":""},"tablet":{"background-color":"var(--ast-global-color-5)","background-image":"","background-repeat":"repeat","background-position":"center center","background-size":"auto","background-attachment":"scroll","background-type":"","background-media":"","overlay-type":"","overlay-color":"","overlay-opacity":"","overlay-gradient":""},"mobile":{"background-color":"var(--ast-global-color-5)","background-image":"","background-repeat":"repeat","background-position":"center center","background-size":"auto","background-attachment":"scroll","background-type":"","background-media":"","overlay-type":"","overlay-color":"","overlay-opacity":"","overlay-gradient":""}},"footnotes":""},"class_list":["post-1002","page","type-page","status-publish","has-post-thumbnail","hentry"],"post_mailing_queue_ids":[],"_links":{"self":[{"href":"https:\/\/agora.xtec.cat\/iesicaria\/wp-json\/wp\/v2\/pages\/1002","targetHints":{"allow":["GET"]}}],"collection":[{"href":"https:\/\/agora.xtec.cat\/iesicaria\/wp-json\/wp\/v2\/pages"}],"about":[{"href":"https:\/\/agora.xtec.cat\/iesicaria\/wp-json\/wp\/v2\/types\/page"}],"author":[{"embeddable":true,"href":"https:\/\/agora.xtec.cat\/iesicaria\/wp-json\/wp\/v2\/users\/1"}],"replies":[{"embeddable":true,"href":"https:\/\/agora.xtec.cat\/iesicaria\/wp-json\/wp\/v2\/comments?post=1002"}],"version-history":[{"count":6,"href":"https:\/\/agora.xtec.cat\/iesicaria\/wp-json\/wp\/v2\/pages\/1002\/revisions"}],"predecessor-version":[{"id":2845,"href":"https:\/\/agora.xtec.cat\/iesicaria\/wp-json\/wp\/v2\/pages\/1002\/revisions\/2845"}],"up":[{"embeddable":true,"href":"https:\/\/agora.xtec.cat\/iesicaria\/wp-json\/wp\/v2\/pages\/1001"}],"wp:featuredmedia":[{"embeddable":true,"href":"https:\/\/agora.xtec.cat\/iesicaria\/wp-json\/wp\/v2\/media\/1804"}],"wp:attachment":[{"href":"https:\/\/agora.xtec.cat\/iesicaria\/wp-json\/wp\/v2\/media?parent=1002"}],"curies":[{"name":"wp","href":"https:\/\/api.w.org\/{rel}","templated":true}]}}