{"id":19,"date":"2014-09-17T14:56:56","date_gmt":"2014-09-17T14:56:56","guid":{"rendered":"http:\/\/agora.xtec.cat\/ieshugroger\/\/?page_id=19"},"modified":"2019-02-21T11:26:47","modified_gmt":"2019-02-21T10:26:47","slug":"linstitut","status":"publish","type":"page","link":"https:\/\/agora.xtec.cat\/ieshugroger\/linstitut\/","title":{"rendered":"L&#8217;institut"},"content":{"rendered":"<p style=\"color: #666666;\"><strong>Institut\u00a0Hug Roger III<\/strong><br \/>\nCarrer Joaquim Sostres, s\/n<\/p>\n<p style=\"color: #666666;\">tf: 973620888<br \/>\n25560\u00a0Sort<\/p>\n<p><iframe loading=\"lazy\" style=\"border: 0;\" src=\"https:\/\/www.google.com\/maps\/embed?pb=!1m18!1m12!1m3!1d1472.8377040393598!2d1.1287974474592064!3d42.41335648670005!2m3!1f0!2f0!3f0!3m2!1i1024!2i768!4f13.1!3m3!1m2!1s0x0%3A0x61376c561bbe495b!2sInstitut+Public+Hug+Roger+Iii!5e0!3m2!1ses!2ses!4v1472917916235\" width=\"600\" height=\"450\" frameborder=\"0\" allowfullscreen=\"allowfullscreen\"><\/iframe><\/p>\n<p>L\u2019institut Hug Roger III est\u00e0 ubicat al municipi de Sort, capital de la comarca del Pallars Sobir\u00e0. El centre va n\u00e9ixer el curs 1980-81 com a Col\u00b7legi Municipal Habilitat \u201cJosep Mir i Rocafort\u201d i, des del curs 1986-87, forma part de la xarxa d\u2019instituts de secund\u00e0ria del Departament d\u2019Ensenyament de la Generalitat.<\/p>\n<p>L\u2019alumnat d\u2019ESO procedeix de l\u2019escola \u00c0ngel Seraf\u00ed Casanovas, ubicada al mateix municipi, i de la ZER del Pallars Sobir\u00e0. L\u2019alumnat de Batxillerat procedeix, a m\u00e9s, del SES Morell\u00f3 d\u2019Esterri d\u2019\u00c0neu.<\/p>\n","protected":false},"excerpt":{"rendered":"<p>Institut\u00a0Hug Roger III<br \/>\nCarrer Joaquim Sostres, s\/n<br \/>\ntf: 973620888<br \/>\n25560\u00a0Sort<\/p>\n<p>L\u2019institut Hug Roger III est\u00e0 ubicat al municipi de Sort, capital de la comarca del Pallars Sobir\u00e0. El centre va n\u00e9ixer el curs 1980-81 com a Col\u00b7legi Municipal Habilitat \u201cJosep Mir i Rocafort\u201d i, des del curs 1986-87, forma&hellip;  <a href=\"https:\/\/agora.xtec.cat\/ieshugroger\/linstitut\/\" title=\"Read L&#8217;institut\">Llegeix m\u00e9s\u00bb<\/a><\/p>\n","protected":false},"author":1,"featured_media":0,"parent":0,"menu_order":0,"comment_status":"closed","ping_status":"closed","template":"","meta":{"_bbp_topic_count":0,"_bbp_reply_count":0,"_bbp_total_topic_count":0,"_bbp_total_reply_count":0,"_bbp_voice_count":0,"_bbp_anonymous_reply_count":0,"_bbp_topic_count_hidden":0,"_bbp_reply_count_hidden":0,"_bbp_forum_subforum_count":0,"footnotes":""},"class_list":["post-19","page","type-page","status-publish","hentry"],"post_mailing_queue_ids":[],"_links":{"self":[{"href":"https:\/\/agora.xtec.cat\/ieshugroger\/wp-json\/wp\/v2\/pages\/19","targetHints":{"allow":["GET"]}}],"collection":[{"href":"https:\/\/agora.xtec.cat\/ieshugroger\/wp-json\/wp\/v2\/pages"}],"about":[{"href":"https:\/\/agora.xtec.cat\/ieshugroger\/wp-json\/wp\/v2\/types\/page"}],"author":[{"embeddable":true,"href":"https:\/\/agora.xtec.cat\/ieshugroger\/wp-json\/wp\/v2\/users\/1"}],"replies":[{"embeddable":true,"href":"https:\/\/agora.xtec.cat\/ieshugroger\/wp-json\/wp\/v2\/comments?post=19"}],"version-history":[{"count":3,"href":"https:\/\/agora.xtec.cat\/ieshugroger\/wp-json\/wp\/v2\/pages\/19\/revisions"}],"predecessor-version":[{"id":10946,"href":"https:\/\/agora.xtec.cat\/ieshugroger\/wp-json\/wp\/v2\/pages\/19\/revisions\/10946"}],"wp:attachment":[{"href":"https:\/\/agora.xtec.cat\/ieshugroger\/wp-json\/wp\/v2\/media?parent=19"}],"curies":[{"name":"wp","href":"https:\/\/api.w.org\/{rel}","templated":true}]}}