{"id":9,"date":"2014-09-12T10:15:01","date_gmt":"2014-09-12T10:15:01","guid":{"rendered":"http:\/\/agora.xtec.cat\/iesguissona\/?page_id=9"},"modified":"2021-07-09T12:06:22","modified_gmt":"2021-07-09T10:06:22","slug":"pagina-dinici-buida","status":"publish","type":"page","link":"https:\/\/agora.xtec.cat\/iesguissona\/","title":{"rendered":"Inicihttp:\/\/agora.xtec.cat\/iesguissona\/"},"content":{"rendered":"<h1 style=\"text-align: center;\">Benvinguts al web de l&#8217;Institut Guissona<\/h1>\n<h1 style=\"text-align: center;\"><strong><span style=\"color: #ff0000;\">AQUEST WEB \u00c9S ANTIC. ANEU AL NOU LLOC WEB A<\/span><\/strong> <a href=\"https:\/\/www.iesguissona.cat\" target=\"_blank\" rel=\"noopener noreferrer\">https:\/\/www.iesguissona.cat<\/a><\/h1>\n<hr \/>\n<h3 style=\"text-align: center;\">XERRADA VIRTUAL SOBRE EL BATXILLERAT I ELS CICLES FORMATIUS &#8211; PFI<\/h3>\n<p>El proper dilluns 10 de maig, a les 19:30 es far\u00e0 una xerrada virtual sobre el batxillerat i els cicles formatius &#8211; PFI. Rebreu un correu amb m\u00e9s informaci\u00f3 a la intranet, on hi trobareu l&#8217;enlla\u00e7 de la xerrada.<\/p>\n<h3 style=\"text-align: center;\">PORTES OBERTES VIRTUALS ALS CICLES FORMATIUS &#8211; ABRIL 2021<\/h3>\n<p>En aquest v\u00eddeo teniu un petit tast dels cicles formatius tant de grau mitj\u00e0 com de grau superior que s&#8217;imparteixen al nostre centre.<\/p>\n<p style=\"text-align: center;\"><iframe loading=\"lazy\" src=\"https:\/\/www.youtube.com\/embed\/9L2q-m7xwPk\" width=\"560\" height=\"315\" frameborder=\"0\"><\/iframe><\/p>\n<h3><\/h3>\n<h3 style=\"text-align: center;\">PORTES OBERTES VIRTUALS ESO &#8211; MAR\u00c7 2021<\/h3>\n<p>Aquest v\u00eddeo s&#8217;ha realitzat per a qu\u00e9 tothom pugui fer una visita virtual del nostre centre. Per dur-lo a terme s&#8217;han seguit\u00a0 totes les mesures de seguretat marcades per la COVID-19.<\/p>\n<p>Per a m\u00e9s informaci\u00f3, us podeu posar en contacte al 973 551 417 o al correu <a href=\"mailto:preinscripcio@iesguissona.cat\">preinscripcio@iesguissona.cat<\/a><\/p>\n<p style=\"text-align: center;\"><iframe loading=\"lazy\" src=\"https:\/\/www.youtube.com\/embed\/j1eoaHtzshY\" width=\"560\" height=\"315\" frameborder=\"0\"><\/iframe><\/p>\n<p>&nbsp;<\/p>\n<h3>___________________________________________________________________________________________<\/h3>\n<h2><\/h2>\n<h2 style=\"text-align: center;\">INFORMACI\u00d3 DEPARTAMENT EDUCACI\u00d3:<\/h2>\n<h2 style=\"text-align: center;\"><a href=\"https:\/\/preinscripcio.gencat.cat\/ca\/inici\" target=\"_blank\" rel=\"noopener noreferrer\">PREINSCRIPCI\u00d3 21 &#8211; 22<\/a><\/h2>\n<p>&nbsp;<\/p>\n<p>________________________________________________________________________________________________________________________________________________________<\/p>\n<h2 style=\"text-align: center;\">ESO:<\/h2>\n<h4 style=\"text-align: center;\"><a href=\"https:\/\/agora.xtec.cat\/iesguissona\/wp-content\/uploads\/usu360\/2021\/03\/INFORME_OFERTA_OME_INFORME_OFERTA-2.pdf\">PUBLICACI\u00d3 OFERTA INICIAL ESO\u00a0<\/a><\/h4>\n<h4 style=\"text-align: center;\"><a href=\"https:\/\/agora.xtec.cat\/iesguissona\/wp-content\/uploads\/usu360\/2021\/04\/INFORME_BAREM_PROVISIONAL_BAREM-11.pdf\">BAREM PROVISIONAL ESO<\/a><a href=\"https:\/\/agora.xtec.cat\/iesguissona\/wp-content\/uploads\/usu360\/2021\/04\/INFORME_BAREM_PROVISIONAL_BAREM-11.pdf\"> 19\/04\/2021<\/a><\/h4>\n<h4 style=\"text-align: center;\"><a href=\"https:\/\/agora.xtec.cat\/iesguissona\/wp-content\/uploads\/usu360\/2021\/05\/INFORME_BAREM.pdf\">BAREM ESO RESOLTES RECLAMACIONS 30\/04\/2021<\/a><\/h4>\n<p style=\"text-align: center;\">___________________________________________________________________________________________________________________________________________________________<\/p>\n<h3><\/h3>\n<h3 style=\"text-align: center;\"><a href=\"https:\/\/agora.xtec.cat\/iesguissona\/wp-content\/uploads\/usu360\/2020\/09\/Pla-Actuaci\u00f3-per-al-curs-2020-21-Institut-Guissona_WEB.pdf\" target=\"_blank\" rel=\"noopener noreferrer\">PLA D&#8217;ACTUACI\u00d3 DE CENTRE<\/a><\/h3>\n<h4 style=\"text-align: center;\"><a href=\"https:\/\/agora.xtec.cat\/iesguissona\/wp-content\/uploads\/usu360\/2019\/07\/Informaci\u00f3-ordinadors-port\u00e0tils-1.pdf\" target=\"_blank\" rel=\"noopener noreferrer\">INFORMACI\u00d3 SOBRE ORDINADORS PORT\u00c0TILS<\/a><\/h4>\n<p>&nbsp;<\/p>\n<h4 style=\"text-align: center;\"><a href=\"https:\/\/agora.xtec.cat\/iesguissona\/wp-content\/uploads\/usu360\/2020\/06\/Declaraci\u00f3-responsable-alumnes-majors-de-18.pdf\">Declaraci\u00f3 responsable alumnes majors de 18<\/a><\/h4>\n<h3 style=\"text-align: center;\"><a href=\"https:\/\/agora.xtec.cat\/iesguissona\/wp-content\/uploads\/usu360\/2020\/06\/Declaraci\u00f3-responsable-alumnes-menors-de-18-1.pdf\">Declaraci\u00f3 responsable alumnes menors de 18<\/a><\/h3>\n<p>&nbsp;<\/p>\n<h5>_______________________________________________________________________________________________<\/h5>\n<p><a href=\"https:\/\/aplicacions.gestioeducativa.gencat.cat\/epergam\/web\/biblioteca.jsp\" target=\"_blank\" rel=\"noopener noreferrer\"><img loading=\"lazy\" decoding=\"async\" class=\"alignnone size-full wp-image-6036\" src=\"https:\/\/agora.xtec.cat\/iesguissona\/wp-content\/uploads\/usu360\/2021\/05\/E-PERGAM.jpeg\" alt=\"\" width=\"366\" height=\"138\" srcset=\"https:\/\/agora.xtec.cat\/iesguissona\/wp-content\/uploads\/usu360\/2021\/05\/E-PERGAM.jpeg 366w, https:\/\/agora.xtec.cat\/iesguissona\/wp-content\/uploads\/usu360\/2021\/05\/E-PERGAM-300x113.jpeg 300w\" sizes=\"auto, (max-width: 366px) 100vw, 366px\" \/><\/a><\/p>\n<p>_________________________________________________________________________________________________________<\/p>\n<h5><\/h5>\n<h5 style=\"text-align: left;\"><strong>Horari d&#8217;atenci\u00f3 al p\u00fablic:<\/strong><\/h5>\n<p>&nbsp;<\/p>\n<ul>\n<li style=\"text-align: left;\"><strong>Hivern: <\/strong>\n<ul>\n<li style=\"text-align: left;\"><strong>Secretaria<\/strong> de dilluns a dijous de 8h a 18h. i divendres de 8h a 14:30h.<\/li>\n<li style=\"text-align: left;\"><strong>Consergeria<\/strong> de dilluns a divendres de 8h a 21h.<\/li>\n<\/ul>\n<\/li>\n<\/ul>\n","protected":false},"excerpt":{"rendered":"<p>Benvinguts al web de l&#8217;Institut Guissona<br \/>\nAQUEST WEB \u00c9S ANTIC. ANEU AL NOU LLOC WEB A <a href=\"https:\/\/www.iesguissona.cat\" target=\"_blank\" rel=\"noopener noreferrer\">https:\/\/www.iesguissona.cat<\/a><\/p>\n<p>XERRADA VIRTUAL SOBRE EL BATXILLERAT I ELS CICLES FORMATIUS &#8211; PFI<br \/>\nEl proper dilluns 10 de maig, a les 19:30 es far\u00e0 una xerrada virtual sobre el&hellip;  <a href=\"https:\/\/agora.xtec.cat\/iesguissona\/\" title=\"Read Inicihttp:\/\/agora.xtec.cat\/iesguissona\/\">Llegeix m\u00e9s\u00bb<\/a><\/p>\n","protected":false},"author":1,"featured_media":0,"parent":7,"menu_order":0,"comment_status":"closed","ping_status":"closed","template":"page-templates\/front-page.php","meta":{"_bbp_topic_count":0,"_bbp_reply_count":0,"_bbp_total_topic_count":0,"_bbp_total_reply_count":0,"_bbp_voice_count":0,"_bbp_anonymous_reply_count":0,"_bbp_topic_count_hidden":0,"_bbp_reply_count_hidden":0,"_bbp_forum_subforum_count":0,"footnotes":""},"class_list":["post-9","page","type-page","status-publish","hentry"],"post_mailing_queue_ids":[],"_links":{"self":[{"href":"https:\/\/agora.xtec.cat\/iesguissona\/wp-json\/wp\/v2\/pages\/9","targetHints":{"allow":["GET"]}}],"collection":[{"href":"https:\/\/agora.xtec.cat\/iesguissona\/wp-json\/wp\/v2\/pages"}],"about":[{"href":"https:\/\/agora.xtec.cat\/iesguissona\/wp-json\/wp\/v2\/types\/page"}],"author":[{"embeddable":true,"href":"https:\/\/agora.xtec.cat\/iesguissona\/wp-json\/wp\/v2\/users\/1"}],"replies":[{"embeddable":true,"href":"https:\/\/agora.xtec.cat\/iesguissona\/wp-json\/wp\/v2\/comments?post=9"}],"version-history":[{"count":5,"href":"https:\/\/agora.xtec.cat\/iesguissona\/wp-json\/wp\/v2\/pages\/9\/revisions"}],"predecessor-version":[{"id":6038,"href":"https:\/\/agora.xtec.cat\/iesguissona\/wp-json\/wp\/v2\/pages\/9\/revisions\/6038"}],"up":[{"embeddable":true,"href":"https:\/\/agora.xtec.cat\/iesguissona\/wp-json\/wp\/v2\/pages\/7"}],"wp:attachment":[{"href":"https:\/\/agora.xtec.cat\/iesguissona\/wp-json\/wp\/v2\/media?parent=9"}],"curies":[{"name":"wp","href":"https:\/\/api.w.org\/{rel}","templated":true}]}}