{"id":81,"date":"2014-09-18T10:38:05","date_gmt":"2014-09-18T10:38:05","guid":{"rendered":"http:\/\/agora.xtec.cat\/iesguissona\/?page_id=81"},"modified":"2016-01-19T10:55:36","modified_gmt":"2016-01-19T09:55:36","slug":"secretaria","status":"publish","type":"page","link":"https:\/\/agora.xtec.cat\/iesguissona\/secretaria\/","title":{"rendered":"Secretaria"},"content":{"rendered":"<p>&nbsp;<\/p>\n<p>&nbsp;<\/p>\n<h2 class=\"LNE_title\">Preinscripci\u00f3 i matriculaci\u00f3 ESO i BATX<\/h2>\n<hr \/>\n<h1>\u00a0Preinscripci\u00f3<\/h1>\n<p>Dates:<\/p>\n<p>ESO<br \/>\nPREINSCRIPCI\u00d3:\u00a0<strong>10 AL 17 DE MAR\u00c7<\/strong><\/p>\n<p>BATXILLERAT<br \/>\nPREINSCRIPCI\u00d3:\u00a0<strong>12 AL 19 DE MAIG<\/strong><\/p>\n<p>&nbsp;<\/p>\n<p><strong>DOCUMENTACI\u00d3 A PRESENTAR PER LA PREINSCRIPCI\u00d3<\/strong><\/p>\n<ul>\n<li>ORIGINAL I FOTOC\u00d2PIA DEL DNI\/NIE DE L&#8217;ALUMNE\/A.<\/li>\n<li>ORIGINAL I FOTOC\u00d2PIA DEL DNI\/NIE DEL PARE I DE LA MARE O TUTOR LEGAL.<\/li>\n<li>ORIGINAL I FOTOC\u00d2PIA DE LA TARGETA SANIT\u00c0RIA DE L&#8217;ALUMNE\/A.<\/li>\n<li>ORIGINAL I FOTOC\u00d2PIA DEL LLIBRE DE FAM\u00cdLIA O CERTIFICAT DE NAIXEMENT. (Nom\u00e9s en ESO)<\/li>\n<li>ACREDITACI\u00d3 D&#8217;HAVER SUPERAT L&#8217;ESO (Nom\u00e9s en BATX)<\/li>\n<\/ul>\n<hr \/>\n<p>&nbsp;<\/p>\n<h1>\u00a0Matriculaci\u00f3 ESO<\/h1>\n<p>La matr\u00edcula pel proper curs 2014\/15 que es far\u00e0 els dies<\/p>\n<ul>\n<li><strong>Del 8 al 12 de juny (1r ESO)<\/strong><\/li>\n<li><strong>Del 25 al 30 de juny (2n, 3r, 4t ESO)<\/strong><\/li>\n<\/ul>\n<p>d&#8217;acord amb el seg\u00fcent horari:<\/p>\n<ul>\n<li><strong>De dilluns a dijous de 9 a 17 (ininterrompudament<\/strong>)<\/li>\n<li><strong>Divendres de 9 a 15<br \/>\n<\/strong><\/li>\n<\/ul>\n<p><strong>Documentaci\u00f3 que haureu de presentar en el moment de fer la matr\u00edcula:<\/strong><\/p>\n<ul>\n<li><strong>1 Fotoc\u00f2pia del DNI o passaport del pare i 1 de la mare.<br \/>\n<\/strong><\/li>\n<li><strong>1 Fotoc\u00f2pia del DNI o passaport de l&#8217;alumne.<br \/>\n<\/strong><\/li>\n<li><strong>1 Fotoc\u00f2pia del carnet vacunal actualitzat (sol\u00b7licitar-ho a la infermera de pediatria).<br \/>\n<\/strong><\/li>\n<li><strong>1 Fotoc\u00f2pia de Tarja Sanit\u00e0ria (TIS).<br \/>\n<\/strong><\/li>\n<li><strong>1 Fotografia de l&#8217;alumne de carnet actualitzades amb el nom, cognom i curs al darrera.<br \/>\n<\/strong><\/li>\n<li><strong>1 Certificat hist\u00f2ric del padr\u00f3 (nom\u00e9s l&#8217;alumnat estranger)<\/strong><\/li>\n<li><strong>RESGUARD DE PAGAMENT<\/strong>\u00a0de\u00a0<strong>77 \u20ac<\/strong>\u00a0al n\u00fam. De compte\u00a0<strong>3140-0001-90-0010457400<\/strong>\u00a0de la Caixa de Guissona en concepte de:\n<ul>\n<li>Material escolar (50 \u20ac)<\/li>\n<li>Associaci\u00f3 de Pares i Mares (27 \u20ac) una quota anual per fam\u00edlia i participaci\u00f3 volunt\u00e0ria.<\/li>\n<\/ul>\n<\/li>\n<li>Els alumnes que hagin de fer \u00fas del\u00a0<strong>servei de transport\u00a0<\/strong>cal que omplin\u00a0 el seg\u00fcent impr\u00e8s:\u00a0 Caldr\u00e0 que acompanyin la sol\u00b7licitud amb un\u00a0<strong>certificat d&#8217;empadronament.<\/strong><\/li>\n<li>Tamb\u00e9 caldr\u00e0 emplenar els seg\u00fcents documents:\n<ul>\n<li><img loading=\"lazy\" decoding=\"async\" src=\"http:\/\/www.iesguissona.cat\/images\/uploaded\/image\/INS%20GUISSONA\/icones\/icona_pdf.png\" alt=\"\" width=\"20\" height=\"20\" \/><a href=\"http:\/\/agora.xtec.cat\/iesguissona\/wp-content\/uploads\/usu360\/2014\/09\/imatge-i-sortides-PQM.pdf\" target=\"_blank\">Autoritzaci\u00f3 d&#8217;imatge i sortides<\/a><\/li>\n<li><img loading=\"lazy\" decoding=\"async\" src=\"http:\/\/www.iesguissona.cat\/images\/uploaded\/image\/INS%20GUISSONA\/icones\/icona_pdf.png\" alt=\"\" width=\"20\" height=\"20\" \/><a href=\"http:\/\/agora.xtec.cat\/iesguissona\/wp-content\/uploads\/usu360\/2014\/09\/autoritzacio-recursos-digitals-14.pdf\" target=\"_blank\">Autoritzaci\u00f3 de recursos digitals<\/a><\/li>\n<li><img loading=\"lazy\" decoding=\"async\" src=\"http:\/\/www.iesguissona.cat\/images\/uploaded\/image\/INS%20GUISSONA\/icones\/icona_pdf.png\" alt=\"\" width=\"20\" height=\"20\" \/><a href=\"http:\/\/agora.xtec.cat\/iesguissona\/wp-content\/uploads\/usu360\/2014\/09\/carta-de-comprom\u00eds-PQM.pdf\" target=\"_blank\">Carta de comprom\u00eds<\/a><\/li>\n<\/ul>\n<\/li>\n<\/ul>\n<p>&nbsp;<\/p>\n<hr \/>\n<h1>Matriculaci\u00f3 Batxillerat<\/h1>\n<p>Us informem de les dates de matriculaci\u00f3 del Batxillerat per al curs 2014-2015:<\/p>\n<p><strong>Dies: del 1 al 8 de juliol<\/strong><br \/>\n<strong>HORA<\/strong>: Mat\u00ed: de 9 a 14h.<br \/>\n<strong>LLOC<\/strong>: Secretaria del Centre<\/p>\n<p><strong>DOCUMENTACI\u00d3 QUE CAL APORTAR:<\/strong><\/p>\n<ul>\n<li>1 foto mida carnet (anoteu el nom i cognom i el curs que fareu al darrera de la foto).<\/li>\n<li>Rebut conforme s&#8217;ha efectuat l&#8217;ingr\u00e9s de\u00a0<strong>58.12 \u20ac<\/strong>\u00a0al n\u00fam. de compte\u00a0<strong>3140-0001-90-0010457400<\/strong>\u00a0al compte de<strong>\u00a0Caixa de Guissona<\/strong>\u00a0en concepte de:\n<ul>\n<li>Desglossament:\n<ul>\n<li>1.12 \u20ac per l\u2019Asseguran\u00e7a Escolar Obligat\u00f2ria<\/li>\n<li>30 \u20ac per material escolar<\/li>\n<li>27*\u20ac per l\u2019Associaci\u00f3 de Mares i Pares (de participaci\u00f3 volunt\u00e0ria)<\/li>\n<\/ul>\n<\/li>\n<\/ul>\n<\/li>\n<\/ul>\n<p><strong>*RECORDEM QUE L\u2019AMPA NOM\u00c9S ES PAGA UNA QUOTA PER FAMILIA<\/strong>. Si l\u2019alumne ja n\u2019ha fet el pagament, perqu\u00e8 t\u00e9 algun germ\u00e0 al centre, l\u2019import a ingressar ser\u00e0 de 31,12\u20ac.<\/p>\n<p>&nbsp;<\/p>\n","protected":false},"excerpt":{"rendered":"<p>&nbsp;<br \/>\n&nbsp;<br \/>\nPreinscripci\u00f3 i matriculaci\u00f3 ESO i BATX<\/p>\n<p>\u00a0Preinscripci\u00f3<br \/>\nDates:<br \/>\nESO<br \/>\nPREINSCRIPCI\u00d3:\u00a010 AL 17 DE MAR\u00c7<br \/>\nBATXILLERAT<br \/>\nPREINSCRIPCI\u00d3:\u00a012 AL 19 DE MAIG<br \/>\n&nbsp;<br \/>\nDOCUMENTACI\u00d3 A PRESENTAR PER LA PREINSCRIPCI\u00d3<\/p>\n<ul>\n<li>ORIGINAL I FOTOC\u00d2PIA DEL DNI\/NIE DE L&#8217;ALUMNE\/A.<\/li>\n<li>ORIGINAL I FOTOC\u00d2PIA DEL DNI\/NIE DEL PARE I DE LA MARE O TUTOR LEGAL.<\/li>\n<li>ORIGINAL I FOTOC\u00d2PIA DE LA TARGETA SANIT\u00c0RIA DE&hellip;  <a href=\"https:\/\/agora.xtec.cat\/iesguissona\/secretaria\/\" title=\"Read Secretaria\">Llegeix m\u00e9s\u00bb<\/a><br \/>\n","protected":false},"author":1,"featured_media":0,"parent":0,"menu_order":0,"comment_status":"closed","ping_status":"closed","template":"page-templates\/side-menu.php","meta":{"_bbp_topic_count":0,"_bbp_reply_count":0,"_bbp_total_topic_count":0,"_bbp_total_reply_count":0,"_bbp_voice_count":0,"_bbp_anonymous_reply_count":0,"_bbp_topic_count_hidden":0,"_bbp_reply_count_hidden":0,"_bbp_forum_subforum_count":0,"footnotes":""},"class_list":["post-81","page","type-page","status-publish","hentry"],"post_mailing_queue_ids":[],"_links":{"self":[{"href":"https:\/\/agora.xtec.cat\/iesguissona\/wp-json\/wp\/v2\/pages\/81","targetHints":{"allow":["GET"]}}],"collection":[{"href":"https:\/\/agora.xtec.cat\/iesguissona\/wp-json\/wp\/v2\/pages"}],"about":[{"href":"https:\/\/agora.xtec.cat\/iesguissona\/wp-json\/wp\/v2\/types\/page"}],"author":[{"embeddable":true,"href":"https:\/\/agora.xtec.cat\/iesguissona\/wp-json\/wp\/v2\/users\/1"}],"replies":[{"embeddable":true,"href":"https:\/\/agora.xtec.cat\/iesguissona\/wp-json\/wp\/v2\/comments?post=81"}],"version-history":[{"count":4,"href":"https:\/\/agora.xtec.cat\/iesguissona\/wp-json\/wp\/v2\/pages\/81\/revisions"}],"predecessor-version":[{"id":576,"href":"https:\/\/agora.xtec.cat\/iesguissona\/wp-json\/wp\/v2\/pages\/81\/revisions\/576"}],"wp:attachment":[{"href":"https:\/\/agora.xtec.cat\/iesguissona\/wp-json\/wp\/v2\/media?parent=81"}],"curies":[{"name":"wp","href":"https:\/\/api.w.org\/{rel}","templated":true}]}}