{"id":603,"date":"2016-01-19T11:55:08","date_gmt":"2016-01-19T10:55:08","guid":{"rendered":"http:\/\/agora.xtec.cat\/iesguissona\/?page_id=603"},"modified":"2021-02-22T15:10:01","modified_gmt":"2021-02-22T14:10:01","slug":"proves-per-obtenir-el-graduat-en-eso","status":"publish","type":"page","link":"https:\/\/agora.xtec.cat\/iesguissona\/secretaria\/proves-per-obtenir-el-graduat-en-eso\/","title":{"rendered":"Proves per obtenir el graduat en ESO"},"content":{"rendered":"<p class=\"western\" align=\"left\">Cada any es convoquen proves per a l&#8217;obtenci\u00f3 del t\u00edtol de graduat en educaci\u00f3 secund\u00e0ria obligat\u00f2ria, per als alumnes que no l&#8217;hagin obtingut en finalitzar l&#8217;etapa.\u00a0Trobareu m\u00e9s informaci\u00f3 en el seg\u00fcent document.<\/p>\n<h4 class=\"western\">Centre de realitzaci\u00f3 de les proves<\/h4>\n<p class=\"western\" align=\"left\">El centre sempre ha de ser aquell on es troba l\u2019expedient de l\u2019alumne\/a.<\/p>\n<p class=\"western\" align=\"left\">Es recomana que, amb prou antelaci\u00f3, el centre es posi en contacte amb tots els alumnes que van finalitzar l\u2019ESO l\u2019any 2019 o 2020 i no van obtenir el t\u00edtol per tenir pendents de superaci\u00f3 cinc o menys mat\u00e8ries. Cal informar-los sobre la possibilitat de conc\u00f3rrer a la prova, aix\u00ed com tamb\u00e9, sobre el calendari d\u2019actuacions i sobre la documentaci\u00f3 que cal presentar.<\/p>\n<p class=\"western\"><a href=\"https:\/\/agora.xtec.cat\/iesguissona\/wp-content\/uploads\/usu360\/2019\/02\/model-carta-alumnat.doc\">Model carta alumnat<\/a>\u00a0&#8211; 49kb<br \/>\n<a href=\"https:\/\/agora.xtec.cat\/iesguissona\/wp-content\/uploads\/usu360\/2019\/02\/impr\u00e8s-de-sol\u00b7licitud.pdf\">impr\u00e8s de sol\u00b7licitud<\/a> &#8211; 236kb<\/p>\n<h4 class=\"western\">Alumnes que poden presentar-s&#8217;hi<\/h4>\n<p class=\"western\" align=\"left\">Els tres\u00a0<strong>requisits<\/strong> que han de reunir els alumnes per poder presentar-se a aquestes proves l\u2019any 2021 s\u00f3n:<\/p>\n<ol>\n<li>\n<p class=\"western\" align=\"left\">Haver finalitzat l&#8217;ESO l\u2019any 2019 o 2020.<\/p>\n<\/li>\n<li>\n<p class=\"western\" align=\"left\">Tenir almenys 18 anys o complir-los dins de l&#8217;any 2021.<br \/>\nTamb\u00e9 hi pot conc\u00f3rrer l\u2019alumne\/a que faci els 17 anys l\u2019any 2021 sempre que compleixi alguna de les condicions seg\u00fcents:<br \/>\n&#8211; Tenir un contracte laboral que l\u2019impedeixi assistir al centre en r\u00e8gim ordinari.<br \/>\n&#8211; Trobar-se en proc\u00e9s d&#8217;obtenci\u00f3 d&#8217;un perm\u00eds de treball (alumnat estranger).<br \/>\n&#8211; Ser esportista d&#8217;alt rendiment.<\/p>\n<\/li>\n<li>\n<p class=\"western\" align=\"left\">Haver cursat l\u2019ESO (el 4t curs incl\u00f2s) sense haver obtingut el t\u00edtol i amb un m\u00e0xim de cinc mat\u00e8ries suspeses.<\/p>\n<\/li>\n<li><a href=\"https:\/\/agora.xtec.cat\/iesguissona\/wp-content\/uploads\/usu360\/2021\/02\/Horari_examens_alumnes_mar\u00e7-21.pdf\">HorarI ex\u00e0mens alumnes mar\u00e7 21<\/a><\/li>\n<\/ol>\n<p>Teniu m\u00e9s informaci\u00f3 aqu\u00ed: <a href=\"https:\/\/dogc.gencat.cat\/ca\/pdogc_canals_interns\/pdogc_resultats_fitxa\/?action=fitxa&amp;mode=single&amp;documentId=536047&amp;language=ca_ES\" target=\"_blank\" rel=\"noopener noreferrer\">Resoluci\u00f3 proves<\/a><\/p>\n<p>Aqu\u00ed teniu els criteris d&#8217;avaluaci\u00f3 per les diferents mat\u00e8ries:<\/p>\n<p><a href=\"http:\/\/agora.xtec.cat\/iesguissona\/wp-content\/uploads\/usu360\/2016\/01\/contiguts_critav_catala.pdf\" target=\"_blank\" rel=\"noopener noreferrer\">Criteris d&#8217;avaluaci\u00f3 de catal\u00e0<\/a><\/p>\n<p><a href=\"http:\/\/agora.xtec.cat\/iesguissona\/wp-content\/uploads\/usu360\/2016\/01\/continguts_critav_castella.pdf\" target=\"_blank\" rel=\"noopener noreferrer\">Criteris d&#8217;avaluaci\u00f3 de castell\u00e0<\/a><\/p>\n<p><a href=\"http:\/\/agora.xtec.cat\/iesguissona\/wp-content\/uploads\/usu360\/2016\/01\/Continguts_critava_informatica.pdf\" target=\"_blank\" rel=\"noopener noreferrer\">Criteris d&#8217;avaluaci\u00f3 d&#8217;inform\u00e0tica<\/a><\/p>\n<p><a href=\"http:\/\/agora.xtec.cat\/iesguissona\/wp-content\/uploads\/usu360\/2016\/01\/continguts_critav_matem\u00c3-tiques.pdf\" target=\"_blank\" rel=\"noopener noreferrer\">Criteris d&#8217;avaluaci\u00f3 de matem\u00e0tiques<\/a><\/p>\n<p><a href=\"http:\/\/agora.xtec.cat\/iesguissona\/wp-content\/uploads\/usu360\/2016\/01\/Continguts_critav_Tecnologia.pdf\" target=\"_blank\" rel=\"noopener noreferrer\">Criteris d&#8217;avaluaci\u00f3 de tecnologia<\/a><\/p>\n<p><a href=\"http:\/\/agora.xtec.cat\/iesguissona\/wp-content\/uploads\/usu360\/2016\/01\/continguts_criteris_avaluaci\u00c3\u00b3-ANGL\u00c3\u0088S.pdf\" target=\"_blank\" rel=\"noopener noreferrer\">Criteris d&#8217;avaluaci\u00f3 d&#8217;angl\u00e8s<\/a><\/p>\n<p><a href=\"http:\/\/agora.xtec.cat\/iesguissona\/wp-content\/uploads\/usu360\/2016\/01\/continguts_criteris_avaluaci\u00c3\u0083\u00c2\u00b3-fins-a-3r-.GESO_.-C.Experimentals.pdf\" target=\"_blank\" rel=\"noopener noreferrer\">Criteris d&#8217;avaluaci\u00f3 de ci\u00e8ncies experimentals<\/a><\/p>\n<p><a href=\"http:\/\/agora.xtec.cat\/iesguissona\/wp-content\/uploads\/usu360\/2016\/01\/Continguts_Critav_socials.pdf\" target=\"_blank\" rel=\"noopener noreferrer\">Criteris d&#8217;avaluaci\u00f3 de socials<\/a><\/p>\n<p><a href=\"https:\/\/agora.xtec.cat\/iesguissona\/wp-content\/uploads\/usu360\/2019\/02\/Continguts-critav_VIP.pdf\" target=\"_blank\" rel=\"noopener noreferrer\">Criteris d&#8217;avaluaci\u00f3 de Visual i Pl\u00e0stica<\/a><\/p>\n<p><a href=\"https:\/\/agora.xtec.cat\/iesguissona\/wp-content\/uploads\/usu360\/2020\/01\/criteris-davaluaci\u00f3-Educaci\u00f3-F\u00edsica.pdf\">Criteris d&#8217;avaluaci\u00f3 Educaci\u00f3 F\u00edsica<\/a><\/p>\n<p><a href=\"https:\/\/agora.xtec.cat\/iesguissona\/wp-content\/uploads\/usu360\/2020\/02\/PROVES-ANUALS-GESO_musica.pdf\">Criteris d&#8217;avaluaci\u00f3 de m\u00fasica<\/a><\/p>\n<p><a href=\"https:\/\/agora.xtec.cat\/iesguissona\/wp-content\/uploads\/usu360\/2020\/02\/Emprenedoria.pdf\">Criteris d&#8217;avaluaci\u00f3 d&#8217;Emprenedoria<\/a><\/p>\n","protected":false},"excerpt":{"rendered":"<p>Cada any es convoquen proves per a l&#8217;obtenci\u00f3 del t\u00edtol de graduat en educaci\u00f3 secund\u00e0ria obligat\u00f2ria, per als alumnes que no l&#8217;hagin obtingut en finalitzar l&#8217;etapa.\u00a0Trobareu m\u00e9s informaci\u00f3 en el seg\u00fcent document.<br \/>\nCentre de realitzaci\u00f3 de les proves<br \/>\nEl centre sempre ha de ser aquell on es&hellip;  <a href=\"https:\/\/agora.xtec.cat\/iesguissona\/secretaria\/proves-per-obtenir-el-graduat-en-eso\/\" title=\"Read Proves per obtenir el graduat en ESO\">Llegeix m\u00e9s\u00bb<\/a><\/p>\n","protected":false},"author":1,"featured_media":0,"parent":81,"menu_order":0,"comment_status":"closed","ping_status":"closed","template":"page-templates\/side-menu.php","meta":{"_bbp_topic_count":0,"_bbp_reply_count":0,"_bbp_total_topic_count":0,"_bbp_total_reply_count":0,"_bbp_voice_count":0,"_bbp_anonymous_reply_count":0,"_bbp_topic_count_hidden":0,"_bbp_reply_count_hidden":0,"_bbp_forum_subforum_count":0,"footnotes":""},"class_list":["post-603","page","type-page","status-publish","hentry"],"post_mailing_queue_ids":[],"_links":{"self":[{"href":"https:\/\/agora.xtec.cat\/iesguissona\/wp-json\/wp\/v2\/pages\/603","targetHints":{"allow":["GET"]}}],"collection":[{"href":"https:\/\/agora.xtec.cat\/iesguissona\/wp-json\/wp\/v2\/pages"}],"about":[{"href":"https:\/\/agora.xtec.cat\/iesguissona\/wp-json\/wp\/v2\/types\/page"}],"author":[{"embeddable":true,"href":"https:\/\/agora.xtec.cat\/iesguissona\/wp-json\/wp\/v2\/users\/1"}],"replies":[{"embeddable":true,"href":"https:\/\/agora.xtec.cat\/iesguissona\/wp-json\/wp\/v2\/comments?post=603"}],"version-history":[{"count":3,"href":"https:\/\/agora.xtec.cat\/iesguissona\/wp-json\/wp\/v2\/pages\/603\/revisions"}],"predecessor-version":[{"id":5825,"href":"https:\/\/agora.xtec.cat\/iesguissona\/wp-json\/wp\/v2\/pages\/603\/revisions\/5825"}],"up":[{"embeddable":true,"href":"https:\/\/agora.xtec.cat\/iesguissona\/wp-json\/wp\/v2\/pages\/81"}],"wp:attachment":[{"href":"https:\/\/agora.xtec.cat\/iesguissona\/wp-json\/wp\/v2\/media?parent=603"}],"curies":[{"name":"wp","href":"https:\/\/api.w.org\/{rel}","templated":true}]}}