{"id":591,"date":"2016-01-19T11:39:36","date_gmt":"2016-01-19T10:39:36","guid":{"rendered":"http:\/\/agora.xtec.cat\/iesguissona\/?page_id=591"},"modified":"2019-02-11T11:15:06","modified_gmt":"2019-02-11T10:15:06","slug":"preinscripcio-i-matricula","status":"publish","type":"page","link":"https:\/\/agora.xtec.cat\/iesguissona\/secretaria\/preinscripcio-i-matricula\/","title":{"rendered":"Preinscripci\u00f3 i matr\u00edcula."},"content":{"rendered":"<h3>PREINSCRIPCI\u00d3 CURS 2019-20<\/h3>\n<p><strong>Dates<\/strong>:<\/p>\n<p><strong>Preinscripci\u00f3 ESO:<\/strong> Del 29 de mar\u00e7 al 9 d&#8217;abril de 2019 (provisional)<\/p>\n<p><strong>Preinscripci\u00f3 Batx i Cicles Formatius Grau Mitj\u00e0<\/strong>: primera quinzena de maig (pendent de concretar)<\/p>\n<p><strong>Preinscripci\u00f3 Cicle Formatiu Grau Superior: <\/strong>segona quinzena de maig (pendent de concretar)<\/p>\n<p>&nbsp;<\/p>\n<p><strong>DOCUMENTACI\u00d3 A PRESENTAR PER LA PREINSCRIPCI\u00d3<\/strong><\/p>\n<ul>\n<li>El full de preinscripci\u00f3 degudament emplenat<\/li>\n<li>Original i fotoc\u00f2pia del llibre de fam\u00edlia (Nom\u00e9s ESO)<\/li>\n<li>Original i fotoc\u00f2pia del DNI\/NIE de l&#8217;alumne\/a<\/li>\n<li>Original i fotoc\u00f2pia del DNI\/NIE del pare\/mare o tutor legal<\/li>\n<li>Original i fotoc\u00f2pia de la targeta sanit\u00e0ria (TSI)<\/li>\n<li>Acreditaci\u00f3 d&#8217;haver superat l&#8217;ESO (Nom\u00e9s per BATX)<\/li>\n<\/ul>\n<p><strong>Per a qui li interessi convalidar m\u00f2duls:<\/strong><\/p>\n<p><a href=\"http:\/\/agora.xtec.cat\/iesguissona\/wp-content\/uploads\/usu360\/2016\/01\/document-convalidacions-Cicles.pdf\">Document convalidacions cicles<\/a><\/p>\n<p>Aqu\u00ed teniu les taules perqu\u00e8 pugueu comprovar quines convalidacions us podeu acollir:<\/p>\n<p><a href=\"http:\/\/agora.xtec.cat\/iesguissona\/wp-content\/uploads\/usu360\/2016\/01\/taula-convalidacions-Aliment\u00e0ria.pdf\">Taula convalidacions Aliment\u00e0ria<\/a><\/p>\n<p>Ta<a href=\"http:\/\/agora.xtec.cat\/iesguissona\/wp-content\/uploads\/usu360\/2016\/01\/taula-convalidacions-Electromec\u00e0nica.pdf\">ula convalidacions Electromec\u00e0nica<\/a><\/p>\n<p><a href=\"http:\/\/agora.xtec.cat\/iesguissona\/wp-content\/uploads\/usu360\/2016\/01\/taula-convalidacions-inform\u00e0tica.pdf\">Taula convalidacions inform\u00e0tica<\/a><\/p>\n<p><a href=\"http:\/\/agora.xtec.cat\/iesguissona\/wp-content\/uploads\/usu360\/2016\/01\/taula-convalidacions-Administratiu.pdf\">Taula convalidacions Administratiu<\/a><\/p>\n","protected":false},"excerpt":{"rendered":"<p>PREINSCRIPCI\u00d3 CURS 2019-20<br \/>\nDates:<br \/>\nPreinscripci\u00f3 ESO: Del 29 de mar\u00e7 al 9 d&#8217;abril de 2019 (provisional)<br \/>\nPreinscripci\u00f3 Batx i Cicles Formatius Grau Mitj\u00e0: primera quinzena de maig (pendent de concretar)<br \/>\nPreinscripci\u00f3 Cicle Formatiu Grau Superior: segona quinzena de maig (pendent de concretar)<br \/>\n&nbsp;<br \/>\nDOCUMENTACI\u00d3 A PRESENTAR PER LA PREINSCRIPCI\u00d3<\/p>\n<ul>\n<li>El full de&hellip;  <a href=\"https:\/\/agora.xtec.cat\/iesguissona\/secretaria\/preinscripcio-i-matricula\/\" title=\"Read Preinscripci\u00f3 i matr\u00edcula.\">Llegeix m\u00e9s\u00bb<\/a><br \/>\n","protected":false},"author":1,"featured_media":0,"parent":81,"menu_order":0,"comment_status":"closed","ping_status":"closed","template":"page-templates\/side-menu.php","meta":{"_bbp_topic_count":0,"_bbp_reply_count":0,"_bbp_total_topic_count":0,"_bbp_total_reply_count":0,"_bbp_voice_count":0,"_bbp_anonymous_reply_count":0,"_bbp_topic_count_hidden":0,"_bbp_reply_count_hidden":0,"_bbp_forum_subforum_count":0,"footnotes":""},"class_list":["post-591","page","type-page","status-publish","hentry"],"post_mailing_queue_ids":[],"_links":{"self":[{"href":"https:\/\/agora.xtec.cat\/iesguissona\/wp-json\/wp\/v2\/pages\/591","targetHints":{"allow":["GET"]}}],"collection":[{"href":"https:\/\/agora.xtec.cat\/iesguissona\/wp-json\/wp\/v2\/pages"}],"about":[{"href":"https:\/\/agora.xtec.cat\/iesguissona\/wp-json\/wp\/v2\/types\/page"}],"author":[{"embeddable":true,"href":"https:\/\/agora.xtec.cat\/iesguissona\/wp-json\/wp\/v2\/users\/1"}],"replies":[{"embeddable":true,"href":"https:\/\/agora.xtec.cat\/iesguissona\/wp-json\/wp\/v2\/comments?post=591"}],"version-history":[{"count":5,"href":"https:\/\/agora.xtec.cat\/iesguissona\/wp-json\/wp\/v2\/pages\/591\/revisions"}],"predecessor-version":[{"id":4527,"href":"https:\/\/agora.xtec.cat\/iesguissona\/wp-json\/wp\/v2\/pages\/591\/revisions\/4527"}],"up":[{"embeddable":true,"href":"https:\/\/agora.xtec.cat\/iesguissona\/wp-json\/wp\/v2\/pages\/81"}],"wp:attachment":[{"href":"https:\/\/agora.xtec.cat\/iesguissona\/wp-json\/wp\/v2\/media?parent=591"}],"curies":[{"name":"wp","href":"https:\/\/api.w.org\/{rel}","templated":true}]}}