{"id":27,"date":"2014-09-17T16:24:03","date_gmt":"2014-09-17T16:24:03","guid":{"rendered":"http:\/\/agora.xtec.cat\/iesguissona\/?page_id=27"},"modified":"2015-05-11T12:16:37","modified_gmt":"2015-05-11T11:16:37","slug":"historia","status":"publish","type":"page","link":"https:\/\/agora.xtec.cat\/iesguissona\/linstitut\/historia\/","title":{"rendered":"Hist\u00f2ria"},"content":{"rendered":"<p>El nostre centre \u00e9s un centre molt jove, va n\u00e9ixer el setembre de 1995 amb 67 alumnes i va ser dels primers a Catalunya en aplicar la reforma (LOGSE) en aquest Servei Territorial. En un primer moment. es va adaptar un edifici particular per a convertir-lo en centre provisional. L&#8217;any 2002 es va inagurar l&#8217;edifici en el que ens trobem actualment i ja ten\u00edem 288 alumnes. Actualment ja tenim 500 alumnes.<\/p>\n","protected":false},"excerpt":{"rendered":"<p>El nostre centre \u00e9s un centre molt jove, va n\u00e9ixer el setembre de 1995 amb 67 alumnes i va ser dels primers a Catalunya en aplicar la reforma (LOGSE) en aquest Servei Territorial. En un primer moment. es va adaptar un edifici particular per a&hellip;  <a href=\"https:\/\/agora.xtec.cat\/iesguissona\/linstitut\/historia\/\" title=\"Read Hist\u00f2ria\">Llegeix m\u00e9s\u00bb<\/a><\/p>\n","protected":false},"author":1,"featured_media":0,"parent":19,"menu_order":20,"comment_status":"closed","ping_status":"closed","template":"page-templates\/side-menu.php","meta":{"_bbp_topic_count":0,"_bbp_reply_count":0,"_bbp_total_topic_count":0,"_bbp_total_reply_count":0,"_bbp_voice_count":0,"_bbp_anonymous_reply_count":0,"_bbp_topic_count_hidden":0,"_bbp_reply_count_hidden":0,"_bbp_forum_subforum_count":0,"footnotes":""},"class_list":["post-27","page","type-page","status-publish","hentry"],"post_mailing_queue_ids":[],"_links":{"self":[{"href":"https:\/\/agora.xtec.cat\/iesguissona\/wp-json\/wp\/v2\/pages\/27","targetHints":{"allow":["GET"]}}],"collection":[{"href":"https:\/\/agora.xtec.cat\/iesguissona\/wp-json\/wp\/v2\/pages"}],"about":[{"href":"https:\/\/agora.xtec.cat\/iesguissona\/wp-json\/wp\/v2\/types\/page"}],"author":[{"embeddable":true,"href":"https:\/\/agora.xtec.cat\/iesguissona\/wp-json\/wp\/v2\/users\/1"}],"replies":[{"embeddable":true,"href":"https:\/\/agora.xtec.cat\/iesguissona\/wp-json\/wp\/v2\/comments?post=27"}],"version-history":[{"count":3,"href":"https:\/\/agora.xtec.cat\/iesguissona\/wp-json\/wp\/v2\/pages\/27\/revisions"}],"predecessor-version":[{"id":291,"href":"https:\/\/agora.xtec.cat\/iesguissona\/wp-json\/wp\/v2\/pages\/27\/revisions\/291"}],"up":[{"embeddable":true,"href":"https:\/\/agora.xtec.cat\/iesguissona\/wp-json\/wp\/v2\/pages\/19"}],"wp:attachment":[{"href":"https:\/\/agora.xtec.cat\/iesguissona\/wp-json\/wp\/v2\/media?parent=27"}],"curies":[{"name":"wp","href":"https:\/\/api.w.org\/{rel}","templated":true}]}}