{"id":19,"date":"2014-09-17T14:56:56","date_gmt":"2014-09-17T14:56:56","guid":{"rendered":"http:\/\/agora.xtec.cat\/iesguissona\/?page_id=19"},"modified":"2015-05-07T13:17:19","modified_gmt":"2015-05-07T12:17:19","slug":"linstitut","status":"publish","type":"page","link":"https:\/\/agora.xtec.cat\/iesguissona\/linstitut\/","title":{"rendered":"L&#8217;institut"},"content":{"rendered":"<p>Navegueu pel men\u00fa lateral per obtenir m\u00e9s informaci\u00f3 del nostre centre<\/p>\n<p>&nbsp;<\/p>\n<p style=\"color: #444444;\">En la maqueta inicial s\u2019inclouen algunes d\u2019aquestes p\u00e0gines amb contingut simulat. L\u2019administrador\/a pot\u00a0editar-les,\u00a0eliminar-les o crear-ne de noves des del tauler. \u00c9s important que\u00a0a la caixa\u00a0<em>Atributs\u00a0de la p\u00e0gina<\/em>\u00a0hi consti com a\u00a0<em>pare\/mare<\/em>\u00a0la p\u00e0gina \u201c<em>L\u2019institut<\/em>\u201c, i que tinguin\u00a0seleccionada la plantilla \u201c<em>Men\u00fa lateral<\/em>\u201c.<\/p>\n","protected":false},"excerpt":{"rendered":"<p>Navegueu pel men\u00fa lateral per obtenir m\u00e9s informaci\u00f3 del nostre centre<br \/>\n&nbsp;<br \/>\nEn la maqueta inicial s\u2019inclouen algunes d\u2019aquestes p\u00e0gines amb contingut simulat. L\u2019administrador\/a pot\u00a0editar-les,\u00a0eliminar-les o crear-ne de noves des del tauler. \u00c9s important que\u00a0a la caixa\u00a0Atributs\u00a0de la p\u00e0gina\u00a0hi consti com a\u00a0pare\/mare\u00a0la p\u00e0gina \u201cL\u2019institut\u201c, i que tinguin\u00a0seleccionada&hellip;  <a href=\"https:\/\/agora.xtec.cat\/iesguissona\/linstitut\/\" title=\"Read L&#8217;institut\">Llegeix m\u00e9s\u00bb<\/a><\/p>\n","protected":false},"author":1,"featured_media":0,"parent":0,"menu_order":0,"comment_status":"closed","ping_status":"closed","template":"page-templates\/side-menu.php","meta":{"_bbp_topic_count":0,"_bbp_reply_count":0,"_bbp_total_topic_count":0,"_bbp_total_reply_count":0,"_bbp_voice_count":0,"_bbp_anonymous_reply_count":0,"_bbp_topic_count_hidden":0,"_bbp_reply_count_hidden":0,"_bbp_forum_subforum_count":0,"footnotes":""},"class_list":["post-19","page","type-page","status-publish","hentry"],"post_mailing_queue_ids":[],"_links":{"self":[{"href":"https:\/\/agora.xtec.cat\/iesguissona\/wp-json\/wp\/v2\/pages\/19","targetHints":{"allow":["GET"]}}],"collection":[{"href":"https:\/\/agora.xtec.cat\/iesguissona\/wp-json\/wp\/v2\/pages"}],"about":[{"href":"https:\/\/agora.xtec.cat\/iesguissona\/wp-json\/wp\/v2\/types\/page"}],"author":[{"embeddable":true,"href":"https:\/\/agora.xtec.cat\/iesguissona\/wp-json\/wp\/v2\/users\/1"}],"replies":[{"embeddable":true,"href":"https:\/\/agora.xtec.cat\/iesguissona\/wp-json\/wp\/v2\/comments?post=19"}],"version-history":[{"count":3,"href":"https:\/\/agora.xtec.cat\/iesguissona\/wp-json\/wp\/v2\/pages\/19\/revisions"}],"predecessor-version":[{"id":281,"href":"https:\/\/agora.xtec.cat\/iesguissona\/wp-json\/wp\/v2\/pages\/19\/revisions\/281"}],"wp:attachment":[{"href":"https:\/\/agora.xtec.cat\/iesguissona\/wp-json\/wp\/v2\/media?parent=19"}],"curies":[{"name":"wp","href":"https:\/\/api.w.org\/{rel}","templated":true}]}}