{"id":571,"date":"2019-06-17T09:58:51","date_gmt":"2019-06-17T07:58:51","guid":{"rendered":"https:\/\/agora.xtec.cat\/iesguinovarda\/?page_id=571"},"modified":"2024-10-11T11:16:12","modified_gmt":"2024-10-11T09:16:12","slug":"sollicitud-de-certificats","status":"publish","type":"page","link":"https:\/\/agora.xtec.cat\/iesguinovarda\/categoria-secretaria\/sollicitud-de-certificats\/","title":{"rendered":"Sol\u00b7licitud de certificats de catal\u00e0"},"content":{"rendered":"<p>Per sol\u00b7licitar l&#8217;equival\u00e8ncia amb els certificats de coneixement de catal\u00e0 de la Direcci\u00f3 General de Pol\u00edtica Ling\u00fc\u00edstica, cal que ompliu aquest <a href=\"https:\/\/forms.gle\/MX9tpyYpWPSb48tr9\" target=\"_blank\" rel=\"noopener\">formulari<\/a>\u00a0afegiu la documentaci\u00f3 requerida en el mateix segons els estudis realitzats i el certificat sol\u00b7licitat.<\/p>\n<ul>\n<li><a href=\"https:\/\/agora.xtec.cat\/iesguinovarda\/wp-content\/uploads\/usu579\/2019\/06\/Requisits-cert.-catal.pdf\">Requisits\u00a0<\/a>que s\u2019han de complir per poder demanar el certificat.<\/li>\n<\/ul>\n<p>El termini per recollir el certificat d&#8217;equival\u00e8ncia \u00e9s de <strong>dos dies laborables<\/strong> des de la presentaci\u00f3 de la sol\u00b7licitud.<\/p>\n","protected":false},"excerpt":{"rendered":"<p>Per sol\u00b7licitar l&#8217;equival\u00e8ncia amb els certificats de coneixement de catal\u00e0 de la Direcci\u00f3 General de Pol\u00edtica Ling\u00fc\u00edstica, cal que ompliu aquest <a href=\"https:\/\/forms.gle\/MX9tpyYpWPSb48tr9\" target=\"_blank\" rel=\"noopener\">formulari<\/a>\u00a0afegiu la documentaci\u00f3 requerida en el mateix segons els estudis realitzats i el certificat sol\u00b7licitat.<\/p>\n<ul>\n<li><a href=\"https:\/\/agora.xtec.cat\/iesguinovarda\/wp-content\/uploads\/usu579\/2019\/06\/Requisits-cert.-catal.pdf\">Requisits\u00a0<\/a>que s\u2019han de complir per poder&hellip;  <a href=\"https:\/\/agora.xtec.cat\/iesguinovarda\/categoria-secretaria\/sollicitud-de-certificats\/\" title=\"Read Sol\u00b7licitud de certificats de catal\u00e0\">Llegeix m\u00e9s\u00bb<\/a><br \/>\n","protected":false},"author":1,"featured_media":0,"parent":81,"menu_order":50,"comment_status":"closed","ping_status":"closed","template":"page-templates\/side-menu.php","meta":{"_bbp_topic_count":0,"_bbp_reply_count":0,"_bbp_total_topic_count":0,"_bbp_total_reply_count":0,"_bbp_voice_count":0,"_bbp_anonymous_reply_count":0,"_bbp_topic_count_hidden":0,"_bbp_reply_count_hidden":0,"_bbp_forum_subforum_count":0,"footnotes":""},"class_list":["post-571","page","type-page","status-publish","hentry"],"post_mailing_queue_ids":[],"_links":{"self":[{"href":"https:\/\/agora.xtec.cat\/iesguinovarda\/wp-json\/wp\/v2\/pages\/571","targetHints":{"allow":["GET"]}}],"collection":[{"href":"https:\/\/agora.xtec.cat\/iesguinovarda\/wp-json\/wp\/v2\/pages"}],"about":[{"href":"https:\/\/agora.xtec.cat\/iesguinovarda\/wp-json\/wp\/v2\/types\/page"}],"author":[{"embeddable":true,"href":"https:\/\/agora.xtec.cat\/iesguinovarda\/wp-json\/wp\/v2\/users\/1"}],"replies":[{"embeddable":true,"href":"https:\/\/agora.xtec.cat\/iesguinovarda\/wp-json\/wp\/v2\/comments?post=571"}],"version-history":[{"count":4,"href":"https:\/\/agora.xtec.cat\/iesguinovarda\/wp-json\/wp\/v2\/pages\/571\/revisions"}],"predecessor-version":[{"id":5157,"href":"https:\/\/agora.xtec.cat\/iesguinovarda\/wp-json\/wp\/v2\/pages\/571\/revisions\/5157"}],"up":[{"embeddable":true,"href":"https:\/\/agora.xtec.cat\/iesguinovarda\/wp-json\/wp\/v2\/pages\/81"}],"wp:attachment":[{"href":"https:\/\/agora.xtec.cat\/iesguinovarda\/wp-json\/wp\/v2\/media?parent=571"}],"curies":[{"name":"wp","href":"https:\/\/api.w.org\/{rel}","templated":true}]}}