{"id":540,"date":"2019-06-17T08:33:19","date_gmt":"2019-06-17T06:33:19","guid":{"rendered":"https:\/\/agora.xtec.cat\/iesguinovarda\/?page_id=540"},"modified":"2026-03-19T09:02:31","modified_gmt":"2026-03-19T08:02:31","slug":"sollicitud-de-titols","status":"publish","type":"page","link":"https:\/\/agora.xtec.cat\/iesguinovarda\/categoria-secretaria\/sollicitud-de-titols\/","title":{"rendered":"Sol\u00b7licitud de t\u00edtols"},"content":{"rendered":"<div>\n<p><strong>T\u00edtols d&#8217;ESO<\/strong><\/p>\n<p>L&#8217;expedici\u00f3 dels t\u00edtols d&#8217;ESO s&#8217;inicia d&#8217;ofici i, per tant, la persona interessada no l&#8217;ha de sol\u00b7licitar ni ha de pagar cap taxa.<\/p>\n<p>Si no pot recollir-lo la persona titular, cal que que la persona autoritzada porti el document seg\u00fcent: <a href=\"https:\/\/agora.xtec.cat\/iesguinovarda\/wp-content\/uploads\/usu579\/2019\/06\/autoritzacio-lliurament-titol.pdf\" target=\"_blank\" rel=\"noopener noreferrer\">autoritzaci\u00f3<\/a>.<\/p>\n<p>&nbsp;<\/p>\n<p><b>T\u00edtols de Batxillerat i Cicles Formatius<\/b><\/p>\n<p>A partir del curs 2025-26 els t\u00edtols de Batxillerat i de Cicles Formatius s&#8217;han de sol\u00b7licitar mitjan\u00e7ant un tr\u00e0mit telem\u00e0tic al qual s\u2019hi pot accedir des del seg\u00fcent enlla\u00e7: <a href=\"https:\/\/educacio.gencat.cat\/ca\/tramits\/tramits-temes\/titols-academics-no-universitaris\" target=\"_blank\" rel=\"noopener\">Sol\u00b7licitud t\u00edtol<\/a><\/p>\n<p>Aquest tr\u00e0mit serveix tant per demanar-lo per primera vegada com per sol\u00b7licitar un duplicat o b\u00e9 una actualitzaci\u00f3 per canvi de dades.<\/p>\n<p>Un vegada fet el pagament de la taxa, us heu de posar en contacte amb secretaria a trav\u00e9s del correu: <span style=\"color: #0000ff;\">secretaria<span class=\"\"><span class=\"atwho-query\">@insguinovarda.c<\/span><\/span>at<\/span> per finalitzar el tr\u00e0mit.<\/p>\n<\/div>\n","protected":false},"excerpt":{"rendered":"<p>T\u00edtols d&#8217;ESO<br \/>\nL&#8217;expedici\u00f3 dels t\u00edtols d&#8217;ESO s&#8217;inicia d&#8217;ofici i, per tant, la persona interessada no l&#8217;ha de sol\u00b7licitar ni ha de pagar cap taxa.<br \/>\nSi no pot recollir-lo la persona titular, cal que que la persona autoritzada porti el document seg\u00fcent: <a href=\"https:\/\/agora.xtec.cat\/iesguinovarda\/wp-content\/uploads\/usu579\/2019\/06\/autoritzacio-lliurament-titol.pdf\" target=\"_blank\" rel=\"noopener noreferrer\">autoritzaci\u00f3<\/a>.<br \/>\n&nbsp;<br \/>\nT\u00edtols de&hellip;  <a href=\"https:\/\/agora.xtec.cat\/iesguinovarda\/categoria-secretaria\/sollicitud-de-titols\/\" title=\"Read Sol\u00b7licitud de t\u00edtols\">Llegeix m\u00e9s\u00bb<\/a><\/p>\n","protected":false},"author":1,"featured_media":0,"parent":81,"menu_order":40,"comment_status":"closed","ping_status":"closed","template":"page-templates\/side-menu.php","meta":{"_bbp_topic_count":0,"_bbp_reply_count":0,"_bbp_total_topic_count":0,"_bbp_total_reply_count":0,"_bbp_voice_count":0,"_bbp_anonymous_reply_count":0,"_bbp_topic_count_hidden":0,"_bbp_reply_count_hidden":0,"_bbp_forum_subforum_count":0,"footnotes":""},"class_list":["post-540","page","type-page","status-publish","hentry"],"post_mailing_queue_ids":[],"_links":{"self":[{"href":"https:\/\/agora.xtec.cat\/iesguinovarda\/wp-json\/wp\/v2\/pages\/540","targetHints":{"allow":["GET"]}}],"collection":[{"href":"https:\/\/agora.xtec.cat\/iesguinovarda\/wp-json\/wp\/v2\/pages"}],"about":[{"href":"https:\/\/agora.xtec.cat\/iesguinovarda\/wp-json\/wp\/v2\/types\/page"}],"author":[{"embeddable":true,"href":"https:\/\/agora.xtec.cat\/iesguinovarda\/wp-json\/wp\/v2\/users\/1"}],"replies":[{"embeddable":true,"href":"https:\/\/agora.xtec.cat\/iesguinovarda\/wp-json\/wp\/v2\/comments?post=540"}],"version-history":[{"count":6,"href":"https:\/\/agora.xtec.cat\/iesguinovarda\/wp-json\/wp\/v2\/pages\/540\/revisions"}],"predecessor-version":[{"id":6192,"href":"https:\/\/agora.xtec.cat\/iesguinovarda\/wp-json\/wp\/v2\/pages\/540\/revisions\/6192"}],"up":[{"embeddable":true,"href":"https:\/\/agora.xtec.cat\/iesguinovarda\/wp-json\/wp\/v2\/pages\/81"}],"wp:attachment":[{"href":"https:\/\/agora.xtec.cat\/iesguinovarda\/wp-json\/wp\/v2\/media?parent=540"}],"curies":[{"name":"wp","href":"https:\/\/api.w.org\/{rel}","templated":true}]}}