{"id":2982,"date":"2022-03-04T13:11:15","date_gmt":"2022-03-04T12:11:15","guid":{"rendered":"https:\/\/agora.xtec.cat\/iesguinovarda\/?page_id=2982"},"modified":"2025-02-17T08:46:16","modified_gmt":"2025-02-17T07:46:16","slug":"pagaments","status":"publish","type":"page","link":"https:\/\/agora.xtec.cat\/iesguinovarda\/categoria-secretaria\/pagaments\/","title":{"rendered":"Pagaments"},"content":{"rendered":"<p><strong>RESUM DE PAGAMENTS DE L&#8217;INSTITUT:<\/strong><\/p>\n<table style=\"border-collapse: collapse; width: 100%; height: 256px;\">\n<tbody>\n<tr style=\"height: 32px;\">\n<td style=\"width: 53.4171%; height: 32px;\">Material escolar ESO i Batxillerat (s&#8217;ha de pagar quan es formalitza la matr\u00edcula)<\/td>\n<td style=\"width: 46.5829%; height: 32px;\">40\u20ac<\/td>\n<\/tr>\n<tr style=\"height: 32px;\">\n<td style=\"width: 53.4171%; height: 32px;\">Material escolar Cicles formatius (s&#8217;ha de pagar quan es formalitza la matr\u00edcula)<\/td>\n<td style=\"width: 46.5829%; height: 32px;\">80\u20ac<\/td>\n<\/tr>\n<tr style=\"height: 32px;\">\n<td style=\"width: 53.4171%; height: 32px;\">Llibres de text<\/td>\n<td style=\"width: 46.5829%; height: 32px;\"><a href=\"https:\/\/microsites.iddink.es\/ca\/147_institut_guinovarda\/preus\/\" target=\"_blank\" rel=\"noopener\">IDDINK<\/a><\/td>\n<\/tr>\n<tr style=\"height: 32px;\">\n<td style=\"width: 53.4171%; height: 32px;\">Samarreta d&#8217;educaci\u00f3 f\u00edsica (el primer curs est\u00e0 inclosa amb la quota de material)<\/td>\n<td style=\"width: 46.5829%; height: 32px;\">5\u20ac<\/td>\n<\/tr>\n<tr style=\"height: 32px;\">\n<td style=\"width: 53.4171%; height: 32px;\">Dessuadora de l&#8217;institut (opcional)<\/td>\n<td style=\"width: 46.5829%; height: 32px;\">12\u20ac i 6\u20ac per a socis de l&#8217;AMPA<\/td>\n<\/tr>\n<tr style=\"height: 32px;\">\n<td style=\"width: 53.4171%; height: 32px;\"><a href=\"https:\/\/agora.xtec.cat\/iesguinovarda\/linstitut\/departaments\/\" target=\"_blank\" rel=\"noopener\">AMPA<\/a><\/td>\n<td style=\"width: 46.5829%; height: 32px;\">18\u20ac<\/td>\n<\/tr>\n<tr style=\"height: 32px;\">\n<td style=\"width: 53.4171%; height: 32px;\">Transport escolar (Gestionat pel Consell Comarcal de l&#8217;Anoia)<\/td>\n<td style=\"width: 46.5829%; height: 32px;\"><a href=\"https:\/\/www.anoia.cat\/departaments\/ensenyament\/sollicitud-transport-escolar\/\" target=\"_blank\" rel=\"noopener\">Preus per trimestre<\/a><\/td>\n<\/tr>\n<\/tbody>\n<\/table>\n","protected":false},"excerpt":{"rendered":"<p>RESUM DE PAGAMENTS DE L&#8217;INSTITUT:<\/p>\n<p>Material escolar ESO i Batxillerat (s&#8217;ha de pagar quan es formalitza la matr\u00edcula)<br \/>\n40\u20ac<\/p>\n<p>Material escolar Cicles formatius (s&#8217;ha de pagar quan es formalitza la matr\u00edcula)<br \/>\n80\u20ac<\/p>\n<p>Llibres de text<br \/>\n<a href=\"https:\/\/microsites.iddink.es\/ca\/147_institut_guinovarda\/preus\/\" target=\"_blank\" rel=\"noopener\">IDDINK<\/a><\/p>\n<p>Samarreta d&#8217;educaci\u00f3 f\u00edsica (el primer curs est\u00e0 inclosa amb la quota de material)<br \/>\n5\u20ac<\/p>\n<p>Dessuadora&hellip;  <a href=\"https:\/\/agora.xtec.cat\/iesguinovarda\/categoria-secretaria\/pagaments\/\" title=\"Read Pagaments\">Llegeix m\u00e9s\u00bb<\/a><\/p>\n","protected":false},"author":1,"featured_media":0,"parent":81,"menu_order":100,"comment_status":"closed","ping_status":"closed","template":"page-templates\/side-menu.php","meta":{"_bbp_topic_count":0,"_bbp_reply_count":0,"_bbp_total_topic_count":0,"_bbp_total_reply_count":0,"_bbp_voice_count":0,"_bbp_anonymous_reply_count":0,"_bbp_topic_count_hidden":0,"_bbp_reply_count_hidden":0,"_bbp_forum_subforum_count":0,"footnotes":""},"class_list":["post-2982","page","type-page","status-publish","hentry"],"post_mailing_queue_ids":[],"_links":{"self":[{"href":"https:\/\/agora.xtec.cat\/iesguinovarda\/wp-json\/wp\/v2\/pages\/2982","targetHints":{"allow":["GET"]}}],"collection":[{"href":"https:\/\/agora.xtec.cat\/iesguinovarda\/wp-json\/wp\/v2\/pages"}],"about":[{"href":"https:\/\/agora.xtec.cat\/iesguinovarda\/wp-json\/wp\/v2\/types\/page"}],"author":[{"embeddable":true,"href":"https:\/\/agora.xtec.cat\/iesguinovarda\/wp-json\/wp\/v2\/users\/1"}],"replies":[{"embeddable":true,"href":"https:\/\/agora.xtec.cat\/iesguinovarda\/wp-json\/wp\/v2\/comments?post=2982"}],"version-history":[{"count":6,"href":"https:\/\/agora.xtec.cat\/iesguinovarda\/wp-json\/wp\/v2\/pages\/2982\/revisions"}],"predecessor-version":[{"id":5398,"href":"https:\/\/agora.xtec.cat\/iesguinovarda\/wp-json\/wp\/v2\/pages\/2982\/revisions\/5398"}],"up":[{"embeddable":true,"href":"https:\/\/agora.xtec.cat\/iesguinovarda\/wp-json\/wp\/v2\/pages\/81"}],"wp:attachment":[{"href":"https:\/\/agora.xtec.cat\/iesguinovarda\/wp-json\/wp\/v2\/media?parent=2982"}],"curies":[{"name":"wp","href":"https:\/\/api.w.org\/{rel}","templated":true}]}}