{"id":2192,"date":"2021-04-15T13:15:03","date_gmt":"2021-04-15T11:15:03","guid":{"rendered":"https:\/\/agora.xtec.cat\/iesguinovarda\/?page_id=2192"},"modified":"2025-05-12T11:47:32","modified_gmt":"2025-05-12T09:47:32","slug":"cicles-formatius-de-grau-basic","status":"publish","type":"page","link":"https:\/\/agora.xtec.cat\/iesguinovarda\/oferta-formativa-2\/cicles-formatius-de-grau-basic\/","title":{"rendered":"CICLES FORMATIUS DE GRAU B\u00c0SIC"},"content":{"rendered":"<p><img loading=\"lazy\" decoding=\"async\" class=\"alignnone size-large wp-image-4907\" src=\"https:\/\/agora.xtec.cat\/iesguinovarda\/wp-content\/uploads\/usu579\/2024\/05\/Capcalera-SCOM-1024x251.jpg\" alt=\"\" width=\"1024\" height=\"251\" srcset=\"https:\/\/agora.xtec.cat\/iesguinovarda\/wp-content\/uploads\/usu579\/2024\/05\/Capcalera-SCOM-1024x251.jpg 1024w, https:\/\/agora.xtec.cat\/iesguinovarda\/wp-content\/uploads\/usu579\/2024\/05\/Capcalera-SCOM-300x74.jpg 300w, https:\/\/agora.xtec.cat\/iesguinovarda\/wp-content\/uploads\/usu579\/2024\/05\/Capcalera-SCOM-768x188.jpg 768w, https:\/\/agora.xtec.cat\/iesguinovarda\/wp-content\/uploads\/usu579\/2024\/05\/Capcalera-SCOM.jpg 1231w\" sizes=\"auto, (max-width: 1024px) 100vw, 1024px\" \/><\/p>\n<p>&nbsp;<\/p>\n<p><strong>Continguts<\/strong><\/p>\n<p>\u2022 Ci\u00e8ncies aplicades I<br \/>\n\u2022 Ci\u00e8ncies aplicades II<br \/>\n\u2022 Comunicaci\u00f3 i ci\u00e8ncies socials I<br \/>\n\u2022 Comunicaci\u00f3 i ci\u00e8ncies socials II<br \/>\n\u2022 Tutoria I<br \/>\n\u2022 Tutoria II<br \/>\n\u2022 Itinerari personal per a l&#8217;ocupabilitat<br \/>\n\u2022 T\u00e8cniques b\u00e0siques de marxandatge<br \/>\n\u2022 Aplicacions b\u00e0siques d&#8217;ofim\u00e0tica<br \/>\n\u2022 Preparaci\u00f3 de comandes i venda de productes<br \/>\n\u2022 Atenci\u00f3 al client<br \/>\n\u2022 Tractament inform\u00e0tic de dades<br \/>\n\u2022 Operacions auxiliars d&#8217;emmagatzematge<br \/>\n\u2022 Projecte intermodular d&#8217;aprenentatge col\u00b7laboratiu<\/p>\n<p>M\u00e9s informaci\u00f3 al seg\u00fcent enlla\u00e7: <a href=\"https:\/\/drive.google.com\/file\/d\/1Gsq54e_LP0S9xOKwMbX879QjyZarqr2F\/view?usp=drive_link\" target=\"_blank\" rel=\"noopener\">Serveis Comercials<\/a><\/p>\n","protected":false},"excerpt":{"rendered":"<p>&nbsp;<br \/>\nContinguts<br \/>\n\u2022 Ci\u00e8ncies aplicades I<br \/>\n\u2022 Ci\u00e8ncies aplicades II<br \/>\n\u2022 Comunicaci\u00f3 i ci\u00e8ncies socials I<br \/>\n\u2022 Comunicaci\u00f3 i ci\u00e8ncies socials II<br \/>\n\u2022 Tutoria I<br \/>\n\u2022 Tutoria II<br \/>\n\u2022 Itinerari personal per a l&#8217;ocupabilitat<br \/>\n\u2022 T\u00e8cniques b\u00e0siques de marxandatge<br \/>\n\u2022 Aplicacions b\u00e0siques d&#8217;ofim\u00e0tica<br \/>\n\u2022 Preparaci\u00f3 de comandes i venda de productes<br \/>\n\u2022 Atenci\u00f3 al client<br \/>\n\u2022 Tractament inform\u00e0tic&hellip;  <a href=\"https:\/\/agora.xtec.cat\/iesguinovarda\/oferta-formativa-2\/cicles-formatius-de-grau-basic\/\" title=\"Read CICLES FORMATIUS DE GRAU B\u00c0SIC\">Llegeix m\u00e9s\u00bb<\/a><\/p>\n","protected":false},"author":1,"featured_media":0,"parent":1384,"menu_order":0,"comment_status":"closed","ping_status":"closed","template":"page-templates\/side-menu.php","meta":{"_bbp_topic_count":0,"_bbp_reply_count":0,"_bbp_total_topic_count":0,"_bbp_total_reply_count":0,"_bbp_voice_count":0,"_bbp_anonymous_reply_count":0,"_bbp_topic_count_hidden":0,"_bbp_reply_count_hidden":0,"_bbp_forum_subforum_count":0,"footnotes":""},"class_list":["post-2192","page","type-page","status-publish","hentry"],"post_mailing_queue_ids":[],"_links":{"self":[{"href":"https:\/\/agora.xtec.cat\/iesguinovarda\/wp-json\/wp\/v2\/pages\/2192","targetHints":{"allow":["GET"]}}],"collection":[{"href":"https:\/\/agora.xtec.cat\/iesguinovarda\/wp-json\/wp\/v2\/pages"}],"about":[{"href":"https:\/\/agora.xtec.cat\/iesguinovarda\/wp-json\/wp\/v2\/types\/page"}],"author":[{"embeddable":true,"href":"https:\/\/agora.xtec.cat\/iesguinovarda\/wp-json\/wp\/v2\/users\/1"}],"replies":[{"embeddable":true,"href":"https:\/\/agora.xtec.cat\/iesguinovarda\/wp-json\/wp\/v2\/comments?post=2192"}],"version-history":[{"count":5,"href":"https:\/\/agora.xtec.cat\/iesguinovarda\/wp-json\/wp\/v2\/pages\/2192\/revisions"}],"predecessor-version":[{"id":5761,"href":"https:\/\/agora.xtec.cat\/iesguinovarda\/wp-json\/wp\/v2\/pages\/2192\/revisions\/5761"}],"up":[{"embeddable":true,"href":"https:\/\/agora.xtec.cat\/iesguinovarda\/wp-json\/wp\/v2\/pages\/1384"}],"wp:attachment":[{"href":"https:\/\/agora.xtec.cat\/iesguinovarda\/wp-json\/wp\/v2\/media?parent=2192"}],"curies":[{"name":"wp","href":"https:\/\/api.w.org\/{rel}","templated":true}]}}