{"id":19,"date":"2014-09-17T14:56:56","date_gmt":"2014-09-17T14:56:56","guid":{"rendered":"http:\/\/agora.xtec.cat\/iesguinovarda\/?page_id=19"},"modified":"2024-03-08T10:38:02","modified_gmt":"2024-03-08T09:38:02","slug":"linstitut","status":"publish","type":"page","link":"https:\/\/agora.xtec.cat\/iesguinovarda\/linstitut\/","title":{"rendered":"L&#8217;institut"},"content":{"rendered":"<p style=\"text-align: justify;\"><strong><span style=\"color: #ff9900;\">UBICACI\u00d3<\/span><\/strong><\/p>\n<p style=\"text-align: justify;\"><span style=\"font-weight: 400;\">L&#8217;Institut Guinovarda est\u00e0 situat a la vila de Piera amb uns de 15.600 habitants, concretament al carrer Pompeu Fabra n\u00fam. 17, en el barri de La Plana. El terme municipal pierenc consta del poble de Piera i de 20 urbanitzacions.<\/span><\/p>\n<p style=\"text-align: justify;\"><strong><span style=\"color: #ff9900;\">OFERTA EDUCATIVA<\/span><\/strong><\/p>\n<p style=\"text-align: justify;\">L&#8217;oferta educativa de l&#8217;Institut Guinovarda compr\u00e8n ESO, Batxillerat en les<br \/>\nmodalitats d&#8217;Humanitats i Ci\u00e8ncies Socials i Ci\u00e8ncies i Tecnologia, un Cicle Formatiu de Grau Mitj\u00e0 de<br \/>\nT\u00e8cnic en Atenci\u00f3 a Persones en Situaci\u00f3 de Depend\u00e8ncia (TAPSD) i un CFGM de Sistemes<br \/>\nMicroinform\u00e0tics i Xarxes (SMX), un Cicle Formatiu de Grau B\u00e0sic de Serveis Comercials (SCOM) i dos<br \/>\nPFI- PTT\u2019s un de Vivers i jardins i un d\u2019Auxiliar en activitats d\u2019oficina i serveis administratius.<\/p>\n<p style=\"text-align: justify;\"><strong><span style=\"color: #ff9900;\">ESPAIS<\/span><\/strong><\/p>\n<p style=\"text-align: justify;\">Quant als espais, l&#8217;INS Guinovarda \u00a0compta amb dos m\u00f2duls prefabricats amb 6 aules.<\/p>\n<p style=\"text-align: justify;\">El centre disposa a m\u00e9s de les aules classe, de dos laboratoris, dues aules d&#8217;inform\u00e0tica, dos tallers de tecnologia, un gimn\u00e0s i una biblioteca que fa les funcions tamb\u00e9 d\u2019aula de desdoblaments de Batxillerat. Per als cicles formatius es disposa de les pertinents aules d&#8217;inform\u00e0tica per a 1r i 2n de SMX, de les aules i tallers (sanitari i un pis simulat) per a TAPSD i d\u2019una aula-taller-botiga per al CFGB de Serveis Comercials.<br \/>\nDes del curs 2020-21, no hi ha aula de m\u00fasica ni de Visual i Pl\u00e0stica ja que s\u2019han destinat a aules de grups classe.<\/p>\n","protected":false},"excerpt":{"rendered":"<p>UBICACI\u00d3<br \/>\nL&#8217;Institut Guinovarda est\u00e0 situat a la vila de Piera amb uns de 15.600 habitants, concretament al carrer Pompeu Fabra n\u00fam. 17, en el barri de La Plana. El terme municipal pierenc consta del poble de Piera i de 20 urbanitzacions.<br \/>\nOFERTA EDUCATIVA<br \/>\nL&#8217;oferta educativa de l&#8217;Institut Guinovarda&hellip;  <a href=\"https:\/\/agora.xtec.cat\/iesguinovarda\/linstitut\/\" title=\"Read L&#8217;institut\">Llegeix m\u00e9s\u00bb<\/a><\/p>\n","protected":false},"author":1,"featured_media":0,"parent":0,"menu_order":0,"comment_status":"closed","ping_status":"closed","template":"page-templates\/side-menu.php","meta":{"_bbp_topic_count":0,"_bbp_reply_count":0,"_bbp_total_topic_count":0,"_bbp_total_reply_count":0,"_bbp_voice_count":0,"_bbp_anonymous_reply_count":0,"_bbp_topic_count_hidden":0,"_bbp_reply_count_hidden":0,"_bbp_forum_subforum_count":0,"footnotes":""},"class_list":["post-19","page","type-page","status-publish","hentry"],"post_mailing_queue_ids":[],"_links":{"self":[{"href":"https:\/\/agora.xtec.cat\/iesguinovarda\/wp-json\/wp\/v2\/pages\/19","targetHints":{"allow":["GET"]}}],"collection":[{"href":"https:\/\/agora.xtec.cat\/iesguinovarda\/wp-json\/wp\/v2\/pages"}],"about":[{"href":"https:\/\/agora.xtec.cat\/iesguinovarda\/wp-json\/wp\/v2\/types\/page"}],"author":[{"embeddable":true,"href":"https:\/\/agora.xtec.cat\/iesguinovarda\/wp-json\/wp\/v2\/users\/1"}],"replies":[{"embeddable":true,"href":"https:\/\/agora.xtec.cat\/iesguinovarda\/wp-json\/wp\/v2\/comments?post=19"}],"version-history":[{"count":3,"href":"https:\/\/agora.xtec.cat\/iesguinovarda\/wp-json\/wp\/v2\/pages\/19\/revisions"}],"predecessor-version":[{"id":4657,"href":"https:\/\/agora.xtec.cat\/iesguinovarda\/wp-json\/wp\/v2\/pages\/19\/revisions\/4657"}],"wp:attachment":[{"href":"https:\/\/agora.xtec.cat\/iesguinovarda\/wp-json\/wp\/v2\/media?parent=19"}],"curies":[{"name":"wp","href":"https:\/\/api.w.org\/{rel}","templated":true}]}}