{"id":1603,"date":"2020-06-12T18:32:03","date_gmt":"2020-06-12T16:32:03","guid":{"rendered":"https:\/\/agora.xtec.cat\/iesguinovarda\/?page_id=1603"},"modified":"2025-09-08T08:29:20","modified_gmt":"2025-09-08T06:29:20","slug":"llibres-de-text","status":"publish","type":"page","link":"https:\/\/agora.xtec.cat\/iesguinovarda\/categoria-secretaria\/llibres-de-text\/","title":{"rendered":"Llibres de text i material"},"content":{"rendered":"<h5><\/h5>\n<h4><\/h4>\n<h4><\/h4>\n<h4><strong>CURS 2025-2026<\/strong><\/h4>\n<p>&nbsp;<\/p>\n<pre><strong>ESO<\/strong><\/pre>\n<table style=\"height: 117px; width: 44.4039%;\" width=\"447\">\n<tbody>\n<tr>\n<td style=\"width: 41.7637%;\"><a href=\"https:\/\/drive.google.com\/file\/d\/16kzBcP7ekwlBCYJHFhWX6ogeRLjBvoQP\/view?usp=drive_link\" target=\"_blank\" rel=\"noopener\">Llibres 1r d&#8217;ESO<\/a><\/td>\n<td style=\"width: 93.9379%;\"><a href=\"https:\/\/drive.google.com\/file\/d\/1Km4Ohp4VobSHlK1xvpMmoBlZfE-IcS9U\/view?usp=sharing\">MATERIAL 1r ESO<\/a><\/td>\n<\/tr>\n<tr>\n<td style=\"width: 41.7637%;\"><a href=\"https:\/\/drive.google.com\/file\/d\/1k63oLWVotTpB0tF414uIg5XLTWBQZ1G-\/view?usp=drive_link\" target=\"_blank\" rel=\"noopener\">Llibres 2n d&#8217;ESO<\/a><\/td>\n<td style=\"width: 93.9379%;\"><a href=\"https:\/\/drive.google.com\/file\/d\/1Ki7VNvVtscqR5pKSp5KTUOMNGppnBafv\/view?usp=sharing\">MATERIAL 2n ESO<\/a><\/td>\n<\/tr>\n<tr>\n<td style=\"width: 41.7637%;\"><a href=\"https:\/\/drive.google.com\/file\/d\/1v6h11E-2ANmEl8hiWnBAu_cYwOYKaY3N\/view?usp=drive_link\" target=\"_blank\" rel=\"noopener\">Llibres 3r d&#8217;ESO<\/a><\/td>\n<td style=\"width: 93.9379%;\"><a href=\"https:\/\/drive.google.com\/file\/d\/1d3eSuzHx1NFmzet7dZlTxnedylnDOvTr\/view?usp=sharing\">MATERIAL 3r ESO<\/a><\/td>\n<\/tr>\n<tr>\n<td style=\"width: 41.7637%;\"><a href=\"https:\/\/drive.google.com\/file\/d\/1n5ogiixd2PVp3zcQeI-N7HBV24pM1U2I\/view?usp=drive_link\" target=\"_blank\" rel=\"noopener\">Llibres 4t d&#8217;ESO<\/a><\/td>\n<td style=\"width: 93.9379%;\"><a href=\"https:\/\/drive.google.com\/file\/d\/1_EuyyHqZikJM6X4YsbF3H36lkO84n0S0\/view?usp=sharing\">MATERIAL 4t ESO<\/a><\/td>\n<\/tr>\n<\/tbody>\n<\/table>\n<pre><strong>\r\nBATXILLERAT<\/strong><\/pre>\n<table style=\"height: 123px; width: 72.2447%;\" width=\"743\">\n<tbody>\n<tr style=\"height: 33px;\">\n<td style=\"width: 35.814%; height: 33px;\"><a href=\"https:\/\/drive.google.com\/file\/d\/14tuvo-yvGXkj9S8Q3ZNFWWE5pGw0skS7\/view?usp=drive_link\" target=\"_blank\" rel=\"noopener\">Llibres 1r Batxillerat Human\u00edstic<\/a><\/td>\n<td style=\"width: 36.9283%; height: 33px;\"><a href=\"https:\/\/drive.google.com\/file\/d\/1usUo5xXlp1EKF9Df9SsnOGMIEAy2eaBY\/view?usp=drive_link\" target=\"_blank\" rel=\"noopener\">Llibres 2n Batxillerat Human\u00edstic<\/a><\/td>\n<td style=\"width: 73.1938%; height: 123px;\" rowspan=\"4\"><a href=\"https:\/\/drive.google.com\/file\/d\/1K6TalCRvRnS8gp8sD1uw2r15YQKht_0L\/view?usp=sharing\" target=\"_blank\" rel=\"noopener\">MATERIAL BATXILLERAT<\/a><\/td>\n<\/tr>\n<tr style=\"height: 27px;\">\n<td style=\"width: 35.814%; height: 24px;\"><a href=\"https:\/\/drive.google.com\/file\/d\/1LwmPYsqfMn0IoCaxLPVyREnNIMmwd9eQ\/view?usp=drive_link\" target=\"_blank\" rel=\"noopener\">Llibres 1r Batxillerat Social<\/a><\/td>\n<td style=\"width: 36.9283%; height: 24px;\"><a href=\"https:\/\/drive.google.com\/file\/d\/1z4uZ2x_JIHCcjEGyn_UdcKGjAs7Pl6wC\/view?usp=drive_link\" target=\"_blank\" rel=\"noopener\">Llibres 2n Batxillerat Social<\/a><\/td>\n<\/tr>\n<tr style=\"height: 33px;\">\n<td style=\"width: 35.814%; height: 33px;\"><a href=\"https:\/\/drive.google.com\/file\/d\/1pUGbC472qBxPYVZEWvfsDWylen19eznU\/view?usp=drive_link\" target=\"_blank\" rel=\"noopener\">Llibres 1r Batxillerat Cient\u00edfic<\/a><\/td>\n<td style=\"width: 36.9283%; height: 33px;\"><a href=\"https:\/\/drive.google.com\/file\/d\/1_d0I277KcWJb0Pj1U9W0iRwtbwGra2UM\/view?usp=drive_link\" target=\"_blank\" rel=\"noopener\">Llibres 2n Batxillerat Cient\u00edfic<\/a><\/td>\n<\/tr>\n<tr style=\"height: 33px;\">\n<td style=\"width: 35.814%; height: 33px;\"><a href=\"https:\/\/drive.google.com\/file\/d\/1uoI1egH-bGR-ztvtlFaDYIOiZ_Xlc0dS\/view?usp=drive_link\" target=\"_blank\" rel=\"noopener\">Llibres 1r Batxillerat Tecnol\u00f2gic<\/a><\/td>\n<td style=\"width: 36.9283%; height: 33px;\"><a href=\"https:\/\/drive.google.com\/file\/d\/1sd4uRGzRczLlJFPFxh3YwJ9B8mr1Eeet\/view?usp=drive_link\" target=\"_blank\" rel=\"noopener\">Llibres 2n Batxillerat Tecnol\u00f2gic<\/a><\/td>\n<\/tr>\n<\/tbody>\n<\/table>\n<pre><strong>\r\nCICLES FORMATIUS<\/strong><\/pre>\n<table style=\"height: 24px; width: 999px;\" width=\"981\">\n<tbody>\n<tr>\n<td style=\"width: 432.656px;\"><a href=\"https:\/\/drive.google.com\/file\/d\/1TCMKSJoPkWAHGYM_0VIBZ0aFec3Mb7bd\/view?usp=drive_link\" target=\"_blank\" rel=\"noopener\">Llibres 1r Atenci\u00f3 a persones en situaci\u00f3 de depend\u00e8ncia<\/a><\/td>\n<td style=\"width: 558.344px;\"><a href=\"https:\/\/drive.google.com\/file\/d\/1ZJ32ttcc9QXkoIPIcA_lPl0bYwSAzAp6\/view?usp=drive_link\" target=\"_blank\" rel=\"noopener\">Llibres 2n Atenci\u00f3 a persones en situaci\u00f3 de depend\u00e8ncia<\/a><\/td>\n<\/tr>\n<tr>\n<td style=\"width: 432.656px;\"><a href=\"https:\/\/drive.google.com\/file\/d\/1oHqbRrwP4Z9V-CU37W69kPA4YLaBISDW\/view?usp=drive_link\" target=\"_blank\" rel=\"noopener\">Llibres 1r Sistemes microinform\u00e0tics i xarxes<\/a><\/td>\n<td style=\"width: 558.344px;\">\n<h6><a href=\"https:\/\/drive.google.com\/file\/d\/1rCPcHIIgizgt93WYW7sJ4AQ59Qx_9qeB\/view?usp=drive_link\" target=\"_blank\" rel=\"noopener\">2n Sistemes microinform\u00e0tics i xarxes<\/a><\/h6>\n<\/td>\n<\/tr>\n<tr>\n<td style=\"width: 432.656px;\"><a href=\"https:\/\/drive.google.com\/file\/d\/1B3cFt4eAfKZ4uYpOwRrNzLq9q7pvXe6J\/view?usp=drive_link\" target=\"_blank\" rel=\"noopener\">Llibres 1r Activitats comercials, perfil Log\u00edstica<\/a><\/td>\n<td style=\"width: 558.344px;\">\n<h6><a href=\"https:\/\/drive.google.com\/file\/d\/1FDPLLFFtexM2wJZsObpahX6IpKmA2Rbv\/view?usp=drive_link\" target=\"_blank\" rel=\"noopener\">Llibres 2n Activitats comercials, perfil Log\u00edstica<\/a><\/h6>\n<\/td>\n<\/tr>\n<\/tbody>\n<\/table>\n<pre><strong>\r\nCICLE FORMATIU DE GRAU B\u00c0SIC: SERVEIS COMERCIALS<\/strong><\/pre>\n<table style=\"width: 79.3499%;\" width=\"981\">\n<tbody>\n<tr>\n<td style=\"width: 49.702%;\"><a href=\"https:\/\/drive.google.com\/file\/d\/1MgEJy6zCrF68MM0PtBUilAo8k-6vogSQ\/view?usp=drive_link\" target=\"_blank\" rel=\"noopener\">Llibres 1r Cicle formatiu grau b\u00e0sic de Serveis comercials<\/a><\/td>\n<td style=\"width: 156.505%;\"><a href=\"https:\/\/drive.google.com\/file\/d\/1QrJWF9wvkeoYY2uS89G9HtgBAFr_F6h-\/view?usp=drive_link\" target=\"_blank\" rel=\"noopener\">Llibres 2n Cicle formatiu grau b\u00e0sic de Serveis comercials<\/a><\/td>\n<\/tr>\n<\/tbody>\n<\/table>\n<p>&nbsp;<\/p>\n<p>&nbsp;<\/p>\n<h4><strong>ECOBOOKS<\/strong><\/h4>\n<pre><\/pre>\n<div><\/div>\n<div>L&#8217;empresa IDDINK gestiona el Projecte de reutilitzaci\u00f3 de llibres de text i lectures.<\/div>\n<h6><\/h6>\n<div>Per obtenir m\u00e9s informaci\u00f3 sobre el servei que presta Iddink al nostre centre podeu visitar la seva <a href=\"https:\/\/spain.iddink.es\/ca\/\" target=\"_blank\" rel=\"noopener noreferrer\">p\u00e0gina web<\/a>.<\/div>\n<p>&nbsp;<\/p>\n<div>Consulteu&#8230;<\/div>\n<div><\/div>\n<div><\/div>\n<div><\/div>\n<div><\/div>\n<div><a href=\"https:\/\/drive.google.com\/file\/d\/1jOLAYMf4MMzt0nshOFlDZd3wN-8Iz7_I\/view?usp=drive_link\" target=\"_blank\" rel=\"noopener noreferrer\">Com comprar a Iddink?<\/a><\/div>\n<h6><\/h6>\n<div><a href=\"https:\/\/drive.google.com\/file\/d\/1Fe3iBsGRPMwDI2xuTjCkGWVJ-7jLm35w\/view?usp=drive_link\" target=\"_blank\" rel=\"noopener noreferrer\">Com retornar els llibres que heu utilitzat aquest curs?<\/a><\/div>\n<div><\/div>\n<div><\/div>\n<div><\/div>\n<p>&nbsp;<\/p>\n<h5><strong>LLOC WEB ESPEC\u00cdFIC GUINOVARDA\u00a0 <a href=\"http:\/\/microsites.iddink.es\/CA\/147_institut_guinovarda\" target=\"_blank\" rel=\"noopener noreferrer\" data-saferedirecturl=\"https:\/\/www.google.com\/url?q=http:\/\/microsites.iddink.es\/CA\/147_institut_guinovarda&amp;source=gmail&amp;ust=1593497383380000&amp;usg=AFQjCNFzENGgvsYEWdnPilatfxBfkqI_kA\">http:\/\/microsites.iddink.es\/CA\/147_institut_guinovarda)<\/a><\/strong><\/h5>\n<div><\/div>\n<div>\n<p>L&#8217;empresa Iddink, que gestiona el Projecte de reutilitzaci\u00f3 de llibres de text, ha creat un lloc web espec\u00edfic per al nostre centre, on les fam\u00edlies podreu trobar totes les dades necess\u00e0ries dels diferents serveis que proporciona Iddink:<\/p>\n<p><u><\/u><b><i>Com fer una comanda<u><\/u><u><\/u><\/i><\/b><br \/>\n<b><i>Quins preus i estalvis tenen i poden aconseguir<u><\/u><u><\/u><\/i><\/b><br \/>\n<b><i>Projecte de reutilitzaci\u00f3 de llibres<u><\/u><u><\/u><\/i><\/b><br \/>\n<b><i>Qu\u00e8 son els ecobooks<u><\/u><u><\/u><\/i><\/b><br \/>\n<b><i>Com tractar i com retornar els ecoBooks<u><\/u><u><\/u><\/i><\/b><br \/>\n<b><i>Com accedir a llic\u00e8ncies digitals<u><\/u><u><\/u><\/i><\/b><br \/>\n<b><i>Servei d\u2019atenci\u00f3 a les fam\u00edlies i estudiants<\/i><\/b><\/p>\n<p><b><i><u><\/u><u><\/u><\/i><\/b>L\u2019objectiu \u00e9s que les fam\u00edlies i els alumnes pugueu trobar tota <b>la informaci\u00f3 necess\u00e0ria<\/b>\u00a0en un \u00fanic lloc, de manera personalitzada, concreta i f\u00e0cil.<\/p>\n<pre><\/pre>\n<p style=\"font-weight: 400;\">A continuaci\u00f3 trobareu uns v\u00eddeos que ha preparat Iddink amb informaci\u00f3 per a les fam\u00edlies:<\/p>\n<ul>\n<li style=\"font-weight: 400;\"><strong><em>Presentaci\u00f3 Iddink (duraci\u00f3 15 minuts):\u00a0<\/em><\/strong><a href=\"https:\/\/vimeo.com\/346361089\" target=\"_blank\" rel=\"noopener noreferrer\" data-saferedirecturl=\"https:\/\/www.google.com\/url?q=https:\/\/vimeo.com\/346361089&amp;source=gmail&amp;ust=1593497383381000&amp;usg=AFQjCNE9FcswyrWkDCPRVRYYpD_6E1M13g\">https:\/\/vimeo.com\/346361089<\/a><\/li>\n<li style=\"font-weight: 400;\"><strong><em>Presentaci\u00f3 Iddink Curta (duraci\u00f3 5 minuts): <\/em><\/strong><a href=\"https:\/\/vimeo.com\/420992016\" target=\"_blank\" rel=\"noopener noreferrer\" data-saferedirecturl=\"https:\/\/www.google.com\/url?q=https:\/\/vimeo.com\/420992016&amp;source=gmail&amp;ust=1593497383381000&amp;usg=AFQjCNESw5URbUmoHttLJmaOXTa84T4zVQ\">https:\/\/vimeo.com\/420992016<\/a><\/li>\n<li style=\"font-weight: 400;\"><strong><em>Com tractar els ecoBooks:\u00a0<\/em><\/strong><a href=\"https:\/\/vimeo.com\/45076699\" target=\"_blank\" rel=\"noopener noreferrer\" data-saferedirecturl=\"https:\/\/www.google.com\/url?q=https:\/\/vimeo.com\/45076699&amp;source=gmail&amp;ust=1593497383381000&amp;usg=AFQjCNGRWCd1nB9z5WSKNWbAvc5_2vSEBg\">https:\/\/vimeo.com\/45076699<\/a><\/li>\n<li style=\"font-weight: 400;\"><strong><em>Com retornar ecoBooks:\u00a0<\/em><\/strong><a href=\"https:\/\/vimeo.com\/97832068\" target=\"_blank\" rel=\"noopener noreferrer\" data-saferedirecturl=\"https:\/\/www.google.com\/url?q=https:\/\/vimeo.com\/97832068&amp;source=gmail&amp;ust=1593497383381000&amp;usg=AFQjCNFy0hU402PUy6CoifJZGyGpKcNmHQ\">https:\/\/vimeo.com\/97832068<\/a><\/li>\n<li style=\"font-weight: 400;\"><strong><em>Com fer una comanda:\u00a0<\/em><\/strong><a href=\"https:\/\/vimeo.com\/427671538\" target=\"_blank\" rel=\"noopener noreferrer\" data-saferedirecturl=\"https:\/\/www.google.com\/url?q=https:\/\/vimeo.com\/427671538&amp;source=gmail&amp;ust=1593497383381000&amp;usg=AFQjCNHrQ7HuvKG4piHYiZikILnL4JlNYg\">https:\/\/vimeo.com\/427671538<\/a><\/li>\n<li style=\"font-weight: 400;\"><strong><em>Com accedir a les meves llic\u00e8ncies digitals:\u00a0<\/em><\/strong><a href=\"https:\/\/vimeo.com\/427321666\" target=\"_blank\" rel=\"noopener noreferrer\" data-saferedirecturl=\"https:\/\/www.google.com\/url?q=https:\/\/vimeo.com\/427321666&amp;source=gmail&amp;ust=1593497383381000&amp;usg=AFQjCNFRGDFH9vvU7iP5_e2eW01XOKrKPw\">https:\/\/vimeo.com\/427321666<\/a><\/li>\n<li style=\"font-weight: 400;\"><strong><em>Qu\u00e8 \u00e9s Iddink digital?:\u00a0<\/em><\/strong><a href=\"https:\/\/vimeo.com\/427321499\" target=\"_blank\" rel=\"noopener noreferrer\" data-saferedirecturl=\"https:\/\/www.google.com\/url?q=https:\/\/vimeo.com\/427321499&amp;source=gmail&amp;ust=1593497383381000&amp;usg=AFQjCNG6I_EsFOaLsrn2JFqhUVz1-3ZXMw\">https:\/\/vimeo.com\/427321499<\/a><\/li>\n<\/ul>\n<\/div>\n","protected":false},"excerpt":{"rendered":"<p>CURS 2025-2026<br \/>\n&nbsp;<br \/>\nESO<\/p>\n<p><a href=\"https:\/\/drive.google.com\/file\/d\/16kzBcP7ekwlBCYJHFhWX6ogeRLjBvoQP\/view?usp=drive_link\" target=\"_blank\" rel=\"noopener\">Llibres 1r d&#8217;ESO<\/a><br \/>\n<a href=\"https:\/\/drive.google.com\/file\/d\/1Km4Ohp4VobSHlK1xvpMmoBlZfE-IcS9U\/view?usp=sharing\">MATERIAL 1r ESO<\/a><\/p>\n<p><a href=\"https:\/\/drive.google.com\/file\/d\/1k63oLWVotTpB0tF414uIg5XLTWBQZ1G-\/view?usp=drive_link\" target=\"_blank\" rel=\"noopener\">Llibres 2n d&#8217;ESO<\/a><br \/>\n<a href=\"https:\/\/drive.google.com\/file\/d\/1Ki7VNvVtscqR5pKSp5KTUOMNGppnBafv\/view?usp=sharing\">MATERIAL 2n ESO<\/a><\/p>\n<p><a href=\"https:\/\/drive.google.com\/file\/d\/1v6h11E-2ANmEl8hiWnBAu_cYwOYKaY3N\/view?usp=drive_link\" target=\"_blank\" rel=\"noopener\">Llibres 3r d&#8217;ESO<\/a><br \/>\n<a href=\"https:\/\/drive.google.com\/file\/d\/1d3eSuzHx1NFmzet7dZlTxnedylnDOvTr\/view?usp=sharing\">MATERIAL 3r ESO<\/a><\/p>\n<p><a href=\"https:\/\/drive.google.com\/file\/d\/1n5ogiixd2PVp3zcQeI-N7HBV24pM1U2I\/view?usp=drive_link\" target=\"_blank\" rel=\"noopener\">Llibres 4t d&#8217;ESO<\/a><br \/>\n<a href=\"https:\/\/drive.google.com\/file\/d\/1_EuyyHqZikJM6X4YsbF3H36lkO84n0S0\/view?usp=sharing\">MATERIAL 4t ESO<\/a><\/p>\n<p>BATXILLERAT<\/p>\n<p><a href=\"https:\/\/drive.google.com\/file\/d\/14tuvo-yvGXkj9S8Q3ZNFWWE5pGw0skS7\/view?usp=drive_link\" target=\"_blank\" rel=\"noopener\">Llibres 1r Batxillerat Human\u00edstic<\/a><br \/>\n<a href=\"https:\/\/drive.google.com\/file\/d\/1usUo5xXlp1EKF9Df9SsnOGMIEAy2eaBY\/view?usp=drive_link\" target=\"_blank\" rel=\"noopener\">Llibres 2n Batxillerat&hellip;  <a href=\"https:\/\/agora.xtec.cat\/iesguinovarda\/categoria-secretaria\/llibres-de-text\/\" title=\"Read Llibres de text i material\">Llegeix m\u00e9s\u00bb<\/a><\/p>\n","protected":false},"author":1,"featured_media":0,"parent":81,"menu_order":70,"comment_status":"closed","ping_status":"closed","template":"page-templates\/side-menu.php","meta":{"_bbp_topic_count":0,"_bbp_reply_count":0,"_bbp_total_topic_count":0,"_bbp_total_reply_count":0,"_bbp_voice_count":0,"_bbp_anonymous_reply_count":0,"_bbp_topic_count_hidden":0,"_bbp_reply_count_hidden":0,"_bbp_forum_subforum_count":0,"footnotes":""},"class_list":["post-1603","page","type-page","status-publish","hentry"],"post_mailing_queue_ids":[],"_links":{"self":[{"href":"https:\/\/agora.xtec.cat\/iesguinovarda\/wp-json\/wp\/v2\/pages\/1603","targetHints":{"allow":["GET"]}}],"collection":[{"href":"https:\/\/agora.xtec.cat\/iesguinovarda\/wp-json\/wp\/v2\/pages"}],"about":[{"href":"https:\/\/agora.xtec.cat\/iesguinovarda\/wp-json\/wp\/v2\/types\/page"}],"author":[{"embeddable":true,"href":"https:\/\/agora.xtec.cat\/iesguinovarda\/wp-json\/wp\/v2\/users\/1"}],"replies":[{"embeddable":true,"href":"https:\/\/agora.xtec.cat\/iesguinovarda\/wp-json\/wp\/v2\/comments?post=1603"}],"version-history":[{"count":8,"href":"https:\/\/agora.xtec.cat\/iesguinovarda\/wp-json\/wp\/v2\/pages\/1603\/revisions"}],"predecessor-version":[{"id":5978,"href":"https:\/\/agora.xtec.cat\/iesguinovarda\/wp-json\/wp\/v2\/pages\/1603\/revisions\/5978"}],"up":[{"embeddable":true,"href":"https:\/\/agora.xtec.cat\/iesguinovarda\/wp-json\/wp\/v2\/pages\/81"}],"wp:attachment":[{"href":"https:\/\/agora.xtec.cat\/iesguinovarda\/wp-json\/wp\/v2\/media?parent=1603"}],"curies":[{"name":"wp","href":"https:\/\/api.w.org\/{rel}","templated":true}]}}