{"id":1232,"date":"2020-03-26T17:29:40","date_gmt":"2020-03-26T16:29:40","guid":{"rendered":"https:\/\/agora.xtec.cat\/iesguinovarda\/?page_id=1232"},"modified":"2020-03-26T17:49:56","modified_gmt":"2020-03-26T16:49:56","slug":"oferta-de-treball2","status":"publish","type":"page","link":"https:\/\/agora.xtec.cat\/iesguinovarda\/serveis\/borsa-de-treball\/oferta-de-treball2\/","title":{"rendered":"Oferta de treball TAPSD &#8211; 26\/03\/2020"},"content":{"rendered":"<p>Des de la Fundaci\u00f3 Engrunes ens fan arribar aquestes ofertes:<\/p>\n<table border=\"1\" width=\"649\">\n<tbody>\n<tr>\n<td><a href=\"https:\/\/intranet.incorpora.org\/Incorpora\/ofertas\/GestionOfertasAltaIn.do?modo=consultar&amp;idOferta=228460\" data-saferedirecturl=\"https:\/\/www.google.com\/url?q=https:\/\/intranet.incorpora.org\/Incorpora\/ofertas\/GestionOfertasAltaIn.do?modo%3Dconsultar%26idOferta%3D228460&amp;source=gmail&amp;ust=1585319957448000&amp;usg=AFQjCNG8Thvnf6-MYbHG_NtjNOy5GJgHIw\">URG_ auxiliares sanitarios para residencias en collserola i vall d hebron_Barcelona<\/a><\/td>\n<td>Ma\u00f1anas y tardes<\/td>\n<td>Barcelona<\/td>\n<\/tr>\n<tr>\n<td><a href=\"https:\/\/intranet.incorpora.org\/Incorpora\/ofertas\/GestionOfertasAltaIn.do?modo=consultar&amp;idOferta=228591\" data-saferedirecturl=\"https:\/\/www.google.com\/url?q=https:\/\/intranet.incorpora.org\/Incorpora\/ofertas\/GestionOfertasAltaIn.do?modo%3Dconsultar%26idOferta%3D228591&amp;source=gmail&amp;ust=1585319957448000&amp;usg=AFQjCNFBKxA3PkF5zXAawpInz4IOyY2NmQ\">URG_ sin titulo aux de geriatria o enfermeria_cuidadores<\/a><\/td>\n<td>Ma\u00f1anas y tardes<\/td>\n<td>Barcelona<\/td>\n<\/tr>\n<tr>\n<td><a href=\"https:\/\/intranet.incorpora.org\/Incorpora\/ofertas\/GestionOfertasAltaIn.do?modo=consultar&amp;idOferta=228592\" data-saferedirecturl=\"https:\/\/www.google.com\/url?q=https:\/\/intranet.incorpora.org\/Incorpora\/ofertas\/GestionOfertasAltaIn.do?modo%3Dconsultar%26idOferta%3D228592&amp;source=gmail&amp;ust=1585319957448000&amp;usg=AFQjCNGIKgEgnpdtRCl_4-XLfJ9pvAqtuQ\">URG_ limpieza en residencia Barcelona<\/a><\/td>\n<td>Ma\u00f1anas y tardes<\/td>\n<td>Barcelona<\/td>\n<\/tr>\n<tr>\n<td><a href=\"https:\/\/intranet.incorpora.org\/Incorpora\/ofertas\/GestionOfertasAltaIn.do?modo=consultar&amp;idOferta=228200\" data-saferedirecturl=\"https:\/\/www.google.com\/url?q=https:\/\/intranet.incorpora.org\/Incorpora\/ofertas\/GestionOfertasAltaIn.do?modo%3Dconsultar%26idOferta%3D228200&amp;source=gmail&amp;ust=1585319957448000&amp;usg=AFQjCNFtLKUYuNGFT-VNNHzv9GzaGxQRKQ\">URG_Cocinera residencia barcelona<\/a><\/td>\n<td>Ma\u00f1anas y tardes<\/td>\n<td>Barcelona<\/td>\n<\/tr>\n<tr>\n<td><a href=\"https:\/\/intranet.incorpora.org\/Incorpora\/ofertas\/GestionOfertasAltaIn.do?modo=consultar&amp;idOferta=228202\" data-saferedirecturl=\"https:\/\/www.google.com\/url?q=https:\/\/intranet.incorpora.org\/Incorpora\/ofertas\/GestionOfertasAltaIn.do?modo%3Dconsultar%26idOferta%3D228202&amp;source=gmail&amp;ust=1585319957448000&amp;usg=AFQjCNGK-Lc9O_76lNawR1RlzGRL97NOQw\">URG_sin titulo auxiliar de geriatr\u00eda o enfermer\u00eda residencia Barcelona<\/a><\/td>\n<td>Otros<\/td>\n<td>Barcelona<\/td>\n<\/tr>\n<tr>\n<td><a href=\"https:\/\/intranet.incorpora.org\/Incorpora\/ofertas\/GestionOfertasAltaIn.do?modo=consultar&amp;idOferta=228201\" data-saferedirecturl=\"https:\/\/www.google.com\/url?q=https:\/\/intranet.incorpora.org\/Incorpora\/ofertas\/GestionOfertasAltaIn.do?modo%3Dconsultar%26idOferta%3D228201&amp;source=gmail&amp;ust=1585319957449000&amp;usg=AFQjCNFQKwgkfgW8w8dncKEoiGLjcXVvLw\">URG_limpieza residencia Barcelona<\/a><\/td>\n<td>Ma\u00f1anas y tardes<\/td>\n<td>Barcelona<\/td>\n<\/tr>\n<tr>\n<td><a href=\"https:\/\/intranet.incorpora.org\/Incorpora\/ofertas\/GestionOfertasAltaIn.do?modo=consultar&amp;idOferta=228128\" data-saferedirecturl=\"https:\/\/www.google.com\/url?q=https:\/\/intranet.incorpora.org\/Incorpora\/ofertas\/GestionOfertasAltaIn.do?modo%3Dconsultar%26idOferta%3D228128&amp;source=gmail&amp;ust=1585319957449000&amp;usg=AFQjCNEwGbWsHfJEXy_g_ra14zJDEJHngQ\">URG_Auxiliar de geriatria barcelona (no necesariamente con titulo aunque preferible)<\/a><\/td>\n<td>Ma\u00f1anas y tardes<\/td>\n<td>Barcelona<\/td>\n<\/tr>\n<tr>\n<td><a href=\"https:\/\/intranet.incorpora.org\/Incorpora\/ofertas\/GestionOfertasAltaIn.do?modo=consultar&amp;idOferta=228124\" data-saferedirecturl=\"https:\/\/www.google.com\/url?q=https:\/\/intranet.incorpora.org\/Incorpora\/ofertas\/GestionOfertasAltaIn.do?modo%3Dconsultar%26idOferta%3D228124&amp;source=gmail&amp;ust=1585319957449000&amp;usg=AFQjCNE1OEjVem8lmA2V_Rcw14OQglN6Fw\">URG_limpieza residencia Barcelona<\/a><\/td>\n<td>Ma\u00f1anas y tardes<\/td>\n<td>Barcelona<\/td>\n<\/tr>\n<tr>\n<td><a href=\"https:\/\/intranet.incorpora.org\/Incorpora\/ofertas\/GestionOfertasAltaIn.do?modo=consultar&amp;idOferta=228117\" data-saferedirecturl=\"https:\/\/www.google.com\/url?q=https:\/\/intranet.incorpora.org\/Incorpora\/ofertas\/GestionOfertasAltaIn.do?modo%3Dconsultar%26idOferta%3D228117&amp;source=gmail&amp;ust=1585319957449000&amp;usg=AFQjCNGcGZcBMVnGitViVScceeku9jlMyA\">URG_Limpieza en residencia Barcelona<\/a><\/td>\n<td>Ma\u00f1anas y tardes<\/td>\n<td>Barcelona<\/td>\n<\/tr>\n<tr>\n<td><a href=\"https:\/\/intranet.incorpora.org\/Incorpora\/ofertas\/GestionOfertasAltaIn.do?modo=consultar&amp;idOferta=228108\" data-saferedirecturl=\"https:\/\/www.google.com\/url?q=https:\/\/intranet.incorpora.org\/Incorpora\/ofertas\/GestionOfertasAltaIn.do?modo%3Dconsultar%26idOferta%3D228108&amp;source=gmail&amp;ust=1585319957449000&amp;usg=AFQjCNHyVJ4OkaUT57K9UDnP05d_9AAnTA\">URG_Auxiliares de geriatr\u00eda sin t\u00edtulo necesario_Barcelona<\/a><\/td>\n<td>Ma\u00f1anas y tardes<\/td>\n<td>Barcelona<\/td>\n<\/tr>\n<\/tbody>\n<\/table>\n<p>Donat la situaci\u00f3 no demanen certificat d\u2019atenci\u00f3 sociosanit\u00e0ria, nom\u00e9s experi\u00e8ncia.<\/p>\n<p>Si esteu interessats\/es en alguna oferta, trucar directament als tel\u00e8fons que teniu a continuaci\u00f3.<\/p>\n<p>Ana Bel\u00e9n Palma<\/p>\n<p>T\u00e8cnic d\u2019inserci\u00f3<\/p>\n<p>935829999 ext.3005<\/p>\n<p>647.808.632<\/p>\n","protected":false},"excerpt":{"rendered":"<p>Des de la Fundaci\u00f3 Engrunes ens fan arribar aquestes ofertes:<\/p>\n<p><a href=\"https:\/\/intranet.incorpora.org\/Incorpora\/ofertas\/GestionOfertasAltaIn.do?modo=consultar&amp;idOferta=228460\" data-saferedirecturl=\"https:\/\/www.google.com\/url?q=https:\/\/intranet.incorpora.org\/Incorpora\/ofertas\/GestionOfertasAltaIn.do?modo%3Dconsultar%26idOferta%3D228460&amp;source=gmail&amp;ust=1585319957448000&amp;usg=AFQjCNG8Thvnf6-MYbHG_NtjNOy5GJgHIw\">URG_ auxiliares sanitarios para residencias en collserola i vall d hebron_Barcelona<\/a><br \/>\nMa\u00f1anas y tardes<br \/>\nBarcelona<\/p>\n<p><a href=\"https:\/\/intranet.incorpora.org\/Incorpora\/ofertas\/GestionOfertasAltaIn.do?modo=consultar&amp;idOferta=228591\" data-saferedirecturl=\"https:\/\/www.google.com\/url?q=https:\/\/intranet.incorpora.org\/Incorpora\/ofertas\/GestionOfertasAltaIn.do?modo%3Dconsultar%26idOferta%3D228591&amp;source=gmail&amp;ust=1585319957448000&amp;usg=AFQjCNFBKxA3PkF5zXAawpInz4IOyY2NmQ\">URG_ sin titulo aux de geriatria o enfermeria_cuidadores<\/a><br \/>\nMa\u00f1anas y tardes<br \/>\nBarcelona<\/p>\n<p><a href=\"https:\/\/intranet.incorpora.org\/Incorpora\/ofertas\/GestionOfertasAltaIn.do?modo=consultar&amp;idOferta=228592\" data-saferedirecturl=\"https:\/\/www.google.com\/url?q=https:\/\/intranet.incorpora.org\/Incorpora\/ofertas\/GestionOfertasAltaIn.do?modo%3Dconsultar%26idOferta%3D228592&amp;source=gmail&amp;ust=1585319957448000&amp;usg=AFQjCNGIKgEgnpdtRCl_4-XLfJ9pvAqtuQ\">URG_ limpieza en residencia Barcelona<\/a><br \/>\nMa\u00f1anas y tardes<br \/>\nBarcelona<\/p>\n<p><a href=\"https:\/\/intranet.incorpora.org\/Incorpora\/ofertas\/GestionOfertasAltaIn.do?modo=consultar&amp;idOferta=228200\" data-saferedirecturl=\"https:\/\/www.google.com\/url?q=https:\/\/intranet.incorpora.org\/Incorpora\/ofertas\/GestionOfertasAltaIn.do?modo%3Dconsultar%26idOferta%3D228200&amp;source=gmail&amp;ust=1585319957448000&amp;usg=AFQjCNFtLKUYuNGFT-VNNHzv9GzaGxQRKQ\">URG_Cocinera&hellip;  <a href=\"https:\/\/agora.xtec.cat\/iesguinovarda\/serveis\/borsa-de-treball\/oferta-de-treball2\/\" title=\"Read Oferta de treball TAPSD &#8211; 26\/03\/2020\">Llegeix m\u00e9s\u00bb<\/a><\/p>\n","protected":false},"author":1,"featured_media":0,"parent":1209,"menu_order":20,"comment_status":"closed","ping_status":"closed","template":"","meta":{"_bbp_topic_count":0,"_bbp_reply_count":0,"_bbp_total_topic_count":0,"_bbp_total_reply_count":0,"_bbp_voice_count":0,"_bbp_anonymous_reply_count":0,"_bbp_topic_count_hidden":0,"_bbp_reply_count_hidden":0,"_bbp_forum_subforum_count":0,"footnotes":""},"class_list":["post-1232","page","type-page","status-publish","hentry"],"post_mailing_queue_ids":[],"_links":{"self":[{"href":"https:\/\/agora.xtec.cat\/iesguinovarda\/wp-json\/wp\/v2\/pages\/1232","targetHints":{"allow":["GET"]}}],"collection":[{"href":"https:\/\/agora.xtec.cat\/iesguinovarda\/wp-json\/wp\/v2\/pages"}],"about":[{"href":"https:\/\/agora.xtec.cat\/iesguinovarda\/wp-json\/wp\/v2\/types\/page"}],"author":[{"embeddable":true,"href":"https:\/\/agora.xtec.cat\/iesguinovarda\/wp-json\/wp\/v2\/users\/1"}],"replies":[{"embeddable":true,"href":"https:\/\/agora.xtec.cat\/iesguinovarda\/wp-json\/wp\/v2\/comments?post=1232"}],"version-history":[{"count":3,"href":"https:\/\/agora.xtec.cat\/iesguinovarda\/wp-json\/wp\/v2\/pages\/1232\/revisions"}],"predecessor-version":[{"id":1242,"href":"https:\/\/agora.xtec.cat\/iesguinovarda\/wp-json\/wp\/v2\/pages\/1232\/revisions\/1242"}],"up":[{"embeddable":true,"href":"https:\/\/agora.xtec.cat\/iesguinovarda\/wp-json\/wp\/v2\/pages\/1209"}],"wp:attachment":[{"href":"https:\/\/agora.xtec.cat\/iesguinovarda\/wp-json\/wp\/v2\/media?parent=1232"}],"curies":[{"name":"wp","href":"https:\/\/api.w.org\/{rel}","templated":true}]}}