{"id":71894,"date":"2025-02-11T00:19:15","date_gmt":"2025-02-10T23:19:15","guid":{"rendered":"https:\/\/agora.xtec.cat\/iesguindavols\/?page_id=71894"},"modified":"2025-02-11T00:19:16","modified_gmt":"2025-02-10T23:19:16","slug":"coeducacio-2","status":"publish","type":"page","link":"https:\/\/agora.xtec.cat\/iesguindavols\/coeducacio-2\/","title":{"rendered":"COEDUCACI\u00d3"},"content":{"rendered":"\n<div class=\"wp-block-getwid-advanced-heading has-custom-font-size\" style=\"font-size:40px\"><span class=\"wp-block-getwid-advanced-heading__content\" style=\"font-family:&quot;Poiret One&quot;;font-weight:normal\">TREBALLEM PER LA IGUALTAT<\/span><\/div>\n\n\n\n<figure class=\"wp-block-image size-large\"><a href=\"https:\/\/agora.xtec.cat\/iesguindavols\/wp-content\/uploads\/usu2923\/2025\/02\/AFI-scaled-e1739229403134.jpg\"><img loading=\"lazy\" decoding=\"async\" width=\"1024\" height=\"403\" src=\"https:\/\/agora.xtec.cat\/iesguindavols\/wp-content\/uploads\/usu2923\/2025\/02\/AFI-scaled-e1739229403134-1024x403.jpg\" alt=\"\" class=\"wp-image-71895\" srcset=\"https:\/\/agora.xtec.cat\/iesguindavols\/wp-content\/uploads\/usu2923\/2025\/02\/AFI-scaled-e1739229403134-1024x403.jpg 1024w, https:\/\/agora.xtec.cat\/iesguindavols\/wp-content\/uploads\/usu2923\/2025\/02\/AFI-scaled-e1739229403134-300x118.jpg 300w, https:\/\/agora.xtec.cat\/iesguindavols\/wp-content\/uploads\/usu2923\/2025\/02\/AFI-scaled-e1739229403134-768x302.jpg 768w, https:\/\/agora.xtec.cat\/iesguindavols\/wp-content\/uploads\/usu2923\/2025\/02\/AFI-scaled-e1739229403134-1536x604.jpg 1536w, https:\/\/agora.xtec.cat\/iesguindavols\/wp-content\/uploads\/usu2923\/2025\/02\/AFI-scaled-e1739229403134-2048x806.jpg 2048w\" sizes=\"auto, (max-width: 1024px) 100vw, 1024px\" \/><\/a><\/figure>\n\n\n\n<p class=\"has-large-font-size\">Per qu\u00e8 coeduquem?<\/p>\n\n\n\n<p>A l\u2019Institut Guind\u00e0vols creiem que tota persona ha de ser tractada desde la igualtat \u00e9s per aix\u00f2 que la coeducaci\u00f3 \u00e9s l\u2019eix vertebrador de la nostra educaci\u00f3.<\/p>\n\n\n\n<p>Aquest projecte, que funciona des del curs 2008-2009,&nbsp; es basa en l\u2019aplicaci\u00f3 de mesures educatives per garantir la igualtat d\u2019oportunitats per a noies i nois.<\/p>\n\n\n\n<p class=\"has-large-font-size\">Qui forma part?<\/p>\n\n\n\n<p>Per una banda, est\u00e0 gestionat per un equip de millora format per un total de 17 membres del professorat, representants dels diferents departaments did\u00e0ctics i \u00e0rees de coneixement presents al centre.<\/p>\n\n\n\n<p>Per l\u2019altra, contem amb un grup d\u2019alumnat que forma l\u2019Assemblea feminista de l\u2019Institut.<\/p>\n\n\n\n<h5 class=\"wp-block-heading has-large-font-size\">Que volem aconseguir?<\/h5>\n\n\n\n<ol class=\"wp-block-list\">\n<li><strong>Prevenir<\/strong> entre l\u2019alumnat situacions i conductes que poden esdevenir l\u2019origen de viol\u00e8ncies sexistes.<\/li>\n\n\n\n<li><strong>Ajudar<\/strong> l\u2019alumnat a triar el seu <em>curr\u00edcula<\/em>, vetllant per garantir la igualtat d\u2019oportunitats entre noies i nois.<\/li>\n\n\n\n<li><strong>Despertar<\/strong> l\u2019inter\u00e8s de l\u2019alumnat pel tema de la igualtat d\u2019oportunitats mitjan\u00e7ant activitats que els ajudin a reflexionar.<\/li>\n\n\n\n<li><strong>Implicar<\/strong> tots els agents educatius (alumnat, fam\u00edlia, professorat, direcci\u00f3, PAS) per corregir totes les situacions discriminat\u00f2ries.<\/li>\n\n\n\n<li><strong>Fomentar<\/strong> l\u2019\u00fas d\u2019un llenguatge inclusiu, sense rastres androc\u00e8ntrics ni sexistes.<\/li>\n\n\n\n<li><strong>Potenciar<\/strong> la pres\u00e8ncia i visibilitat de les dones en els curr\u00edculums.<\/li>\n<\/ol>\n\n\n\n<h5 class=\"wp-block-heading has-large-font-size\">Qu\u00e8 fem?<\/h5>\n\n\n\n<p>Les actuacions es fan a trav\u00e9s de <strong>l\u2019acci\u00f3 tutorial<\/strong>:<\/p>\n\n\n\n<ol class=\"wp-block-list\">\n<li>\u00a0Taller de superaci\u00f3 dels estereotips i prejudicis de g\u00e8nere<\/li>\n\n\n\n<li>Taller de prevenci\u00f3 de microviol\u00e8ncies de g\u00e8nere<\/li>\n\n\n\n<li>Orientaci\u00f3 acad\u00e8mica i professional en igualtat<\/li>\n<\/ol>\n\n\n\n<p>I tamb\u00e9 en diferents \u00e0rees curriculars, especialment a partir de dates destacades, com ara:<\/p>\n\n\n\n<ol class=\"wp-block-list\">\n<li>\u00a0Campanya contra la viol\u00e8ncia de g\u00e8nere (25 novembre)<\/li>\n\n\n\n<li>La Setmana de la ci\u00e8ncia (desembre): visibilitzaci\u00f3 de la figura i aportacions de dones cient\u00edfiques<\/li>\n\n\n\n<li>Dia internacional de la nena i la dona a la ci\u00e8ncia (11 febrer)<\/li>\n\n\n\n<li>Dia de la dona (8 mar\u00e7)<\/li>\n\n\n\n<li>Sant Jordi des de la mirada coeducativa (23 abril)<\/li>\n<\/ol>\n\n\n\n<p>Les accions i activitats dutes a terme dins del projecte fins ara estan accessibles a tres espais:<\/p>\n\n\n\n<ul class=\"wp-block-list\">\n<li>L\u2019espai moodle \u201cEduquem per a la igualtat\u201d, a la intranet del centre (accessible a tothom com a visitant): <a href=\"https:\/\/moodle.institutguindavols.cat\/course\/view.php?id=32\">https:\/\/moodle.institutguindavols.cat\/course\/view.php?id=32<\/a><\/li>\n\n\n\n<li>El bloc \u201cEduquem per a la igualtat\u201d de l\u2019INS Guind\u00e0vols: <a href=\"http:\/\/blocs.xtec.cat\/eduquemperalaigualtat\/\">http:\/\/blocs.xtec.cat\/eduquemperalaigualtat\/<\/a><\/li>\n\n\n\n<li>Al facebook: <a href=\"https:\/\/www.facebook.com\/coeducacio.institutguindavols?fref=ts\">https:\/\/www.facebook.com\/coeducacio.institutguindavols?fref=ts<\/a><\/li>\n<\/ul>\n","protected":false},"excerpt":{"rendered":"<p>TREBALLEM PER LA IGUALTAT<\/p>\n<p><a href=\"https:\/\/agora.xtec.cat\/iesguindavols\/wp-content\/uploads\/usu2923\/2025\/02\/AFI-scaled-e1739229403134.jpg\"><\/a><\/p>\n<p>Per qu\u00e8 coeduquem?<\/p>\n<p>A l\u2019Institut Guind\u00e0vols creiem que tota persona ha de ser tractada desde la igualtat \u00e9s per aix\u00f2 que la coeducaci\u00f3 \u00e9s l\u2019eix vertebrador de la nostra educaci\u00f3.<\/p>\n<p>Aquest projecte, que funciona des del curs 2008-2009,&nbsp; es basa en l\u2019aplicaci\u00f3 de&hellip;  <a href=\"https:\/\/agora.xtec.cat\/iesguindavols\/coeducacio-2\/\" title=\"Read COEDUCACI\u00d3\">Llegeix m\u00e9s\u00bb<\/a><\/p>\n","protected":false},"author":50,"featured_media":0,"parent":0,"menu_order":0,"comment_status":"closed","ping_status":"close","template":"","meta":{"_bbp_topic_count":0,"_bbp_reply_count":0,"_bbp_total_topic_count":0,"_bbp_total_reply_count":0,"_bbp_voice_count":0,"_bbp_anonymous_reply_count":0,"_bbp_topic_count_hidden":0,"_bbp_reply_count_hidden":0,"_bbp_forum_subforum_count":0,"footnotes":""},"class_list":["post-71894","page","type-page","status-publish","hentry"],"post_mailing_queue_ids":[],"_links":{"self":[{"href":"https:\/\/agora.xtec.cat\/iesguindavols\/wp-json\/wp\/v2\/pages\/71894","targetHints":{"allow":["GET"]}}],"collection":[{"href":"https:\/\/agora.xtec.cat\/iesguindavols\/wp-json\/wp\/v2\/pages"}],"about":[{"href":"https:\/\/agora.xtec.cat\/iesguindavols\/wp-json\/wp\/v2\/types\/page"}],"author":[{"embeddable":true,"href":"https:\/\/agora.xtec.cat\/iesguindavols\/wp-json\/wp\/v2\/users\/50"}],"replies":[{"embeddable":true,"href":"https:\/\/agora.xtec.cat\/iesguindavols\/wp-json\/wp\/v2\/comments?post=71894"}],"version-history":[{"count":1,"href":"https:\/\/agora.xtec.cat\/iesguindavols\/wp-json\/wp\/v2\/pages\/71894\/revisions"}],"predecessor-version":[{"id":71896,"href":"https:\/\/agora.xtec.cat\/iesguindavols\/wp-json\/wp\/v2\/pages\/71894\/revisions\/71896"}],"wp:attachment":[{"href":"https:\/\/agora.xtec.cat\/iesguindavols\/wp-json\/wp\/v2\/media?parent=71894"}],"curies":[{"name":"wp","href":"https:\/\/api.w.org\/{rel}","templated":true}]}}