{"id":71467,"date":"2025-02-08T19:04:32","date_gmt":"2025-02-08T18:04:32","guid":{"rendered":"https:\/\/agora.xtec.cat\/iesguindavols\/?page_id=71467"},"modified":"2025-02-09T20:37:13","modified_gmt":"2025-02-09T19:37:13","slug":"cantina","status":"publish","type":"page","link":"https:\/\/agora.xtec.cat\/iesguindavols\/cantina\/","title":{"rendered":"CANTINA"},"content":{"rendered":"\n<div class=\"wp-block-getwid-section alignfull alignfull getwid-section-content-custom-width\"><div class=\"wp-block-getwid-section__wrapper getwid-padding-top-large getwid-padding-bottom-large getwid-padding-left-medium getwid-padding-right-medium\"><div class=\"wp-block-getwid-section__inner-wrapper\" style=\"max-width:1140px\"><div class=\"wp-block-getwid-section__background-holder\"><div class=\"wp-block-getwid-section__background\"><\/div><div class=\"wp-block-getwid-section__foreground\"><\/div><\/div><div class=\"wp-block-getwid-section__content\"><div class=\"wp-block-getwid-section__inner-content\">\n<div class=\"wp-block-getwid-advanced-heading has-custom-font-size\" style=\"font-size:40px;margin-bottom:60px;margin-top:10px\"><h2 class=\"wp-block-getwid-advanced-heading__content has-text-color has-black-color\" style=\"text-align:center;font-family:&quot;Poiret One&quot;;font-weight:normal\">LA CANTINA<\/h2><\/div>\n\n\n\n<div class=\"wp-block-getwid-section alignfull alignfull getwid-section-content-custom-width\"><div class=\"wp-block-getwid-section__wrapper getwid-padding-left-medium getwid-padding-right-medium\"><div class=\"wp-block-getwid-section__inner-wrapper\" style=\"max-width:1140px\"><div class=\"wp-block-getwid-section__background-holder\"><div class=\"wp-block-getwid-section__background\"><\/div><div class=\"wp-block-getwid-section__foreground\"><\/div><\/div><div class=\"wp-block-getwid-section__content\"><div class=\"wp-block-getwid-section__inner-content\">\n<div class=\"wp-block-columns has-2-columns are-vertically-aligned-center is-layout-flex wp-container-core-columns-is-layout-1 wp-block-columns-is-layout-flex\">\n<div class=\"wp-block-column is-vertically-aligned-center is-layout-flow wp-block-column-is-layout-flow\">\n<p class=\"has-large-font-size\"><strong>CUINA PR\u00d2PIA<\/strong><\/p>\n\n\n\n<p>El servei de CANTINA es presta a l&#8217;alumnat tots els matins durant els dos patis i els migdies per dinar. Per la tarda el servei continua per l&#8217;alumat de tarda dels Cicles Formatius.<\/p>\n\n\n\n<p>Tot es prepara aqu\u00ed amb una gesti\u00f3 familiar atenta a totes les necessitats de les fam\u00edlies.<\/p>\n\n\n\n<p>A m\u00e9s, el fet de tenir cuina pr\u00f2pia permet adaptar el men\u00fa per circumst\u00e0ncies especials o per al\u00b7l\u00e8rgies i\/o intoler\u00e0ncies com per exemple<strong> entrepans sense gluten.<\/strong><\/p>\n<\/div>\n\n\n\n<div class=\"wp-block-column is-vertically-aligned-center is-layout-flow wp-block-column-is-layout-flow\"><div class=\"wp-block-image size-large\">\n<figure class=\"aligncenter is-resized\"><a href=\"https:\/\/agora.xtec.cat\/iesguindavols\/wp-content\/uploads\/usu2923\/2025\/02\/IMG_4205-1-scaled.jpg\"><img loading=\"lazy\" decoding=\"async\" width=\"683\" height=\"1024\" src=\"https:\/\/agora.xtec.cat\/iesguindavols\/wp-content\/uploads\/usu2923\/2025\/02\/IMG_4205-1-683x1024.jpg\" alt=\"\" class=\"wp-image-71474\" style=\"width:189px;height:auto\" srcset=\"https:\/\/agora.xtec.cat\/iesguindavols\/wp-content\/uploads\/usu2923\/2025\/02\/IMG_4205-1-683x1024.jpg 683w, https:\/\/agora.xtec.cat\/iesguindavols\/wp-content\/uploads\/usu2923\/2025\/02\/IMG_4205-1-200x300.jpg 200w, https:\/\/agora.xtec.cat\/iesguindavols\/wp-content\/uploads\/usu2923\/2025\/02\/IMG_4205-1-768x1152.jpg 768w, https:\/\/agora.xtec.cat\/iesguindavols\/wp-content\/uploads\/usu2923\/2025\/02\/IMG_4205-1-1024x1536.jpg 1024w, https:\/\/agora.xtec.cat\/iesguindavols\/wp-content\/uploads\/usu2923\/2025\/02\/IMG_4205-1-1365x2048.jpg 1365w, https:\/\/agora.xtec.cat\/iesguindavols\/wp-content\/uploads\/usu2923\/2025\/02\/IMG_4205-1-scaled.jpg 1707w\" sizes=\"auto, (max-width: 683px) 100vw, 683px\" \/><\/a><\/figure><\/div><\/div>\n<\/div>\n<\/div><\/div><\/div><\/div><\/div>\n\n\n\n<p class=\"has-large-font-size\"><strong>ESMORZARS<\/strong><\/p>\n\n\n\n<p>Cada dia s&#8217;elaboren entrepans freds per\u00f2 tamb\u00e9 calents, fruita tallada, croissants i altres productes que es poden acompanyar d&#8217;aigua, sucs i cafeteria diversa.<\/p>\n\n\n\n<p class=\"has-large-font-size\"><strong>DINARS<\/strong><\/p>\n\n\n\n<p>Cada dia es prepara el servei de dinar amb productes de proximitat i cuina casolana. El dinar \u00e9s un men\u00fa complet de dos plats i postres amb un men\u00fa setmanal equilibrat, variat i sense additius. Tot l&#8217;alumnat en pot fer \u00fas el nombre de dies que ho necessiti sense comprom\u00eds.<\/p>\n\n\n\n<p class=\"has-large-font-size\"><strong>CANTINA + BIBLIOTECA \/ EXTRAESCOLAR<\/strong><\/p>\n\n\n\n<p>Combinat amb les activitats extraescolars esportives o de l&#8217;AFA que es fan a la tarda o b\u00e9 amb el servei de biblioteca suposa un servei continuat i supervisat de l&#8217;alumnat des de les 8:10 fins les 17h. L&#8217;alumnat no li cal sortir del centre, gaudeix d&#8217;un men\u00fa nutritiu amb dos plats i postres que pot gaudir amb altres companys tot just acabar les classes i pot realitzar activitats extraescolars o b\u00e9 deures escolars per la tarda. Actualment el preu \u00e9s de<strong> 6,30 \u20ac <\/strong>per cada dia que l&#8217;alumne o alumna es quedi a dinar, un cost realment econ\u00f2mic per les fam\u00edlies del centre que en fan \u00fas.<\/p>\n\n\n\n<p class=\"has-small-font-size\">(fotografies reals dels productes de la cantina)<\/p>\n\n\n\n<figure class=\"wp-block-gallery has-nested-images columns-default is-cropped has-cropped-images wp-block-gallery-1 is-layout-flex wp-block-gallery-is-layout-flex\">\n<figure class=\"wp-block-image size-large\"><img loading=\"lazy\" decoding=\"async\" width=\"1024\" height=\"683\" src=\"https:\/\/agora.xtec.cat\/iesguindavols\/wp-content\/uploads\/usu2923\/2025\/02\/IMG_4180-1024x683.jpg\" alt=\"\" class=\"wp-image-71468\" srcset=\"https:\/\/agora.xtec.cat\/iesguindavols\/wp-content\/uploads\/usu2923\/2025\/02\/IMG_4180-1024x683.jpg 1024w, https:\/\/agora.xtec.cat\/iesguindavols\/wp-content\/uploads\/usu2923\/2025\/02\/IMG_4180-300x200.jpg 300w, https:\/\/agora.xtec.cat\/iesguindavols\/wp-content\/uploads\/usu2923\/2025\/02\/IMG_4180-768x512.jpg 768w, https:\/\/agora.xtec.cat\/iesguindavols\/wp-content\/uploads\/usu2923\/2025\/02\/IMG_4180-1536x1024.jpg 1536w, https:\/\/agora.xtec.cat\/iesguindavols\/wp-content\/uploads\/usu2923\/2025\/02\/IMG_4180-2048x1365.jpg 2048w\" sizes=\"auto, (max-width: 1024px) 100vw, 1024px\" \/><\/figure>\n\n\n\n<figure class=\"wp-block-image size-large\"><img loading=\"lazy\" decoding=\"async\" width=\"1024\" height=\"683\" src=\"https:\/\/agora.xtec.cat\/iesguindavols\/wp-content\/uploads\/usu2923\/2025\/02\/IMG_4183-1024x683.jpg\" alt=\"\" class=\"wp-image-71469\" srcset=\"https:\/\/agora.xtec.cat\/iesguindavols\/wp-content\/uploads\/usu2923\/2025\/02\/IMG_4183-1024x683.jpg 1024w, https:\/\/agora.xtec.cat\/iesguindavols\/wp-content\/uploads\/usu2923\/2025\/02\/IMG_4183-300x200.jpg 300w, https:\/\/agora.xtec.cat\/iesguindavols\/wp-content\/uploads\/usu2923\/2025\/02\/IMG_4183-768x512.jpg 768w, https:\/\/agora.xtec.cat\/iesguindavols\/wp-content\/uploads\/usu2923\/2025\/02\/IMG_4183-1536x1024.jpg 1536w, https:\/\/agora.xtec.cat\/iesguindavols\/wp-content\/uploads\/usu2923\/2025\/02\/IMG_4183-2048x1365.jpg 2048w\" sizes=\"auto, (max-width: 1024px) 100vw, 1024px\" \/><\/figure>\n\n\n\n<figure class=\"wp-block-image size-large\"><a href=\"https:\/\/agora.xtec.cat\/iesguindavols\/wp-content\/uploads\/usu2923\/2025\/02\/IMG_4185-scaled.jpg\"><img loading=\"lazy\" decoding=\"async\" width=\"1024\" height=\"683\" src=\"https:\/\/agora.xtec.cat\/iesguindavols\/wp-content\/uploads\/usu2923\/2025\/02\/IMG_4185-1024x683.jpg\" alt=\"\" class=\"wp-image-71476\" srcset=\"https:\/\/agora.xtec.cat\/iesguindavols\/wp-content\/uploads\/usu2923\/2025\/02\/IMG_4185-1024x683.jpg 1024w, https:\/\/agora.xtec.cat\/iesguindavols\/wp-content\/uploads\/usu2923\/2025\/02\/IMG_4185-300x200.jpg 300w, https:\/\/agora.xtec.cat\/iesguindavols\/wp-content\/uploads\/usu2923\/2025\/02\/IMG_4185-768x512.jpg 768w, https:\/\/agora.xtec.cat\/iesguindavols\/wp-content\/uploads\/usu2923\/2025\/02\/IMG_4185-1536x1024.jpg 1536w, https:\/\/agora.xtec.cat\/iesguindavols\/wp-content\/uploads\/usu2923\/2025\/02\/IMG_4185-2048x1365.jpg 2048w\" sizes=\"auto, (max-width: 1024px) 100vw, 1024px\" \/><\/a><\/figure>\n\n\n\n<figure class=\"wp-block-image size-large\"><img loading=\"lazy\" decoding=\"async\" width=\"1024\" height=\"683\" src=\"https:\/\/agora.xtec.cat\/iesguindavols\/wp-content\/uploads\/usu2923\/2025\/02\/IMG_4186-1024x683.jpg\" alt=\"\" class=\"wp-image-71470\" srcset=\"https:\/\/agora.xtec.cat\/iesguindavols\/wp-content\/uploads\/usu2923\/2025\/02\/IMG_4186-1024x683.jpg 1024w, https:\/\/agora.xtec.cat\/iesguindavols\/wp-content\/uploads\/usu2923\/2025\/02\/IMG_4186-300x200.jpg 300w, https:\/\/agora.xtec.cat\/iesguindavols\/wp-content\/uploads\/usu2923\/2025\/02\/IMG_4186-768x512.jpg 768w, https:\/\/agora.xtec.cat\/iesguindavols\/wp-content\/uploads\/usu2923\/2025\/02\/IMG_4186-1536x1024.jpg 1536w, https:\/\/agora.xtec.cat\/iesguindavols\/wp-content\/uploads\/usu2923\/2025\/02\/IMG_4186-2048x1365.jpg 2048w\" sizes=\"auto, (max-width: 1024px) 100vw, 1024px\" \/><\/figure>\n\n\n\n<figure class=\"wp-block-image size-large\"><img loading=\"lazy\" decoding=\"async\" width=\"683\" height=\"1024\" src=\"https:\/\/agora.xtec.cat\/iesguindavols\/wp-content\/uploads\/usu2923\/2025\/02\/IMG_4212-683x1024.jpg\" alt=\"\" class=\"wp-image-71471\" srcset=\"https:\/\/agora.xtec.cat\/iesguindavols\/wp-content\/uploads\/usu2923\/2025\/02\/IMG_4212-683x1024.jpg 683w, https:\/\/agora.xtec.cat\/iesguindavols\/wp-content\/uploads\/usu2923\/2025\/02\/IMG_4212-200x300.jpg 200w, https:\/\/agora.xtec.cat\/iesguindavols\/wp-content\/uploads\/usu2923\/2025\/02\/IMG_4212-768x1152.jpg 768w, https:\/\/agora.xtec.cat\/iesguindavols\/wp-content\/uploads\/usu2923\/2025\/02\/IMG_4212-1024x1536.jpg 1024w, https:\/\/agora.xtec.cat\/iesguindavols\/wp-content\/uploads\/usu2923\/2025\/02\/IMG_4212-1365x2048.jpg 1365w, https:\/\/agora.xtec.cat\/iesguindavols\/wp-content\/uploads\/usu2923\/2025\/02\/IMG_4212-scaled.jpg 1707w\" sizes=\"auto, (max-width: 683px) 100vw, 683px\" \/><\/figure>\n\n\n\n<figure class=\"wp-block-image size-large\"><img loading=\"lazy\" decoding=\"async\" width=\"683\" height=\"1024\" src=\"https:\/\/agora.xtec.cat\/iesguindavols\/wp-content\/uploads\/usu2923\/2025\/02\/IMG_4205-1-683x1024.jpg\" alt=\"\" class=\"wp-image-71474\" srcset=\"https:\/\/agora.xtec.cat\/iesguindavols\/wp-content\/uploads\/usu2923\/2025\/02\/IMG_4205-1-683x1024.jpg 683w, https:\/\/agora.xtec.cat\/iesguindavols\/wp-content\/uploads\/usu2923\/2025\/02\/IMG_4205-1-200x300.jpg 200w, https:\/\/agora.xtec.cat\/iesguindavols\/wp-content\/uploads\/usu2923\/2025\/02\/IMG_4205-1-768x1152.jpg 768w, https:\/\/agora.xtec.cat\/iesguindavols\/wp-content\/uploads\/usu2923\/2025\/02\/IMG_4205-1-1024x1536.jpg 1024w, https:\/\/agora.xtec.cat\/iesguindavols\/wp-content\/uploads\/usu2923\/2025\/02\/IMG_4205-1-1365x2048.jpg 1365w, https:\/\/agora.xtec.cat\/iesguindavols\/wp-content\/uploads\/usu2923\/2025\/02\/IMG_4205-1-scaled.jpg 1707w\" sizes=\"auto, (max-width: 683px) 100vw, 683px\" \/><\/figure>\n\n\n\n<figure class=\"wp-block-image size-large\"><img loading=\"lazy\" decoding=\"async\" width=\"1971\" height=\"1314\" src=\"https:\/\/agora.xtec.cat\/iesguindavols\/wp-content\/uploads\/usu2923\/2025\/02\/IMG_4257-edited.jpg\" alt=\"\" class=\"wp-image-71478\" srcset=\"https:\/\/agora.xtec.cat\/iesguindavols\/wp-content\/uploads\/usu2923\/2025\/02\/IMG_4257-edited.jpg 1971w, https:\/\/agora.xtec.cat\/iesguindavols\/wp-content\/uploads\/usu2923\/2025\/02\/IMG_4257-edited-300x200.jpg 300w, https:\/\/agora.xtec.cat\/iesguindavols\/wp-content\/uploads\/usu2923\/2025\/02\/IMG_4257-edited-1024x683.jpg 1024w, https:\/\/agora.xtec.cat\/iesguindavols\/wp-content\/uploads\/usu2923\/2025\/02\/IMG_4257-edited-768x512.jpg 768w, https:\/\/agora.xtec.cat\/iesguindavols\/wp-content\/uploads\/usu2923\/2025\/02\/IMG_4257-edited-1536x1024.jpg 1536w\" sizes=\"auto, (max-width: 1971px) 100vw, 1971px\" \/><\/figure>\n\n\n\n<figure class=\"wp-block-image size-large\"><img loading=\"lazy\" decoding=\"async\" width=\"1024\" height=\"683\" src=\"https:\/\/agora.xtec.cat\/iesguindavols\/wp-content\/uploads\/usu2923\/2025\/02\/IMG_4263-1024x683.jpg\" alt=\"\" class=\"wp-image-71472\" srcset=\"https:\/\/agora.xtec.cat\/iesguindavols\/wp-content\/uploads\/usu2923\/2025\/02\/IMG_4263-1024x683.jpg 1024w, https:\/\/agora.xtec.cat\/iesguindavols\/wp-content\/uploads\/usu2923\/2025\/02\/IMG_4263-300x200.jpg 300w, https:\/\/agora.xtec.cat\/iesguindavols\/wp-content\/uploads\/usu2923\/2025\/02\/IMG_4263-768x512.jpg 768w, https:\/\/agora.xtec.cat\/iesguindavols\/wp-content\/uploads\/usu2923\/2025\/02\/IMG_4263-1536x1024.jpg 1536w, https:\/\/agora.xtec.cat\/iesguindavols\/wp-content\/uploads\/usu2923\/2025\/02\/IMG_4263-2048x1365.jpg 2048w\" sizes=\"auto, (max-width: 1024px) 100vw, 1024px\" \/><\/figure>\n\n\n\n<figure class=\"wp-block-image size-large\"><img loading=\"lazy\" decoding=\"async\" width=\"1971\" height=\"1314\" src=\"https:\/\/agora.xtec.cat\/iesguindavols\/wp-content\/uploads\/usu2923\/2025\/02\/IMG_4277-edited.jpg\" alt=\"\" class=\"wp-image-71479\" srcset=\"https:\/\/agora.xtec.cat\/iesguindavols\/wp-content\/uploads\/usu2923\/2025\/02\/IMG_4277-edited.jpg 1971w, https:\/\/agora.xtec.cat\/iesguindavols\/wp-content\/uploads\/usu2923\/2025\/02\/IMG_4277-edited-300x200.jpg 300w, https:\/\/agora.xtec.cat\/iesguindavols\/wp-content\/uploads\/usu2923\/2025\/02\/IMG_4277-edited-1024x683.jpg 1024w, https:\/\/agora.xtec.cat\/iesguindavols\/wp-content\/uploads\/usu2923\/2025\/02\/IMG_4277-edited-768x512.jpg 768w, https:\/\/agora.xtec.cat\/iesguindavols\/wp-content\/uploads\/usu2923\/2025\/02\/IMG_4277-edited-1536x1024.jpg 1536w\" sizes=\"auto, (max-width: 1971px) 100vw, 1971px\" \/><\/figure>\n<\/figure>\n<\/div><\/div><\/div><\/div><\/div>\n","protected":false},"excerpt":{"rendered":"<p>LA CANTINA<\/p>\n<p>CUINA PR\u00d2PIA<\/p>\n<p>El servei de CANTINA es presta a l&#8217;alumnat tots els matins durant els dos patis i els migdies per dinar. Per la tarda el servei continua per l&#8217;alumat de tarda dels Cicles Formatius.<\/p>\n<p>Tot es prepara aqu\u00ed amb una gesti\u00f3 familiar atenta a totes&hellip;  <a href=\"https:\/\/agora.xtec.cat\/iesguindavols\/cantina\/\" title=\"Read CANTINA\">Llegeix m\u00e9s\u00bb<\/a><\/p>\n","protected":false},"author":50,"featured_media":0,"parent":0,"menu_order":0,"comment_status":"closed","ping_status":"close","template":"","meta":{"_bbp_topic_count":0,"_bbp_reply_count":0,"_bbp_total_topic_count":0,"_bbp_total_reply_count":0,"_bbp_voice_count":0,"_bbp_anonymous_reply_count":0,"_bbp_topic_count_hidden":0,"_bbp_reply_count_hidden":0,"_bbp_forum_subforum_count":0,"footnotes":""},"class_list":["post-71467","page","type-page","status-publish","hentry"],"post_mailing_queue_ids":[],"_links":{"self":[{"href":"https:\/\/agora.xtec.cat\/iesguindavols\/wp-json\/wp\/v2\/pages\/71467","targetHints":{"allow":["GET"]}}],"collection":[{"href":"https:\/\/agora.xtec.cat\/iesguindavols\/wp-json\/wp\/v2\/pages"}],"about":[{"href":"https:\/\/agora.xtec.cat\/iesguindavols\/wp-json\/wp\/v2\/types\/page"}],"author":[{"embeddable":true,"href":"https:\/\/agora.xtec.cat\/iesguindavols\/wp-json\/wp\/v2\/users\/50"}],"replies":[{"embeddable":true,"href":"https:\/\/agora.xtec.cat\/iesguindavols\/wp-json\/wp\/v2\/comments?post=71467"}],"version-history":[{"count":6,"href":"https:\/\/agora.xtec.cat\/iesguindavols\/wp-json\/wp\/v2\/pages\/71467\/revisions"}],"predecessor-version":[{"id":71808,"href":"https:\/\/agora.xtec.cat\/iesguindavols\/wp-json\/wp\/v2\/pages\/71467\/revisions\/71808"}],"wp:attachment":[{"href":"https:\/\/agora.xtec.cat\/iesguindavols\/wp-json\/wp\/v2\/media?parent=71467"}],"curies":[{"name":"wp","href":"https:\/\/api.w.org\/{rel}","templated":true}]}}