{"id":71351,"date":"2025-02-08T08:18:31","date_gmt":"2025-02-08T07:18:31","guid":{"rendered":"https:\/\/agora.xtec.cat\/iesguindavols\/?page_id=71351"},"modified":"2025-02-08T20:19:28","modified_gmt":"2025-02-08T19:19:28","slug":"eso132","status":"publish","type":"page","link":"https:\/\/agora.xtec.cat\/iesguindavols\/eso132\/","title":{"rendered":"PLA LECTOR"},"content":{"rendered":"\n<div class=\"wp-block-getwid-section alignfull alignfull getwid-section-content-custom-width\"><div class=\"wp-block-getwid-section__wrapper getwid-padding-top-large getwid-padding-bottom-large getwid-padding-left-medium getwid-padding-right-medium\" style=\"min-height:70vh\"><div class=\"wp-block-getwid-section__inner-wrapper\" style=\"max-width:740px\"><div class=\"wp-block-getwid-section__background-holder\"><div class=\"wp-block-getwid-section__background\" style=\"background-image:url('https:\/\/agora.xtec.cat\/iesguindavols\/wp-content\/uploads\/usu2923\/2025\/02\/pexels-rethaferguson-3060324-scaled.jpg')\"><div class=\"wp-block-getwid-section__background-image-wrapper\"><img decoding=\"async\" class=\"wp-block-getwid-section__background-image\" src=\"https:\/\/agora.xtec.cat\/iesguindavols\/wp-content\/uploads\/usu2923\/2025\/02\/pexels-rethaferguson-3060324-scaled.jpg\" alt=\"\"\/><\/div><\/div><div class=\"wp-block-getwid-section__foreground\"><\/div><\/div><div class=\"wp-block-getwid-section__content\"><div class=\"wp-block-getwid-section__inner-content\">\n<div class=\"wp-block-getwid-advanced-heading has-custom-font-size\" style=\"font-size:40px;margin-bottom:30px;margin-top:10px\"><h2 class=\"wp-block-getwid-advanced-heading__content has-text-color has-white-color\" style=\"text-align:center;font-family:&quot;Poiret One&quot;;font-weight:normal\">PLA LECTOR<\/h2><\/div>\n\n\n\n<p class=\"has-text-align-center has-medium-font-size\" style=\"font-style:normal;font-weight:200\"><strong>La lectura i l\u2019adquisici\u00f3 de l\u2019h\u00e0bit lector representa una inversi\u00f3 en la millora del rendiment acad\u00e8mic en qualsevol de les \u00e0rees del curr\u00edculum. Alhora ajuda l\u2019alumnat a ampliar el vocabulari, a millorar la comprensi\u00f3 lectora, l\u2019expressi\u00f3 oral i l\u2019escrita, a eixamplar els coneixements i a desenvolupar la seva imaginaci\u00f3 i la seva creativitat.<\/strong><\/p>\n<\/div><\/div><\/div><\/div><\/div>\n\n\n<div class=\"wp-block-image\">\n<figure class=\"aligncenter size-full\"><a href=\"https:\/\/agora.xtec.cat\/iesguindavols\/wp-content\/uploads\/usu2923\/2025\/02\/vlcsnap-2018-01-15-13h50m41s332-1024x576-1.png\"><img loading=\"lazy\" decoding=\"async\" width=\"1024\" height=\"576\" src=\"https:\/\/agora.xtec.cat\/iesguindavols\/wp-content\/uploads\/usu2923\/2025\/02\/vlcsnap-2018-01-15-13h50m41s332-1024x576-1.png\" alt=\"\" class=\"wp-image-71770\" srcset=\"https:\/\/agora.xtec.cat\/iesguindavols\/wp-content\/uploads\/usu2923\/2025\/02\/vlcsnap-2018-01-15-13h50m41s332-1024x576-1.png 1024w, https:\/\/agora.xtec.cat\/iesguindavols\/wp-content\/uploads\/usu2923\/2025\/02\/vlcsnap-2018-01-15-13h50m41s332-1024x576-1-300x169.png 300w, https:\/\/agora.xtec.cat\/iesguindavols\/wp-content\/uploads\/usu2923\/2025\/02\/vlcsnap-2018-01-15-13h50m41s332-1024x576-1-768x432.png 768w\" sizes=\"auto, (max-width: 1024px) 100vw, 1024px\" \/><\/a><\/figure><\/div>","protected":false},"excerpt":{"rendered":"<p>PLA LECTOR<\/p>\n<p>La lectura i l\u2019adquisici\u00f3 de l\u2019h\u00e0bit lector representa una inversi\u00f3 en la millora del rendiment acad\u00e8mic en qualsevol de les \u00e0rees del curr\u00edculum. Alhora ajuda l\u2019alumnat a ampliar el vocabulari, a millorar la comprensi\u00f3 lectora, l\u2019expressi\u00f3 oral i l\u2019escrita, a eixamplar els coneixements i&hellip;  <a href=\"https:\/\/agora.xtec.cat\/iesguindavols\/eso132\/\" title=\"Read PLA LECTOR\">Llegeix m\u00e9s\u00bb<\/a><\/p>\n","protected":false},"author":50,"featured_media":0,"parent":0,"menu_order":0,"comment_status":"closed","ping_status":"close","template":"","meta":{"_bbp_topic_count":0,"_bbp_reply_count":0,"_bbp_total_topic_count":0,"_bbp_total_reply_count":0,"_bbp_voice_count":0,"_bbp_anonymous_reply_count":0,"_bbp_topic_count_hidden":0,"_bbp_reply_count_hidden":0,"_bbp_forum_subforum_count":0,"footnotes":""},"class_list":["post-71351","page","type-page","status-publish","hentry"],"post_mailing_queue_ids":[],"_links":{"self":[{"href":"https:\/\/agora.xtec.cat\/iesguindavols\/wp-json\/wp\/v2\/pages\/71351","targetHints":{"allow":["GET"]}}],"collection":[{"href":"https:\/\/agora.xtec.cat\/iesguindavols\/wp-json\/wp\/v2\/pages"}],"about":[{"href":"https:\/\/agora.xtec.cat\/iesguindavols\/wp-json\/wp\/v2\/types\/page"}],"author":[{"embeddable":true,"href":"https:\/\/agora.xtec.cat\/iesguindavols\/wp-json\/wp\/v2\/users\/50"}],"replies":[{"embeddable":true,"href":"https:\/\/agora.xtec.cat\/iesguindavols\/wp-json\/wp\/v2\/comments?post=71351"}],"version-history":[{"count":6,"href":"https:\/\/agora.xtec.cat\/iesguindavols\/wp-json\/wp\/v2\/pages\/71351\/revisions"}],"predecessor-version":[{"id":71782,"href":"https:\/\/agora.xtec.cat\/iesguindavols\/wp-json\/wp\/v2\/pages\/71351\/revisions\/71782"}],"wp:attachment":[{"href":"https:\/\/agora.xtec.cat\/iesguindavols\/wp-json\/wp\/v2\/media?parent=71351"}],"curies":[{"name":"wp","href":"https:\/\/api.w.org\/{rel}","templated":true}]}}