{"id":71340,"date":"2025-02-08T12:19:29","date_gmt":"2025-02-08T11:19:29","guid":{"rendered":"https:\/\/agora.xtec.cat\/iesguindavols\/?page_id=71340"},"modified":"2025-02-11T01:17:41","modified_gmt":"2025-02-11T00:17:41","slug":"projectes-steam-3r-eso","status":"publish","type":"page","link":"https:\/\/agora.xtec.cat\/iesguindavols\/projectes-steam-3r-eso\/","title":{"rendered":"PROJECTES STEAM 3R ESO"},"content":{"rendered":"\n<div class=\"wp-block-getwid-section alignfull alignfull getwid-section-content-custom-width\"><div class=\"wp-block-getwid-section__wrapper getwid-padding-top-large getwid-padding-bottom-large getwid-padding-left-medium getwid-padding-right-medium\" style=\"min-height:70vh\"><div class=\"wp-block-getwid-section__inner-wrapper\" style=\"max-width:1140px\"><div class=\"wp-block-getwid-section__background-holder\"><div class=\"wp-block-getwid-section__background\" style=\"background-image:url('https:\/\/agora.xtec.cat\/iesguindavols\/wp-content\/uploads\/usu2923\/2025\/02\/IMG_17372-scaled-e1738876195690.jpg')\"><div class=\"wp-block-getwid-section__background-image-wrapper\"><img decoding=\"async\" class=\"wp-block-getwid-section__background-image\" src=\"https:\/\/agora.xtec.cat\/iesguindavols\/wp-content\/uploads\/usu2923\/2025\/02\/IMG_17372-scaled-e1738876195690.jpg\" alt=\"\"\/><\/div><\/div><div class=\"wp-block-getwid-section__foreground\" style=\"opacity:0.5;background-color:#000000\"><\/div><\/div><div class=\"wp-block-getwid-section__content\"><div class=\"wp-block-getwid-section__inner-content\">\n<div class=\"wp-block-getwid-advanced-heading has-custom-font-size\" style=\"font-size:40px;margin-bottom:30px;margin-top:10px\"><h2 class=\"wp-block-getwid-advanced-heading__content has-text-color has-white-color\" style=\"font-family:&quot;Poiret One&quot;;font-weight:normal\">STEAM<\/h2><\/div>\n\n\n\n<div class=\"wp-block-columns has-2-columns is-layout-flex wp-container-core-columns-is-layout-1 wp-block-columns-is-layout-flex\">\n<div class=\"wp-block-column is-layout-flow wp-block-column-is-layout-flow\">\n<p class=\"has-text-color\" style=\"color:#ffffff\">A l\u2019Institut Guind\u00e0vols desde 1r d\u2019ESO a 2n de batxillerat s\u2019enfoquen les mat\u00e8ries de l\u2019\u00e0mbit cientificotecnol\u00f2gic i matem\u00e0tic de manera globalitzada i des d\u2019una mirada STEAM (ci\u00e8ncia, tecnologia, matem\u00e0tiques, enginyeria i art). L\u2019objectiu \u00e9s que l\u2019alumnat desenvolupi compet\u00e8ncies transversals i un aprenentatge integral. <\/p>\n<\/div>\n\n\n\n<div class=\"wp-block-column is-layout-flow wp-block-column-is-layout-flow\">\n<p class=\"has-text-color\" style=\"color:#ffffff\">Des del punt de vista pedag\u00f2gic acompanyem a l\u2019alumnat essent conscients de la import\u00e0ncia dels processos de construcci\u00f3 del coneixement, de manera que els oferim ajudes a l\u2019aprenentatge diversificades i els donem suport i guia perqu\u00e8 puguin autoregular-se de manera progressiva fins que puguin desenvolupar projectes i recerques amb autonomia.<\/p>\n<\/div>\n<\/div>\n\n\n\n<div class=\"wp-block-getwid-advanced-heading has-custom-font-size\" style=\"font-size:40px\"><span class=\"wp-block-getwid-advanced-heading__content has-text-color has-white-color\" style=\"font-family:&quot;Poiret One&quot;;font-weight:normal\"><a href=\"https:\/\/sites.google.com\/xtec.cat\/insguindavols\/portafoli\/documentaci%C3%B3-i-evid%C3%A8ncies\">El PROJECTE STEAM A 3r d&#8217;ESO<\/a><\/span><\/div>\n\n\n\n<p class=\"has-white-color has-text-color has-link-color wp-elements-470ec2b7d13c1dc97a881dcfea15760d\">A 3r d\u2019ESO s\u2019ha consolidat una franja de treball per projectes en la que l\u2019alumnat s\u2019enfronta a reptes sociocient\u00edfics de final obert que per solucionar-los requereixen l\u2019aplicaci\u00f3 de sabers i compet\u00e8ncies STEAM (ci\u00e8ncia, tecnologia, matem\u00e0tiques, enginyeria i art). S\u2019acompanya el treball col\u00b7laboratiu i els dissenys pedag\u00f2gics estan plantejats perqu\u00e8 l\u2019alumnat pugui regular els seus aprenentatges, prengui consci\u00e8ncia del seu aven\u00e7 i pugui desplegar la seva creativitat.<\/p>\n<\/div><\/div><\/div><\/div><\/div>\n","protected":false},"excerpt":{"rendered":"<p>STEAM<\/p>\n<p>A l\u2019Institut Guind\u00e0vols desde 1r d\u2019ESO a 2n de batxillerat s\u2019enfoquen les mat\u00e8ries de l\u2019\u00e0mbit cientificotecnol\u00f2gic i matem\u00e0tic de manera globalitzada i des d\u2019una mirada STEAM (ci\u00e8ncia, tecnologia, matem\u00e0tiques, enginyeria i art). L\u2019objectiu \u00e9s que l\u2019alumnat desenvolupi compet\u00e8ncies transversals i un aprenentatge integral. <\/p>\n<p>Des del&hellip;  <a href=\"https:\/\/agora.xtec.cat\/iesguindavols\/projectes-steam-3r-eso\/\" title=\"Read PROJECTES STEAM 3R ESO\">Llegeix m\u00e9s\u00bb<\/a><\/p>\n","protected":false},"author":50,"featured_media":0,"parent":0,"menu_order":0,"comment_status":"closed","ping_status":"close","template":"","meta":{"_bbp_topic_count":0,"_bbp_reply_count":0,"_bbp_total_topic_count":0,"_bbp_total_reply_count":0,"_bbp_voice_count":0,"_bbp_anonymous_reply_count":0,"_bbp_topic_count_hidden":0,"_bbp_reply_count_hidden":0,"_bbp_forum_subforum_count":0,"footnotes":""},"class_list":["post-71340","page","type-page","status-publish","hentry"],"post_mailing_queue_ids":[],"_links":{"self":[{"href":"https:\/\/agora.xtec.cat\/iesguindavols\/wp-json\/wp\/v2\/pages\/71340","targetHints":{"allow":["GET"]}}],"collection":[{"href":"https:\/\/agora.xtec.cat\/iesguindavols\/wp-json\/wp\/v2\/pages"}],"about":[{"href":"https:\/\/agora.xtec.cat\/iesguindavols\/wp-json\/wp\/v2\/types\/page"}],"author":[{"embeddable":true,"href":"https:\/\/agora.xtec.cat\/iesguindavols\/wp-json\/wp\/v2\/users\/50"}],"replies":[{"embeddable":true,"href":"https:\/\/agora.xtec.cat\/iesguindavols\/wp-json\/wp\/v2\/comments?post=71340"}],"version-history":[{"count":6,"href":"https:\/\/agora.xtec.cat\/iesguindavols\/wp-json\/wp\/v2\/pages\/71340\/revisions"}],"predecessor-version":[{"id":71908,"href":"https:\/\/agora.xtec.cat\/iesguindavols\/wp-json\/wp\/v2\/pages\/71340\/revisions\/71908"}],"wp:attachment":[{"href":"https:\/\/agora.xtec.cat\/iesguindavols\/wp-json\/wp\/v2\/media?parent=71340"}],"curies":[{"name":"wp","href":"https:\/\/api.w.org\/{rel}","templated":true}]}}