{"id":71151,"date":"2025-02-06T22:44:06","date_gmt":"2025-02-06T21:44:06","guid":{"rendered":"https:\/\/agora.xtec.cat\/iesguindavols\/?page_id=71151"},"modified":"2025-03-12T20:12:59","modified_gmt":"2025-03-12T19:12:59","slug":"curriculum","status":"publish","type":"page","link":"https:\/\/agora.xtec.cat\/iesguindavols\/curriculum\/","title":{"rendered":"CURR\u00cdCULUM"},"content":{"rendered":"\n<div class=\"wp-block-getwid-advanced-heading has-custom-font-size fs-mobile-50\" style=\"font-size:50px;margin-bottom:30px;margin-top:10px\"><h2 class=\"wp-block-getwid-advanced-heading__content\" style=\"text-align:center;font-family:&quot;Poiret One&quot;;font-weight:normal\">Curr\u00edculum competencial<\/h2><\/div>\n\n\n\n<div class=\"accordion\">\n\n<p>El disseny curricular ha de desenvolupar les compet\u00e8ncies en l&#8217;alumnat, per\u00f2 al GUIND\u00c0VOLS tamb\u00e9 cerquem despertar la curiositat, estimular l&#8217;autonomia en els aprenentatges i atendre totes les dificultats per\u00f2 tamb\u00e9 altes expectatives de tot l&#8217;alumnat.<\/p>\n\n  <!-- ESO 1 -->\n  <div class=\"accordion-item\">\n    <div class=\"accordion-header\" onclick=\"toggleAccordion(this)\">\n      1r d&#8217;ESO\n      <svg xmlns=\"http:\/\/www.w3.org\/2000\/svg\" fill=\"none\" viewBox=\"0 0 10 6\">\n        <path stroke=\"white\" stroke-linecap=\"round\" stroke-linejoin=\"round\" stroke-width=\"2\" d=\"M9 5 5 1 1 5\"\/>\n      <\/svg>\n    <\/div>\n    <div class=\"accordion-content\">\n      <p><figure class=\"wp-block-table taula-moderna-2\"><table class=\"has-fixed-layout\"><thead><tr><th>DISTRIBUCI\u00d3 CURRICULAR<\/th><th>HORES\/SETMANA<\/th><\/tr><\/thead><tbody><tr><td>LLENGUA CATALANA<\/td><td>3h<\/td><\/tr><tr><td>LLENGUA CASTELLANA<\/td><td>2h*<\/td><\/tr><tr><td>ANGL\u00c8S<\/td><td>3h<\/td><\/tr><tr><td>MATEM\u00c0TIQUES<\/td><td>3h<\/td><\/tr><tr><td>CI\u00c8NCIES NATURALS<\/td><td>2h*<\/td><\/tr><tr><td>CI\u00c8NCIES SOCIALS<\/td><td>2h*<\/td><\/tr><tr><td>TECNOLOGIA<\/td><td>1h*<\/td><\/tr><tr><td>M\u00daSICA<\/td><td>2h<\/td><\/tr><tr><td>VISUAL I PL\u00c0STICA<\/td><td>2h<\/td><\/tr><tr><td>EDUCACI\u00d3 F\u00cdSICA<\/td><td>2h<\/td><\/tr><tr><td>TUTORIA<\/td><td>1h<\/td><\/tr><tr><td><strong>PROJECTES INTERDISCIPLINARIS<\/strong><\/td><td>4h<\/td><\/tr><tr><td><strong>PLA LECTOR<\/strong><\/td><td>1h<\/td><\/tr><tr><td>OPTATIVA<li><strong>ASTRONOMIA<\/strong><\/li>          <li>JOCS ESPORTIUS<\/li>            <li>FRANC\u00c8S<\/li>            <li>SUPORT A MATEM\u00c0TIQUES<\/li>            <li>ROB\u00d2TICA     <\/li><\/td><td>2h<\/td><\/tr><\/tbody><\/table><\/figure><\/p>\n<p>*Parts dels continguts s\u2019imparteixen dins dels projectes interdisciplinaris.<\/p>\n    <\/div>\n  <\/div>\n\n  <!-- ESO 2 -->\n  <div class=\"accordion-item\">\n    <div class=\"accordion-header\" onclick=\"toggleAccordion(this)\">\n      2n d&#8217;ESO\n      <svg xmlns=\"http:\/\/www.w3.org\/2000\/svg\" fill=\"none\" viewBox=\"0 0 10 6\">\n        <path stroke=\"white\" stroke-linecap=\"round\" stroke-linejoin=\"round\" stroke-width=\"2\" d=\"M9 5 5 1 1 5\"\/>\n      <\/svg>\n    <\/div>\n    <div class=\"accordion-content\">\n      <p><figure id=\"taula-moderna-2\" class=\"wp-block-table taula-moderna-2\"><table class=\"has-fixed-layout\"><thead><tr><th>DISTRIBUCI\u00d3 CURRICULAR<\/th><th>HORES\/SETMANA<\/th><\/tr><\/thead><tbody><tr><td>LLENGUA CATALANA<\/td><td>3h<\/td><\/tr><tr><td>LLENGUA CASTELLANA<\/td><td>3h<\/td><\/tr><tr><td>ANGL\u00c8S<\/td><td>3h<\/td><\/tr><tr><td>MATEM\u00c0TIQUES<\/td><td>3h<\/td><\/tr><tr><td>CI\u00c8NCIES NATURALS<\/td><td>2h<\/td><\/tr><tr><td>CI\u00c8NCIES SOCIALS<\/td><td>3h<\/td><\/tr><tr><td>TECNOLOGIA<\/td><td>2h<\/td><\/tr><tr><td>M\u00daSICA<\/td><td>2h<\/td><\/tr><tr><td>VISUAL I PL\u00c0STICA<\/td><td>2h<\/td><\/tr><tr><td>EDUCACI\u00d3 F\u00cdSICA<\/td><td>2h<\/td><\/tr><tr><td>TUTORIA<\/td><td>1h<\/td><\/tr><tr><td><strong>PROJECTES INTERDISCIPLINARIS<\/strong><\/td><td>3h<\/td><\/tr><tr><td><strong>PLA LECTOR<\/strong><\/td><td>1h<\/td><\/tr><tr><td>OPTATIVA<br><strong><li>GUITARRA<\/strong><\/li> <li><strong>ROB\u00d2TICA<\/strong><\/li><li>JOCS ESPORTIUS<\/li><li>FRANC\u00c8S<\/li><li>SUPORT A CASTELL\u00c0<\/td><td>2h<\/td><\/tr><\/tbody><\/table><\/figure><\/p>\n    <\/div>\n  <\/div>\n\n  <!-- ESO 3 -->\n  <div class=\"accordion-item\">\n    <div class=\"accordion-header\" onclick=\"toggleAccordion(this)\">\n      3r d&#8217;ESO\n      <svg xmlns=\"http:\/\/www.w3.org\/2000\/svg\" fill=\"none\" viewBox=\"0 0 10 6\">\n        <path stroke=\"white\" stroke-linecap=\"round\" stroke-linejoin=\"round\" stroke-width=\"2\" d=\"M9 5 5 1 1 5\"\/>\n      <\/svg>\n    <\/div>\n    <div class=\"accordion-content\">\n      <p><figure class=\"wp-block-table taula-moderna-2\"><table class=\"has-fixed-layout\"><thead><tr><th>DISTRIBUCI\u00d3 CURRICULAR<\/th><th>HORES\/SETMANA<\/th><\/tr><\/thead><tbody><tr><td>LLENGUA CATALANA<\/td><td>2h<\/td><\/tr><tr><td>LLENGUA CASTELLANA<\/td><td>2h<\/td><\/tr><tr><td>ANGL\u00c8S<\/td><td>2h<\/td><\/tr><tr><td>MATEM\u00c0TIQUES<\/td><td>4h<\/td><\/tr><tr><td>CI\u00c8NCIES NATURALS<\/td><td>3h<\/td><\/tr><tr><td>CI\u00c8NCIES SOCIALS<\/td><td>3h<\/td><\/tr><tr><td>TECNOLOGIA<\/td><td>2h<\/td><\/tr><tr><td>M\u00daSICA<\/td><td>2h<\/td><\/tr><tr><td>EDUCACI\u00d3 F\u00cdSICA<\/td><td>2h<\/td><\/tr><tr><td>TUTORIA<\/td><td>1h<\/td><\/tr><tr><td><strong>PROJECTES INTERDISCIPLINARIS<\/strong><\/td><td>3h<\/td><\/tr><tr><td><strong>PLA LECTOR<\/strong><\/td><td>1h<\/td><\/tr><tr><td>OPTATIVA<li><strong>GUIND\u00c0VOLS EN VERD<\/strong><\/li><li><strong>ROB\u00d2TICA<\/strong><\/li><li>JOCS ESPORTIUS<\/li><li> FRANC\u00c8S<\/li><li>SUPORT A CATAL\u00c0<\/td><td>2h<\/td><\/tr><\/tbody><\/table><\/figure><\/p>\n    <\/div>\n  <\/div>\n\n  <!-- ESO 4 -->\n  <div class=\"accordion-item\">\n    <div class=\"accordion-header\" onclick=\"toggleAccordion(this)\">\n      4t d&#8217;ESO\n      <svg xmlns=\"http:\/\/www.w3.org\/2000\/svg\" fill=\"none\" viewBox=\"0 0 10 6\">\n        <path stroke=\"white\" stroke-linecap=\"round\" stroke-linejoin=\"round\" stroke-width=\"2\" d=\"M9 5 5 1 1 5\"\/>\n      <\/svg>\n    <\/div>\n    <div class=\"accordion-content\">\n      <p><figure class=\"wp-block-table taula-moderna-2\"><table><thead><tr><th>DISTRIBUCI\u00d3 CURRICULAR<\/th><th>HORES\/SETMANA<\/th><\/tr><\/thead><tbody><tr><td>LLENGUA CATALANA<\/td><td>3h<\/td><\/tr><tr><td>LLENGUA CASTELLANA<\/td><td>3h<\/td><\/tr><tr><td>ANGL\u00c8S<\/td><td>3h<\/td><\/tr><tr><td>MATEM\u00c0TIQUES<\/td><td>4h<\/td><\/tr><tr><td>CI\u00c8NCIES SOCIALS<\/td><td>2h<\/td><\/tr><tr><td>EDUCACI\u00d3 F\u00cdSICA<\/td><td>2h<\/td><\/tr><tr><td>EDUCACI\u00d3 EN VALORS C\u00cdVICS I \u00c8TICS<\/td><td>1h<\/td><\/tr><tr><td>TUTORIA<\/td><td>1h<\/td><\/tr><tr><td><strong>PROJECTES INTERDISCIPLINARIS<\/strong><\/td><td>3h<\/td><\/tr><tr><td><strong>PLA LECTOR<\/strong><\/td><td>1h<\/td><\/tr><tr><td><strong>EXPRESSI\u00d3 ORAL<\/strong><\/td><td>1h<\/td><\/tr><tr><td><strong>OPTATIVA 1<\/strong><li>F\u00cdSICA<\/li><li> CI\u00c8NCIES APLICADES AL M\u00d3N PROFESSIONAL<\/li><li>LLAT\u00cd<li>FORMACI\u00d3 I ORIENTACI\u00d3 PERSONAL I PROFESSIONAL<\/li><\/td><td>2h<\/td><\/tr><tr><td><strong>OPTATIVA 2<\/strong><li>ECONOMIA<\/li><li>BIOLOGIA<li>TECNOLOGIA<\/li><li>VISUAL I PL\u00c0STICA<\/li><\/td><td>2h<\/td><\/tr><tr><td><strong>OPTATIVA 3<\/strong><li>FRANC\u00c8S<\/li><li>DIGITALITZACI\u00d3<\/li><li> FILOSOFIA<\/li><li>M\u00daSICA<\/li><\/td><td>2h<\/td><\/tr><\/tbody><\/table><\/figure><\/p>\n    <\/div>\n  <\/div>\n<\/div>\n\n<script>\n  function toggleAccordion(element) {\n    const item = element.parentElement;\n    const content = item.querySelector(\".accordion-content\");\n\n    \/\/ Tancar altres acords\n    document.querySelectorAll(\".accordion-item\").forEach(el => {\n      if (el !== item) {\n        el.classList.remove(\"active\");\n        el.querySelector(\".accordion-content\").style.display = \"none\";\n      }\n    });\n\n    \/\/ Obrir o tancar l'acordi\u00f3 seleccionat\n    if (content.style.display === \"block\") {\n      content.style.display = \"none\";\n      item.classList.remove(\"active\");\n    } else {\n      content.style.display = \"block\";\n      item.classList.add(\"active\");\n    }\n  }\n<\/script>\n","protected":false},"excerpt":{"rendered":"<p>Curr\u00edculum competencial<\/p>\n<p>El disseny curricular ha de desenvolupar les compet\u00e8ncies en l&#8217;alumnat, per\u00f2 al GUIND\u00c0VOLS tamb\u00e9 cerquem despertar la curiositat, estimular l&#8217;autonomia en els aprenentatges i atendre totes les dificultats per\u00f2 tamb\u00e9 altes expectatives de tot l&#8217;alumnat.<\/p>\n<p> &hellip;  <a href=\"https:\/\/agora.xtec.cat\/iesguindavols\/curriculum\/\" title=\"Read CURR\u00cdCULUM\">Llegeix m\u00e9s\u00bb<\/a><\/p>\n","protected":false},"author":23,"featured_media":0,"parent":0,"menu_order":0,"comment_status":"closed","ping_status":"close","template":"","meta":{"_bbp_topic_count":0,"_bbp_reply_count":0,"_bbp_total_topic_count":0,"_bbp_total_reply_count":0,"_bbp_voice_count":0,"_bbp_anonymous_reply_count":0,"_bbp_topic_count_hidden":0,"_bbp_reply_count_hidden":0,"_bbp_forum_subforum_count":0,"footnotes":""},"class_list":["post-71151","page","type-page","status-publish","hentry"],"post_mailing_queue_ids":[],"_links":{"self":[{"href":"https:\/\/agora.xtec.cat\/iesguindavols\/wp-json\/wp\/v2\/pages\/71151","targetHints":{"allow":["GET"]}}],"collection":[{"href":"https:\/\/agora.xtec.cat\/iesguindavols\/wp-json\/wp\/v2\/pages"}],"about":[{"href":"https:\/\/agora.xtec.cat\/iesguindavols\/wp-json\/wp\/v2\/types\/page"}],"author":[{"embeddable":true,"href":"https:\/\/agora.xtec.cat\/iesguindavols\/wp-json\/wp\/v2\/users\/23"}],"replies":[{"embeddable":true,"href":"https:\/\/agora.xtec.cat\/iesguindavols\/wp-json\/wp\/v2\/comments?post=71151"}],"version-history":[{"count":6,"href":"https:\/\/agora.xtec.cat\/iesguindavols\/wp-json\/wp\/v2\/pages\/71151\/revisions"}],"predecessor-version":[{"id":72127,"href":"https:\/\/agora.xtec.cat\/iesguindavols\/wp-json\/wp\/v2\/pages\/71151\/revisions\/72127"}],"wp:attachment":[{"href":"https:\/\/agora.xtec.cat\/iesguindavols\/wp-json\/wp\/v2\/media?parent=71151"}],"curies":[{"name":"wp","href":"https:\/\/api.w.org\/{rel}","templated":true}]}}