{"id":71145,"date":"2025-02-08T19:50:11","date_gmt":"2025-02-08T18:50:11","guid":{"rendered":"https:\/\/agora.xtec.cat\/iesguindavols\/?page_id=71145"},"modified":"2025-02-08T19:50:12","modified_gmt":"2025-02-08T18:50:12","slug":"activitats","status":"publish","type":"page","link":"https:\/\/agora.xtec.cat\/iesguindavols\/activitats\/","title":{"rendered":"ACTIVITATS"},"content":{"rendered":"\n<div class=\"wp-block-getwid-section alignfull alignfull getwid-section-content-custom-width\"><div class=\"wp-block-getwid-section__wrapper getwid-padding-top-large getwid-padding-bottom-large getwid-padding-left-medium getwid-padding-right-medium\" style=\"min-height:70vh\"><div class=\"wp-block-getwid-section__inner-wrapper\" style=\"max-width:1140px\"><div class=\"wp-block-getwid-section__background-holder\"><div class=\"wp-block-getwid-section__background\" style=\"background-image:url('https:\/\/agora.xtec.cat\/iesguindavols\/wp-content\/uploads\/usu2923\/2025\/02\/IMG_20230608_153939-scaled.jpg')\"><div class=\"wp-block-getwid-section__background-image-wrapper\"><img decoding=\"async\" class=\"wp-block-getwid-section__background-image\" src=\"https:\/\/agora.xtec.cat\/iesguindavols\/wp-content\/uploads\/usu2923\/2025\/02\/IMG_20230608_153939-scaled.jpg\" alt=\"\"\/><\/div><\/div><div class=\"wp-block-getwid-section__foreground\" style=\"opacity:0.5;background-color:#000000\"><\/div><\/div><div class=\"wp-block-getwid-section__content\"><div class=\"wp-block-getwid-section__inner-content\">\n<div class=\"wp-block-getwid-advanced-heading\" style=\"margin-bottom:0px;margin-top:0px\"><span class=\"wp-block-getwid-advanced-heading__content has-text-color\" style=\"color:#ffffff\">L&#8217;entorn a l&#8217;aula<\/span><\/div>\n\n\n\n<div class=\"wp-block-getwid-advanced-heading has-custom-font-size\" style=\"font-size:40px;margin-bottom:30px;margin-top:10px\"><h2 class=\"wp-block-getwid-advanced-heading__content has-text-color\" style=\"font-family:&quot;Poiret One&quot;;font-weight:normal;color:#ffffff\">ACTIVITATS EXTRAESCOLAR I VIATGES D&#8217;ESTUDIS<\/h2><\/div>\n\n\n\n<div class=\"wp-block-columns has-2-columns is-layout-flex wp-container-core-columns-is-layout-1 wp-block-columns-is-layout-flex\">\n<div class=\"wp-block-column is-layout-flow wp-block-column-is-layout-flow\">\n<p class=\"has-text-color\" style=\"color:#ffffff\">Creiem fermament que l&#8217;educaci\u00f3 no pot anar deslligada de l&#8217;entorn. Des de les activitats generem experi\u00e8ncies que esdevenen oportunitats d&#8217;aprenentatge \u00faniques.<\/p>\n<\/div>\n\n\n\n<div class=\"wp-block-column is-layout-flow wp-block-column-is-layout-flow\">\n<p class=\"has-text-color\" style=\"color:#ffffff\">Tots els cursos fan un viatge d&#8217;estudis amb pernoctaci\u00f3 que, a la vegada que l&#8217;experi\u00e8ncia educativa que planifiquem, suposen una descoberta i una experi\u00e8ncia personal i de cohesi\u00f3 grupal.<\/p>\n<\/div>\n<\/div>\n<\/div><\/div><\/div><\/div><\/div>\n\n\n\n<div class=\"wp-block-getwid-images-slider has-arrows-inside has-dots-inside has-images-center\"><div class=\"wp-block-getwid-images-slider__wrapper\" data-effect=\"slide\" data-slides-show=\"1\" data-slides-show-laptop=\"1\" data-slides-show-tablet=\"1\" data-slides-show-mobile=\"1\" data-slides-scroll=\"1\" data-autoplay=\"true\" data-pause-hover=\"false\" data-autoplay-speed=\"6000\" data-infinite=\"true\" data-animation-speed=\"800\" data-center-mode=\"false\" data-variable-width=\"false\" data-arrows=\"inside\" data-dots=\"inside\" data-spacing=\"none\"><div class=\"wp-block-getwid-images-slider__item\"><figure><img loading=\"lazy\" decoding=\"async\" width=\"768\" height=\"1024\" src=\"https:\/\/agora.xtec.cat\/iesguindavols\/wp-content\/uploads\/usu2923\/2025\/02\/IMG-20240428-WA00141-768x1024.jpg\" data-id=\"71758\" data-link=\"https:\/\/agora.xtec.cat\/iesguindavols\/?attachment_id=71758\" data-original-link=\"https:\/\/agora.xtec.cat\/iesguindavols\/wp-content\/uploads\/usu2923\/2025\/02\/IMG-20240428-WA00141.jpg\" class=\"wp-block-getwid-images-slider__image wp-image-71758\" srcset=\"https:\/\/agora.xtec.cat\/iesguindavols\/wp-content\/uploads\/usu2923\/2025\/02\/IMG-20240428-WA00141-768x1024.jpg 768w, https:\/\/agora.xtec.cat\/iesguindavols\/wp-content\/uploads\/usu2923\/2025\/02\/IMG-20240428-WA00141-225x300.jpg 225w, https:\/\/agora.xtec.cat\/iesguindavols\/wp-content\/uploads\/usu2923\/2025\/02\/IMG-20240428-WA00141-1152x1536.jpg 1152w, https:\/\/agora.xtec.cat\/iesguindavols\/wp-content\/uploads\/usu2923\/2025\/02\/IMG-20240428-WA00141.jpg 1536w\" sizes=\"auto, (max-width: 768px) 100vw, 768px\" \/><figcaption class=\"wp-block-getwid-images-slider__caption\">ROMA 4t ESO<\/figcaption><\/figure><\/div><div class=\"wp-block-getwid-images-slider__item\"><figure><img loading=\"lazy\" decoding=\"async\" width=\"768\" height=\"1024\" src=\"https:\/\/agora.xtec.cat\/iesguindavols\/wp-content\/uploads\/usu2923\/2025\/02\/IMG-20240428-WA0024-768x1024.jpg\" data-id=\"71757\" data-link=\"https:\/\/agora.xtec.cat\/iesguindavols\/?attachment_id=71757\" data-original-link=\"https:\/\/agora.xtec.cat\/iesguindavols\/wp-content\/uploads\/usu2923\/2025\/02\/IMG-20240428-WA0024.jpg\" class=\"wp-block-getwid-images-slider__image wp-image-71757\" srcset=\"https:\/\/agora.xtec.cat\/iesguindavols\/wp-content\/uploads\/usu2923\/2025\/02\/IMG-20240428-WA0024-768x1024.jpg 768w, https:\/\/agora.xtec.cat\/iesguindavols\/wp-content\/uploads\/usu2923\/2025\/02\/IMG-20240428-WA0024-225x300.jpg 225w, https:\/\/agora.xtec.cat\/iesguindavols\/wp-content\/uploads\/usu2923\/2025\/02\/IMG-20240428-WA0024-1152x1536.jpg 1152w, https:\/\/agora.xtec.cat\/iesguindavols\/wp-content\/uploads\/usu2923\/2025\/02\/IMG-20240428-WA0024.jpg 1536w\" sizes=\"auto, (max-width: 768px) 100vw, 768px\" \/><figcaption class=\"wp-block-getwid-images-slider__caption\">ROMA 4t ESO<\/figcaption><\/figure><\/div><div class=\"wp-block-getwid-images-slider__item\"><figure><img loading=\"lazy\" decoding=\"async\" width=\"1024\" height=\"577\" src=\"https:\/\/agora.xtec.cat\/iesguindavols\/wp-content\/uploads\/usu2923\/2025\/02\/20220609_100327-1024x577.jpg\" data-id=\"71756\" data-link=\"https:\/\/agora.xtec.cat\/iesguindavols\/?attachment_id=71756\" data-original-link=\"https:\/\/agora.xtec.cat\/iesguindavols\/wp-content\/uploads\/usu2923\/2025\/02\/20220609_100327-scaled.jpg\" class=\"wp-block-getwid-images-slider__image wp-image-71756\" srcset=\"https:\/\/agora.xtec.cat\/iesguindavols\/wp-content\/uploads\/usu2923\/2025\/02\/20220609_100327-1024x577.jpg 1024w, https:\/\/agora.xtec.cat\/iesguindavols\/wp-content\/uploads\/usu2923\/2025\/02\/20220609_100327-300x169.jpg 300w, https:\/\/agora.xtec.cat\/iesguindavols\/wp-content\/uploads\/usu2923\/2025\/02\/20220609_100327-768x432.jpg 768w, https:\/\/agora.xtec.cat\/iesguindavols\/wp-content\/uploads\/usu2923\/2025\/02\/20220609_100327-1536x865.jpg 1536w, https:\/\/agora.xtec.cat\/iesguindavols\/wp-content\/uploads\/usu2923\/2025\/02\/20220609_100327-2048x1153.jpg 2048w\" sizes=\"auto, (max-width: 1024px) 100vw, 1024px\" \/><figcaption class=\"wp-block-getwid-images-slider__caption\">ANDORRA 1r ESO<\/figcaption><\/figure><\/div><div class=\"wp-block-getwid-images-slider__item\"><figure><img loading=\"lazy\" decoding=\"async\" width=\"1024\" height=\"576\" src=\"https:\/\/agora.xtec.cat\/iesguindavols\/wp-content\/uploads\/usu2923\/2025\/02\/IMG_20230608_121542-1024x576.jpg\" data-id=\"71755\" data-link=\"https:\/\/agora.xtec.cat\/iesguindavols\/?attachment_id=71755\" data-original-link=\"https:\/\/agora.xtec.cat\/iesguindavols\/wp-content\/uploads\/usu2923\/2025\/02\/IMG_20230608_121542-scaled.jpg\" class=\"wp-block-getwid-images-slider__image wp-image-71755\" srcset=\"https:\/\/agora.xtec.cat\/iesguindavols\/wp-content\/uploads\/usu2923\/2025\/02\/IMG_20230608_121542-1024x576.jpg 1024w, https:\/\/agora.xtec.cat\/iesguindavols\/wp-content\/uploads\/usu2923\/2025\/02\/IMG_20230608_121542-300x169.jpg 300w, https:\/\/agora.xtec.cat\/iesguindavols\/wp-content\/uploads\/usu2923\/2025\/02\/IMG_20230608_121542-768x432.jpg 768w, https:\/\/agora.xtec.cat\/iesguindavols\/wp-content\/uploads\/usu2923\/2025\/02\/IMG_20230608_121542-1536x864.jpg 1536w, https:\/\/agora.xtec.cat\/iesguindavols\/wp-content\/uploads\/usu2923\/2025\/02\/IMG_20230608_121542-2048x1152.jpg 2048w\" sizes=\"auto, (max-width: 1024px) 100vw, 1024px\" \/><figcaption class=\"wp-block-getwid-images-slider__caption\">ANDORRA 1r ESO<\/figcaption><\/figure><\/div><div class=\"wp-block-getwid-images-slider__item\"><figure><img loading=\"lazy\" decoding=\"async\" width=\"1024\" height=\"576\" src=\"https:\/\/agora.xtec.cat\/iesguindavols\/wp-content\/uploads\/usu2923\/2025\/02\/IMG_20230609_113712-1024x576.jpg\" data-id=\"71754\" data-link=\"https:\/\/agora.xtec.cat\/iesguindavols\/?attachment_id=71754\" data-original-link=\"https:\/\/agora.xtec.cat\/iesguindavols\/wp-content\/uploads\/usu2923\/2025\/02\/IMG_20230609_113712-scaled.jpg\" class=\"wp-block-getwid-images-slider__image wp-image-71754\" srcset=\"https:\/\/agora.xtec.cat\/iesguindavols\/wp-content\/uploads\/usu2923\/2025\/02\/IMG_20230609_113712-1024x576.jpg 1024w, https:\/\/agora.xtec.cat\/iesguindavols\/wp-content\/uploads\/usu2923\/2025\/02\/IMG_20230609_113712-300x169.jpg 300w, https:\/\/agora.xtec.cat\/iesguindavols\/wp-content\/uploads\/usu2923\/2025\/02\/IMG_20230609_113712-768x432.jpg 768w, https:\/\/agora.xtec.cat\/iesguindavols\/wp-content\/uploads\/usu2923\/2025\/02\/IMG_20230609_113712-1536x864.jpg 1536w, https:\/\/agora.xtec.cat\/iesguindavols\/wp-content\/uploads\/usu2923\/2025\/02\/IMG_20230609_113712-2048x1152.jpg 2048w\" sizes=\"auto, (max-width: 1024px) 100vw, 1024px\" \/><figcaption class=\"wp-block-getwid-images-slider__caption\">ANDORRA 1r ESO<\/figcaption><\/figure><\/div><div class=\"wp-block-getwid-images-slider__item\"><figure><img loading=\"lazy\" decoding=\"async\" width=\"1024\" height=\"771\" src=\"https:\/\/agora.xtec.cat\/iesguindavols\/wp-content\/uploads\/usu2923\/2025\/02\/WhatsApp-Image-2025-02-06-at-11.50.26-1024x771.jpeg\" data-id=\"71753\" data-link=\"https:\/\/agora.xtec.cat\/iesguindavols\/?attachment_id=71753\" data-original-link=\"https:\/\/agora.xtec.cat\/iesguindavols\/wp-content\/uploads\/usu2923\/2025\/02\/WhatsApp-Image-2025-02-06-at-11.50.26.jpeg\" class=\"wp-block-getwid-images-slider__image wp-image-71753\" srcset=\"https:\/\/agora.xtec.cat\/iesguindavols\/wp-content\/uploads\/usu2923\/2025\/02\/WhatsApp-Image-2025-02-06-at-11.50.26-1024x771.jpeg 1024w, https:\/\/agora.xtec.cat\/iesguindavols\/wp-content\/uploads\/usu2923\/2025\/02\/WhatsApp-Image-2025-02-06-at-11.50.26-300x226.jpeg 300w, https:\/\/agora.xtec.cat\/iesguindavols\/wp-content\/uploads\/usu2923\/2025\/02\/WhatsApp-Image-2025-02-06-at-11.50.26-768x578.jpeg 768w, https:\/\/agora.xtec.cat\/iesguindavols\/wp-content\/uploads\/usu2923\/2025\/02\/WhatsApp-Image-2025-02-06-at-11.50.26-1536x1156.jpeg 1536w, https:\/\/agora.xtec.cat\/iesguindavols\/wp-content\/uploads\/usu2923\/2025\/02\/WhatsApp-Image-2025-02-06-at-11.50.26-200x150.jpeg 200w, https:\/\/agora.xtec.cat\/iesguindavols\/wp-content\/uploads\/usu2923\/2025\/02\/WhatsApp-Image-2025-02-06-at-11.50.26.jpeg 1600w\" sizes=\"auto, (max-width: 1024px) 100vw, 1024px\" \/><figcaption class=\"wp-block-getwid-images-slider__caption\">PORTAVENTURA 2n ESO<\/figcaption><\/figure><\/div><div class=\"wp-block-getwid-images-slider__item\"><figure><img loading=\"lazy\" decoding=\"async\" width=\"880\" height=\"462\" src=\"https:\/\/agora.xtec.cat\/iesguindavols\/wp-content\/uploads\/usu2923\/2025\/02\/imagen.png\" data-id=\"71752\" data-link=\"https:\/\/agora.xtec.cat\/iesguindavols\/?attachment_id=71752\" data-original-link=\"https:\/\/agora.xtec.cat\/iesguindavols\/wp-content\/uploads\/usu2923\/2025\/02\/imagen.png\" class=\"wp-block-getwid-images-slider__image wp-image-71752\" srcset=\"https:\/\/agora.xtec.cat\/iesguindavols\/wp-content\/uploads\/usu2923\/2025\/02\/imagen.png 880w, https:\/\/agora.xtec.cat\/iesguindavols\/wp-content\/uploads\/usu2923\/2025\/02\/imagen-300x158.png 300w, https:\/\/agora.xtec.cat\/iesguindavols\/wp-content\/uploads\/usu2923\/2025\/02\/imagen-768x403.png 768w\" sizes=\"auto, (max-width: 880px) 100vw, 880px\" \/><figcaption class=\"wp-block-getwid-images-slider__caption\">ANDORRA 1r ESO<\/figcaption><\/figure><\/div><div class=\"wp-block-getwid-images-slider__item\"><figure><img loading=\"lazy\" decoding=\"async\" width=\"503\" height=\"893\" src=\"https:\/\/agora.xtec.cat\/iesguindavols\/wp-content\/uploads\/usu2923\/2025\/02\/IMG_20230418_200923.jpg\" data-id=\"71751\" data-link=\"https:\/\/agora.xtec.cat\/iesguindavols\/?attachment_id=71751\" data-original-link=\"https:\/\/agora.xtec.cat\/iesguindavols\/wp-content\/uploads\/usu2923\/2025\/02\/IMG_20230418_200923.jpg\" class=\"wp-block-getwid-images-slider__image wp-image-71751\" srcset=\"https:\/\/agora.xtec.cat\/iesguindavols\/wp-content\/uploads\/usu2923\/2025\/02\/IMG_20230418_200923.jpg 503w, https:\/\/agora.xtec.cat\/iesguindavols\/wp-content\/uploads\/usu2923\/2025\/02\/IMG_20230418_200923-169x300.jpg 169w\" sizes=\"auto, (max-width: 503px) 100vw, 503px\" \/><figcaption class=\"wp-block-getwid-images-slider__caption\">MADRID 3r ESO<\/figcaption><\/figure><\/div><div class=\"wp-block-getwid-images-slider__item\"><figure><img loading=\"lazy\" decoding=\"async\" width=\"1024\" height=\"768\" src=\"https:\/\/agora.xtec.cat\/iesguindavols\/wp-content\/uploads\/usu2923\/2025\/02\/IMG-20230509-WA0005-1024x768.jpg\" data-id=\"71750\" data-link=\"https:\/\/agora.xtec.cat\/iesguindavols\/?attachment_id=71750\" data-original-link=\"https:\/\/agora.xtec.cat\/iesguindavols\/wp-content\/uploads\/usu2923\/2025\/02\/IMG-20230509-WA0005.jpg\" class=\"wp-block-getwid-images-slider__image wp-image-71750\" srcset=\"https:\/\/agora.xtec.cat\/iesguindavols\/wp-content\/uploads\/usu2923\/2025\/02\/IMG-20230509-WA0005-1024x768.jpg 1024w, https:\/\/agora.xtec.cat\/iesguindavols\/wp-content\/uploads\/usu2923\/2025\/02\/IMG-20230509-WA0005-300x225.jpg 300w, https:\/\/agora.xtec.cat\/iesguindavols\/wp-content\/uploads\/usu2923\/2025\/02\/IMG-20230509-WA0005-768x576.jpg 768w, https:\/\/agora.xtec.cat\/iesguindavols\/wp-content\/uploads\/usu2923\/2025\/02\/IMG-20230509-WA0005-1536x1152.jpg 1536w, https:\/\/agora.xtec.cat\/iesguindavols\/wp-content\/uploads\/usu2923\/2025\/02\/IMG-20230509-WA0005-200x150.jpg 200w, https:\/\/agora.xtec.cat\/iesguindavols\/wp-content\/uploads\/usu2923\/2025\/02\/IMG-20230509-WA0005.jpg 2048w\" sizes=\"auto, (max-width: 1024px) 100vw, 1024px\" \/><figcaption class=\"wp-block-getwid-images-slider__caption\">PORTAVENTURA 2n ESO<\/figcaption><\/figure><\/div><div class=\"wp-block-getwid-images-slider__item\"><figure><img loading=\"lazy\" decoding=\"async\" width=\"1024\" height=\"576\" src=\"https:\/\/agora.xtec.cat\/iesguindavols\/wp-content\/uploads\/usu2923\/2025\/02\/F_fU2PPWwAAlBmu-1024x576.jpg\" data-id=\"71749\" data-link=\"https:\/\/agora.xtec.cat\/iesguindavols\/?attachment_id=71749\" data-original-link=\"https:\/\/agora.xtec.cat\/iesguindavols\/wp-content\/uploads\/usu2923\/2025\/02\/F_fU2PPWwAAlBmu.jpg\" class=\"wp-block-getwid-images-slider__image wp-image-71749\" srcset=\"https:\/\/agora.xtec.cat\/iesguindavols\/wp-content\/uploads\/usu2923\/2025\/02\/F_fU2PPWwAAlBmu-1024x576.jpg 1024w, https:\/\/agora.xtec.cat\/iesguindavols\/wp-content\/uploads\/usu2923\/2025\/02\/F_fU2PPWwAAlBmu-300x169.jpg 300w, https:\/\/agora.xtec.cat\/iesguindavols\/wp-content\/uploads\/usu2923\/2025\/02\/F_fU2PPWwAAlBmu-768x432.jpg 768w, https:\/\/agora.xtec.cat\/iesguindavols\/wp-content\/uploads\/usu2923\/2025\/02\/F_fU2PPWwAAlBmu.jpg 1096w\" sizes=\"auto, (max-width: 1024px) 100vw, 1024px\" \/><figcaption class=\"wp-block-getwid-images-slider__caption\">OBSERVACIONS ASTRON\u00d2MIQUES<\/figcaption><\/figure><\/div><div class=\"wp-block-getwid-images-slider__item\"><figure><img loading=\"lazy\" decoding=\"async\" width=\"1024\" height=\"768\" src=\"https:\/\/agora.xtec.cat\/iesguindavols\/wp-content\/uploads\/usu2923\/2025\/02\/1ad4e75a-ed41-4446-9e5d-c2ffa5ddc693.jpg\" data-id=\"71748\" data-link=\"https:\/\/agora.xtec.cat\/iesguindavols\/?attachment_id=71748\" data-original-link=\"https:\/\/agora.xtec.cat\/iesguindavols\/wp-content\/uploads\/usu2923\/2025\/02\/1ad4e75a-ed41-4446-9e5d-c2ffa5ddc693.jpg\" class=\"wp-block-getwid-images-slider__image wp-image-71748\" srcset=\"https:\/\/agora.xtec.cat\/iesguindavols\/wp-content\/uploads\/usu2923\/2025\/02\/1ad4e75a-ed41-4446-9e5d-c2ffa5ddc693.jpg 1024w, https:\/\/agora.xtec.cat\/iesguindavols\/wp-content\/uploads\/usu2923\/2025\/02\/1ad4e75a-ed41-4446-9e5d-c2ffa5ddc693-300x225.jpg 300w, https:\/\/agora.xtec.cat\/iesguindavols\/wp-content\/uploads\/usu2923\/2025\/02\/1ad4e75a-ed41-4446-9e5d-c2ffa5ddc693-768x576.jpg 768w, https:\/\/agora.xtec.cat\/iesguindavols\/wp-content\/uploads\/usu2923\/2025\/02\/1ad4e75a-ed41-4446-9e5d-c2ffa5ddc693-200x150.jpg 200w\" sizes=\"auto, (max-width: 1024px) 100vw, 1024px\" \/><figcaption class=\"wp-block-getwid-images-slider__caption\">IESSO ROMANA (GUISSONA)<\/figcaption><\/figure><\/div><div class=\"wp-block-getwid-images-slider__item\"><figure><img loading=\"lazy\" decoding=\"async\" width=\"1024\" height=\"768\" src=\"https:\/\/agora.xtec.cat\/iesguindavols\/wp-content\/uploads\/usu2923\/2025\/02\/MuseuLleida2024-1024x768.jpg\" data-id=\"71760\" data-link=\"https:\/\/agora.xtec.cat\/iesguindavols\/?attachment_id=71760\" data-original-link=\"https:\/\/agora.xtec.cat\/iesguindavols\/wp-content\/uploads\/usu2923\/2025\/02\/MuseuLleida2024-scaled.jpg\" class=\"wp-block-getwid-images-slider__image wp-image-71760\" srcset=\"https:\/\/agora.xtec.cat\/iesguindavols\/wp-content\/uploads\/usu2923\/2025\/02\/MuseuLleida2024-1024x768.jpg 1024w, https:\/\/agora.xtec.cat\/iesguindavols\/wp-content\/uploads\/usu2923\/2025\/02\/MuseuLleida2024-300x225.jpg 300w, https:\/\/agora.xtec.cat\/iesguindavols\/wp-content\/uploads\/usu2923\/2025\/02\/MuseuLleida2024-768x576.jpg 768w, https:\/\/agora.xtec.cat\/iesguindavols\/wp-content\/uploads\/usu2923\/2025\/02\/MuseuLleida2024-1536x1152.jpg 1536w, https:\/\/agora.xtec.cat\/iesguindavols\/wp-content\/uploads\/usu2923\/2025\/02\/MuseuLleida2024-2048x1536.jpg 2048w, https:\/\/agora.xtec.cat\/iesguindavols\/wp-content\/uploads\/usu2923\/2025\/02\/MuseuLleida2024-200x150.jpg 200w\" sizes=\"auto, (max-width: 1024px) 100vw, 1024px\" \/><figcaption class=\"wp-block-getwid-images-slider__caption\">MUSEU DE LLEIDA<\/figcaption><\/figure><\/div><div class=\"wp-block-getwid-images-slider__item\"><figure><img loading=\"lazy\" decoding=\"async\" width=\"1024\" height=\"768\" src=\"https:\/\/agora.xtec.cat\/iesguindavols\/wp-content\/uploads\/usu2923\/2025\/02\/tarraco-viva-1024x768.jpg\" data-id=\"71761\" data-link=\"https:\/\/agora.xtec.cat\/iesguindavols\/?attachment_id=71761\" data-original-link=\"https:\/\/agora.xtec.cat\/iesguindavols\/wp-content\/uploads\/usu2923\/2025\/02\/tarraco-viva-scaled.jpg\" class=\"wp-block-getwid-images-slider__image wp-image-71761\" srcset=\"https:\/\/agora.xtec.cat\/iesguindavols\/wp-content\/uploads\/usu2923\/2025\/02\/tarraco-viva-1024x768.jpg 1024w, https:\/\/agora.xtec.cat\/iesguindavols\/wp-content\/uploads\/usu2923\/2025\/02\/tarraco-viva-300x225.jpg 300w, https:\/\/agora.xtec.cat\/iesguindavols\/wp-content\/uploads\/usu2923\/2025\/02\/tarraco-viva-768x576.jpg 768w, https:\/\/agora.xtec.cat\/iesguindavols\/wp-content\/uploads\/usu2923\/2025\/02\/tarraco-viva-1536x1152.jpg 1536w, https:\/\/agora.xtec.cat\/iesguindavols\/wp-content\/uploads\/usu2923\/2025\/02\/tarraco-viva-2048x1536.jpg 2048w, https:\/\/agora.xtec.cat\/iesguindavols\/wp-content\/uploads\/usu2923\/2025\/02\/tarraco-viva-200x150.jpg 200w\" sizes=\"auto, (max-width: 1024px) 100vw, 1024px\" \/><figcaption class=\"wp-block-getwid-images-slider__caption\">TARRACO (TARRAGONA)<\/figcaption><\/figure><\/div><div class=\"wp-block-getwid-images-slider__item\"><figure><img loading=\"lazy\" decoding=\"async\" width=\"1024\" height=\"768\" src=\"https:\/\/agora.xtec.cat\/iesguindavols\/wp-content\/uploads\/usu2923\/2025\/02\/Tarracoviva2024-1024x768.jpg\" data-id=\"71762\" data-link=\"https:\/\/agora.xtec.cat\/iesguindavols\/?attachment_id=71762\" data-original-link=\"https:\/\/agora.xtec.cat\/iesguindavols\/wp-content\/uploads\/usu2923\/2025\/02\/Tarracoviva2024-scaled.jpg\" class=\"wp-block-getwid-images-slider__image wp-image-71762\" srcset=\"https:\/\/agora.xtec.cat\/iesguindavols\/wp-content\/uploads\/usu2923\/2025\/02\/Tarracoviva2024-1024x768.jpg 1024w, https:\/\/agora.xtec.cat\/iesguindavols\/wp-content\/uploads\/usu2923\/2025\/02\/Tarracoviva2024-300x225.jpg 300w, https:\/\/agora.xtec.cat\/iesguindavols\/wp-content\/uploads\/usu2923\/2025\/02\/Tarracoviva2024-768x576.jpg 768w, https:\/\/agora.xtec.cat\/iesguindavols\/wp-content\/uploads\/usu2923\/2025\/02\/Tarracoviva2024-1536x1152.jpg 1536w, https:\/\/agora.xtec.cat\/iesguindavols\/wp-content\/uploads\/usu2923\/2025\/02\/Tarracoviva2024-2048x1536.jpg 2048w, https:\/\/agora.xtec.cat\/iesguindavols\/wp-content\/uploads\/usu2923\/2025\/02\/Tarracoviva2024-200x150.jpg 200w\" sizes=\"auto, (max-width: 1024px) 100vw, 1024px\" \/><figcaption class=\"wp-block-getwid-images-slider__caption\">TARRACO (TARRAGONA)<\/figcaption><\/figure><\/div><\/div><\/div>\n","protected":false},"excerpt":{"rendered":"<p>L&#8217;entorn a l&#8217;aula<\/p>\n<p>ACTIVITATS EXTRAESCOLAR I VIATGES D&#8217;ESTUDIS<\/p>\n<p>Creiem fermament que l&#8217;educaci\u00f3 no pot anar deslligada de l&#8217;entorn. Des de les activitats generem experi\u00e8ncies que esdevenen oportunitats d&#8217;aprenentatge \u00faniques.<\/p>\n<p>Tots els cursos fan un viatge d&#8217;estudis amb pernoctaci\u00f3 que, a la vegada que l&#8217;experi\u00e8ncia educativa que planifiquem, suposen&hellip;  <a href=\"https:\/\/agora.xtec.cat\/iesguindavols\/activitats\/\" title=\"Read ACTIVITATS\">Llegeix m\u00e9s\u00bb<\/a><\/p>\n","protected":false},"author":50,"featured_media":0,"parent":0,"menu_order":0,"comment_status":"closed","ping_status":"close","template":"","meta":{"_bbp_topic_count":0,"_bbp_reply_count":0,"_bbp_total_topic_count":0,"_bbp_total_reply_count":0,"_bbp_voice_count":0,"_bbp_anonymous_reply_count":0,"_bbp_topic_count_hidden":0,"_bbp_reply_count_hidden":0,"_bbp_forum_subforum_count":0,"footnotes":""},"class_list":["post-71145","page","type-page","status-publish","hentry"],"post_mailing_queue_ids":[],"_links":{"self":[{"href":"https:\/\/agora.xtec.cat\/iesguindavols\/wp-json\/wp\/v2\/pages\/71145","targetHints":{"allow":["GET"]}}],"collection":[{"href":"https:\/\/agora.xtec.cat\/iesguindavols\/wp-json\/wp\/v2\/pages"}],"about":[{"href":"https:\/\/agora.xtec.cat\/iesguindavols\/wp-json\/wp\/v2\/types\/page"}],"author":[{"embeddable":true,"href":"https:\/\/agora.xtec.cat\/iesguindavols\/wp-json\/wp\/v2\/users\/50"}],"replies":[{"embeddable":true,"href":"https:\/\/agora.xtec.cat\/iesguindavols\/wp-json\/wp\/v2\/comments?post=71145"}],"version-history":[{"count":3,"href":"https:\/\/agora.xtec.cat\/iesguindavols\/wp-json\/wp\/v2\/pages\/71145\/revisions"}],"predecessor-version":[{"id":71764,"href":"https:\/\/agora.xtec.cat\/iesguindavols\/wp-json\/wp\/v2\/pages\/71145\/revisions\/71764"}],"wp:attachment":[{"href":"https:\/\/agora.xtec.cat\/iesguindavols\/wp-json\/wp\/v2\/media?parent=71145"}],"curies":[{"name":"wp","href":"https:\/\/api.w.org\/{rel}","templated":true}]}}